{"id":5402,"date":"2024-10-22T06:14:27","date_gmt":"2024-10-22T06:14:27","guid":{"rendered":"https:\/\/www.ceramicbasin.com\/?post_type=product&#038;p=5402"},"modified":"2024-12-06T09:23:33","modified_gmt":"2024-12-06T09:23:33","slug":"ceramic-sink-wholesale","status":"publish","type":"product","link":"https:\/\/www.ceramicbasin.com\/fr\/produit\/ceramic-sink-wholesale\/","title":{"rendered":"Marble Texture Ceramic Sink Wholesale, Bespoke Ceramic Sinks (\u00e9viers en c\u00e9ramique sur mesure)"},"content":{"rendered":"<div class=\"wp-block-columns is-layout-flex wp-container-core-columns-is-layout-9d6595d7 wp-block-columns-is-layout-flex\">\n<div class=\"wp-block-column is-layout-flow wp-block-column-is-layout-flow\">\n<h2 class=\"wp-block-heading\">Premium Ceramic Sink Wholesale Caract\u00e9ristiques :<\/h2>\n\n\n\n<ul class=\"wp-block-list\">\n<li><strong>Color\u00e9e<\/strong>: La couleur marbre de cet \u00e9vier en c\u00e9ramique est obtenue par impression par transfert d'eau sur la base d'un bassin blanc brillant ordinaire, ce qui est beau et durable.<\/li>\n\n\n\n<li><strong>Vente directe \u00e0 l'usine :<\/strong>\u00a0Les \u00e9viers en c\u00e9ramique sur mesure de HanYu sont vendus directement par l'usine, ce qui \u00e9limine la diff\u00e9rence de prix des interm\u00e9diaires. L'achat en vrac d'\u00e9viers de salle de bain vous permet d'acheter des \u00e9viers de salle de bain de haute qualit\u00e9 en vrac au prix le plus bas.<\/li>\n\n\n\n<li><strong>Mat\u00e9riau c\u00e9ramique de haute qualit\u00e9<\/strong>: Cet \u00e9vier en c\u00e9ramique est fabriqu\u00e9 en verre de haute qualit\u00e9, d'une grande transparence et d'une texture d\u00e9licate, qui a d'excellents effets visuels et un sens moderne, garantissant la durabilit\u00e9 et la beaut\u00e9 du produit.<\/li>\n\n\n\n<li><strong>Montage par le haut : <\/strong>La m\u00e9thode unique de montage par le dessus est stable et fiable. Nos \u00e9viers en c\u00e9ramique sur mesure \u00e0 poser sur le comptoir permettent non seulement d'\u00e9conomiser de l'espace, mais aussi d'ajouter une touche de modernit\u00e9 \u00e0 la salle de bains et de s'adapter \u00e0 diff\u00e9rents styles de d\u00e9coration.<\/li>\n<\/ul>\n<\/div>\n\n\n\n<div class=\"wp-block-column is-layout-flow wp-block-column-is-layout-flow\">\n<figure class=\"wp-block-image size-full\"><img fetchpriority=\"high\" decoding=\"async\" width=\"800\" height=\"800\" src=\"https:\/\/www.ceramicbasin.com\/wp-content\/uploads\/2024\/10\/Marble-Color-Basins-Wholesaledesigner-wash-basincounter-top-basin5.webp\" alt=\"Marble Texture Ceramic Sink Wholesale, Bespoke Ceramic Sinks-1\" class=\"wp-image-5407\" srcset=\"https:\/\/www.ceramicbasin.com\/wp-content\/uploads\/2024\/10\/Marble-Color-Basins-Wholesaledesigner-wash-basincounter-top-basin5.webp 800w, https:\/\/www.ceramicbasin.com\/wp-content\/uploads\/2024\/10\/Marble-Color-Basins-Wholesaledesigner-wash-basincounter-top-basin5-300x300.webp 300w, https:\/\/www.ceramicbasin.com\/wp-content\/uploads\/2024\/10\/Marble-Color-Basins-Wholesaledesigner-wash-basincounter-top-basin5-150x150.webp 150w, https:\/\/www.ceramicbasin.com\/wp-content\/uploads\/2024\/10\/Marble-Color-Basins-Wholesaledesigner-wash-basincounter-top-basin5-768x768.webp 768w, https:\/\/www.ceramicbasin.com\/wp-content\/uploads\/2024\/10\/Marble-Color-Basins-Wholesaledesigner-wash-basincounter-top-basin5-12x12.webp 12w, https:\/\/www.ceramicbasin.com\/wp-content\/uploads\/2024\/10\/Marble-Color-Basins-Wholesaledesigner-wash-basincounter-top-basin5-285x285.webp 285w, https:\/\/www.ceramicbasin.com\/wp-content\/uploads\/2024\/10\/Marble-Color-Basins-Wholesaledesigner-wash-basincounter-top-basin5-270x270.webp 270w, https:\/\/www.ceramicbasin.com\/wp-content\/uploads\/2024\/10\/Marble-Color-Basins-Wholesaledesigner-wash-basincounter-top-basin5-540x540.webp 540w, https:\/\/www.ceramicbasin.com\/wp-content\/uploads\/2024\/10\/Marble-Color-Basins-Wholesaledesigner-wash-basincounter-top-basin5-660x660.webp 660w\" sizes=\"(max-width: 800px) 100vw, 800px\" \/><\/figure>\n<\/div>\n<\/div>","protected":false},"excerpt":{"rendered":"<p>Bienvenue pour l'achat d'\u00e9viers en c\u00e9ramique sur mesure. HanYu propose des \u00e9viers en c\u00e9ramique en gros avec des couleurs de marbre vibrantes obtenues par impression par transfert d'eau sur un bassin blanc brillant, garantissant beaut\u00e9 et durabilit\u00e9. Vendus directement par l'usine, ces \u00e9viers en gros \u00e9liminent les co\u00fbts des interm\u00e9diaires, ce qui permet d'acheter en gros aux prix les plus bas. La conception du montage par le haut est stable, peu encombrante et s'adapte \u00e0 diff\u00e9rents styles de d\u00e9coration.<\/p>\n<table style=\"border-collapse: collapse; width: 358.52pt;\" border=\"0\" width=\"478\" cellspacing=\"0\" cellpadding=\"0\">\n<tbody>\n<tr style=\"height: 17.25pt;\">\n<td class=\"et3\" style=\"height: 17.25pt; width: 125.00pt;\" width=\"166\" height=\"23\">Fabricant<\/td>\n<td class=\"et3\" style=\"width: 234.15pt;\" width=\"312\">HanYu<\/td>\n<\/tr>\n<tr style=\"height: 17.25pt;\">\n<td class=\"et3\" style=\"height: 17.25pt;\" height=\"23\">Num\u00e9ro de mod\u00e8le.<\/td>\n<td class=\"et4\">HY-435D126<\/td>\n<\/tr>\n<tr style=\"height: 17.25pt;\">\n<td class=\"et3\" style=\"height: 17.25pt;\" height=\"23\">Type<\/td>\n<td class=\"et5\" style=\"width: 234.15pt;\" width=\"312\">Evier en marbre<\/td>\n<\/tr>\n<tr style=\"height: 18.00pt;\">\n<td class=\"et3\" style=\"height: 18.00pt;\" height=\"24\">Forme<\/td>\n<td class=\"et3\">Forme rectangulaire<\/td>\n<\/tr>\n<tr style=\"height: 34.50pt;\">\n<td class=\"et4\" style=\"height: 34.50pt;\" height=\"46\">Couleur<\/td>\n<td class=\"et5\" style=\"width: 234.15pt;\" width=\"312\">Noir et blanc<\/td>\n<\/tr>\n<tr style=\"height: 18.00pt;\">\n<td class=\"et3\" style=\"height: 18.00pt;\" height=\"24\">Dimension<\/td>\n<td class=\"et5\" style=\"width: 234.15pt;\" width=\"312\">40*40*12<\/td>\n<\/tr>\n<tr style=\"height: 17.25pt;\">\n<td class=\"et3\" style=\"height: 17.25pt;\" height=\"23\">N.W \/SET<\/td>\n<td class=\"et3\">12KGS\/PCS<\/td>\n<\/tr>\n<tr style=\"height: 17.25pt;\">\n<td class=\"et3\" style=\"height: 17.25pt;\" height=\"23\">MOQ<\/td>\n<td class=\"et3\">20pcs<\/td>\n<\/tr>\n<tr style=\"height: 17.25pt;\">\n<td class=\"et3\" style=\"height: 17.25pt;\" height=\"23\">Option personnalis\u00e9e<\/td>\n<td class=\"et3\">Couleur\/Pattenue\/Taille\/Logo\/Emballage<\/td>\n<\/tr>\n<\/tbody>\n<\/table>","protected":false},"featured_media":5406,"comment_status":"closed","ping_status":"closed","template":"","meta":{"_acf_changed":false},"product_brand":[],"product_cat":[54,50],"product_tag":[],"class_list":{"0":"post-5402","1":"product","2":"type-product","3":"status-publish","4":"has-post-thumbnail","6":"product_cat-wholesale-marble-sinks","7":"product_cat-wholesale-countertop-sinks","9":"first","10":"instock","11":"shipping-taxable","12":"product-type-simple"},"acf":[],"_links":{"self":[{"href":"https:\/\/www.ceramicbasin.com\/fr\/wp-json\/wp\/v2\/product\/5402","targetHints":{"allow":["GET"]}}],"collection":[{"href":"https:\/\/www.ceramicbasin.com\/fr\/wp-json\/wp\/v2\/product"}],"about":[{"href":"https:\/\/www.ceramicbasin.com\/fr\/wp-json\/wp\/v2\/types\/product"}],"replies":[{"embeddable":true,"href":"https:\/\/www.ceramicbasin.com\/fr\/wp-json\/wp\/v2\/comments?post=5402"}],"wp:featuredmedia":[{"embeddable":true,"href":"https:\/\/www.ceramicbasin.com\/fr\/wp-json\/wp\/v2\/media\/5406"}],"wp:attachment":[{"href":"https:\/\/www.ceramicbasin.com\/fr\/wp-json\/wp\/v2\/media?parent=5402"}],"wp:term":[{"taxonomy":"product_brand","embeddable":true,"href":"https:\/\/www.ceramicbasin.com\/fr\/wp-json\/wp\/v2\/product_brand?post=5402"},{"taxonomy":"product_cat","embeddable":true,"href":"https:\/\/www.ceramicbasin.com\/fr\/wp-json\/wp\/v2\/product_cat?post=5402"},{"taxonomy":"product_tag","embeddable":true,"href":"https:\/\/www.ceramicbasin.com\/fr\/wp-json\/wp\/v2\/product_tag?post=5402"}],"curies":[{"name":"wp","href":"https:\/\/api.w.org\/{rel}","templated":true}]}}