{"id":5416,"date":"2024-10-22T07:02:38","date_gmt":"2024-10-22T07:02:38","guid":{"rendered":"https:\/\/www.ceramicbasin.com\/?post_type=product&#038;p=5416"},"modified":"2024-10-25T02:14:28","modified_gmt":"2024-10-25T02:14:28","slug":"wholesale-small-bathroom-sink-bowls","status":"publish","type":"product","link":"https:\/\/www.ceramicbasin.com\/fr\/produit\/wholesale-small-bathroom-sink-bowls\/","title":{"rendered":"Marble Texture Wholesale Small Bathroom Sink Bowls, Wall Hang Wash Basins"},"content":{"rendered":"<div class=\"wp-block-columns is-layout-flex wp-container-core-columns-is-layout-9d6595d7 wp-block-columns-is-layout-flex\">\n<div class=\"wp-block-column is-layout-flow wp-block-column-is-layout-flow\">\n<h2 class=\"wp-block-heading\">Premium Wholesale Small Bathroom Sinkls Caract\u00e9ristiques :<\/h2>\n\n\n\n<ul class=\"wp-block-list\">\n<li><strong>Cr\u00e9ation de mode : <\/strong>Nos petits \u00e9viers de salle de bain en marbre ont un design moderne et \u00e0 la mode avec des lignes douces. Ils conviennent \u00e0 divers agencements de salle de bain et rehaussent la beaut\u00e9 g\u00e9n\u00e9rale et la qualit\u00e9 de l'espace.<\/li>\n\n\n\n<li><strong>Color\u00e9e : <\/strong>La couleur du marbre est obtenue par un processus de transfert d'eau \u00e0 partir d'un lavabo ordinaire blanc brillant, qui est beau et durable. Nous proposons plus de 100 couleurs et motifs au choix, et tous les mod\u00e8les de lavabos suspendus peuvent \u00eatre personnalis\u00e9s en termes de couleur et de texture.<\/li>\n\n\n\n<li><strong>Installation facile :<\/strong> Con\u00e7ues pour \u00eatre mont\u00e9es au-dessus du comptoir, ces petites cuvettes d'\u00e9vier de salle de bains sont faciles \u00e0 installer, offrant une solution sans probl\u00e8me pour les nouvelles constructions et les r\u00e9novations de salles de bains.<\/li>\n\n\n\n<li><strong>Vente directe \u00e0 l'usine :<\/strong>\u00a0Les lavabos suspendus de HanYu sont vendus directement par l'usine, ce qui \u00e9limine la diff\u00e9rence de prix des interm\u00e9diaires. L'achat en vrac de lavabos de salle de bain vous permet d'acheter des lavabos de salle de bain de haute qualit\u00e9 en vrac au prix le plus bas.<\/li>\n<\/ul>\n<\/div>\n\n\n\n<div class=\"wp-block-column is-layout-flow wp-block-column-is-layout-flow\">\n<figure class=\"wp-block-image size-full\"><img fetchpriority=\"high\" decoding=\"async\" width=\"800\" height=\"800\" src=\"https:\/\/www.ceramicbasin.com\/wp-content\/uploads\/2024\/10\/bathroom-sinks-ceramic-wall-hung-wash-basinElegant-Style-Bathroom-Sinkssmall-bathroom-sink5.webp\" alt=\"Texture marbr\u00e9e Petites cuvettes de salle de bain en gros, lavabos suspendus-1\" class=\"wp-image-5421\" srcset=\"https:\/\/www.ceramicbasin.com\/wp-content\/uploads\/2024\/10\/bathroom-sinks-ceramic-wall-hung-wash-basinElegant-Style-Bathroom-Sinkssmall-bathroom-sink5.webp 800w, https:\/\/www.ceramicbasin.com\/wp-content\/uploads\/2024\/10\/bathroom-sinks-ceramic-wall-hung-wash-basinElegant-Style-Bathroom-Sinkssmall-bathroom-sink5-300x300.webp 300w, https:\/\/www.ceramicbasin.com\/wp-content\/uploads\/2024\/10\/bathroom-sinks-ceramic-wall-hung-wash-basinElegant-Style-Bathroom-Sinkssmall-bathroom-sink5-150x150.webp 150w, https:\/\/www.ceramicbasin.com\/wp-content\/uploads\/2024\/10\/bathroom-sinks-ceramic-wall-hung-wash-basinElegant-Style-Bathroom-Sinkssmall-bathroom-sink5-768x768.webp 768w, https:\/\/www.ceramicbasin.com\/wp-content\/uploads\/2024\/10\/bathroom-sinks-ceramic-wall-hung-wash-basinElegant-Style-Bathroom-Sinkssmall-bathroom-sink5-12x12.webp 12w, https:\/\/www.ceramicbasin.com\/wp-content\/uploads\/2024\/10\/bathroom-sinks-ceramic-wall-hung-wash-basinElegant-Style-Bathroom-Sinkssmall-bathroom-sink5-285x285.webp 285w, https:\/\/www.ceramicbasin.com\/wp-content\/uploads\/2024\/10\/bathroom-sinks-ceramic-wall-hung-wash-basinElegant-Style-Bathroom-Sinkssmall-bathroom-sink5-270x270.webp 270w, https:\/\/www.ceramicbasin.com\/wp-content\/uploads\/2024\/10\/bathroom-sinks-ceramic-wall-hung-wash-basinElegant-Style-Bathroom-Sinkssmall-bathroom-sink5-540x540.webp 540w, https:\/\/www.ceramicbasin.com\/wp-content\/uploads\/2024\/10\/bathroom-sinks-ceramic-wall-hung-wash-basinElegant-Style-Bathroom-Sinkssmall-bathroom-sink5-660x660.webp 660w\" sizes=\"(max-width: 800px) 100vw, 800px\" \/><\/figure>\n<\/div>\n<\/div>\n\n\n\n<p><\/p>","protected":false},"excerpt":{"rendered":"<p>Bienvenue sur le site d'achat en gros de petits lavabos de salle de bains. Nos petits lavabos suspendus au mur ont un design moderne avec des lignes douces, mettant en valeur n'importe quel am\u00e9nagement de salle de bains. Fabriqu\u00e9s \u00e0 l'aide d'un processus de transfert d'eau sur une base blanche brillante, ils sont durables et disponibles dans plus de 100 couleurs et motifs personnalisables. Vendus directement par l'usine, les lavabos en c\u00e9ramique de HanYu \u00e9liminent les frais d'interm\u00e9diaires, ce qui permet des achats en gros aux prix les plus bas.<\/p>\n<table style=\"border-collapse: collapse; width: 358.52pt;\" border=\"0\" width=\"478\" cellspacing=\"0\" cellpadding=\"0\">\n<tbody>\n<tr style=\"height: 17.25pt;\">\n<td class=\"et3\" style=\"height: 17.25pt; width: 125.00pt;\" width=\"166\" height=\"23\">Fabricant<\/td>\n<td class=\"et3\" style=\"width: 234.15pt;\" width=\"312\">HanYu<\/td>\n<\/tr>\n<tr style=\"height: 17.25pt;\">\n<td class=\"et3\" style=\"height: 17.25pt;\" height=\"23\">Num\u00e9ro de mod\u00e8le.<\/td>\n<td class=\"et4\">HY-3043LD137<\/td>\n<\/tr>\n<tr style=\"height: 17.25pt;\">\n<td class=\"et3\" style=\"height: 17.25pt;\" height=\"23\">Type<\/td>\n<td class=\"et5\" style=\"width: 234.15pt;\" width=\"312\">Evier en marbre<\/td>\n<\/tr>\n<tr style=\"height: 18.00pt;\">\n<td class=\"et3\" style=\"height: 18.00pt;\" height=\"24\">Forme<\/td>\n<td class=\"et3\">Forme rectangulaire<\/td>\n<\/tr>\n<tr style=\"height: 34.50pt;\">\n<td class=\"et4\" style=\"height: 34.50pt;\" height=\"46\">Couleur<\/td>\n<td class=\"et5\" style=\"width: 234.15pt;\" width=\"312\">Couleur marbre<\/td>\n<\/tr>\n<tr style=\"height: 18.00pt;\">\n<td class=\"et3\" style=\"height: 18.00pt;\" height=\"24\">Dimension<\/td>\n<td class=\"et5\" style=\"width: 234.15pt;\" width=\"312\">45.5*25*112<\/td>\n<\/tr>\n<tr style=\"height: 17.25pt;\">\n<td class=\"et3\" style=\"height: 17.25pt;\" height=\"23\">N.W \/SET<\/td>\n<td class=\"et3\">10KGS\/PCS<\/td>\n<\/tr>\n<tr style=\"height: 17.25pt;\">\n<td class=\"et3\" style=\"height: 17.25pt;\" height=\"23\">MOQ<\/td>\n<td class=\"et3\">20pcs<\/td>\n<\/tr>\n<tr style=\"height: 17.25pt;\">\n<td class=\"et3\" style=\"height: 17.25pt;\" height=\"23\">Option personnalis\u00e9e<\/td>\n<td class=\"et3\">Couleur\/Pattenue\/Taille\/Logo\/Emballage<\/td>\n<\/tr>\n<\/tbody>\n<\/table>","protected":false},"featured_media":5417,"comment_status":"closed","ping_status":"closed","template":"","meta":{"_acf_changed":false},"product_brand":[],"product_cat":[54,56],"product_tag":[],"class_list":{"0":"post-5416","1":"product","2":"type-product","3":"status-publish","4":"has-post-thumbnail","6":"product_cat-wholesale-marble-sinks","7":"product_cat-wholesale-small-bathroom-sinks","9":"first","10":"instock","11":"shipping-taxable","12":"product-type-simple"},"acf":[],"_links":{"self":[{"href":"https:\/\/www.ceramicbasin.com\/fr\/wp-json\/wp\/v2\/product\/5416","targetHints":{"allow":["GET"]}}],"collection":[{"href":"https:\/\/www.ceramicbasin.com\/fr\/wp-json\/wp\/v2\/product"}],"about":[{"href":"https:\/\/www.ceramicbasin.com\/fr\/wp-json\/wp\/v2\/types\/product"}],"replies":[{"embeddable":true,"href":"https:\/\/www.ceramicbasin.com\/fr\/wp-json\/wp\/v2\/comments?post=5416"}],"wp:featuredmedia":[{"embeddable":true,"href":"https:\/\/www.ceramicbasin.com\/fr\/wp-json\/wp\/v2\/media\/5417"}],"wp:attachment":[{"href":"https:\/\/www.ceramicbasin.com\/fr\/wp-json\/wp\/v2\/media?parent=5416"}],"wp:term":[{"taxonomy":"product_brand","embeddable":true,"href":"https:\/\/www.ceramicbasin.com\/fr\/wp-json\/wp\/v2\/product_brand?post=5416"},{"taxonomy":"product_cat","embeddable":true,"href":"https:\/\/www.ceramicbasin.com\/fr\/wp-json\/wp\/v2\/product_cat?post=5416"},{"taxonomy":"product_tag","embeddable":true,"href":"https:\/\/www.ceramicbasin.com\/fr\/wp-json\/wp\/v2\/product_tag?post=5416"}],"curies":[{"name":"wp","href":"https:\/\/api.w.org\/{rel}","templated":true}]}}