{"id":5423,"date":"2024-10-22T07:18:16","date_gmt":"2024-10-22T07:18:16","guid":{"rendered":"https:\/\/www.ceramicbasin.com\/?post_type=product&#038;p=5423"},"modified":"2024-10-25T02:30:27","modified_gmt":"2024-10-25T02:30:27","slug":"wall-hung-bathroom-sink-wholesale","status":"publish","type":"product","link":"https:\/\/www.ceramicbasin.com\/fr\/produit\/wall-hung-bathroom-sink-wholesale\/","title":{"rendered":"Wall Hung Bathroom Sink Wholesale, Half Pedestal Wash Basin (lavabo \u00e0 demi-p\u00e9dale)"},"content":{"rendered":"<div class=\"wp-block-columns is-layout-flex wp-container-core-columns-is-layout-9d6595d7 wp-block-columns-is-layout-flex\">\n<div class=\"wp-block-column is-layout-flow wp-block-column-is-layout-flow\">\n<h2 class=\"wp-block-heading\">Premium Wall Hung Bathroom Sink Wholesale Features<\/h2>\n\n\n\n<ul class=\"wp-block-list\">\n<li><strong>Design \u00e9l\u00e9gant :<\/strong> Nos \u00e9viers de salle de bains suspendus ajoutent une touche d'\u00e9l\u00e9gance et de modernit\u00e9 \u00e0 toute salle de bains et en font un point de mire styl\u00e9.<\/li>\n\n\n\n<li><strong>Mat\u00e9riaux c\u00e9ramiques de haute qualit\u00e9 : <\/strong>Notre demi-lavabo sur colonne est fabriqu\u00e9 en c\u00e9ramique de haute qualit\u00e9, cuite \u00e0 haute temp\u00e9rature et pr\u00e9sentant une surface lisse et d\u00e9licate. Sa durabilit\u00e9, sa r\u00e9sistance aux taches et aux rayures sont excellentes, ce qui lui permet de rester brillante et \u00e9clatante apr\u00e8s une utilisation prolong\u00e9e, et elle est facile \u00e0 nettoyer et \u00e0 entretenir.<\/li>\n\n\n\n<li><strong>Installation murale :<\/strong> Le design mural de cet \u00e9vier de salle de bains suspendu en gros permet non seulement d'\u00e9conomiser de l'espace au sol, mais aussi d'am\u00e9liorer l'espace visuel global de la salle de bains. Il est simple et beau, facile \u00e0 installer et s'adapte aux diff\u00e9rentes hauteurs requises, rendant la zone de lavage des mains plus pratique et plus \u00e0 la mode.<\/li>\n\n\n\n<li><strong>S\u00e9lection vari\u00e9e :<\/strong>\u00a0Nous proposons une vari\u00e9t\u00e9 de styles, de tailles et de couleurs de lavabos \u00e0 demi-p\u00e9destal en gros, r\u00e9pondant aux besoins de diff\u00e9rents styles de salles de bains et s'int\u00e9grant facilement dans divers designs de d\u00e9coration.<\/li>\n<\/ul>\n<\/div>\n\n\n\n<div class=\"wp-block-column is-layout-flow wp-block-column-is-layout-flow\">\n<figure class=\"wp-block-image size-full\"><img fetchpriority=\"high\" decoding=\"async\" width=\"800\" height=\"800\" src=\"https:\/\/www.ceramicbasin.com\/wp-content\/uploads\/2024\/10\/wall-mount-bathroom-sinkwall-Mounted-Bathroom-Sinks-Wholesalecustom-ceramic-sink2.webp\" alt=\"Lavabo de salle de bain suspendu Wholesale, Half Pedestal Wash Basin-1\" class=\"wp-image-5425\" srcset=\"https:\/\/www.ceramicbasin.com\/wp-content\/uploads\/2024\/10\/wall-mount-bathroom-sinkwall-Mounted-Bathroom-Sinks-Wholesalecustom-ceramic-sink2.webp 800w, https:\/\/www.ceramicbasin.com\/wp-content\/uploads\/2024\/10\/wall-mount-bathroom-sinkwall-Mounted-Bathroom-Sinks-Wholesalecustom-ceramic-sink2-300x300.webp 300w, https:\/\/www.ceramicbasin.com\/wp-content\/uploads\/2024\/10\/wall-mount-bathroom-sinkwall-Mounted-Bathroom-Sinks-Wholesalecustom-ceramic-sink2-150x150.webp 150w, https:\/\/www.ceramicbasin.com\/wp-content\/uploads\/2024\/10\/wall-mount-bathroom-sinkwall-Mounted-Bathroom-Sinks-Wholesalecustom-ceramic-sink2-768x768.webp 768w, https:\/\/www.ceramicbasin.com\/wp-content\/uploads\/2024\/10\/wall-mount-bathroom-sinkwall-Mounted-Bathroom-Sinks-Wholesalecustom-ceramic-sink2-12x12.webp 12w, https:\/\/www.ceramicbasin.com\/wp-content\/uploads\/2024\/10\/wall-mount-bathroom-sinkwall-Mounted-Bathroom-Sinks-Wholesalecustom-ceramic-sink2-285x285.webp 285w, https:\/\/www.ceramicbasin.com\/wp-content\/uploads\/2024\/10\/wall-mount-bathroom-sinkwall-Mounted-Bathroom-Sinks-Wholesalecustom-ceramic-sink2-270x270.webp 270w, https:\/\/www.ceramicbasin.com\/wp-content\/uploads\/2024\/10\/wall-mount-bathroom-sinkwall-Mounted-Bathroom-Sinks-Wholesalecustom-ceramic-sink2-540x540.webp 540w, https:\/\/www.ceramicbasin.com\/wp-content\/uploads\/2024\/10\/wall-mount-bathroom-sinkwall-Mounted-Bathroom-Sinks-Wholesalecustom-ceramic-sink2-660x660.webp 660w\" sizes=\"(max-width: 800px) 100vw, 800px\" \/><\/figure>\n<\/div>\n<\/div>","protected":false},"excerpt":{"rendered":"<p>Bienvenue aux lavabos muraux personnalis\u00e9s. Cet \u00e9vier de salle de bains suspendu pr\u00e9sente un design peu encombrant et est fabriqu\u00e9 \u00e0 partir de mat\u00e9riaux c\u00e9ramiques de haute qualit\u00e9 offrant une excellente durabilit\u00e9 et une r\u00e9sistance aux taches. La conception murale optimise non seulement l'utilisation de l'espace, mais am\u00e9liore \u00e9galement l'esth\u00e9tique g\u00e9n\u00e9rale de la salle de bains. Il est possible de le personnaliser et il convient \u00e0 une vari\u00e9t\u00e9 d'emplacements domestiques et commerciaux.<\/p>\n<table style=\"border-collapse: collapse; width: 358.52pt;\" border=\"0\" width=\"478\" cellspacing=\"0\" cellpadding=\"0\">\n<tbody>\n<tr style=\"height: 17.25pt;\">\n<td class=\"et3\" style=\"height: 17.25pt; width: 125.00pt;\" width=\"166\" height=\"23\">Fabricant<\/td>\n<td class=\"et3\" style=\"width: 234.15pt;\" width=\"312\">HanYu<\/td>\n<\/tr>\n<tr style=\"height: 17.25pt;\">\n<td class=\"et3\" style=\"height: 17.25pt;\" height=\"23\">Num\u00e9ro de mod\u00e8le.<\/td>\n<td class=\"et4\">HY-3042<\/td>\n<\/tr>\n<tr style=\"height: 17.25pt;\">\n<td class=\"et3\" style=\"height: 17.25pt;\" height=\"23\">Type<\/td>\n<td class=\"et5\" style=\"width: 234.15pt;\" width=\"312\">\u00c9viers muraux, petites cuves<\/td>\n<\/tr>\n<tr style=\"height: 18.00pt;\">\n<td class=\"et3\" style=\"height: 18.00pt;\" height=\"24\">Forme<\/td>\n<td class=\"et3\">Forme ronde<\/td>\n<\/tr>\n<tr style=\"height: 34.50pt;\">\n<td class=\"et4\" style=\"height: 34.50pt;\" height=\"46\">Couleur<\/td>\n<td class=\"et5\" style=\"width: 234.15pt;\" width=\"312\">noir\/blanc\/bleu\/gris\/rose\/vert\/marron\/kaki<\/td>\n<\/tr>\n<tr style=\"height: 18.00pt;\">\n<td class=\"et3\" style=\"height: 18.00pt;\" height=\"24\">Dimension<\/td>\n<td class=\"et5\" style=\"width: 234.15pt;\" width=\"312\">31*43*12.5<\/td>\n<\/tr>\n<tr style=\"height: 17.25pt;\">\n<td class=\"et3\" style=\"height: 17.25pt;\" height=\"23\">N.W \/SET<\/td>\n<td class=\"et3\">7KGS\/PCS<\/td>\n<\/tr>\n<tr style=\"height: 17.25pt;\">\n<td class=\"et3\" style=\"height: 17.25pt;\" height=\"23\">MOQ<\/td>\n<td class=\"et3\">20pcs<\/td>\n<\/tr>\n<tr style=\"height: 17.25pt;\">\n<td class=\"et3\" style=\"height: 17.25pt;\" height=\"23\">Option personnalis\u00e9e<\/td>\n<td class=\"et3\">Couleur\/Pattenue\/Taille\/Logo\/Emballage<\/td>\n<\/tr>\n<\/tbody>\n<\/table>","protected":false},"featured_media":5428,"comment_status":"closed","ping_status":"closed","template":"","meta":{"_acf_changed":false},"product_brand":[],"product_cat":[57],"product_tag":[],"class_list":{"0":"post-5423","1":"product","2":"type-product","3":"status-publish","4":"has-post-thumbnail","6":"product_cat-wholesale-wall-mounted-sinks","8":"first","9":"instock","10":"shipping-taxable","11":"product-type-simple"},"acf":[],"_links":{"self":[{"href":"https:\/\/www.ceramicbasin.com\/fr\/wp-json\/wp\/v2\/product\/5423","targetHints":{"allow":["GET"]}}],"collection":[{"href":"https:\/\/www.ceramicbasin.com\/fr\/wp-json\/wp\/v2\/product"}],"about":[{"href":"https:\/\/www.ceramicbasin.com\/fr\/wp-json\/wp\/v2\/types\/product"}],"replies":[{"embeddable":true,"href":"https:\/\/www.ceramicbasin.com\/fr\/wp-json\/wp\/v2\/comments?post=5423"}],"wp:featuredmedia":[{"embeddable":true,"href":"https:\/\/www.ceramicbasin.com\/fr\/wp-json\/wp\/v2\/media\/5428"}],"wp:attachment":[{"href":"https:\/\/www.ceramicbasin.com\/fr\/wp-json\/wp\/v2\/media?parent=5423"}],"wp:term":[{"taxonomy":"product_brand","embeddable":true,"href":"https:\/\/www.ceramicbasin.com\/fr\/wp-json\/wp\/v2\/product_brand?post=5423"},{"taxonomy":"product_cat","embeddable":true,"href":"https:\/\/www.ceramicbasin.com\/fr\/wp-json\/wp\/v2\/product_cat?post=5423"},{"taxonomy":"product_tag","embeddable":true,"href":"https:\/\/www.ceramicbasin.com\/fr\/wp-json\/wp\/v2\/product_tag?post=5423"}],"curies":[{"name":"wp","href":"https:\/\/api.w.org\/{rel}","templated":true}]}}