{"id":5433,"date":"2024-10-30T02:19:52","date_gmt":"2024-10-30T02:19:52","guid":{"rendered":"https:\/\/www.ceramicbasin.com\/?post_type=product&#038;p=5433"},"modified":"2024-11-08T09:57:31","modified_gmt":"2024-11-08T09:57:31","slug":"basin-wholesale","status":"publish","type":"product","link":"https:\/\/www.ceramicbasin.com\/fr\/produit\/basin-wholesale\/","title":{"rendered":"Cuvette en c\u00e9ramique rectangulaire personnalis\u00e9e Wholesale, Bathroom Sink Factory Supply"},"content":{"rendered":"<div class=\"wp-block-columns is-layout-flex wp-container-core-columns-is-layout-9d6595d7 wp-block-columns-is-layout-flex\">\n<div class=\"wp-block-column is-layout-flow wp-block-column-is-layout-flow\">\n<h2 class=\"wp-block-heading\">Cuvette en c\u00e9ramique de premi\u00e8re qualit\u00e9 Caract\u00e9ristiques en gros :<\/h2>\n\n\n\n<ul class=\"wp-block-list\">\n<li><strong>Design rectangulaire \u00e9l\u00e9gant : <\/strong>Cette vasque en c\u00e9ramique personnalis\u00e9e adopte un design rectangulaire simple avec des lignes douces, qui peut \u00eatre facilement int\u00e9gr\u00e9 dans diff\u00e9rents styles de d\u00e9coration de salle de bains, ajoutant de l'\u00e9l\u00e9gance aux salles de bains de style moderne, simple ou classique.<\/li>\n\n\n\n<li><strong>Durable et beau : <\/strong>Notre usine fournit des \u00e9viers de salle de bain en gros avec des mat\u00e9riaux c\u00e9ramiques s\u00e9lectionn\u00e9s de haute qualit\u00e9. Sa surface est d\u00e9licate et lisse et n'adh\u00e8re pas facilement aux taches. Elle est donc facile \u00e0 nettoyer et conserve un brillant \u00e9lev\u00e9. M\u00eame s'il a \u00e9t\u00e9 utilis\u00e9 pendant une longue p\u00e9riode, il est toujours comme neuf.<\/li>\n\n\n\n<li><strong>Excellente r\u00e9sistance aux rayures et \u00e0 la corrosion : <\/strong>Ce bassin en c\u00e9ramique personnalis\u00e9 a une r\u00e9sistance sup\u00e9rieure aux rayures et \u00e0 la corrosion chimique. Lors d'une utilisation quotidienne, il peut \u00e9viter l'abrasion ou la corrosion par les d\u00e9tergents et les produits chimiques de mani\u00e8re efficace afin de rester durable et de conserver son aspect int\u00e9gral pendant une longue p\u00e9riode.<\/li>\n\n\n\n<li><strong>Personnalisation possible : <\/strong>Afin de r\u00e9pondre aux besoins personnalis\u00e9s des diff\u00e9rents utilisateurs, nous fournissons des services personnalis\u00e9s pour les \u00e9viers de salle de bain en gros dans diff\u00e9rentes tailles et styles. Qu'il s'agisse d'une petite salle de bain familiale ou d'un grand espace commercial, vous pouvez trouver la bonne taille et le bon design avec une grande flexibilit\u00e9.<\/li>\n<\/ul>\n<\/div>\n\n\n\n<div class=\"wp-block-column is-layout-flow wp-block-column-is-layout-flow\">\n<figure class=\"wp-block-image size-full\"><img fetchpriority=\"high\" decoding=\"async\" width=\"860\" height=\"860\" src=\"https:\/\/www.ceramicbasin.com\/wp-content\/uploads\/2024\/10\/Bathroom-Wash-Basin-FactoryCeramic-Rectangle-Shape-Basin-4.webp\" alt=\"Cuvette en c\u00e9ramique rectangulaire personnalis\u00e9e Wholesale, Bathroom Sink Factory Supply-1\" class=\"wp-image-5437\" srcset=\"https:\/\/www.ceramicbasin.com\/wp-content\/uploads\/2024\/10\/Bathroom-Wash-Basin-FactoryCeramic-Rectangle-Shape-Basin-4.webp 860w, https:\/\/www.ceramicbasin.com\/wp-content\/uploads\/2024\/10\/Bathroom-Wash-Basin-FactoryCeramic-Rectangle-Shape-Basin-4-300x300.webp 300w, https:\/\/www.ceramicbasin.com\/wp-content\/uploads\/2024\/10\/Bathroom-Wash-Basin-FactoryCeramic-Rectangle-Shape-Basin-4-150x150.webp 150w, https:\/\/www.ceramicbasin.com\/wp-content\/uploads\/2024\/10\/Bathroom-Wash-Basin-FactoryCeramic-Rectangle-Shape-Basin-4-768x768.webp 768w, https:\/\/www.ceramicbasin.com\/wp-content\/uploads\/2024\/10\/Bathroom-Wash-Basin-FactoryCeramic-Rectangle-Shape-Basin-4-12x12.webp 12w, https:\/\/www.ceramicbasin.com\/wp-content\/uploads\/2024\/10\/Bathroom-Wash-Basin-FactoryCeramic-Rectangle-Shape-Basin-4-285x285.webp 285w, https:\/\/www.ceramicbasin.com\/wp-content\/uploads\/2024\/10\/Bathroom-Wash-Basin-FactoryCeramic-Rectangle-Shape-Basin-4-270x270.webp 270w, https:\/\/www.ceramicbasin.com\/wp-content\/uploads\/2024\/10\/Bathroom-Wash-Basin-FactoryCeramic-Rectangle-Shape-Basin-4-540x540.webp 540w, https:\/\/www.ceramicbasin.com\/wp-content\/uploads\/2024\/10\/Bathroom-Wash-Basin-FactoryCeramic-Rectangle-Shape-Basin-4-660x660.webp 660w\" sizes=\"(max-width: 860px) 100vw, 860px\" \/><\/figure>\n<\/div>\n<\/div>\n\n\n\n<p><\/p>","protected":false},"excerpt":{"rendered":"<p>Bienvenue \u00e0 l'achat de lavabo de salle de bain de l'usine hanyu. Fabriqu\u00e9 \u00e0 partir de mati\u00e8res premi\u00e8res de qualit\u00e9 sup\u00e9rieure, ce bassin c\u00e9ramique rectangulaire en gros b\u00e9n\u00e9ficie d'un design simple et \u00e9l\u00e9gant et d'une surface lisse, facile \u00e0 nettoyer, r\u00e9sistante aux rayures et \u00e0 la corrosion. Il est \u00e9galement disponible en diff\u00e9rentes tailles et peut \u00eatre personnalis\u00e9. Il s'agit d'un choix id\u00e9al pour les salles de bains des particuliers et des entreprises.<\/p>\n<table style=\"border-collapse: collapse; width: 358.52pt;\" border=\"0\" width=\"478\" cellspacing=\"0\" cellpadding=\"0\">\n<tbody>\n<tr style=\"height: 17.25pt;\">\n<td class=\"et3\" style=\"height: 17.25pt; width: 125.00pt;\" width=\"166\" height=\"23\">Fabricant<\/td>\n<td class=\"et3\" style=\"width: 234.15pt;\" width=\"312\">HanYu<\/td>\n<\/tr>\n<tr style=\"height: 17.25pt;\">\n<td class=\"et3\" style=\"height: 17.25pt;\" height=\"23\">Num\u00e9ro de mod\u00e8le.<\/td>\n<td class=\"et4\">HY-401<\/td>\n<\/tr>\n<tr style=\"height: 17.25pt;\">\n<td class=\"et3\" style=\"height: 17.25pt;\" height=\"23\">Type<\/td>\n<td class=\"et5\" style=\"width: 234.15pt;\" width=\"312\">Evier de comptoir<\/td>\n<\/tr>\n<tr style=\"height: 18.00pt;\">\n<td class=\"et3\" style=\"height: 18.00pt;\" height=\"24\">Forme<\/td>\n<td class=\"et3\">Forme rectangulaire<\/td>\n<\/tr>\n<tr style=\"height: 34.50pt;\">\n<td class=\"et4\" style=\"height: 34.50pt;\" height=\"46\">Couleur<\/td>\n<td class=\"et5\" style=\"width: 234.15pt;\" width=\"312\">Blanc<\/td>\n<\/tr>\n<tr style=\"height: 18.00pt;\">\n<td class=\"et3\" style=\"height: 18.00pt;\" height=\"24\">Dimension<\/td>\n<td class=\"et5\" style=\"width: 234.15pt;\" width=\"312\">47.5*37.5*13.5<\/td>\n<\/tr>\n<tr style=\"height: 17.25pt;\">\n<td class=\"et3\" style=\"height: 17.25pt;\" height=\"23\">N.W \/SET<\/td>\n<td class=\"et3\">11 KGS\/PCS<\/td>\n<\/tr>\n<tr style=\"height: 17.25pt;\">\n<td class=\"et3\" style=\"height: 17.25pt;\" height=\"23\">MOQ<\/td>\n<td class=\"et3\">20pcs<\/td>\n<\/tr>\n<tr style=\"height: 17.25pt;\">\n<td class=\"et3\" style=\"height: 17.25pt;\" height=\"23\">Option personnalis\u00e9e<\/td>\n<td class=\"et3\">Couleur\/Pattenue\/Taille\/Logo\/Emballage<\/td>\n<\/tr>\n<\/tbody>\n<\/table>","protected":false},"featured_media":5434,"comment_status":"closed","ping_status":"closed","template":"","meta":{"_acf_changed":false},"product_brand":[],"product_cat":[50],"product_tag":[],"class_list":{"0":"post-5433","1":"product","2":"type-product","3":"status-publish","4":"has-post-thumbnail","6":"product_cat-wholesale-countertop-sinks","8":"first","9":"instock","10":"shipping-taxable","11":"product-type-simple"},"acf":[],"_links":{"self":[{"href":"https:\/\/www.ceramicbasin.com\/fr\/wp-json\/wp\/v2\/product\/5433","targetHints":{"allow":["GET"]}}],"collection":[{"href":"https:\/\/www.ceramicbasin.com\/fr\/wp-json\/wp\/v2\/product"}],"about":[{"href":"https:\/\/www.ceramicbasin.com\/fr\/wp-json\/wp\/v2\/types\/product"}],"replies":[{"embeddable":true,"href":"https:\/\/www.ceramicbasin.com\/fr\/wp-json\/wp\/v2\/comments?post=5433"}],"wp:featuredmedia":[{"embeddable":true,"href":"https:\/\/www.ceramicbasin.com\/fr\/wp-json\/wp\/v2\/media\/5434"}],"wp:attachment":[{"href":"https:\/\/www.ceramicbasin.com\/fr\/wp-json\/wp\/v2\/media?parent=5433"}],"wp:term":[{"taxonomy":"product_brand","embeddable":true,"href":"https:\/\/www.ceramicbasin.com\/fr\/wp-json\/wp\/v2\/product_brand?post=5433"},{"taxonomy":"product_cat","embeddable":true,"href":"https:\/\/www.ceramicbasin.com\/fr\/wp-json\/wp\/v2\/product_cat?post=5433"},{"taxonomy":"product_tag","embeddable":true,"href":"https:\/\/www.ceramicbasin.com\/fr\/wp-json\/wp\/v2\/product_tag?post=5433"}],"curies":[{"name":"wp","href":"https:\/\/api.w.org\/{rel}","templated":true}]}}