{"id":5441,"date":"2024-10-30T02:28:56","date_gmt":"2024-10-30T02:28:56","guid":{"rendered":"https:\/\/www.ceramicbasin.com\/?post_type=product&#038;p=5441"},"modified":"2024-10-30T02:28:58","modified_gmt":"2024-10-30T02:28:58","slug":"sink-wholesale","status":"publish","type":"product","link":"https:\/\/www.ceramicbasin.com\/fr\/produit\/sink-wholesale\/","title":{"rendered":"New Design Ceramic Sink Wholesale, Counter Top Bathroom Sink"},"content":{"rendered":"<div class=\"wp-block-columns is-layout-flex wp-container-core-columns-is-layout-9d6595d7 wp-block-columns-is-layout-flex\">\n<div class=\"wp-block-column is-layout-flow wp-block-column-is-layout-flow\">\n<h2 class=\"wp-block-heading\">Premium Sink Wholesale Caract\u00e9ristiques :<\/h2>\n\n\n\n<ul class=\"wp-block-list\">\n<li><strong>Design moderne et carr\u00e9 : <\/strong>Ce lavabo en c\u00e9ramique pr\u00e9sente un design carr\u00e9 simple et \u00e9l\u00e9gant qui s'int\u00e8gre parfaitement dans une vari\u00e9t\u00e9 de styles de d\u00e9coration de salle de bains. Son aspect moderne rehausse non seulement la beaut\u00e9 g\u00e9n\u00e9rale de l'espace, mais devient \u00e9galement le centre visuel de la salle de bains, offrant aux utilisateurs une exp\u00e9rience d'utilisation confortable.<\/li>\n\n\n\n<li><strong>Mat\u00e9riaux c\u00e9ramiques de haute qualit\u00e9 :<\/strong> Nous fabriquons soigneusement chaque bassin de comptoir en gros avec des mat\u00e9riaux c\u00e9ramiques de haute qualit\u00e9 pour garantir qu'il est r\u00e9sistant \u00e0 l'usure, aux taches et aux temp\u00e9ratures \u00e9lev\u00e9es. Ces propri\u00e9t\u00e9s mat\u00e9rielles permettent au produit de bien fonctionner au quotidien, d'\u00eatre durable et facile \u00e0 nettoyer, apportant une grande commodit\u00e9 \u00e0 la vie des utilisateurs.<\/li>\n\n\n\n<li><strong>Plusieurs options de couleurs :<\/strong> Afin de r\u00e9pondre aux besoins et aux pr\u00e9f\u00e9rences des diff\u00e9rents consommateurs, notre \u00e9vier de comptoir en gros offre une vari\u00e9t\u00e9 d'options de couleurs. Qu'il s'agisse du blanc classique ou de tons fonc\u00e9s individuels, il peut aider les utilisateurs \u00e0 cr\u00e9er un environnement de salle de bain unique et \u00e0 montrer leur style personnel.<\/li>\n\n\n\n<li><strong>Installation facile : <\/strong>Cette vasque en c\u00e9ramique est con\u00e7ue en tenant compte de la commodit\u00e9 d'utilisation, et le processus d'installation est simple et clair, convenant \u00e0 une vari\u00e9t\u00e9 de types de comptoirs de salle de bains. Les utilisateurs n'ont pas \u00e0 s'inqui\u00e9ter des \u00e9tapes d'installation compliqu\u00e9es, ce qui permet d'\u00e9conomiser du temps et de l'argent et de faciliter et d'acc\u00e9l\u00e9rer la transformation de la salle de bains.<\/li>\n<\/ul>\n<\/div>\n\n\n\n<div class=\"wp-block-column is-layout-flow wp-block-column-is-layout-flow\">\n<figure class=\"wp-block-image size-full\"><img fetchpriority=\"high\" decoding=\"async\" width=\"876\" height=\"876\" src=\"https:\/\/www.ceramicbasin.com\/wp-content\/uploads\/2024\/10\/New-Design-Custom-Basin-Bathroom-Ceramic-Counter-Top-Sink-Wash-Hand-Basin-5.webp\" alt=\"New Design Ceramic Sink Wholesale, Bathroom Counter Top Sink-1\" class=\"wp-image-5446\" srcset=\"https:\/\/www.ceramicbasin.com\/wp-content\/uploads\/2024\/10\/New-Design-Custom-Basin-Bathroom-Ceramic-Counter-Top-Sink-Wash-Hand-Basin-5.webp 876w, https:\/\/www.ceramicbasin.com\/wp-content\/uploads\/2024\/10\/New-Design-Custom-Basin-Bathroom-Ceramic-Counter-Top-Sink-Wash-Hand-Basin-5-300x300.webp 300w, https:\/\/www.ceramicbasin.com\/wp-content\/uploads\/2024\/10\/New-Design-Custom-Basin-Bathroom-Ceramic-Counter-Top-Sink-Wash-Hand-Basin-5-150x150.webp 150w, https:\/\/www.ceramicbasin.com\/wp-content\/uploads\/2024\/10\/New-Design-Custom-Basin-Bathroom-Ceramic-Counter-Top-Sink-Wash-Hand-Basin-5-768x768.webp 768w, https:\/\/www.ceramicbasin.com\/wp-content\/uploads\/2024\/10\/New-Design-Custom-Basin-Bathroom-Ceramic-Counter-Top-Sink-Wash-Hand-Basin-5-12x12.webp 12w, https:\/\/www.ceramicbasin.com\/wp-content\/uploads\/2024\/10\/New-Design-Custom-Basin-Bathroom-Ceramic-Counter-Top-Sink-Wash-Hand-Basin-5-285x285.webp 285w, https:\/\/www.ceramicbasin.com\/wp-content\/uploads\/2024\/10\/New-Design-Custom-Basin-Bathroom-Ceramic-Counter-Top-Sink-Wash-Hand-Basin-5-270x270.webp 270w, https:\/\/www.ceramicbasin.com\/wp-content\/uploads\/2024\/10\/New-Design-Custom-Basin-Bathroom-Ceramic-Counter-Top-Sink-Wash-Hand-Basin-5-540x540.webp 540w, https:\/\/www.ceramicbasin.com\/wp-content\/uploads\/2024\/10\/New-Design-Custom-Basin-Bathroom-Ceramic-Counter-Top-Sink-Wash-Hand-Basin-5-660x660.webp 660w\" sizes=\"(max-width: 876px) 100vw, 876px\" \/><\/figure>\n<\/div>\n<\/div>\n\n\n\n<p><\/p>","protected":false},"excerpt":{"rendered":"<p>Bienvenue pour l'achat en gros de lavabos de comptoir. Notre \u00e9vier rectangulaire en c\u00e9ramique combine un design carr\u00e9 moderne et \u00e9l\u00e9gant avec des mat\u00e9riaux en c\u00e9ramique de haute qualit\u00e9, offrant une excellente durabilit\u00e9 et un nettoyage facile. Disponible dans une vari\u00e9t\u00e9 de couleurs pour s'adapter parfaitement \u00e0 tous les styles de salle de bain.<\/p>\n<table style=\"border-collapse: collapse; width: 358.52pt;\" border=\"0\" width=\"478\" cellspacing=\"0\" cellpadding=\"0\">\n<tbody>\n<tr style=\"height: 17.25pt;\">\n<td class=\"et3\" style=\"height: 17.25pt; width: 125.00pt;\" width=\"166\" height=\"23\">Fabricant<\/td>\n<td class=\"et3\" style=\"width: 234.15pt;\" width=\"312\">HanYu<\/td>\n<\/tr>\n<tr style=\"height: 17.25pt;\">\n<td class=\"et3\" style=\"height: 17.25pt;\" height=\"23\">Num\u00e9ro de mod\u00e8le.<\/td>\n<td class=\"et4\">HY-8104<\/td>\n<\/tr>\n<tr style=\"height: 17.25pt;\">\n<td class=\"et3\" style=\"height: 17.25pt;\" height=\"23\">Type<\/td>\n<td class=\"et5\" style=\"width: 234.15pt;\" width=\"312\">Evier de comptoir<\/td>\n<\/tr>\n<tr style=\"height: 18.00pt;\">\n<td class=\"et3\" style=\"height: 18.00pt;\" height=\"24\">Forme<\/td>\n<td class=\"et3\">Forme rectangulaire<\/td>\n<\/tr>\n<tr style=\"height: 34.50pt;\">\n<td class=\"et4\" style=\"height: 34.50pt;\" height=\"46\">Couleur<\/td>\n<td class=\"et5\" style=\"width: 234.15pt;\" width=\"312\">Blanc<\/td>\n<\/tr>\n<tr style=\"height: 18.00pt;\">\n<td class=\"et3\" style=\"height: 18.00pt;\" height=\"24\">Dimension<\/td>\n<td class=\"et5\" style=\"width: 234.15pt;\" width=\"312\">48*37*15.5<\/td>\n<\/tr>\n<tr style=\"height: 17.25pt;\">\n<td class=\"et3\" style=\"height: 17.25pt;\" height=\"23\">N.W \/SET<\/td>\n<td class=\"et3\">12 KGS\/PCS<\/td>\n<\/tr>\n<tr style=\"height: 17.25pt;\">\n<td class=\"et3\" style=\"height: 17.25pt;\" height=\"23\">MOQ<\/td>\n<td class=\"et3\">20pcs<\/td>\n<\/tr>\n<tr style=\"height: 17.25pt;\">\n<td class=\"et3\" style=\"height: 17.25pt;\" height=\"23\">Option personnalis\u00e9e<\/td>\n<td class=\"et3\">Couleur\/Pattenue\/Taille\/Logo\/Emballage<\/td>\n<\/tr>\n<\/tbody>\n<\/table>","protected":false},"featured_media":5445,"comment_status":"closed","ping_status":"closed","template":"","meta":{"_acf_changed":false},"product_brand":[],"product_cat":[50],"product_tag":[],"class_list":{"0":"post-5441","1":"product","2":"type-product","3":"status-publish","4":"has-post-thumbnail","6":"product_cat-wholesale-countertop-sinks","8":"first","9":"instock","10":"shipping-taxable","11":"product-type-simple"},"acf":[],"_links":{"self":[{"href":"https:\/\/www.ceramicbasin.com\/fr\/wp-json\/wp\/v2\/product\/5441","targetHints":{"allow":["GET"]}}],"collection":[{"href":"https:\/\/www.ceramicbasin.com\/fr\/wp-json\/wp\/v2\/product"}],"about":[{"href":"https:\/\/www.ceramicbasin.com\/fr\/wp-json\/wp\/v2\/types\/product"}],"replies":[{"embeddable":true,"href":"https:\/\/www.ceramicbasin.com\/fr\/wp-json\/wp\/v2\/comments?post=5441"}],"wp:featuredmedia":[{"embeddable":true,"href":"https:\/\/www.ceramicbasin.com\/fr\/wp-json\/wp\/v2\/media\/5445"}],"wp:attachment":[{"href":"https:\/\/www.ceramicbasin.com\/fr\/wp-json\/wp\/v2\/media?parent=5441"}],"wp:term":[{"taxonomy":"product_brand","embeddable":true,"href":"https:\/\/www.ceramicbasin.com\/fr\/wp-json\/wp\/v2\/product_brand?post=5441"},{"taxonomy":"product_cat","embeddable":true,"href":"https:\/\/www.ceramicbasin.com\/fr\/wp-json\/wp\/v2\/product_cat?post=5441"},{"taxonomy":"product_tag","embeddable":true,"href":"https:\/\/www.ceramicbasin.com\/fr\/wp-json\/wp\/v2\/product_tag?post=5441"}],"curies":[{"name":"wp","href":"https:\/\/api.w.org\/{rel}","templated":true}]}}