{"id":5447,"date":"2024-10-30T02:49:08","date_gmt":"2024-10-30T02:49:08","guid":{"rendered":"https:\/\/www.ceramicbasin.com\/?post_type=product&#038;p=5447"},"modified":"2024-10-30T02:49:10","modified_gmt":"2024-10-30T02:49:10","slug":"custom-made-sinks","status":"publish","type":"product","link":"https:\/\/www.ceramicbasin.com\/fr\/produit\/custom-made-sinks\/","title":{"rendered":"\u00c9viers rectangulaires sur mesure, bassins semi-encastr\u00e9s en c\u00e9ramique, commerce de gros"},"content":{"rendered":"<div class=\"wp-block-columns is-layout-flex wp-container-core-columns-is-layout-9d6595d7 wp-block-columns-is-layout-flex\">\n<div class=\"wp-block-column is-layout-flow wp-block-column-is-layout-flow\">\n<h2 class=\"wp-block-heading\">Premium Custom Made Sinks Caract\u00e9ristiques :<\/h2>\n\n\n\n<ul class=\"wp-block-list\">\n<li><strong>Design rectangulaire \u00e9l\u00e9gant : <\/strong>Nos \u00e9viers en c\u00e9ramique sur mesure adoptent une forme rectangulaire simple et atmosph\u00e9rique, qui concilie parfaitement l'aspect pratique et la beaut\u00e9. Ils conviennent \u00e0 tous les types de salles de bains modernes et d'espaces commerciaux, offrant aux utilisateurs un effet visuel propre et net.<\/li>\n\n\n\n<li><strong>Fabrication en c\u00e9ramique de haute qualit\u00e9 :<\/strong> Nous s\u00e9lectionnons des mat\u00e9riaux c\u00e9ramiques de haute qualit\u00e9 pour cr\u00e9er des vasques semi-encastr\u00e9es en gros. Apr\u00e8s le processus de cuisson \u00e0 haute temp\u00e9rature, la surface est lisse et d\u00e9licate, avec une r\u00e9sistance \u00e9lev\u00e9e \u00e0 l'usure et aux taches. Les utilisateurs peuvent facilement la nettoyer au quotidien et s'assurer qu'elle reste brillante et propre apr\u00e8s une utilisation \u00e0 long terme.<\/li>\n\n\n\n<li><strong>Taille et style personnalis\u00e9s : <\/strong>Afin de s'adapter aux diff\u00e9rentes exigences en mati\u00e8re d'espace, ces \u00e9viers semi-encastr\u00e9s sur mesure permettent de personnaliser plusieurs tailles et styles, ce qui permet aux utilisateurs de concevoir des mod\u00e8les exclusifs en fonction de salles de bains ou d'environnements commerciaux sp\u00e9cifiques, afin d'assurer une utilisation maximale de l'espace.<\/li>\n\n\n\n<li><strong>Conception de l'optimisation de l'espace : <\/strong>Ces lavabos semi-encastr\u00e9s permettent d'\u00e9conomiser de l'espace sur le comptoir tout en augmentant les zones de stockage, en offrant aux utilisateurs davantage d'options de placement, en rendant la zone de lavage des mains plus ordonn\u00e9e et en r\u00e9pondant \u00e0 la demande de l'utilisateur moderne en mati\u00e8re de fonctionnalit\u00e9 de l'espace.<\/li>\n<\/ul>\n<\/div>\n\n\n\n<div class=\"wp-block-column is-layout-flow wp-block-column-is-layout-flow\">\n<figure class=\"wp-block-image size-full\"><img fetchpriority=\"high\" decoding=\"async\" width=\"930\" height=\"930\" src=\"https:\/\/www.ceramicbasin.com\/wp-content\/uploads\/2024\/10\/Rectangle-Shape-Semi-Recessed-Basins-Wholesale-For-Bathroom-1.webp\" alt=\"\u00c9viers rectangulaires sur mesure, bassins semi-encastr\u00e9s en c\u00e9ramique Wholesale-1\" class=\"wp-image-5448\" srcset=\"https:\/\/www.ceramicbasin.com\/wp-content\/uploads\/2024\/10\/Rectangle-Shape-Semi-Recessed-Basins-Wholesale-For-Bathroom-1.webp 930w, https:\/\/www.ceramicbasin.com\/wp-content\/uploads\/2024\/10\/Rectangle-Shape-Semi-Recessed-Basins-Wholesale-For-Bathroom-1-300x300.webp 300w, https:\/\/www.ceramicbasin.com\/wp-content\/uploads\/2024\/10\/Rectangle-Shape-Semi-Recessed-Basins-Wholesale-For-Bathroom-1-150x150.webp 150w, https:\/\/www.ceramicbasin.com\/wp-content\/uploads\/2024\/10\/Rectangle-Shape-Semi-Recessed-Basins-Wholesale-For-Bathroom-1-768x768.webp 768w, https:\/\/www.ceramicbasin.com\/wp-content\/uploads\/2024\/10\/Rectangle-Shape-Semi-Recessed-Basins-Wholesale-For-Bathroom-1-12x12.webp 12w, https:\/\/www.ceramicbasin.com\/wp-content\/uploads\/2024\/10\/Rectangle-Shape-Semi-Recessed-Basins-Wholesale-For-Bathroom-1-285x285.webp 285w, https:\/\/www.ceramicbasin.com\/wp-content\/uploads\/2024\/10\/Rectangle-Shape-Semi-Recessed-Basins-Wholesale-For-Bathroom-1-270x270.webp 270w, https:\/\/www.ceramicbasin.com\/wp-content\/uploads\/2024\/10\/Rectangle-Shape-Semi-Recessed-Basins-Wholesale-For-Bathroom-1-540x540.webp 540w, https:\/\/www.ceramicbasin.com\/wp-content\/uploads\/2024\/10\/Rectangle-Shape-Semi-Recessed-Basins-Wholesale-For-Bathroom-1-660x660.webp 660w\" sizes=\"(max-width: 930px) 100vw, 930px\" \/><\/figure>\n<\/div>\n<\/div>","protected":false},"excerpt":{"rendered":"<p>Nous vous invitons \u00e0 acheter des lavabos sur mesure pour votre projet. Nos lavabos semi-encastr\u00e9s en gros apportent le double avantage de la beaut\u00e9 et de la praticit\u00e9 \u00e0 toutes sortes de salles de bains et d'espaces commerciaux gr\u00e2ce \u00e0 un design rectangulaire simple et moderne, \u00e0 une fabrication en c\u00e9ramique de haute qualit\u00e9 et \u00e0 des options de personnalisation flexibles.<\/p>\n<table style=\"border-collapse: collapse; width: 358.52pt;\" border=\"0\" width=\"478\" cellspacing=\"0\" cellpadding=\"0\">\n<tbody>\n<tr style=\"height: 17.25pt;\">\n<td class=\"et3\" style=\"height: 17.25pt; width: 125.00pt;\" width=\"166\" height=\"23\">Fabricant<\/td>\n<td class=\"et3\" style=\"width: 234.15pt;\" width=\"312\">HanYu<\/td>\n<\/tr>\n<tr style=\"height: 17.25pt;\">\n<td class=\"et3\" style=\"height: 17.25pt;\" height=\"23\">Num\u00e9ro de mod\u00e8le.<\/td>\n<td class=\"et4\">HY-401A<\/td>\n<\/tr>\n<tr style=\"height: 17.25pt;\">\n<td class=\"et3\" style=\"height: 17.25pt;\" height=\"23\">Type<\/td>\n<td class=\"et5\" style=\"width: 234.15pt;\" width=\"312\">Eviers semi-encastr\u00e9s<\/td>\n<\/tr>\n<tr style=\"height: 18.00pt;\">\n<td class=\"et3\" style=\"height: 18.00pt;\" height=\"24\">Forme<\/td>\n<td class=\"et3\">Forme rectangulaire<\/td>\n<\/tr>\n<tr style=\"height: 34.50pt;\">\n<td class=\"et4\" style=\"height: 34.50pt;\" height=\"46\">Couleur<\/td>\n<td class=\"et5\" style=\"width: 234.15pt;\" width=\"312\">noir\/blanc\/bleu\/gris\/rose\/vert\/marron\/kaki<\/td>\n<\/tr>\n<tr style=\"height: 18.00pt;\">\n<td class=\"et3\" style=\"height: 18.00pt;\" height=\"24\">Dimension<\/td>\n<td class=\"et5\" style=\"width: 234.15pt;\" width=\"312\">47*37*13<\/td>\n<\/tr>\n<tr style=\"height: 17.25pt;\">\n<td class=\"et3\" style=\"height: 17.25pt;\" height=\"23\">N.W \/SET<\/td>\n<td class=\"et3\">12KGS\/PCS<\/td>\n<\/tr>\n<tr style=\"height: 17.25pt;\">\n<td class=\"et3\" style=\"height: 17.25pt;\" height=\"23\">MOQ<\/td>\n<td class=\"et3\">20pcs<\/td>\n<\/tr>\n<tr style=\"height: 17.25pt;\">\n<td class=\"et3\" style=\"height: 17.25pt;\" height=\"23\">Option personnalis\u00e9e<\/td>\n<td class=\"et3\">Couleur\/Pattenue\/Taille\/Logo\/Emballage<\/td>\n<\/tr>\n<\/tbody>\n<\/table>","protected":false},"featured_media":5453,"comment_status":"closed","ping_status":"closed","template":"","meta":{"_acf_changed":false},"product_brand":[],"product_cat":[58],"product_tag":[],"class_list":{"0":"post-5447","1":"product","2":"type-product","3":"status-publish","4":"has-post-thumbnail","6":"product_cat-wholesale-semi-recessed-sinks","8":"first","9":"instock","10":"shipping-taxable","11":"product-type-simple"},"acf":[],"_links":{"self":[{"href":"https:\/\/www.ceramicbasin.com\/fr\/wp-json\/wp\/v2\/product\/5447","targetHints":{"allow":["GET"]}}],"collection":[{"href":"https:\/\/www.ceramicbasin.com\/fr\/wp-json\/wp\/v2\/product"}],"about":[{"href":"https:\/\/www.ceramicbasin.com\/fr\/wp-json\/wp\/v2\/types\/product"}],"replies":[{"embeddable":true,"href":"https:\/\/www.ceramicbasin.com\/fr\/wp-json\/wp\/v2\/comments?post=5447"}],"wp:featuredmedia":[{"embeddable":true,"href":"https:\/\/www.ceramicbasin.com\/fr\/wp-json\/wp\/v2\/media\/5453"}],"wp:attachment":[{"href":"https:\/\/www.ceramicbasin.com\/fr\/wp-json\/wp\/v2\/media?parent=5447"}],"wp:term":[{"taxonomy":"product_brand","embeddable":true,"href":"https:\/\/www.ceramicbasin.com\/fr\/wp-json\/wp\/v2\/product_brand?post=5447"},{"taxonomy":"product_cat","embeddable":true,"href":"https:\/\/www.ceramicbasin.com\/fr\/wp-json\/wp\/v2\/product_cat?post=5447"},{"taxonomy":"product_tag","embeddable":true,"href":"https:\/\/www.ceramicbasin.com\/fr\/wp-json\/wp\/v2\/product_tag?post=5447"}],"curies":[{"name":"wp","href":"https:\/\/api.w.org\/{rel}","templated":true}]}}