{"id":5456,"date":"2024-10-30T02:41:51","date_gmt":"2024-10-30T02:41:51","guid":{"rendered":"https:\/\/www.ceramicbasin.com\/?post_type=product&#038;p=5456"},"modified":"2024-10-30T02:41:53","modified_gmt":"2024-10-30T02:41:53","slug":"custom-sinks","status":"publish","type":"product","link":"https:\/\/www.ceramicbasin.com\/fr\/produit\/custom-sinks\/","title":{"rendered":"Commercial Custom Sinks, Wholesale Semi Recessed Hand Basins (lavabos semi-encastr\u00e9s)"},"content":{"rendered":"<div class=\"wp-block-columns is-layout-flex wp-container-core-columns-is-layout-9d6595d7 wp-block-columns-is-layout-flex\">\n<div class=\"wp-block-column is-layout-flow wp-block-column-is-layout-flow\">\n<h2 class=\"wp-block-heading\">Premium Custom Sinks Caract\u00e9ristiques :<\/h2>\n\n\n\n<ul class=\"wp-block-list\">\n<li><strong>Options de personnalisation : <\/strong>Nos \u00e9viers sur mesure offrent de nombreuses possibilit\u00e9s de personnalisation. Les clients peuvent choisir la taille, la couleur et le style en fonction de leurs besoins sp\u00e9cifiques afin de s'assurer que le produit s'adapte parfaitement aux diff\u00e9rents espaces commerciaux et styles de conception.<\/li>\n\n\n\n<li><strong>Mat\u00e9riaux de haute qualit\u00e9 : <\/strong>Nos lavabos semi-encastr\u00e9s sont fabriqu\u00e9s en c\u00e9ramique de haute qualit\u00e9, avec une excellente durabilit\u00e9 et une r\u00e9sistance aux taches. Cette s\u00e9lection de mat\u00e9riaux garantit non seulement la stabilit\u00e9 pendant une utilisation \u00e0 long terme, mais facilite \u00e9galement le nettoyage et l'entretien, ce qui convient aux environnements commerciaux tr\u00e8s fr\u00e9quent\u00e9s.<\/li>\n\n\n\n<li><strong>Design moderne : <\/strong>Cet \u00e9vier sur mesure semi-encastr\u00e9 allie modernit\u00e9 et praticit\u00e9. Sa conception semi-encastr\u00e9e permet d'\u00e9conomiser de l'espace tout en offrant une plus grande surface de comptoir, ce qui est pratique pour les utilisateurs dans les lieux commerciaux. Qu'il s'agisse d'un restaurant, d'un centre commercial ou d'un immeuble de bureaux, ce lave-mains peut rehausser la beaut\u00e9 g\u00e9n\u00e9rale de l'espace.<\/li>\n\n\n\n<li><strong>Facile \u00e0 installer : <\/strong>Les lavabos semi-encastr\u00e9s que nous avons con\u00e7us ont une structure d'installation simple, adapt\u00e9e \u00e0 divers types de comptoirs, ce qui permet aux commer\u00e7ants d'\u00e9conomiser du temps et de l'argent lors de l'installation. Une telle conception am\u00e9liore non seulement l'efficacit\u00e9 de la construction, mais assure \u00e9galement la stabilit\u00e9 et la s\u00e9curit\u00e9 de l'utilisation.<\/li>\n<\/ul>\n<\/div>\n\n\n\n<div class=\"wp-block-column is-layout-flow wp-block-column-is-layout-flow\">\n<figure class=\"wp-block-image size-full\"><img fetchpriority=\"high\" decoding=\"async\" width=\"1784\" height=\"1784\" src=\"https:\/\/www.ceramicbasin.com\/wp-content\/uploads\/2024\/10\/Wholesale-Bathroom-Wash-Basin-FactoryRectangle-Shape-Semi-recessed-Sinks-5.webp\" alt=\"Commercial Custom Sinks, Wholesale Semi Recessed Hand Basins-1\" class=\"wp-image-5461\" srcset=\"https:\/\/www.ceramicbasin.com\/wp-content\/uploads\/2024\/10\/Wholesale-Bathroom-Wash-Basin-FactoryRectangle-Shape-Semi-recessed-Sinks-5.webp 1784w, https:\/\/www.ceramicbasin.com\/wp-content\/uploads\/2024\/10\/Wholesale-Bathroom-Wash-Basin-FactoryRectangle-Shape-Semi-recessed-Sinks-5-300x300.webp 300w, https:\/\/www.ceramicbasin.com\/wp-content\/uploads\/2024\/10\/Wholesale-Bathroom-Wash-Basin-FactoryRectangle-Shape-Semi-recessed-Sinks-5-150x150.webp 150w, https:\/\/www.ceramicbasin.com\/wp-content\/uploads\/2024\/10\/Wholesale-Bathroom-Wash-Basin-FactoryRectangle-Shape-Semi-recessed-Sinks-5-768x768.webp 768w, https:\/\/www.ceramicbasin.com\/wp-content\/uploads\/2024\/10\/Wholesale-Bathroom-Wash-Basin-FactoryRectangle-Shape-Semi-recessed-Sinks-5-12x12.webp 12w, https:\/\/www.ceramicbasin.com\/wp-content\/uploads\/2024\/10\/Wholesale-Bathroom-Wash-Basin-FactoryRectangle-Shape-Semi-recessed-Sinks-5-285x285.webp 285w, https:\/\/www.ceramicbasin.com\/wp-content\/uploads\/2024\/10\/Wholesale-Bathroom-Wash-Basin-FactoryRectangle-Shape-Semi-recessed-Sinks-5-1600x1600.webp 1600w, https:\/\/www.ceramicbasin.com\/wp-content\/uploads\/2024\/10\/Wholesale-Bathroom-Wash-Basin-FactoryRectangle-Shape-Semi-recessed-Sinks-5-270x270.webp 270w, https:\/\/www.ceramicbasin.com\/wp-content\/uploads\/2024\/10\/Wholesale-Bathroom-Wash-Basin-FactoryRectangle-Shape-Semi-recessed-Sinks-5-540x540.webp 540w, https:\/\/www.ceramicbasin.com\/wp-content\/uploads\/2024\/10\/Wholesale-Bathroom-Wash-Basin-FactoryRectangle-Shape-Semi-recessed-Sinks-5-660x660.webp 660w\" sizes=\"(max-width: 1784px) 100vw, 1784px\" \/><\/figure>\n<\/div>\n<\/div>","protected":false},"excerpt":{"rendered":"<p>Nos lavabos semi-encastr\u00e9s combinent un design moderne avec des mat\u00e9riaux de haute qualit\u00e9, durables et faciles \u00e0 nettoyer, tandis que la structure d'installation simple permet aux utilisateurs de r\u00e9aliser facilement une installation rapide, apportant une grande commodit\u00e9 \u00e0 l'utilisation et \u00e0 l'entretien des espaces commerciaux.<\/p>\n<table style=\"border-collapse: collapse; width: 358.52pt;\" border=\"0\" width=\"478\" cellspacing=\"0\" cellpadding=\"0\">\n<tbody>\n<tr style=\"height: 17.25pt;\">\n<td class=\"et3\" style=\"height: 17.25pt; width: 125.00pt;\" width=\"166\" height=\"23\">Fabricant<\/td>\n<td class=\"et3\" style=\"width: 234.15pt;\" width=\"312\">HanYu<\/td>\n<\/tr>\n<tr style=\"height: 17.25pt;\">\n<td class=\"et3\" style=\"height: 17.25pt;\" height=\"23\">Num\u00e9ro de mod\u00e8le.<\/td>\n<td class=\"et4\">HY-8104A<\/td>\n<\/tr>\n<tr style=\"height: 17.25pt;\">\n<td class=\"et3\" style=\"height: 17.25pt;\" height=\"23\">Type<\/td>\n<td class=\"et5\" style=\"width: 234.15pt;\" width=\"312\">Eviers semi-encastr\u00e9s<\/td>\n<\/tr>\n<tr style=\"height: 18.00pt;\">\n<td class=\"et3\" style=\"height: 18.00pt;\" height=\"24\">Forme<\/td>\n<td class=\"et3\">Forme rectangulaire<\/td>\n<\/tr>\n<tr style=\"height: 34.50pt;\">\n<td class=\"et4\" style=\"height: 34.50pt;\" height=\"46\">Couleur<\/td>\n<td class=\"et5\" style=\"width: 234.15pt;\" width=\"312\">noir\/blanc\/bleu\/gris\/rose\/vert\/marron\/kaki<\/td>\n<\/tr>\n<tr style=\"height: 18.00pt;\">\n<td class=\"et3\" style=\"height: 18.00pt;\" height=\"24\">Dimension<\/td>\n<td class=\"et5\" style=\"width: 234.15pt;\" width=\"312\">48*37*15.5<\/td>\n<\/tr>\n<tr style=\"height: 17.25pt;\">\n<td class=\"et3\" style=\"height: 17.25pt;\" height=\"23\">N.W \/SET<\/td>\n<td class=\"et3\">13KGS\/PCS<\/td>\n<\/tr>\n<tr style=\"height: 17.25pt;\">\n<td class=\"et3\" style=\"height: 17.25pt;\" height=\"23\">MOQ<\/td>\n<td class=\"et3\">20pcs<\/td>\n<\/tr>\n<tr style=\"height: 17.25pt;\">\n<td class=\"et3\" style=\"height: 17.25pt;\" height=\"23\">Option personnalis\u00e9e<\/td>\n<td class=\"et3\">Couleur\/Pattenue\/Taille\/Logo\/Emballage<\/td>\n<\/tr>\n<\/tbody>\n<\/table>","protected":false},"featured_media":5457,"comment_status":"closed","ping_status":"closed","template":"","meta":{"_acf_changed":false},"product_brand":[],"product_cat":[58],"product_tag":[],"class_list":{"0":"post-5456","1":"product","2":"type-product","3":"status-publish","4":"has-post-thumbnail","6":"product_cat-wholesale-semi-recessed-sinks","8":"first","9":"instock","10":"shipping-taxable","11":"product-type-simple"},"acf":[],"_links":{"self":[{"href":"https:\/\/www.ceramicbasin.com\/fr\/wp-json\/wp\/v2\/product\/5456","targetHints":{"allow":["GET"]}}],"collection":[{"href":"https:\/\/www.ceramicbasin.com\/fr\/wp-json\/wp\/v2\/product"}],"about":[{"href":"https:\/\/www.ceramicbasin.com\/fr\/wp-json\/wp\/v2\/types\/product"}],"replies":[{"embeddable":true,"href":"https:\/\/www.ceramicbasin.com\/fr\/wp-json\/wp\/v2\/comments?post=5456"}],"wp:featuredmedia":[{"embeddable":true,"href":"https:\/\/www.ceramicbasin.com\/fr\/wp-json\/wp\/v2\/media\/5457"}],"wp:attachment":[{"href":"https:\/\/www.ceramicbasin.com\/fr\/wp-json\/wp\/v2\/media?parent=5456"}],"wp:term":[{"taxonomy":"product_brand","embeddable":true,"href":"https:\/\/www.ceramicbasin.com\/fr\/wp-json\/wp\/v2\/product_brand?post=5456"},{"taxonomy":"product_cat","embeddable":true,"href":"https:\/\/www.ceramicbasin.com\/fr\/wp-json\/wp\/v2\/product_cat?post=5456"},{"taxonomy":"product_tag","embeddable":true,"href":"https:\/\/www.ceramicbasin.com\/fr\/wp-json\/wp\/v2\/product_tag?post=5456"}],"curies":[{"name":"wp","href":"https:\/\/api.w.org\/{rel}","templated":true}]}}