{"id":5536,"date":"2024-11-08T09:24:38","date_gmt":"2024-11-08T09:24:38","guid":{"rendered":"https:\/\/www.ceramicbasin.com\/?post_type=product&#038;p=5536"},"modified":"2024-11-08T09:24:40","modified_gmt":"2024-11-08T09:24:40","slug":"custom-undermount-sink","status":"publish","type":"product","link":"https:\/\/www.ceramicbasin.com\/fr\/produit\/custom-undermount-sink\/","title":{"rendered":"Custom Undermount Sink, Ceramic Under Counter Sinks Wholesale"},"content":{"rendered":"<div class=\"wp-block-columns is-layout-flex wp-container-core-columns-is-layout-9d6595d7 wp-block-columns-is-layout-flex\">\n<div class=\"wp-block-column is-layout-flow wp-block-column-is-layout-flow\">\n<h2 class=\"wp-block-heading\">Caract\u00e9ristiques de l'\u00e9vier Premium Custom Undermount :<\/h2>\n\n\n\n<ul class=\"wp-block-list\">\n<li><strong>Qualit\u00e9 des mat\u00e9riaux :\u00a0<\/strong>Ces \u00e9viers sous plan personnalis\u00e9s sont fabriqu\u00e9s en porcelaine de haute qualit\u00e9, ce qui les rend durables pour une utilisation \u00e0 long terme.<\/li>\n\n\n\n<li><strong>Design classique :\u00a0<\/strong>Ces \u00e9viers sous comptoir pr\u00e9sentent un style moderne et simple. Ils s'adaptent parfaitement \u00e0 tous les styles de d\u00e9coration de la salle de bains. Son mode de fonctionnement est l'installation encastr\u00e9e, ce qui permet au lavabo de s'int\u00e9grer parfaitement au plan de travail, augmentant ainsi la beaut\u00e9 de l'ensemble.<\/li>\n\n\n\n<li><strong>Livraison rapide :<\/strong>\u00a0Nous promettons une logistique et une distribution efficaces pour garantir la livraison rapide de nos \u00e9viers en c\u00e9ramique sous plan, afin d'acc\u00e9l\u00e9rer l'avancement de votre projet et de r\u00e9pondre aux besoins urgents de la construction.<\/li>\n\n\n\n<li><strong>Remise sur les achats en gros :\u00a0<\/strong>En tant que fabricant professionnel, nous offrons des prix tr\u00e8s comp\u00e9titifs pour les \u00e9viers sous comptoir en gros, et b\u00e9n\u00e9ficions de plus de remises pour les achats en gros, ce qui convient aux grands projets tels que les h\u00f4tels, les appartements, les bureaux, etc.<\/li>\n<\/ul>\n<\/div>\n\n\n\n<div class=\"wp-block-column is-layout-flow wp-block-column-is-layout-flow\">\n<figure class=\"wp-block-image size-full\"><img fetchpriority=\"high\" decoding=\"async\" width=\"612\" height=\"828\" src=\"https:\/\/www.ceramicbasin.com\/wp-content\/uploads\/2024\/11\/wholesale-bathroom-vessel-sinks-under-counter-wash-basin-sinks-5.webp\" alt=\"Custom Undermount Sink, Ceramic Under Counter Sinks Wholesale-1\" class=\"wp-image-5535\" srcset=\"https:\/\/www.ceramicbasin.com\/wp-content\/uploads\/2024\/11\/wholesale-bathroom-vessel-sinks-under-counter-wash-basin-sinks-5.webp 612w, https:\/\/www.ceramicbasin.com\/wp-content\/uploads\/2024\/11\/wholesale-bathroom-vessel-sinks-under-counter-wash-basin-sinks-5-222x300.webp 222w, https:\/\/www.ceramicbasin.com\/wp-content\/uploads\/2024\/11\/wholesale-bathroom-vessel-sinks-under-counter-wash-basin-sinks-5-9x12.webp 9w, https:\/\/www.ceramicbasin.com\/wp-content\/uploads\/2024\/11\/wholesale-bathroom-vessel-sinks-under-counter-wash-basin-sinks-5-285x386.webp 285w, https:\/\/www.ceramicbasin.com\/wp-content\/uploads\/2024\/11\/wholesale-bathroom-vessel-sinks-under-counter-wash-basin-sinks-5-488x660.webp 488w, https:\/\/www.ceramicbasin.com\/wp-content\/uploads\/2024\/11\/wholesale-bathroom-vessel-sinks-under-counter-wash-basin-sinks-5-111x150.webp 111w\" sizes=\"(max-width: 612px) 100vw, 612px\" \/><\/figure>\n<\/div>\n<\/div>\n\n\n\n<p><\/p>","protected":false},"excerpt":{"rendered":"<p>Bienvenue aux \u00e9viers sous comptoir personnalis\u00e9s pour les projets. Nos \u00e9viers sous comptoir sont fabriqu\u00e9s en c\u00e9ramique de haute qualit\u00e9, ce qui les rend durables pour une utilisation \u00e0 long terme. Nous offrons des prix tr\u00e8s comp\u00e9titifs pour les \u00e9viers sous comptoir en gros, et b\u00e9n\u00e9ficions de plus de remises pour les achats en gros, ce qui convient aux grands projets tels que les h\u00f4tels, les appartements, les bureaux, etc.<\/p>\n<table style=\"border-collapse: collapse; width: 358.52pt;\" border=\"0\" width=\"478\" cellspacing=\"0\" cellpadding=\"0\">\n<tbody>\n<tr style=\"height: 17.25pt;\">\n<td class=\"et3\" style=\"height: 17.25pt; width: 125.00pt;\" width=\"166\" height=\"23\">Fabricant<\/td>\n<td class=\"et3\" style=\"width: 234.15pt;\" width=\"312\">HanYu<\/td>\n<\/tr>\n<tr style=\"height: 17.25pt;\">\n<td class=\"et3\" style=\"height: 17.25pt;\" height=\"23\">Num\u00e9ro de mod\u00e8le.<\/td>\n<td class=\"et4\">HY-3021<\/td>\n<\/tr>\n<tr style=\"height: 17.25pt;\">\n<td class=\"et3\" style=\"height: 17.25pt;\" height=\"23\">Type<\/td>\n<td class=\"et5\" style=\"width: 234.15pt;\" width=\"312\">\u00c9viers sous plan<\/td>\n<\/tr>\n<tr style=\"height: 18.00pt;\">\n<td class=\"et3\" style=\"height: 18.00pt;\" height=\"24\">Forme<\/td>\n<td class=\"et3\">Forme ovale<\/td>\n<\/tr>\n<tr style=\"height: 34.50pt;\">\n<td class=\"et4\" style=\"height: 34.50pt;\" height=\"46\">Couleur<\/td>\n<td class=\"et5\" style=\"width: 234.15pt;\" width=\"312\">noir\/blanc\/bleu\/gris\/rose\/vert\/marron\/kaki<\/td>\n<\/tr>\n<tr style=\"height: 18.00pt;\">\n<td class=\"et3\" style=\"height: 18.00pt;\" height=\"24\">Dimension<\/td>\n<td class=\"et5\" style=\"width: 234.15pt;\" width=\"312\">49*41*18.5<\/td>\n<\/tr>\n<tr style=\"height: 17.25pt;\">\n<td class=\"et3\" style=\"height: 17.25pt;\" height=\"23\">N.W \/SET<\/td>\n<td class=\"et3\">5KGS\/PCS<\/td>\n<\/tr>\n<tr style=\"height: 17.25pt;\">\n<td class=\"et3\" style=\"height: 17.25pt;\" height=\"23\">MOQ<\/td>\n<td class=\"et3\">20pcs<\/td>\n<\/tr>\n<tr style=\"height: 17.25pt;\">\n<td class=\"et3\" style=\"height: 17.25pt;\" height=\"23\">Option personnalis\u00e9e<\/td>\n<td class=\"et3\">Couleur\/Pattenue\/Taille\/Logo\/Emballage<\/td>\n<\/tr>\n<\/tbody>\n<\/table>","protected":false},"featured_media":5531,"comment_status":"closed","ping_status":"closed","template":"","meta":{"_acf_changed":false},"product_brand":[],"product_cat":[59],"product_tag":[],"class_list":{"0":"post-5536","1":"product","2":"type-product","3":"status-publish","4":"has-post-thumbnail","6":"product_cat-wholesale-undermount-sinks","8":"first","9":"instock","10":"shipping-taxable","11":"product-type-simple"},"acf":[],"_links":{"self":[{"href":"https:\/\/www.ceramicbasin.com\/fr\/wp-json\/wp\/v2\/product\/5536","targetHints":{"allow":["GET"]}}],"collection":[{"href":"https:\/\/www.ceramicbasin.com\/fr\/wp-json\/wp\/v2\/product"}],"about":[{"href":"https:\/\/www.ceramicbasin.com\/fr\/wp-json\/wp\/v2\/types\/product"}],"replies":[{"embeddable":true,"href":"https:\/\/www.ceramicbasin.com\/fr\/wp-json\/wp\/v2\/comments?post=5536"}],"wp:featuredmedia":[{"embeddable":true,"href":"https:\/\/www.ceramicbasin.com\/fr\/wp-json\/wp\/v2\/media\/5531"}],"wp:attachment":[{"href":"https:\/\/www.ceramicbasin.com\/fr\/wp-json\/wp\/v2\/media?parent=5536"}],"wp:term":[{"taxonomy":"product_brand","embeddable":true,"href":"https:\/\/www.ceramicbasin.com\/fr\/wp-json\/wp\/v2\/product_brand?post=5536"},{"taxonomy":"product_cat","embeddable":true,"href":"https:\/\/www.ceramicbasin.com\/fr\/wp-json\/wp\/v2\/product_cat?post=5536"},{"taxonomy":"product_tag","embeddable":true,"href":"https:\/\/www.ceramicbasin.com\/fr\/wp-json\/wp\/v2\/product_tag?post=5536"}],"curies":[{"name":"wp","href":"https:\/\/api.w.org\/{rel}","templated":true}]}}