{"id":5539,"date":"2024-11-08T09:34:08","date_gmt":"2024-11-08T09:34:08","guid":{"rendered":"https:\/\/www.ceramicbasin.com\/?post_type=product&#038;p=5539"},"modified":"2024-11-08T09:34:11","modified_gmt":"2024-11-08T09:34:11","slug":"custom-made-wash-basin","status":"publish","type":"product","link":"https:\/\/www.ceramicbasin.com\/fr\/produit\/custom-made-wash-basin\/","title":{"rendered":"Lavabo sur mesure, \u00e9viers \u00e0 poser en porcelaine Wholesale"},"content":{"rendered":"<div class=\"wp-block-columns is-layout-flex wp-container-core-columns-is-layout-9d6595d7 wp-block-columns-is-layout-flex\">\n<div class=\"wp-block-column is-layout-flow wp-block-column-is-layout-flow\">\n<h2 class=\"wp-block-heading\">Lavabo de premi\u00e8re qualit\u00e9 fabriqu\u00e9 sur mesure Caract\u00e9ristiques :<\/h2>\n\n\n\n<ul class=\"wp-block-list\">\n<li><strong>Porcelaine de haute qualit\u00e9 :<\/strong>\u00a0Les mat\u00e9riaux utilis\u00e9s dans nos lavabos sur mesure sont de haute qualit\u00e9, robustes, durables et excellents en termes de r\u00e9sistance aux rayures et \u00e0 l'usure. Nos lavabos en gros peuvent garantir une utilisation \u00e0 long terme sans endommager l'apparence facilement.<\/li>\n\n\n\n<li><strong>Produits tr\u00e8s vendus, largement pl\u00e9biscit\u00e9s :<\/strong>\u00a0Ces lavabos \u00e0 encastrer de forme rectangulaire avec un excellent design sont d'excellente qualit\u00e9. Notre lavabo en gros est devenu un produit tr\u00e8s demand\u00e9 sur le march\u00e9. Avec une grande r\u00e9putation sur le march\u00e9 international, le produit est largement lou\u00e9 avec une \u00e9valuation \u00e9lev\u00e9e d\u00e8s son lancement sur le march\u00e9.<\/li>\n\n\n\n<li><strong>Avantage de prix :\u00a0<\/strong>Nous proposons des services de commande en gros pour les lavabos sur mesure, qui sont non seulement abordables, mais aussi livr\u00e9s rapidement, adapt\u00e9s aux projets commerciaux et \u00e0 la d\u00e9coration r\u00e9sidentielle \u00e0 grande \u00e9chelle, r\u00e9pondant aux besoins de haute efficacit\u00e9 et de faible co\u00fbt.<\/li>\n\n\n\n<li><strong>Cr\u00e9ation de mode :\u00a0<\/strong>Le design moderne et simple, avec des lignes douces, convient \u00e0 diff\u00e9rents types de salles de bains. Si vous souhaitez ajouter de l'\u00e9l\u00e9gance et de la mode \u00e0 votre salle de bain, alors nos \u00e9viers \u00e0 poser seront parfaits.<\/li>\n<\/ul>\n<\/div>\n\n\n\n<div class=\"wp-block-column is-layout-flow wp-block-column-is-layout-flow\">\n<figure class=\"wp-block-image size-full\"><img fetchpriority=\"high\" decoding=\"async\" width=\"691\" height=\"801\" src=\"https:\/\/www.ceramicbasin.com\/wp-content\/uploads\/2024\/11\/Porcelain-hand-wash-basin-factory-rectangle-shape-drop-in-sink-1-1.webp\" alt=\"Lavabo sur mesure, \u00e9viers \u00e0 poser en porcelaine Wholesale-1\" class=\"wp-image-5511\" srcset=\"https:\/\/www.ceramicbasin.com\/wp-content\/uploads\/2024\/11\/Porcelain-hand-wash-basin-factory-rectangle-shape-drop-in-sink-1-1.webp 691w, https:\/\/www.ceramicbasin.com\/wp-content\/uploads\/2024\/11\/Porcelain-hand-wash-basin-factory-rectangle-shape-drop-in-sink-1-1-259x300.webp 259w, https:\/\/www.ceramicbasin.com\/wp-content\/uploads\/2024\/11\/Porcelain-hand-wash-basin-factory-rectangle-shape-drop-in-sink-1-1-10x12.webp 10w, https:\/\/www.ceramicbasin.com\/wp-content\/uploads\/2024\/11\/Porcelain-hand-wash-basin-factory-rectangle-shape-drop-in-sink-1-1-285x330.webp 285w, https:\/\/www.ceramicbasin.com\/wp-content\/uploads\/2024\/11\/Porcelain-hand-wash-basin-factory-rectangle-shape-drop-in-sink-1-1-569x660.webp 569w, https:\/\/www.ceramicbasin.com\/wp-content\/uploads\/2024\/11\/Porcelain-hand-wash-basin-factory-rectangle-shape-drop-in-sink-1-1-129x150.webp 129w\" sizes=\"(max-width: 691px) 100vw, 691px\" \/><\/figure>\n<\/div>\n<\/div>","protected":false},"excerpt":{"rendered":"<p>Bienvenue aux lavabos sur mesure. Ce lavabo en c\u00e9ramique de forme rectangulaire pour salle de bains a un excellent concept de design et une excellente qualit\u00e9. Ces lavabos de salle de bain en gros sont modernes et simples dans leur design avec des lignes lisses, ils conviennent \u00e0 diff\u00e9rents types de salles de bain.<\/p>\n<table style=\"border-collapse: collapse; width: 358.52pt;\" border=\"0\" width=\"478\" cellspacing=\"0\" cellpadding=\"0\">\n<tbody>\n<tr style=\"height: 17.25pt;\">\n<td class=\"et3\" style=\"height: 17.25pt; width: 125.00pt;\" width=\"166\" height=\"23\">Fabricant<\/td>\n<td class=\"et3\" style=\"width: 234.15pt;\" width=\"312\">HanYu<\/td>\n<\/tr>\n<tr style=\"height: 17.25pt;\">\n<td class=\"et3\" style=\"height: 17.25pt;\" height=\"23\">Num\u00e9ro de mod\u00e8le.<\/td>\n<td class=\"et4\">HY-5082<\/td>\n<\/tr>\n<tr style=\"height: 17.25pt;\">\n<td class=\"et3\" style=\"height: 17.25pt;\" height=\"23\">Type<\/td>\n<td class=\"et5\" style=\"width: 234.15pt;\" width=\"312\">Eviers \u00e0 poser<\/td>\n<\/tr>\n<tr style=\"height: 18.00pt;\">\n<td class=\"et3\" style=\"height: 18.00pt;\" height=\"24\">Forme<\/td>\n<td class=\"et3\">Forme rectangulaire<\/td>\n<\/tr>\n<tr style=\"height: 34.50pt;\">\n<td class=\"et4\" style=\"height: 34.50pt;\" height=\"46\">Couleur<\/td>\n<td class=\"et5\" style=\"width: 234.15pt;\" width=\"312\">noir\/blanc\/bleu\/gris\/rose\/vert\/marron\/kaki<\/td>\n<\/tr>\n<tr style=\"height: 18.00pt;\">\n<td class=\"et3\" style=\"height: 18.00pt;\" height=\"24\">Dimension<\/td>\n<td class=\"et5\" style=\"width: 234.15pt;\" width=\"312\">41*41.5*16<\/td>\n<\/tr>\n<tr style=\"height: 17.25pt;\">\n<td class=\"et3\" style=\"height: 17.25pt;\" height=\"23\">N.W \/SET<\/td>\n<td class=\"et3\">8KGS\/PCS<\/td>\n<\/tr>\n<tr style=\"height: 17.25pt;\">\n<td class=\"et3\" style=\"height: 17.25pt;\" height=\"23\">MOQ<\/td>\n<td class=\"et3\">20pcs<\/td>\n<\/tr>\n<tr style=\"height: 17.25pt;\">\n<td class=\"et3\" style=\"height: 17.25pt;\" height=\"23\">Option personnalis\u00e9e<\/td>\n<td class=\"et3\">Couleur\/Pattenue\/Taille\/Logo\/Emballage<\/td>\n<\/tr>\n<\/tbody>\n<\/table>","protected":false},"featured_media":5510,"comment_status":"closed","ping_status":"closed","template":"","meta":{"_acf_changed":false},"product_brand":[],"product_cat":[51],"product_tag":[],"class_list":{"0":"post-5539","1":"product","2":"type-product","3":"status-publish","4":"has-post-thumbnail","6":"product_cat-wholesale-drop-in-sinks","8":"first","9":"instock","10":"shipping-taxable","11":"product-type-simple"},"acf":[],"_links":{"self":[{"href":"https:\/\/www.ceramicbasin.com\/fr\/wp-json\/wp\/v2\/product\/5539","targetHints":{"allow":["GET"]}}],"collection":[{"href":"https:\/\/www.ceramicbasin.com\/fr\/wp-json\/wp\/v2\/product"}],"about":[{"href":"https:\/\/www.ceramicbasin.com\/fr\/wp-json\/wp\/v2\/types\/product"}],"replies":[{"embeddable":true,"href":"https:\/\/www.ceramicbasin.com\/fr\/wp-json\/wp\/v2\/comments?post=5539"}],"wp:featuredmedia":[{"embeddable":true,"href":"https:\/\/www.ceramicbasin.com\/fr\/wp-json\/wp\/v2\/media\/5510"}],"wp:attachment":[{"href":"https:\/\/www.ceramicbasin.com\/fr\/wp-json\/wp\/v2\/media?parent=5539"}],"wp:term":[{"taxonomy":"product_brand","embeddable":true,"href":"https:\/\/www.ceramicbasin.com\/fr\/wp-json\/wp\/v2\/product_brand?post=5539"},{"taxonomy":"product_cat","embeddable":true,"href":"https:\/\/www.ceramicbasin.com\/fr\/wp-json\/wp\/v2\/product_cat?post=5539"},{"taxonomy":"product_tag","embeddable":true,"href":"https:\/\/www.ceramicbasin.com\/fr\/wp-json\/wp\/v2\/product_tag?post=5539"}],"curies":[{"name":"wp","href":"https:\/\/api.w.org\/{rel}","templated":true}]}}