{"id":5570,"date":"2024-11-14T03:19:12","date_gmt":"2024-11-14T03:19:12","guid":{"rendered":"https:\/\/www.ceramicbasin.com\/?post_type=product&#038;p=5570"},"modified":"2024-11-15T07:07:12","modified_gmt":"2024-11-15T07:07:12","slug":"wholesale-bathroom-vessel-sinks","status":"publish","type":"product","link":"https:\/\/www.ceramicbasin.com\/fr\/produit\/wholesale-bathroom-vessel-sinks\/","title":{"rendered":"Luxury Wholesale Bathroom Vessel Sinks, Ceramic Wash Basin (lavabo en c\u00e9ramique)"},"content":{"rendered":"<div class=\"wp-block-columns is-layout-flex wp-container-core-columns-is-layout-9d6595d7 wp-block-columns-is-layout-flex\">\n<div class=\"wp-block-column is-layout-flow wp-block-column-is-layout-flow\">\n<h2 class=\"wp-block-heading\">Premium Wholesale Bathroom Vessel Sinks Caract\u00e9ristiques :<\/h2>\n\n\n\n<ul class=\"wp-block-list\">\n<li><strong>R\u00e9sistance chimique : <\/strong>Les mat\u00e9riaux c\u00e9ramiques ont une bonne tol\u00e9rance \u00e0 divers produits chimiques, en particulier dans les environnements tels que les salles de bains qui n\u00e9cessitent des nettoyages fr\u00e9quents. Qu'il s'agisse de d\u00e9tergents quotidiens ou de d\u00e9tergents, nos \u00e9viers de salle de bains en gros peuvent conserver leur durabilit\u00e9, se corrodant ou se d\u00e9colorant rarement.<\/li>\n\n\n\n<li><strong>Texture imitation marbre : <\/strong>Ces lavabos en gros adoptent la technologie d'impression par transfert d'eau, en utilisant des couleurs et des textures d'imitation du marbre, apportant une beaut\u00e9 naturelle et une texture de haute qualit\u00e9 au lavabo.<\/li>\n\n\n\n<li><strong>Utilisation quotidienne \u00e0 la maison :<\/strong> Ces \u00e9viers de salle de bains en gros conviennent mieux \u00e0 l'usage quotidien de la famille, \u00e0 la durabilit\u00e9, \u00e0 la facilit\u00e9 de nettoyage et \u00e0 la r\u00e9sistance aux effets des produits chimiques. Dans un environnement familial, l'utilisation et le nettoyage fr\u00e9quents soulignent les avantages des \u00e9viers en c\u00e9ramique. C'est pourquoi le premier choix de nombreuses familles se porte sur un \u00e9vier en c\u00e9ramique. <\/li>\n\n\n\n<li><strong>Service efficace : <\/strong>Le syst\u00e8me de production et de logistique mature de HanYu permet \u00e0 nos lavabos en gros d'\u00eatre rapidement livr\u00e9s en fonction des besoins de la commande et de livrer en temps voulu en fonction du calendrier des projets urgents.<\/li>\n<\/ul>\n<\/div>\n\n\n\n<div class=\"wp-block-column is-layout-flow wp-block-column-is-layout-flow\">\n<figure class=\"wp-block-image size-full\"><img fetchpriority=\"high\" decoding=\"async\" width=\"1345\" height=\"1786\" src=\"https:\/\/www.ceramicbasin.com\/wp-content\/uploads\/2024\/11\/Easy-Clean-Hand-Wash-Basin-6.webp\" alt=\"Luxury Wholesale Bathroom Vessel Sinks, Ceramic Wash Basin-1 (lavabo en c\u00e9ramique)\" class=\"wp-image-5571\" srcset=\"https:\/\/www.ceramicbasin.com\/wp-content\/uploads\/2024\/11\/Easy-Clean-Hand-Wash-Basin-6.webp 1345w, https:\/\/www.ceramicbasin.com\/wp-content\/uploads\/2024\/11\/Easy-Clean-Hand-Wash-Basin-6-226x300.webp 226w, https:\/\/www.ceramicbasin.com\/wp-content\/uploads\/2024\/11\/Easy-Clean-Hand-Wash-Basin-6-768x1020.webp 768w, https:\/\/www.ceramicbasin.com\/wp-content\/uploads\/2024\/11\/Easy-Clean-Hand-Wash-Basin-6-9x12.webp 9w, https:\/\/www.ceramicbasin.com\/wp-content\/uploads\/2024\/11\/Easy-Clean-Hand-Wash-Basin-6-285x378.webp 285w, https:\/\/www.ceramicbasin.com\/wp-content\/uploads\/2024\/11\/Easy-Clean-Hand-Wash-Basin-6-497x660.webp 497w, https:\/\/www.ceramicbasin.com\/wp-content\/uploads\/2024\/11\/Easy-Clean-Hand-Wash-Basin-6-113x150.webp 113w\" sizes=\"(max-width: 1345px) 100vw, 1345px\" \/><figcaption class=\"wp-element-caption\">Luxury Wholesale Bathroom Vessel Sinks, Ceramic Wash Basin-1 (lavabo en c\u00e9ramique)<\/figcaption><\/figure>\n<\/div>\n<\/div>\n\n\n\n<p><\/p>","protected":false},"excerpt":{"rendered":"<p>Nous vous invitons \u00e0 acheter des lavabos en gros. Nos \u00e9viers de salle de bain en gros adoptent la technologie d'impression par transfert d'eau, utilisant la couleur et la texture de l'imitation du marbre, apportant une beaut\u00e9 naturelle et une texture de haute qualit\u00e9 au lavabo. HanYu dispose d'un syst\u00e8me de production et de logistique mature qui peut r\u00e9pondre rapidement aux besoins des commandes et assurer une livraison dans les d\u00e9lais afin de respecter le calendrier des projets urgents.<\/p>\n<table width=\"311\">\n<tbody>\n<tr>\n<td width=\"108\">Fabricant<\/td>\n<td width=\"202\">HanYu<\/td>\n<\/tr>\n<tr>\n<td>Num\u00e9ro de mod\u00e8le.<\/td>\n<td>HY-8010D73<\/td>\n<\/tr>\n<tr>\n<td>Type<\/td>\n<td width=\"202\">Cuvette en marbre, cuvette de comptoir<\/td>\n<\/tr>\n<tr>\n<td>Forme<\/td>\n<td>Forme ovale<\/td>\n<\/tr>\n<tr>\n<td>Couleur<\/td>\n<td width=\"202\">Blanc<\/td>\n<\/tr>\n<tr>\n<td>Dimension<\/td>\n<td width=\"202\">65*44*16<\/td>\n<\/tr>\n<tr>\n<td>N.W \/SET<\/td>\n<td>12KGS\/PCS<\/td>\n<\/tr>\n<tr>\n<td>MOQ<\/td>\n<td>20pcs<\/td>\n<\/tr>\n<tr>\n<td>Option personnalis\u00e9e<\/td>\n<td>Couleur\/Pattenue\/Taille\/Logo\/Emballage<\/td>\n<\/tr>\n<\/tbody>\n<\/table>","protected":false},"featured_media":5573,"comment_status":"closed","ping_status":"closed","template":"","meta":{"_acf_changed":false},"product_brand":[],"product_cat":[54,50],"product_tag":[],"class_list":{"0":"post-5570","1":"product","2":"type-product","3":"status-publish","4":"has-post-thumbnail","6":"product_cat-wholesale-marble-sinks","7":"product_cat-wholesale-countertop-sinks","9":"first","10":"instock","11":"shipping-taxable","12":"product-type-simple"},"acf":[],"_links":{"self":[{"href":"https:\/\/www.ceramicbasin.com\/fr\/wp-json\/wp\/v2\/product\/5570","targetHints":{"allow":["GET"]}}],"collection":[{"href":"https:\/\/www.ceramicbasin.com\/fr\/wp-json\/wp\/v2\/product"}],"about":[{"href":"https:\/\/www.ceramicbasin.com\/fr\/wp-json\/wp\/v2\/types\/product"}],"replies":[{"embeddable":true,"href":"https:\/\/www.ceramicbasin.com\/fr\/wp-json\/wp\/v2\/comments?post=5570"}],"wp:featuredmedia":[{"embeddable":true,"href":"https:\/\/www.ceramicbasin.com\/fr\/wp-json\/wp\/v2\/media\/5573"}],"wp:attachment":[{"href":"https:\/\/www.ceramicbasin.com\/fr\/wp-json\/wp\/v2\/media?parent=5570"}],"wp:term":[{"taxonomy":"product_brand","embeddable":true,"href":"https:\/\/www.ceramicbasin.com\/fr\/wp-json\/wp\/v2\/product_brand?post=5570"},{"taxonomy":"product_cat","embeddable":true,"href":"https:\/\/www.ceramicbasin.com\/fr\/wp-json\/wp\/v2\/product_cat?post=5570"},{"taxonomy":"product_tag","embeddable":true,"href":"https:\/\/www.ceramicbasin.com\/fr\/wp-json\/wp\/v2\/product_tag?post=5570"}],"curies":[{"name":"wp","href":"https:\/\/api.w.org\/{rel}","templated":true}]}}