{"id":5577,"date":"2024-11-14T03:41:55","date_gmt":"2024-11-14T03:41:55","guid":{"rendered":"https:\/\/www.ceramicbasin.com\/?post_type=product&#038;p=5577"},"modified":"2024-11-15T07:17:17","modified_gmt":"2024-11-15T07:17:17","slug":"wholesale-vanity-basin","status":"publish","type":"product","link":"https:\/\/www.ceramicbasin.com\/fr\/produit\/wholesale-vanity-basin\/","title":{"rendered":"Stylish Gray Wholesale Vanity Basin, Ceramic Bathroom Sinks (lavabos de salle de bain en c\u00e9ramique)"},"content":{"rendered":"<div class=\"wp-block-columns is-layout-flex wp-container-core-columns-is-layout-9d6595d7 wp-block-columns-is-layout-flex\">\n<div class=\"wp-block-column is-layout-flow wp-block-column-is-layout-flow\">\n<h2 class=\"wp-block-heading\">Premium Wholesale Vanity Basin Features :<\/h2>\n\n\n\n<ul class=\"wp-block-list\">\n<li><strong>Forte r\u00e9sistance \u00e0 l'abrasion : <\/strong>Parmi tous les mat\u00e9riaux les plus durs, la c\u00e9ramique est le meilleur en termes de durabilit\u00e9. Par cons\u00e9quent, on peut dire que dans le cadre d'une utilisation quotidienne ordinaire, sa r\u00e9sistance \u00e0 l'abrasion est tr\u00e8s grande, et notre lavabo en gros ne se raye pas et ne change pas de forme. Ainsi, l'\u00e9vier en c\u00e9ramique convient \u00e0 une utilisation dans un environnement \u00e0 haute fr\u00e9quence comme la salle de bain.<\/li>\n\n\n\n<li><strong>Imitation de la texture de la pierre naturelle : <\/strong>Nos \u00e9viers de salle de bain en c\u00e9ramique utilisent la technologie de transfert d'eau pour reproduire fid\u00e8lement la texture et la couleur naturelles du marbre, de sorte que chaque bassin pr\u00e9sente une beaut\u00e9 de pierre unique.<\/li>\n\n\n\n<li><strong>Antifouling et facile \u00e0 nettoyer : <\/strong>La surface de ce lavabo est lisse et dense. Par cons\u00e9quent, il n'est pas facile d'absorber beaucoup d'eau ou de salet\u00e9, ce qui explique \u00e9galement pourquoi l'\u00e9vier en c\u00e9ramique est facile \u00e0 nettoyer lors d'une utilisation quotidienne. Normalement, il suffit d'essuyer doucement avec un d\u00e9tergent ordinaire pour garder l'\u00e9vier propre et brillant afin de faciliter votre confort d'utilisation.<\/li>\n\n\n\n<li><strong>Optimisation des co\u00fbts : <\/strong>En tant que fabricant de lavabo en c\u00e9ramique, notre lavabo en c\u00e9ramique pour salle de bain est vendu directement par l'usine, avec l'assurance que vous pouvez profiter de la qualit\u00e9 tout en respectant le budget du projet et en maximisant les co\u00fbts.<\/li>\n<\/ul>\n<\/div>\n\n\n\n<div class=\"wp-block-column is-layout-flow wp-block-column-is-layout-flow\">\n<figure class=\"wp-block-image size-full\"><img fetchpriority=\"high\" decoding=\"async\" width=\"1345\" height=\"1787\" src=\"https:\/\/www.ceramicbasin.com\/wp-content\/uploads\/2024\/11\/New-Color-gray-Washbasin-6.webp\" alt=\"Stylish Gray Wholesale Vanity Basin, Ceramic Bathroom Sinks-1\" class=\"wp-image-5578\" srcset=\"https:\/\/www.ceramicbasin.com\/wp-content\/uploads\/2024\/11\/New-Color-gray-Washbasin-6.webp 1345w, https:\/\/www.ceramicbasin.com\/wp-content\/uploads\/2024\/11\/New-Color-gray-Washbasin-6-226x300.webp 226w, https:\/\/www.ceramicbasin.com\/wp-content\/uploads\/2024\/11\/New-Color-gray-Washbasin-6-768x1020.webp 768w, https:\/\/www.ceramicbasin.com\/wp-content\/uploads\/2024\/11\/New-Color-gray-Washbasin-6-9x12.webp 9w, https:\/\/www.ceramicbasin.com\/wp-content\/uploads\/2024\/11\/New-Color-gray-Washbasin-6-285x379.webp 285w, https:\/\/www.ceramicbasin.com\/wp-content\/uploads\/2024\/11\/New-Color-gray-Washbasin-6-497x660.webp 497w, https:\/\/www.ceramicbasin.com\/wp-content\/uploads\/2024\/11\/New-Color-gray-Washbasin-6-113x150.webp 113w\" sizes=\"(max-width: 1345px) 100vw, 1345px\" \/><\/figure>\n<\/div>\n<\/div>\n\n\n\n<p><\/p>","protected":false},"excerpt":{"rendered":"<p>Bienvenue pour acheter en gros des lavabos de salle de bain en c\u00e9ramique. Nos vasques en marbre utilisent la technologie du transfert d'eau pour reproduire fid\u00e8lement la texture et la couleur naturelles du marbre. Nos produits sont vendus directement par l'usine, ce qui vous permet de b\u00e9n\u00e9ficier de produits de haute qualit\u00e9 tout en respectant le budget du projet et en maximisant la rentabilit\u00e9.<\/p>\n<table style=\"border-collapse: collapse; width: 311.02pt;\" border=\"0\" width=\"311\" cellspacing=\"0\" cellpadding=\"0\">\n<tbody>\n<tr style=\"height: 17.60pt;\">\n<td class=\"et3\" style=\"height: 17.60pt; width: 108.35pt;\" width=\"108\" height=\"17\">Fabricant<\/td>\n<td class=\"et3\" style=\"width: 202.95pt;\" width=\"202\">HanYu<\/td>\n<\/tr>\n<tr style=\"height: 17.60pt;\">\n<td class=\"et3\" style=\"height: 17.60pt;\" height=\"17\">Num\u00e9ro de mod\u00e8le.<\/td>\n<td class=\"et4\">HY-8024D70<\/td>\n<\/tr>\n<tr style=\"height: 36.00pt;\">\n<td class=\"et3\" style=\"height: 36.00pt;\" height=\"36\">Type<\/td>\n<td class=\"et5\" style=\"width: 202.95pt;\" width=\"202\">Cuvette en marbre, cuvette de comptoir<\/td>\n<\/tr>\n<tr style=\"height: 17.60pt;\">\n<td class=\"et3\" style=\"height: 17.60pt;\" height=\"17\">Forme<\/td>\n<td class=\"et3\">Forme rectangulaire<\/td>\n<\/tr>\n<tr style=\"height: 18.00pt;\">\n<td class=\"et4\" style=\"height: 18.00pt;\" height=\"18\">Couleur<\/td>\n<td class=\"et5\" style=\"width: 202.95pt;\" width=\"202\">Blanc<\/td>\n<\/tr>\n<tr style=\"height: 18.00pt;\">\n<td class=\"et3\" style=\"height: 18.00pt;\" height=\"18\">Dimension<\/td>\n<td class=\"et5\" style=\"width: 202.95pt;\" width=\"202\">50*38.5*13<\/td>\n<\/tr>\n<tr style=\"height: 17.60pt;\">\n<td class=\"et3\" style=\"height: 17.60pt;\" height=\"17\">N.W \/SET<\/td>\n<td class=\"et3\">12KGS\/PCS<\/td>\n<\/tr>\n<tr style=\"height: 17.60pt;\">\n<td class=\"et3\" style=\"height: 17.60pt;\" height=\"17\">MOQ<\/td>\n<td class=\"et3\">20pcs<\/td>\n<\/tr>\n<tr style=\"height: 17.60pt;\">\n<td class=\"et3\" style=\"height: 17.60pt;\" height=\"17\">Option personnalis\u00e9e<\/td>\n<td class=\"et3\">Couleur\/Pattenue\/Taille\/Logo\/Emballage<\/td>\n<\/tr>\n<\/tbody>\n<\/table>","protected":false},"featured_media":5581,"comment_status":"closed","ping_status":"closed","template":"","meta":{"_acf_changed":false},"product_brand":[],"product_cat":[54,50],"product_tag":[],"class_list":{"0":"post-5577","1":"product","2":"type-product","3":"status-publish","4":"has-post-thumbnail","6":"product_cat-wholesale-marble-sinks","7":"product_cat-wholesale-countertop-sinks","9":"first","10":"instock","11":"shipping-taxable","12":"product-type-simple"},"acf":[],"_links":{"self":[{"href":"https:\/\/www.ceramicbasin.com\/fr\/wp-json\/wp\/v2\/product\/5577","targetHints":{"allow":["GET"]}}],"collection":[{"href":"https:\/\/www.ceramicbasin.com\/fr\/wp-json\/wp\/v2\/product"}],"about":[{"href":"https:\/\/www.ceramicbasin.com\/fr\/wp-json\/wp\/v2\/types\/product"}],"replies":[{"embeddable":true,"href":"https:\/\/www.ceramicbasin.com\/fr\/wp-json\/wp\/v2\/comments?post=5577"}],"wp:featuredmedia":[{"embeddable":true,"href":"https:\/\/www.ceramicbasin.com\/fr\/wp-json\/wp\/v2\/media\/5581"}],"wp:attachment":[{"href":"https:\/\/www.ceramicbasin.com\/fr\/wp-json\/wp\/v2\/media?parent=5577"}],"wp:term":[{"taxonomy":"product_brand","embeddable":true,"href":"https:\/\/www.ceramicbasin.com\/fr\/wp-json\/wp\/v2\/product_brand?post=5577"},{"taxonomy":"product_cat","embeddable":true,"href":"https:\/\/www.ceramicbasin.com\/fr\/wp-json\/wp\/v2\/product_cat?post=5577"},{"taxonomy":"product_tag","embeddable":true,"href":"https:\/\/www.ceramicbasin.com\/fr\/wp-json\/wp\/v2\/product_tag?post=5577"}],"curies":[{"name":"wp","href":"https:\/\/api.w.org\/{rel}","templated":true}]}}