{"id":5585,"date":"2024-11-14T06:44:48","date_gmt":"2024-11-14T06:44:48","guid":{"rendered":"https:\/\/www.ceramicbasin.com\/?post_type=product&#038;p=5585"},"modified":"2024-11-15T07:23:34","modified_gmt":"2024-11-15T07:23:34","slug":"wholesale-bathroom-sinks-vessel-bowls","status":"publish","type":"product","link":"https:\/\/www.ceramicbasin.com\/fr\/produit\/wholesale-bathroom-sinks-vessel-bowls\/","title":{"rendered":"Wholesale Bathroom Sinks Vessel Bowls, Above Counter Basins"},"content":{"rendered":"<div class=\"wp-block-columns is-layout-flex wp-container-core-columns-is-layout-9d6595d7 wp-block-columns-is-layout-flex\">\n<div class=\"wp-block-column is-layout-flow wp-block-column-is-layout-flow\">\n<h2 class=\"wp-block-heading\">Premium Wholesale Bathroom Sinks Vessel Bowls Caract\u00e9ristiques :<\/h2>\n\n\n\n<ul class=\"wp-block-list\">\n<li><strong>Motif de marbre r\u00e9aliste : <\/strong>Ces \u00e9viers de salle de bains de couleur marbre utilisent une technologie avanc\u00e9e de transfert d'eau pour reproduire avec pr\u00e9cision la texture et la couleur naturelles du marbre, apportant un charme visuel unique au bassin.<\/li>\n\n\n\n<li><strong>Antifouling et facile \u00e0 nettoyer : <\/strong>La surface de ces \u00e9viers de salle de bains sur mesure est lisse et dense. Par cons\u00e9quent, il n'est pas facile d'absorber beaucoup d'eau ou de salet\u00e9, ce qui explique \u00e9galement pourquoi l'\u00e9vier en c\u00e9ramique est facile \u00e0 nettoyer au quotidien. Normalement, il suffit d'essuyer d\u00e9licatement l'\u00e9vier avec un d\u00e9tergent ordinaire pour qu'il reste propre et brillant, ce qui facilite son utilisation.<\/li>\n\n\n\n<li><strong>Mat\u00e9riaux de haute qualit\u00e9 :<\/strong> Nos \u00e9viers de salle de bains en gros de couleur marbre utilisent des mat\u00e9riaux c\u00e9ramiques de haute qualit\u00e9 pour garantir une structure stable, une surface lisse, un nettoyage facile et une beaut\u00e9 \u00e0 long terme.<\/li>\n\n\n\n<li><strong>Belle et g\u00e9n\u00e9reuse : <\/strong>La forme ext\u00e9rieure de ces \u00e9viers de salle de bains sur mesure est simple et \u00e9l\u00e9gante ; elle peut satisfaire tous les styles de d\u00e9coration, tels que la simplicit\u00e9 moderne, la simplicit\u00e9 classique, le r\u00e9tro classique ou le r\u00e9tro moderne. Gr\u00e2ce aux diff\u00e9rents designs de la c\u00e9ramique et aux options de couleur, les clients peuvent facilement trouver une correspondance entre le style g\u00e9n\u00e9ral de la salle de bains et l'\u00e9vier en c\u00e9ramique. Le blanc et le lustre d\u00e9licat ajoutent \u00e0 l'aspect haut de gamme de la salle de bains, offrant aux utilisateurs une exp\u00e9rience soign\u00e9e et confortable.<\/li>\n<\/ul>\n<\/div>\n\n\n\n<div class=\"wp-block-column is-layout-flow wp-block-column-is-layout-flow\">\n<figure class=\"wp-block-image size-full\"><img fetchpriority=\"high\" decoding=\"async\" width=\"980\" height=\"1351\" src=\"https:\/\/www.ceramicbasin.com\/wp-content\/uploads\/2024\/11\/wholesales-Modern-Basins-6.webp\" alt=\"Wholesale Bathroom Sinks Vessel Bowls, Above Counter Basins-1\" class=\"wp-image-5586\" srcset=\"https:\/\/www.ceramicbasin.com\/wp-content\/uploads\/2024\/11\/wholesales-Modern-Basins-6.webp 980w, https:\/\/www.ceramicbasin.com\/wp-content\/uploads\/2024\/11\/wholesales-Modern-Basins-6-218x300.webp 218w, https:\/\/www.ceramicbasin.com\/wp-content\/uploads\/2024\/11\/wholesales-Modern-Basins-6-768x1059.webp 768w, https:\/\/www.ceramicbasin.com\/wp-content\/uploads\/2024\/11\/wholesales-Modern-Basins-6-9x12.webp 9w, https:\/\/www.ceramicbasin.com\/wp-content\/uploads\/2024\/11\/wholesales-Modern-Basins-6-285x393.webp 285w, https:\/\/www.ceramicbasin.com\/wp-content\/uploads\/2024\/11\/wholesales-Modern-Basins-6-479x660.webp 479w, https:\/\/www.ceramicbasin.com\/wp-content\/uploads\/2024\/11\/wholesales-Modern-Basins-6-109x150.webp 109w\" sizes=\"(max-width: 980px) 100vw, 980px\" \/><\/figure>\n<\/div>\n<\/div>\n\n\n\n<p><\/p>","protected":false},"excerpt":{"rendered":"<p>Bienvenue aux \u00e9viers de salle de bain sur mesure. La forme ext\u00e9rieure de nos \u00e9viers de salle de bain en gros est simple et \u00e9l\u00e9gante, elle peut satisfaire toutes sortes de styles de d\u00e9coration, tels que la simplicit\u00e9 moderne. La surface est lisse et dense, et elle est facile \u00e0 nettoyer dans notre utilisation quotidienne.\u00a0<\/p>\n<table style=\"border-collapse: collapse; width: 311.02pt;\" border=\"0\" width=\"311\" cellspacing=\"0\" cellpadding=\"0\">\n<tbody>\n<tr style=\"height: 17.60pt;\">\n<td class=\"et3\" style=\"height: 17.60pt; width: 108.35pt;\" width=\"108\" height=\"17\">Fabricant<\/td>\n<td class=\"et3\" style=\"width: 202.95pt;\" width=\"202\">HanYu<\/td>\n<\/tr>\n<tr style=\"height: 17.60pt;\">\n<td class=\"et3\" style=\"height: 17.60pt;\" height=\"17\">Num\u00e9ro de mod\u00e8le.<\/td>\n<td class=\"et4\">HY-8056D134<\/td>\n<\/tr>\n<tr style=\"height: 36.00pt;\">\n<td class=\"et3\" style=\"height: 36.00pt;\" height=\"36\">Type<\/td>\n<td class=\"et5\" style=\"width: 202.95pt;\" width=\"202\">Cuvette en marbre, cuvette de comptoir<\/td>\n<\/tr>\n<tr style=\"height: 17.60pt;\">\n<td class=\"et3\" style=\"height: 17.60pt;\" height=\"17\">Forme<\/td>\n<td class=\"et3\">Forme ovale<\/td>\n<\/tr>\n<tr style=\"height: 18.00pt;\">\n<td class=\"et4\" style=\"height: 18.00pt;\" height=\"18\">Couleur<\/td>\n<td class=\"et5\" style=\"width: 202.95pt;\" width=\"202\">Blanc et dor\u00e9<\/td>\n<\/tr>\n<tr style=\"height: 18.00pt;\">\n<td class=\"et3\" style=\"height: 18.00pt;\" height=\"18\">Dimension<\/td>\n<td class=\"et5\" style=\"width: 202.95pt;\" width=\"202\">61*41.5*13.5<\/td>\n<\/tr>\n<tr style=\"height: 17.60pt;\">\n<td class=\"et3\" style=\"height: 17.60pt;\" height=\"17\">N.W \/SET<\/td>\n<td class=\"et3\">12 KGS\/PCS<\/td>\n<\/tr>\n<tr style=\"height: 17.60pt;\">\n<td class=\"et3\" style=\"height: 17.60pt;\" height=\"17\">MOQ<\/td>\n<td class=\"et3\">20pcs<\/td>\n<\/tr>\n<tr style=\"height: 17.60pt;\">\n<td class=\"et3\" style=\"height: 17.60pt;\" height=\"17\">Option personnalis\u00e9e<\/td>\n<td class=\"et3\">Couleur\/Pattenue\/Taille\/Logo\/Emballage<\/td>\n<\/tr>\n<\/tbody>\n<\/table>","protected":false},"featured_media":5589,"comment_status":"closed","ping_status":"closed","template":"","meta":{"_acf_changed":false},"product_brand":[],"product_cat":[54,50],"product_tag":[],"class_list":{"0":"post-5585","1":"product","2":"type-product","3":"status-publish","4":"has-post-thumbnail","6":"product_cat-wholesale-marble-sinks","7":"product_cat-wholesale-countertop-sinks","9":"first","10":"instock","11":"shipping-taxable","12":"product-type-simple"},"acf":[],"_links":{"self":[{"href":"https:\/\/www.ceramicbasin.com\/fr\/wp-json\/wp\/v2\/product\/5585","targetHints":{"allow":["GET"]}}],"collection":[{"href":"https:\/\/www.ceramicbasin.com\/fr\/wp-json\/wp\/v2\/product"}],"about":[{"href":"https:\/\/www.ceramicbasin.com\/fr\/wp-json\/wp\/v2\/types\/product"}],"replies":[{"embeddable":true,"href":"https:\/\/www.ceramicbasin.com\/fr\/wp-json\/wp\/v2\/comments?post=5585"}],"wp:featuredmedia":[{"embeddable":true,"href":"https:\/\/www.ceramicbasin.com\/fr\/wp-json\/wp\/v2\/media\/5589"}],"wp:attachment":[{"href":"https:\/\/www.ceramicbasin.com\/fr\/wp-json\/wp\/v2\/media?parent=5585"}],"wp:term":[{"taxonomy":"product_brand","embeddable":true,"href":"https:\/\/www.ceramicbasin.com\/fr\/wp-json\/wp\/v2\/product_brand?post=5585"},{"taxonomy":"product_cat","embeddable":true,"href":"https:\/\/www.ceramicbasin.com\/fr\/wp-json\/wp\/v2\/product_cat?post=5585"},{"taxonomy":"product_tag","embeddable":true,"href":"https:\/\/www.ceramicbasin.com\/fr\/wp-json\/wp\/v2\/product_tag?post=5585"}],"curies":[{"name":"wp","href":"https:\/\/api.w.org\/{rel}","templated":true}]}}