{"id":5619,"date":"2024-11-21T06:36:08","date_gmt":"2024-11-21T06:36:08","guid":{"rendered":"https:\/\/www.ceramicbasin.com\/?post_type=product&#038;p=5619"},"modified":"2024-12-06T09:23:32","modified_gmt":"2024-12-06T09:23:32","slug":"wholesale-marble-sinks","status":"publish","type":"product","link":"https:\/\/www.ceramicbasin.com\/fr\/produit\/wholesale-marble-sinks\/","title":{"rendered":"Vasques en marbre artificiel en gros, vasques en c\u00e9ramique pour comptoir"},"content":{"rendered":"<div class=\"wp-block-columns is-layout-flex wp-container-core-columns-is-layout-9d6595d7 wp-block-columns-is-layout-flex\">\n<div class=\"wp-block-column is-layout-flow wp-block-column-is-layout-flow\">\n<h2 class=\"wp-block-heading\">Premium Wholesale Marble Sinks Caract\u00e9ristiques :<\/h2>\n\n\n\n<ul class=\"wp-block-list\">\n<li><strong>Vente directe \u00e0 l'usine :\u00a0<\/strong>Les lavabos en marbre artificiels de HanYu sont vendus directement par l'usine, \u00e9liminant ainsi la diff\u00e9rence de prix des interm\u00e9diaires. L'achat en gros de lavabos de salle de bain vous assure d'acheter des lavabos de salle de bain de haute qualit\u00e9 en gros au prix le plus bas.<\/li>\n\n\n\n<li><strong>S\u00e9lection vari\u00e9e :\u00a0<\/strong>Nous proposons une grande vari\u00e9t\u00e9 de styles, de tailles et de couleurs de lavabos de salle de bain en gros, r\u00e9pondant aux besoins de diff\u00e9rents styles de salle de bain et s'int\u00e9grant facilement dans divers designs de d\u00e9coration.<\/li>\n\n\n\n<li><strong>Remise sur les achats en gros :\u00a0<\/strong>Nous offrons des remises de gros pour les \u00e9viers en marbre artificiel en gros afin de r\u00e9pondre aux besoins des projets commerciaux ou de la d\u00e9coration r\u00e9sidentielle \u00e0 grande \u00e9chelle.<\/li>\n\n\n\n<li><strong>Montage par le haut : <\/strong>La conception unique de nos lavabos de salle de bain en gros est stable et fiable, ce qui permet non seulement d'\u00e9conomiser de l'espace, mais aussi d'ajouter une touche de modernit\u00e9 aux salles de bain et de s'adapter \u00e0 diff\u00e9rents styles de d\u00e9coration.<\/li>\n<\/ul>\n<\/div>\n\n\n\n<div class=\"wp-block-column is-layout-flow wp-block-column-is-layout-flow\">\n<figure class=\"wp-block-image size-full\"><img fetchpriority=\"high\" decoding=\"async\" width=\"800\" height=\"800\" src=\"https:\/\/www.ceramicbasin.com\/wp-content\/uploads\/2024\/11\/Marble-Color-Washbasin-WholesaleCountertop-Wash-Basins-WholesaleFactory-Supply-Countertop-Sink5.webp\" alt=\"\u00c9viers en marbre artificiel en gros, \u00e9viers en c\u00e9ramique pour comptoir-1\" class=\"wp-image-5624\" srcset=\"https:\/\/www.ceramicbasin.com\/wp-content\/uploads\/2024\/11\/Marble-Color-Washbasin-WholesaleCountertop-Wash-Basins-WholesaleFactory-Supply-Countertop-Sink5.webp 800w, https:\/\/www.ceramicbasin.com\/wp-content\/uploads\/2024\/11\/Marble-Color-Washbasin-WholesaleCountertop-Wash-Basins-WholesaleFactory-Supply-Countertop-Sink5-300x300.webp 300w, https:\/\/www.ceramicbasin.com\/wp-content\/uploads\/2024\/11\/Marble-Color-Washbasin-WholesaleCountertop-Wash-Basins-WholesaleFactory-Supply-Countertop-Sink5-150x150.webp 150w, https:\/\/www.ceramicbasin.com\/wp-content\/uploads\/2024\/11\/Marble-Color-Washbasin-WholesaleCountertop-Wash-Basins-WholesaleFactory-Supply-Countertop-Sink5-768x768.webp 768w, https:\/\/www.ceramicbasin.com\/wp-content\/uploads\/2024\/11\/Marble-Color-Washbasin-WholesaleCountertop-Wash-Basins-WholesaleFactory-Supply-Countertop-Sink5-12x12.webp 12w, https:\/\/www.ceramicbasin.com\/wp-content\/uploads\/2024\/11\/Marble-Color-Washbasin-WholesaleCountertop-Wash-Basins-WholesaleFactory-Supply-Countertop-Sink5-285x285.webp 285w, https:\/\/www.ceramicbasin.com\/wp-content\/uploads\/2024\/11\/Marble-Color-Washbasin-WholesaleCountertop-Wash-Basins-WholesaleFactory-Supply-Countertop-Sink5-270x270.webp 270w, https:\/\/www.ceramicbasin.com\/wp-content\/uploads\/2024\/11\/Marble-Color-Washbasin-WholesaleCountertop-Wash-Basins-WholesaleFactory-Supply-Countertop-Sink5-540x540.webp 540w, https:\/\/www.ceramicbasin.com\/wp-content\/uploads\/2024\/11\/Marble-Color-Washbasin-WholesaleCountertop-Wash-Basins-WholesaleFactory-Supply-Countertop-Sink5-660x660.webp 660w\" sizes=\"(max-width: 800px) 100vw, 800px\" \/><\/figure>\n<\/div>\n<\/div>\n\n\n\n<p><\/p>","protected":false},"excerpt":{"rendered":"<p>Bienvenue pour acheter en gros des lavabos de salle de bain en c\u00e9ramique. Nous proposons des \u00e9viers en marbre artificiel en gros, \u00e9liminant ainsi les prix des interm\u00e9diaires. Avec une s\u00e9lection vari\u00e9e de styles, de tailles et de couleurs, et des remises sur les achats en gros, nos lavabos peuvent r\u00e9pondre aux besoins de diff\u00e9rents styles de salle de bains et de projets de d\u00e9coration \u00e0 grande \u00e9chelle au co\u00fbt le plus bas.<\/p>\n<table style=\"border-collapse: collapse; width: 311.02pt;\" border=\"0\" width=\"311\" cellspacing=\"0\" cellpadding=\"0\">\n<tbody>\n<tr style=\"height: 17.60pt;\">\n<td class=\"et3\" style=\"height: 17.60pt; width: 108.35pt;\" width=\"108\" height=\"17\">Fabricant<\/td>\n<td class=\"et3\" style=\"width: 202.95pt;\" width=\"202\">HanYu<\/td>\n<\/tr>\n<tr style=\"height: 17.60pt;\">\n<td class=\"et3\" style=\"height: 17.60pt;\" height=\"17\">Num\u00e9ro de mod\u00e8le.<\/td>\n<td class=\"et4\">HY-8069D123<\/td>\n<\/tr>\n<tr style=\"height: 36.00pt;\">\n<td class=\"et3\" style=\"height: 36.00pt;\" height=\"36\">Type<\/td>\n<td class=\"et5\" style=\"width: 202.95pt;\" width=\"202\">Cuvette en marbre, cuvette de comptoir<\/td>\n<\/tr>\n<tr style=\"height: 17.60pt;\">\n<td class=\"et3\" style=\"height: 17.60pt;\" height=\"17\">Forme<\/td>\n<td class=\"et3\">Forme ronde<\/td>\n<\/tr>\n<tr style=\"height: 18.00pt;\">\n<td class=\"et4\" style=\"height: 18.00pt;\" height=\"18\">Couleur<\/td>\n<td class=\"et5\" style=\"width: 202.95pt;\" width=\"202\">Bleu<\/td>\n<\/tr>\n<tr style=\"height: 18.00pt;\">\n<td class=\"et3\" style=\"height: 18.00pt;\" height=\"18\">Dimension<\/td>\n<td class=\"et5\" style=\"width: 202.95pt;\" width=\"202\">41.5*41.5*13.5<\/td>\n<\/tr>\n<tr style=\"height: 17.60pt;\">\n<td class=\"et3\" style=\"height: 17.60pt;\" height=\"17\">N.W \/SET<\/td>\n<td class=\"et3\">9.5KGS\/PCS<\/td>\n<\/tr>\n<tr style=\"height: 17.60pt;\">\n<td class=\"et3\" style=\"height: 17.60pt;\" height=\"17\">MOQ<\/td>\n<td class=\"et3\">20pcs<\/td>\n<\/tr>\n<tr style=\"height: 17.60pt;\">\n<td class=\"et3\" style=\"height: 17.60pt;\" height=\"17\">Option personnalis\u00e9e<\/td>\n<td class=\"et3\">Couleur\/Pattenue\/Taille\/Logo\/Emballage<\/td>\n<\/tr>\n<\/tbody>\n<\/table>","protected":false},"featured_media":5623,"comment_status":"closed","ping_status":"closed","template":"","meta":{"_acf_changed":false},"product_brand":[],"product_cat":[54,50],"product_tag":[],"class_list":{"0":"post-5619","1":"product","2":"type-product","3":"status-publish","4":"has-post-thumbnail","6":"product_cat-wholesale-marble-sinks","7":"product_cat-wholesale-countertop-sinks","9":"first","10":"instock","11":"shipping-taxable","12":"product-type-simple"},"acf":[],"_links":{"self":[{"href":"https:\/\/www.ceramicbasin.com\/fr\/wp-json\/wp\/v2\/product\/5619","targetHints":{"allow":["GET"]}}],"collection":[{"href":"https:\/\/www.ceramicbasin.com\/fr\/wp-json\/wp\/v2\/product"}],"about":[{"href":"https:\/\/www.ceramicbasin.com\/fr\/wp-json\/wp\/v2\/types\/product"}],"replies":[{"embeddable":true,"href":"https:\/\/www.ceramicbasin.com\/fr\/wp-json\/wp\/v2\/comments?post=5619"}],"wp:featuredmedia":[{"embeddable":true,"href":"https:\/\/www.ceramicbasin.com\/fr\/wp-json\/wp\/v2\/media\/5623"}],"wp:attachment":[{"href":"https:\/\/www.ceramicbasin.com\/fr\/wp-json\/wp\/v2\/media?parent=5619"}],"wp:term":[{"taxonomy":"product_brand","embeddable":true,"href":"https:\/\/www.ceramicbasin.com\/fr\/wp-json\/wp\/v2\/product_brand?post=5619"},{"taxonomy":"product_cat","embeddable":true,"href":"https:\/\/www.ceramicbasin.com\/fr\/wp-json\/wp\/v2\/product_cat?post=5619"},{"taxonomy":"product_tag","embeddable":true,"href":"https:\/\/www.ceramicbasin.com\/fr\/wp-json\/wp\/v2\/product_tag?post=5619"}],"curies":[{"name":"wp","href":"https:\/\/api.w.org\/{rel}","templated":true}]}}