{"id":5626,"date":"2024-11-21T06:41:57","date_gmt":"2024-11-21T06:41:57","guid":{"rendered":"https:\/\/www.ceramicbasin.com\/?post_type=product&#038;p=5626"},"modified":"2024-12-06T09:23:31","modified_gmt":"2024-12-06T09:23:31","slug":"marble-bathroom-sinks-wholesale","status":"publish","type":"product","link":"https:\/\/www.ceramicbasin.com\/fr\/produit\/marble-bathroom-sinks-wholesale\/","title":{"rendered":"Vasques de salle de bain en marbre artificiel Wholesale, Modern Ceramic Basins"},"content":{"rendered":"<div class=\"wp-block-columns is-layout-flex wp-container-core-columns-is-layout-9d6595d7 wp-block-columns-is-layout-flex\">\n<div class=\"wp-block-column is-layout-flow wp-block-column-is-layout-flow\">\n<h2 class=\"wp-block-heading\">Premium Marble Bathroom Sinks Wholesale Caract\u00e9ristiques :<\/h2>\n\n\n\n<ul class=\"wp-block-list\">\n<li><strong>Texture de marbre hautement simul\u00e9e, \u00e9l\u00e9gante et luxueuse :<\/strong> Ce lavabo de salle de bains en marbre adopte une texture de marbre r\u00e9aliste, avec une texture naturelle et lisse, qui renforce l'atmosph\u00e8re haut de gamme de la salle de bains et met en valeur la mode moderne et la beaut\u00e9 luxueuse.<\/li>\n\n\n\n<li><strong>Technologie exquise de transfert d'eau, texture durable et distincte : <\/strong>Nos bassins en c\u00e9ramique en gros utilisent une technologie avanc\u00e9e de transfert d'eau pour que la texture du marbre soit fermement attach\u00e9e \u00e0 la surface de la c\u00e9ramique, pr\u00e9sentant un effet visuel d\u00e9licat, et garantissant qu'elle reste claire comme neuve apr\u00e8s une utilisation \u00e0 long terme.<\/li>\n\n\n\n<li><strong>Substrat en c\u00e9ramique de haute qualit\u00e9, durable et facile \u00e0 nettoyer : <\/strong>Nos \u00e9viers de salle de bains en marbre utilisent de la c\u00e9ramique de haute qualit\u00e9 comme substrat, avec d'excellentes performances anti-salissures, anti-rayures et durables, faciles \u00e0 nettoyer, et r\u00e9pondant aux besoins d'utilisation quotidienne.<\/li>\n\n\n\n<li><strong>Adaptation multi-sc\u00e8ne, mettant en valeur le design moderne : <\/strong>Ces vasques en c\u00e9ramique de gros ont une texture de marbre et une forme simple. Elles conviennent \u00e0 une vari\u00e9t\u00e9 de styles de d\u00e9coration pour la maison, l'h\u00f4tel ou l'espace commercial, et int\u00e8grent parfaitement des \u00e9l\u00e9ments modernes et classiques.<\/li>\n<\/ul>\n<\/div>\n\n\n\n<div class=\"wp-block-column is-layout-flow wp-block-column-is-layout-flow\">\n<figure class=\"wp-block-image size-full\"><img fetchpriority=\"high\" decoding=\"async\" width=\"800\" height=\"800\" src=\"https:\/\/www.ceramicbasin.com\/wp-content\/uploads\/2024\/11\/custom-marble-vanity-tops-sinkAbove-Counter-Sinks-Wholesalecustom-bath-vanity-top5.webp\" alt=\"Vasques de salle de bain en marbre artificiel Wholesale, Modern Ceramic Basins-1\" class=\"wp-image-5631\" srcset=\"https:\/\/www.ceramicbasin.com\/wp-content\/uploads\/2024\/11\/custom-marble-vanity-tops-sinkAbove-Counter-Sinks-Wholesalecustom-bath-vanity-top5.webp 800w, https:\/\/www.ceramicbasin.com\/wp-content\/uploads\/2024\/11\/custom-marble-vanity-tops-sinkAbove-Counter-Sinks-Wholesalecustom-bath-vanity-top5-300x300.webp 300w, https:\/\/www.ceramicbasin.com\/wp-content\/uploads\/2024\/11\/custom-marble-vanity-tops-sinkAbove-Counter-Sinks-Wholesalecustom-bath-vanity-top5-150x150.webp 150w, https:\/\/www.ceramicbasin.com\/wp-content\/uploads\/2024\/11\/custom-marble-vanity-tops-sinkAbove-Counter-Sinks-Wholesalecustom-bath-vanity-top5-768x768.webp 768w, https:\/\/www.ceramicbasin.com\/wp-content\/uploads\/2024\/11\/custom-marble-vanity-tops-sinkAbove-Counter-Sinks-Wholesalecustom-bath-vanity-top5-12x12.webp 12w, https:\/\/www.ceramicbasin.com\/wp-content\/uploads\/2024\/11\/custom-marble-vanity-tops-sinkAbove-Counter-Sinks-Wholesalecustom-bath-vanity-top5-285x285.webp 285w, https:\/\/www.ceramicbasin.com\/wp-content\/uploads\/2024\/11\/custom-marble-vanity-tops-sinkAbove-Counter-Sinks-Wholesalecustom-bath-vanity-top5-270x270.webp 270w, https:\/\/www.ceramicbasin.com\/wp-content\/uploads\/2024\/11\/custom-marble-vanity-tops-sinkAbove-Counter-Sinks-Wholesalecustom-bath-vanity-top5-540x540.webp 540w, https:\/\/www.ceramicbasin.com\/wp-content\/uploads\/2024\/11\/custom-marble-vanity-tops-sinkAbove-Counter-Sinks-Wholesalecustom-bath-vanity-top5-660x660.webp 660w\" sizes=\"(max-width: 800px) 100vw, 800px\" \/><\/figure>\n<\/div>\n<\/div>\n\n\n\n<p><\/p>","protected":false},"excerpt":{"rendered":"<p>Nous vous invitons \u00e0 acheter en gros des lavabos en c\u00e9ramique. Ces lavabos modernes en marbre pour salles de bains sont dot\u00e9s d'une texture de marbre r\u00e9aliste et d'une technologie de transfert d'eau, avec une texture naturelle et distincte et une texture \u00e9l\u00e9gante. Le substrat c\u00e9ramique de haute qualit\u00e9 assure sa durabilit\u00e9 et sa facilit\u00e9 de nettoyage. Qu'il s'agisse d'une maison ou d'une sc\u00e8ne commerciale, il peut injecter un luxe moderne et classique dans l'espace.<\/p>\n<table style=\"border-collapse: collapse; width: 311.02pt;\" border=\"0\" width=\"311\" cellspacing=\"0\" cellpadding=\"0\">\n<tbody>\n<tr style=\"height: 17.60pt;\">\n<td class=\"et3\" style=\"height: 17.60pt; width: 108.35pt;\" width=\"108\" height=\"17\">Fabricant<\/td>\n<td class=\"et3\" style=\"width: 202.95pt;\" width=\"202\">HanYu<\/td>\n<\/tr>\n<tr style=\"height: 17.60pt;\">\n<td class=\"et3\" style=\"height: 17.60pt;\" height=\"17\">Num\u00e9ro de mod\u00e8le.<\/td>\n<td class=\"et4\">HY-8069D124<\/td>\n<\/tr>\n<tr style=\"height: 36.00pt;\">\n<td class=\"et3\" style=\"height: 36.00pt;\" height=\"36\">Type<\/td>\n<td class=\"et5\" style=\"width: 202.95pt;\" width=\"202\">Cuvette en marbre, cuvette de comptoir<\/td>\n<\/tr>\n<tr style=\"height: 17.60pt;\">\n<td class=\"et3\" style=\"height: 17.60pt;\" height=\"17\">Forme<\/td>\n<td class=\"et3\">Forme ronde<\/td>\n<\/tr>\n<tr style=\"height: 18.00pt;\">\n<td class=\"et4\" style=\"height: 18.00pt;\" height=\"18\">Couleur<\/td>\n<td class=\"et5\" style=\"width: 202.95pt;\" width=\"202\">Bleu<\/td>\n<\/tr>\n<tr style=\"height: 18.00pt;\">\n<td class=\"et3\" style=\"height: 18.00pt;\" height=\"18\">Dimension<\/td>\n<td class=\"et5\" style=\"width: 202.95pt;\" width=\"202\">41.5*41.5*13.5<\/td>\n<\/tr>\n<tr style=\"height: 17.60pt;\">\n<td class=\"et3\" style=\"height: 17.60pt;\" height=\"17\">N.W \/SET<\/td>\n<td class=\"et3\">9.5KGS\/PCS<\/td>\n<\/tr>\n<tr style=\"height: 17.60pt;\">\n<td class=\"et3\" style=\"height: 17.60pt;\" height=\"17\">MOQ<\/td>\n<td class=\"et3\">20pcs<\/td>\n<\/tr>\n<tr style=\"height: 17.60pt;\">\n<td class=\"et3\" style=\"height: 17.60pt;\" height=\"17\">Option personnalis\u00e9e<\/td>\n<td class=\"et3\">Couleur\/Pattenue\/Taille\/Logo\/Emballage<\/td>\n<\/tr>\n<\/tbody>\n<\/table>","protected":false},"featured_media":5627,"comment_status":"closed","ping_status":"closed","template":"","meta":{"_acf_changed":false},"product_brand":[],"product_cat":[54,50],"product_tag":[],"class_list":{"0":"post-5626","1":"product","2":"type-product","3":"status-publish","4":"has-post-thumbnail","6":"product_cat-wholesale-marble-sinks","7":"product_cat-wholesale-countertop-sinks","9":"first","10":"instock","11":"shipping-taxable","12":"product-type-simple"},"acf":[],"_links":{"self":[{"href":"https:\/\/www.ceramicbasin.com\/fr\/wp-json\/wp\/v2\/product\/5626","targetHints":{"allow":["GET"]}}],"collection":[{"href":"https:\/\/www.ceramicbasin.com\/fr\/wp-json\/wp\/v2\/product"}],"about":[{"href":"https:\/\/www.ceramicbasin.com\/fr\/wp-json\/wp\/v2\/types\/product"}],"replies":[{"embeddable":true,"href":"https:\/\/www.ceramicbasin.com\/fr\/wp-json\/wp\/v2\/comments?post=5626"}],"wp:featuredmedia":[{"embeddable":true,"href":"https:\/\/www.ceramicbasin.com\/fr\/wp-json\/wp\/v2\/media\/5627"}],"wp:attachment":[{"href":"https:\/\/www.ceramicbasin.com\/fr\/wp-json\/wp\/v2\/media?parent=5626"}],"wp:term":[{"taxonomy":"product_brand","embeddable":true,"href":"https:\/\/www.ceramicbasin.com\/fr\/wp-json\/wp\/v2\/product_brand?post=5626"},{"taxonomy":"product_cat","embeddable":true,"href":"https:\/\/www.ceramicbasin.com\/fr\/wp-json\/wp\/v2\/product_cat?post=5626"},{"taxonomy":"product_tag","embeddable":true,"href":"https:\/\/www.ceramicbasin.com\/fr\/wp-json\/wp\/v2\/product_tag?post=5626"}],"curies":[{"name":"wp","href":"https:\/\/api.w.org\/{rel}","templated":true}]}}