{"id":5637,"date":"2024-11-28T08:44:33","date_gmt":"2024-11-28T08:44:33","guid":{"rendered":"https:\/\/www.ceramicbasin.com\/?post_type=product&#038;p=5637"},"modified":"2024-11-28T08:44:36","modified_gmt":"2024-11-28T08:44:36","slug":"wholesale-drop-in-sink","status":"publish","type":"product","link":"https:\/\/www.ceramicbasin.com\/fr\/produit\/wholesale-drop-in-sink\/","title":{"rendered":"Round Wholesale Drop In Sink, Hot Sale Ceramic Bathroom Sink"},"content":{"rendered":"<div class=\"wp-block-columns is-layout-flex wp-container-core-columns-is-layout-9d6595d7 wp-block-columns-is-layout-flex\">\n<div class=\"wp-block-column is-layout-flow wp-block-column-is-layout-flow\">\n<h2 class=\"wp-block-heading\">Premium Wholesale Drop In Sink Features :<\/h2>\n\n\n\n<ul class=\"wp-block-list\">\n<li><strong>Design exquis :\u00a0<\/strong>Nos \u00e9viers \u00e0 encastrer en gros adoptent un design moderne et exquis. Chaque pi\u00e8ce est un hommage \u00e0 l'esth\u00e9tique et vise \u00e0 ajouter de l'\u00e9l\u00e9gance et du go\u00fbt \u00e0 l'espace de la salle de bains.<\/li>\n\n\n\n<li><strong>C\u00e9ramique de haute qualit\u00e9 : <\/strong>Les mati\u00e8res premi\u00e8res c\u00e9ramiques de haute qualit\u00e9 s\u00e9lectionn\u00e9es, fritt\u00e9es \u00e0 haute temp\u00e9rature, garantissent que nos \u00e9viers de salle de bains en gros ont une structure solide, une surface d\u00e9licate et lisse, facile \u00e0 nettoyer, et durent comme neufs.<\/li>\n\n\n\n<li><strong>Vente directe \u00e0 l'usine :\u00a0<\/strong>Les \u00e9viers en gros de HanYu sont vendus directement par l'usine, ce qui \u00e9limine la diff\u00e9rence de prix des interm\u00e9diaires. L'achat en gros d'\u00e9viers de salle de bain vous assure d'acheter des \u00e9viers de salle de bain de haute qualit\u00e9 en gros au prix le plus bas.<\/li>\n\n\n\n<li><strong>Conception personnalis\u00e9e :\u00a0<\/strong>Nos lavabos de salle de bain en gros sont con\u00e7us dans diff\u00e9rents styles et tailles pour une personnalisation, ce qui nous permet de r\u00e9pondre aux besoins des diff\u00e9rents clients. Cela permet d'ajuster la couleur, la forme et la texture en fonction de vos besoins sp\u00e9cifiques et de l'int\u00e9grer dans une vari\u00e9t\u00e9 de conceptions de salle de bains.<\/li>\n<\/ul>\n<\/div>\n\n\n\n<div class=\"wp-block-column is-layout-flow wp-block-column-is-layout-flow\">\n<figure class=\"wp-block-image size-full\"><img fetchpriority=\"high\" decoding=\"async\" width=\"1000\" height=\"1000\" src=\"https:\/\/www.ceramicbasin.com\/wp-content\/uploads\/2024\/11\/Hot-Sale-Porcelain-Sink-Bathroom-Ceramic-Round-Shape-Drop-In-Sink-5.webp\" alt=\"Round Wholesale Drop In Sink, Hot Sale Ceramic Bathroom Sink-1\" class=\"wp-image-5643\" srcset=\"https:\/\/www.ceramicbasin.com\/wp-content\/uploads\/2024\/11\/Hot-Sale-Porcelain-Sink-Bathroom-Ceramic-Round-Shape-Drop-In-Sink-5.webp 1000w, https:\/\/www.ceramicbasin.com\/wp-content\/uploads\/2024\/11\/Hot-Sale-Porcelain-Sink-Bathroom-Ceramic-Round-Shape-Drop-In-Sink-5-300x300.webp 300w, https:\/\/www.ceramicbasin.com\/wp-content\/uploads\/2024\/11\/Hot-Sale-Porcelain-Sink-Bathroom-Ceramic-Round-Shape-Drop-In-Sink-5-150x150.webp 150w, https:\/\/www.ceramicbasin.com\/wp-content\/uploads\/2024\/11\/Hot-Sale-Porcelain-Sink-Bathroom-Ceramic-Round-Shape-Drop-In-Sink-5-768x768.webp 768w, https:\/\/www.ceramicbasin.com\/wp-content\/uploads\/2024\/11\/Hot-Sale-Porcelain-Sink-Bathroom-Ceramic-Round-Shape-Drop-In-Sink-5-12x12.webp 12w, https:\/\/www.ceramicbasin.com\/wp-content\/uploads\/2024\/11\/Hot-Sale-Porcelain-Sink-Bathroom-Ceramic-Round-Shape-Drop-In-Sink-5-285x285.webp 285w, https:\/\/www.ceramicbasin.com\/wp-content\/uploads\/2024\/11\/Hot-Sale-Porcelain-Sink-Bathroom-Ceramic-Round-Shape-Drop-In-Sink-5-270x270.webp 270w, https:\/\/www.ceramicbasin.com\/wp-content\/uploads\/2024\/11\/Hot-Sale-Porcelain-Sink-Bathroom-Ceramic-Round-Shape-Drop-In-Sink-5-540x540.webp 540w, https:\/\/www.ceramicbasin.com\/wp-content\/uploads\/2024\/11\/Hot-Sale-Porcelain-Sink-Bathroom-Ceramic-Round-Shape-Drop-In-Sink-5-660x660.webp 660w\" sizes=\"(max-width: 1000px) 100vw, 1000px\" \/><\/figure>\n<\/div>\n<\/div>\n\n\n\n<p><\/p>","protected":false},"excerpt":{"rendered":"<p>Cet \u00e9vier \u00e0 poser se distingue par son design exquis et ses mat\u00e9riaux en c\u00e9ramique de haute qualit\u00e9, ce qui en fait un choix id\u00e9al pour la d\u00e9coration de la salle de bains. Le design \u00e9pur\u00e9 et le traitement des bords arrondis montrent une beaut\u00e9 artistique extraordinaire. Les achats en gros peuvent b\u00e9n\u00e9ficier d'un meilleur rapport qualit\u00e9-prix.<\/p>\n<table style=\"border-collapse: collapse; width: 311.02pt;\" border=\"0\" width=\"311\" cellspacing=\"0\" cellpadding=\"0\">\n<tbody>\n<tr style=\"height: 17.60pt;\">\n<td class=\"et3\" style=\"height: 17.60pt; width: 108.35pt;\" width=\"108\" height=\"17\">Fabricant<\/td>\n<td class=\"et3\" style=\"width: 202.95pt;\" width=\"202\">HanYu<\/td>\n<\/tr>\n<tr style=\"height: 17.60pt;\">\n<td class=\"et3\" style=\"height: 17.60pt;\" height=\"17\">Num\u00e9ro de mod\u00e8le.<\/td>\n<td class=\"et4\">HY-5009A<\/td>\n<\/tr>\n<tr style=\"height: 18.00pt;\">\n<td class=\"et3\" style=\"height: 18.00pt;\" height=\"18\">Type<\/td>\n<td class=\"et5\" style=\"width: 202.95pt;\" width=\"202\">Bassin d'abaissement<\/td>\n<\/tr>\n<tr style=\"height: 17.60pt;\">\n<td class=\"et3\" style=\"height: 17.60pt;\" height=\"17\">Forme<\/td>\n<td class=\"et3\">Forme ronde<\/td>\n<\/tr>\n<tr style=\"height: 18.00pt;\">\n<td class=\"et4\" style=\"height: 18.00pt;\" height=\"18\">Couleur<\/td>\n<td class=\"et5\" style=\"width: 202.95pt;\" width=\"202\">Blanc<\/td>\n<\/tr>\n<tr style=\"height: 18.00pt;\">\n<td class=\"et3\" style=\"height: 18.00pt;\" height=\"18\">Dimension<\/td>\n<td class=\"et5\" style=\"width: 202.95pt;\" width=\"202\">41*41*17<\/td>\n<\/tr>\n<tr style=\"height: 17.60pt;\">\n<td class=\"et3\" style=\"height: 17.60pt;\" height=\"17\">N.W \/SET<\/td>\n<td class=\"et3\">9 KGS\/PCS<\/td>\n<\/tr>\n<tr style=\"height: 17.60pt;\">\n<td class=\"et3\" style=\"height: 17.60pt;\" height=\"17\">MOQ<\/td>\n<td class=\"et3\">20pcs<\/td>\n<\/tr>\n<tr style=\"height: 17.60pt;\">\n<td class=\"et3\" style=\"height: 17.60pt;\" height=\"17\">Option personnalis\u00e9e<\/td>\n<td class=\"et3\">Couleur\/Pattenue\/Taille\/Logo\/Emballage<\/td>\n<\/tr>\n<\/tbody>\n<\/table>","protected":false},"featured_media":5639,"comment_status":"closed","ping_status":"closed","template":"","meta":{"_acf_changed":false},"product_brand":[],"product_cat":[51],"product_tag":[],"class_list":{"0":"post-5637","1":"product","2":"type-product","3":"status-publish","4":"has-post-thumbnail","6":"product_cat-wholesale-drop-in-sinks","8":"first","9":"instock","10":"shipping-taxable","11":"product-type-simple"},"acf":[],"_links":{"self":[{"href":"https:\/\/www.ceramicbasin.com\/fr\/wp-json\/wp\/v2\/product\/5637","targetHints":{"allow":["GET"]}}],"collection":[{"href":"https:\/\/www.ceramicbasin.com\/fr\/wp-json\/wp\/v2\/product"}],"about":[{"href":"https:\/\/www.ceramicbasin.com\/fr\/wp-json\/wp\/v2\/types\/product"}],"replies":[{"embeddable":true,"href":"https:\/\/www.ceramicbasin.com\/fr\/wp-json\/wp\/v2\/comments?post=5637"}],"wp:featuredmedia":[{"embeddable":true,"href":"https:\/\/www.ceramicbasin.com\/fr\/wp-json\/wp\/v2\/media\/5639"}],"wp:attachment":[{"href":"https:\/\/www.ceramicbasin.com\/fr\/wp-json\/wp\/v2\/media?parent=5637"}],"wp:term":[{"taxonomy":"product_brand","embeddable":true,"href":"https:\/\/www.ceramicbasin.com\/fr\/wp-json\/wp\/v2\/product_brand?post=5637"},{"taxonomy":"product_cat","embeddable":true,"href":"https:\/\/www.ceramicbasin.com\/fr\/wp-json\/wp\/v2\/product_cat?post=5637"},{"taxonomy":"product_tag","embeddable":true,"href":"https:\/\/www.ceramicbasin.com\/fr\/wp-json\/wp\/v2\/product_tag?post=5637"}],"curies":[{"name":"wp","href":"https:\/\/api.w.org\/{rel}","templated":true}]}}