{"id":5669,"date":"2024-11-28T01:41:38","date_gmt":"2024-11-28T01:41:38","guid":{"rendered":"https:\/\/www.ceramicbasin.com\/?post_type=product&#038;p=5669"},"modified":"2024-11-28T01:41:41","modified_gmt":"2024-11-28T01:41:41","slug":"wholesale-drop-in-basins","status":"publish","type":"product","link":"https:\/\/www.ceramicbasin.com\/fr\/produit\/wholesale-drop-in-basins\/","title":{"rendered":"Rectangle Wholesale Drop In Basins, Ceramic Bathroom Sink Factory Supply"},"content":{"rendered":"<div class=\"wp-block-columns is-layout-flex wp-container-core-columns-is-layout-9d6595d7 wp-block-columns-is-layout-flex\">\n<div class=\"wp-block-column is-layout-flow wp-block-column-is-layout-flow\">\n<h2 class=\"wp-block-heading\">Premium Wholesale Drop In Basins Caract\u00e9ristiques :<\/h2>\n\n\n\n<ul class=\"wp-block-list\">\n<li><strong>Design rectangulaire classique, style de salle de bain vari\u00e9 : <\/strong>Qu'il s'agisse d'une salle de bains de style minimaliste ou de style classique europ\u00e9en, notre lavabo de salle de bains peut se fondre parfaitement dans les deux styles, augmentant ainsi les sentiments de raffinement et de luxe qui y r\u00e8gnent.<\/li>\n\n\n\n<li><strong>Mat\u00e9riau c\u00e9ramique de haute qualit\u00e9, durable et facile \u00e0 nettoyer : <\/strong>Ces \u00e9viers de salle de bains en gros sont fabriqu\u00e9s \u00e0 partir de mati\u00e8res premi\u00e8res c\u00e9ramiques de haute qualit\u00e9 et cuits \u00e0 haute temp\u00e9rature. La surface est solide et lisse, r\u00e9sistante aux rayures et ne se fissure pas facilement. L'\u00e9mail a d'excellentes performances anti-salissures, les taches et le calcaire n'adh\u00e8rent pas facilement, il suffit de l'essuyer doucement pour le garder propre comme neuf, ce qui rend le nettoyage quotidien plus facile et sans souci.<\/li>\n\n\n\n<li><strong>Conception d'installation int\u00e9gr\u00e9e, processus de construction simplifi\u00e9 : <\/strong>La m\u00e9thode unique d'installation encastr\u00e9e permet non seulement d'\u00e9conomiser de l'espace sur le comptoir, mais aussi de garantir la stabilit\u00e9 et la praticit\u00e9 de ces lavabos \u00e0 encastrer. Sa structure simple et son fonctionnement facile r\u00e9duisent consid\u00e9rablement la difficult\u00e9 d'installation, ce qui en fait un choix id\u00e9al pour la d\u00e9coration de la maison et les projets commerciaux.<\/li>\n\n\n\n<li><strong>Service de fourniture directe \u00e0 l'usine, rentable et personnalisable : <\/strong>Ces lavabos de salle de bain en gros sont directement fournis par des fabricants professionnels de lavabos de salle de bain en c\u00e9ramique, ce qui r\u00e9duit les liens interm\u00e9diaires avec la comp\u00e9titivit\u00e9 des prix du march\u00e9. Nous pouvons fournir des services personnalis\u00e9s diversifi\u00e9s selon les besoins des clients, que ce soit la taille ou la couleur, ou la conception d\u00e9taill\u00e9e, nous pouvons toujours r\u00e9pondre aux besoins de tous les diff\u00e9rents march\u00e9s et projets.<\/li>\n<\/ul>\n<\/div>\n\n\n\n<div class=\"wp-block-column is-layout-flow wp-block-column-is-layout-flow\">\n<figure class=\"wp-block-image size-full\"><img fetchpriority=\"high\" decoding=\"async\" width=\"1000\" height=\"999\" src=\"https:\/\/www.ceramicbasin.com\/wp-content\/uploads\/2024\/11\/Wholesale-Bathroom-Wash-Basin-FactoryRectangle-Shape-Drop-In-Sink-5.webp\" alt=\"Rectangle Wholesale Drop In Basins, Ceramic Bathroom Sink Factory Supply-1\" class=\"wp-image-5675\" srcset=\"https:\/\/www.ceramicbasin.com\/wp-content\/uploads\/2024\/11\/Wholesale-Bathroom-Wash-Basin-FactoryRectangle-Shape-Drop-In-Sink-5.webp 1000w, https:\/\/www.ceramicbasin.com\/wp-content\/uploads\/2024\/11\/Wholesale-Bathroom-Wash-Basin-FactoryRectangle-Shape-Drop-In-Sink-5-300x300.webp 300w, https:\/\/www.ceramicbasin.com\/wp-content\/uploads\/2024\/11\/Wholesale-Bathroom-Wash-Basin-FactoryRectangle-Shape-Drop-In-Sink-5-150x150.webp 150w, https:\/\/www.ceramicbasin.com\/wp-content\/uploads\/2024\/11\/Wholesale-Bathroom-Wash-Basin-FactoryRectangle-Shape-Drop-In-Sink-5-768x767.webp 768w, https:\/\/www.ceramicbasin.com\/wp-content\/uploads\/2024\/11\/Wholesale-Bathroom-Wash-Basin-FactoryRectangle-Shape-Drop-In-Sink-5-12x12.webp 12w, https:\/\/www.ceramicbasin.com\/wp-content\/uploads\/2024\/11\/Wholesale-Bathroom-Wash-Basin-FactoryRectangle-Shape-Drop-In-Sink-5-285x285.webp 285w, https:\/\/www.ceramicbasin.com\/wp-content\/uploads\/2024\/11\/Wholesale-Bathroom-Wash-Basin-FactoryRectangle-Shape-Drop-In-Sink-5-270x270.webp 270w, https:\/\/www.ceramicbasin.com\/wp-content\/uploads\/2024\/11\/Wholesale-Bathroom-Wash-Basin-FactoryRectangle-Shape-Drop-In-Sink-5-540x540.webp 540w, https:\/\/www.ceramicbasin.com\/wp-content\/uploads\/2024\/11\/Wholesale-Bathroom-Wash-Basin-FactoryRectangle-Shape-Drop-In-Sink-5-660x660.webp 660w\" sizes=\"(max-width: 1000px) 100vw, 1000px\" \/><\/figure>\n<\/div>\n<\/div>","protected":false},"excerpt":{"rendered":"<p>Bienvenue pour acheter des lavabos de salle de bain en gros. Nos vasques \u00e0 encastrer en gros pr\u00e9sentent un design rectangulaire classique, adapt\u00e9 \u00e0 diff\u00e9rents styles de salles de bains. Le mat\u00e9riau c\u00e9ramique de haute qualit\u00e9 est durable et facile \u00e0 nettoyer, et la conception d'installation encastr\u00e9e simplifie le processus de construction, est stable et \u00e9conomise de l'espace. Directement fourni par des usines professionnelles, supportant la vente en gros et la personnalisation, c'est un choix de haute qualit\u00e9 pour les projets commerciaux et les march\u00e9s de d\u00e9tail.<\/p>\n<table style=\"border-collapse: collapse; width: 311.02pt;\" border=\"0\" width=\"311\" cellspacing=\"0\" cellpadding=\"0\">\n<tbody>\n<tr style=\"height: 17.60pt;\">\n<td class=\"et3\" style=\"height: 17.60pt; width: 108.35pt;\" width=\"108\" height=\"17\">Fabricant<\/td>\n<td class=\"et3\" style=\"width: 202.95pt;\" width=\"202\">HanYu<\/td>\n<\/tr>\n<tr style=\"height: 17.60pt;\">\n<td class=\"et3\" style=\"height: 17.60pt;\" height=\"17\">Num\u00e9ro de mod\u00e8le.<\/td>\n<td class=\"et4\">HY-8066<\/td>\n<\/tr>\n<tr style=\"height: 18.00pt;\">\n<td class=\"et3\" style=\"height: 18.00pt;\" height=\"18\">Type<\/td>\n<td class=\"et5\" style=\"width: 202.95pt;\" width=\"202\">Bassin d'abaissement<\/td>\n<\/tr>\n<tr style=\"height: 17.60pt;\">\n<td class=\"et3\" style=\"height: 17.60pt;\" height=\"17\">Forme<\/td>\n<td class=\"et3\">Forme rectangulaire<\/td>\n<\/tr>\n<tr style=\"height: 18.00pt;\">\n<td class=\"et4\" style=\"height: 18.00pt;\" height=\"18\">Couleur<\/td>\n<td class=\"et5\" style=\"width: 202.95pt;\" width=\"202\">Blanc<\/td>\n<\/tr>\n<tr style=\"height: 18.00pt;\">\n<td class=\"et3\" style=\"height: 18.00pt;\" height=\"18\">Dimension<\/td>\n<td class=\"et5\" style=\"width: 202.95pt;\" width=\"202\">48*29.5*12.5<\/td>\n<\/tr>\n<tr style=\"height: 17.60pt;\">\n<td class=\"et3\" style=\"height: 17.60pt;\" height=\"17\">N.W \/SET<\/td>\n<td class=\"et3\">8,2 KGS\/PCS<\/td>\n<\/tr>\n<tr style=\"height: 17.60pt;\">\n<td class=\"et3\" style=\"height: 17.60pt;\" height=\"17\">MOQ<\/td>\n<td class=\"et3\">20pcs<\/td>\n<\/tr>\n<tr style=\"height: 17.60pt;\">\n<td class=\"et3\" style=\"height: 17.60pt;\" height=\"17\">Option personnalis\u00e9e<\/td>\n<td class=\"et3\">Couleur\/Pattenue\/Taille\/Logo\/Emballage<\/td>\n<\/tr>\n<\/tbody>\n<\/table>","protected":false},"featured_media":5674,"comment_status":"closed","ping_status":"closed","template":"","meta":{"_acf_changed":false},"product_brand":[],"product_cat":[51],"product_tag":[],"class_list":{"0":"post-5669","1":"product","2":"type-product","3":"status-publish","4":"has-post-thumbnail","6":"product_cat-wholesale-drop-in-sinks","8":"first","9":"instock","10":"shipping-taxable","11":"product-type-simple"},"acf":[],"_links":{"self":[{"href":"https:\/\/www.ceramicbasin.com\/fr\/wp-json\/wp\/v2\/product\/5669","targetHints":{"allow":["GET"]}}],"collection":[{"href":"https:\/\/www.ceramicbasin.com\/fr\/wp-json\/wp\/v2\/product"}],"about":[{"href":"https:\/\/www.ceramicbasin.com\/fr\/wp-json\/wp\/v2\/types\/product"}],"replies":[{"embeddable":true,"href":"https:\/\/www.ceramicbasin.com\/fr\/wp-json\/wp\/v2\/comments?post=5669"}],"wp:featuredmedia":[{"embeddable":true,"href":"https:\/\/www.ceramicbasin.com\/fr\/wp-json\/wp\/v2\/media\/5674"}],"wp:attachment":[{"href":"https:\/\/www.ceramicbasin.com\/fr\/wp-json\/wp\/v2\/media?parent=5669"}],"wp:term":[{"taxonomy":"product_brand","embeddable":true,"href":"https:\/\/www.ceramicbasin.com\/fr\/wp-json\/wp\/v2\/product_brand?post=5669"},{"taxonomy":"product_cat","embeddable":true,"href":"https:\/\/www.ceramicbasin.com\/fr\/wp-json\/wp\/v2\/product_cat?post=5669"},{"taxonomy":"product_tag","embeddable":true,"href":"https:\/\/www.ceramicbasin.com\/fr\/wp-json\/wp\/v2\/product_tag?post=5669"}],"curies":[{"name":"wp","href":"https:\/\/api.w.org\/{rel}","templated":true}]}}