{"id":5739,"date":"2024-12-06T09:21:20","date_gmt":"2024-12-06T09:21:20","guid":{"rendered":"https:\/\/www.ceramicbasin.com\/?post_type=product&#038;p=5739"},"modified":"2024-12-06T09:21:22","modified_gmt":"2024-12-06T09:21:22","slug":"custom-vanity-sink","status":"publish","type":"product","link":"https:\/\/www.ceramicbasin.com\/fr\/produit\/custom-vanity-sink\/","title":{"rendered":"Lavabo de meuble sur mesure, comptoir Bassin en c\u00e9ramique dor\u00e9e Wholesale"},"content":{"rendered":"<div class=\"wp-block-columns is-layout-flex wp-container-core-columns-is-layout-9d6595d7 wp-block-columns-is-layout-flex\">\n<div class=\"wp-block-column is-layout-flow wp-block-column-is-layout-flow\">\n<h2 class=\"wp-block-heading\">Premium Custom Vanity Sink Features :<\/h2>\n\n\n\n<ul class=\"wp-block-list\">\n<li><strong>Design moderne :<\/strong>\u00a0Ce lavabo sur mesure \u00e0 la finition dor\u00e9e pr\u00e9sente un design moderne, et la combinaison astucieuse de l'or et du blanc rehausse le style g\u00e9n\u00e9ral de la salle de bains.<\/li>\n\n\n\n<li><strong>Durable et fiable :\u00a0<\/strong>Nos lavabos en c\u00e9ramique dor\u00e9e sont fabriqu\u00e9s \u00e0 partir de mat\u00e9riaux c\u00e9ramiques de haute qualit\u00e9 afin de garantir la solidit\u00e9 et la durabilit\u00e9 de l'\u00e9vier, r\u00e9sistant aux taches et aux rayures, conservant sa beaut\u00e9 originale apr\u00e8s une utilisation prolong\u00e9e.<\/li>\n\n\n\n<li><strong>Mat\u00e9riaux de haute qualit\u00e9 :\u00a0<\/strong>Ce lavabo personnalis\u00e9 en or est fabriqu\u00e9 \u00e0 partir d'un mat\u00e9riau c\u00e9ramique de premi\u00e8re qualit\u00e9 pour garantir la duret\u00e9 et la durabilit\u00e9 du bassin, tandis que la surface de la plaque \u00e9lectrolytique en or est uniforme et lisse pour permettre un nettoyage et un entretien quotidiens.<\/li>\n\n\n\n<li><strong>Service sur mesure :\u00a0<\/strong>Nous pouvons fournir des services d'\u00e9vier de salle de bains sur mesure dans tous les aspects, y compris la personnalisation du logo, du motif, de la couleur ou de l'emballage, etc., pour r\u00e9pondre aux besoins des grandes commandes d'ing\u00e9nierie.<\/li>\n<\/ul>\n<\/div>\n\n\n\n<div class=\"wp-block-column is-layout-flow wp-block-column-is-layout-flow\">\n<figure class=\"wp-block-image size-full is-resized\"><img fetchpriority=\"high\" decoding=\"async\" width=\"800\" height=\"1188\" src=\"https:\/\/www.ceramicbasin.com\/wp-content\/uploads\/2024\/12\/Electroplated-Basin-factory-gold-color-bathroom-sink-5.webp\" alt=\"Cuvette de meuble sur mesure, comptoir Cuvettes en c\u00e9ramique dor\u00e9e Wholesale-1\" class=\"wp-image-5735\" style=\"width:338px;height:auto\" srcset=\"https:\/\/www.ceramicbasin.com\/wp-content\/uploads\/2024\/12\/Electroplated-Basin-factory-gold-color-bathroom-sink-5.webp 800w, https:\/\/www.ceramicbasin.com\/wp-content\/uploads\/2024\/12\/Electroplated-Basin-factory-gold-color-bathroom-sink-5-202x300.webp 202w, https:\/\/www.ceramicbasin.com\/wp-content\/uploads\/2024\/12\/Electroplated-Basin-factory-gold-color-bathroom-sink-5-768x1140.webp 768w, https:\/\/www.ceramicbasin.com\/wp-content\/uploads\/2024\/12\/Electroplated-Basin-factory-gold-color-bathroom-sink-5-8x12.webp 8w, https:\/\/www.ceramicbasin.com\/wp-content\/uploads\/2024\/12\/Electroplated-Basin-factory-gold-color-bathroom-sink-5-285x423.webp 285w, https:\/\/www.ceramicbasin.com\/wp-content\/uploads\/2024\/12\/Electroplated-Basin-factory-gold-color-bathroom-sink-5-444x660.webp 444w, https:\/\/www.ceramicbasin.com\/wp-content\/uploads\/2024\/12\/Electroplated-Basin-factory-gold-color-bathroom-sink-5-101x150.webp 101w\" sizes=\"(max-width: 800px) 100vw, 800px\" \/><\/figure>\n<\/div>\n<\/div>\n\n\n\n<p><\/p>","protected":false},"excerpt":{"rendered":"<p>Bienvenue dans le domaine des lavabos sur mesure. Nos lavabos en c\u00e9ramique ont un design moderne, la finition galvanis\u00e9e en or est lisse et facile \u00e0 nettoyer et \u00e0 entretenir quotidiennement. Nous pouvons fournir des services de lavabo de salle de bain personnalis\u00e9s dans tous les aspects, y compris le logo personnalis\u00e9, le motif, la couleur ou l'emballage, etc.<\/p>\n<table style=\"border-collapse: collapse; width: 358.52pt;\" border=\"0\" width=\"478\" cellspacing=\"0\" cellpadding=\"0\">\n<tbody>\n<tr style=\"height: 17.25pt;\">\n<td class=\"et3\" style=\"height: 17.25pt; width: 125.00pt;\" width=\"166\" height=\"23\">Fabricant<\/td>\n<td class=\"et3\" style=\"width: 234.15pt;\" width=\"312\">HanYu<\/td>\n<\/tr>\n<tr style=\"height: 17.25pt;\">\n<td class=\"et3\" style=\"height: 17.25pt;\" height=\"23\">Num\u00e9ro de mod\u00e8le.<\/td>\n<td class=\"et4\">HY-5038J7<\/td>\n<\/tr>\n<tr style=\"height: 17.25pt;\">\n<td class=\"et3\" style=\"height: 17.25pt;\" height=\"23\">Type<\/td>\n<td class=\"et5\" style=\"width: 234.15pt;\" width=\"312\">Evier galvanis\u00e9<\/td>\n<\/tr>\n<tr style=\"height: 18.00pt;\">\n<td class=\"et3\" style=\"height: 18.00pt;\" height=\"24\">Forme<\/td>\n<td class=\"et3\">Forme ovale<\/td>\n<\/tr>\n<tr style=\"height: 34.50pt;\">\n<td class=\"et4\" style=\"height: 34.50pt;\" height=\"46\">Couleur<\/td>\n<td class=\"et5\" style=\"width: 234.15pt;\" width=\"312\">noir\/blanc\/bleu\/gris\/rose\/vert\/marron\/kaki<\/td>\n<\/tr>\n<tr style=\"height: 18.00pt;\">\n<td class=\"et3\" style=\"height: 18.00pt;\" height=\"24\">Dimension<\/td>\n<td class=\"et5\" style=\"width: 234.15pt;\" width=\"312\">60*40.5*15.5<\/td>\n<\/tr>\n<tr style=\"height: 17.25pt;\">\n<td class=\"et3\" style=\"height: 17.25pt;\" height=\"23\">N.W \/SET<\/td>\n<td class=\"et3\">11KGS\/PCS<\/td>\n<\/tr>\n<tr style=\"height: 17.25pt;\">\n<td class=\"et3\" style=\"height: 17.25pt;\" height=\"23\">MOQ<\/td>\n<td class=\"et3\">20pcs<\/td>\n<\/tr>\n<tr style=\"height: 17.25pt;\">\n<td class=\"et3\" style=\"height: 17.25pt;\" height=\"23\">Option personnalis\u00e9e<\/td>\n<td class=\"et3\">Couleur\/Pattenue\/Taille\/Logo\/Emballage<\/td>\n<\/tr>\n<\/tbody>\n<\/table>","protected":false},"featured_media":5731,"comment_status":"closed","ping_status":"closed","template":"","meta":{"_acf_changed":false},"product_brand":[],"product_cat":[53,50],"product_tag":[],"class_list":{"0":"post-5739","1":"product","2":"type-product","3":"status-publish","4":"has-post-thumbnail","6":"product_cat-electroplated-bathroom-sinks","7":"product_cat-wholesale-countertop-sinks","9":"first","10":"instock","11":"shipping-taxable","12":"product-type-simple"},"acf":[],"_links":{"self":[{"href":"https:\/\/www.ceramicbasin.com\/fr\/wp-json\/wp\/v2\/product\/5739","targetHints":{"allow":["GET"]}}],"collection":[{"href":"https:\/\/www.ceramicbasin.com\/fr\/wp-json\/wp\/v2\/product"}],"about":[{"href":"https:\/\/www.ceramicbasin.com\/fr\/wp-json\/wp\/v2\/types\/product"}],"replies":[{"embeddable":true,"href":"https:\/\/www.ceramicbasin.com\/fr\/wp-json\/wp\/v2\/comments?post=5739"}],"wp:featuredmedia":[{"embeddable":true,"href":"https:\/\/www.ceramicbasin.com\/fr\/wp-json\/wp\/v2\/media\/5731"}],"wp:attachment":[{"href":"https:\/\/www.ceramicbasin.com\/fr\/wp-json\/wp\/v2\/media?parent=5739"}],"wp:term":[{"taxonomy":"product_brand","embeddable":true,"href":"https:\/\/www.ceramicbasin.com\/fr\/wp-json\/wp\/v2\/product_brand?post=5739"},{"taxonomy":"product_cat","embeddable":true,"href":"https:\/\/www.ceramicbasin.com\/fr\/wp-json\/wp\/v2\/product_cat?post=5739"},{"taxonomy":"product_tag","embeddable":true,"href":"https:\/\/www.ceramicbasin.com\/fr\/wp-json\/wp\/v2\/product_tag?post=5739"}],"curies":[{"name":"wp","href":"https:\/\/api.w.org\/{rel}","templated":true}]}}