{"id":5759,"date":"2024-12-06T09:14:23","date_gmt":"2024-12-06T09:14:23","guid":{"rendered":"https:\/\/www.ceramicbasin.com\/?post_type=product&#038;p=5759"},"modified":"2024-12-06T09:22:15","modified_gmt":"2024-12-06T09:22:15","slug":"custom-made-bathroom-sinks","status":"publish","type":"product","link":"https:\/\/www.ceramicbasin.com\/fr\/produit\/custom-made-bathroom-sinks\/","title":{"rendered":"Hot Sale Custom Made Bathroom Sinks, Gold Countertop Basins Wholesale"},"content":{"rendered":"<div class=\"wp-block-columns is-layout-flex wp-container-core-columns-is-layout-9d6595d7 wp-block-columns-is-layout-flex\">\n<div class=\"wp-block-column is-layout-flow wp-block-column-is-layout-flow\">\n<h2 class=\"wp-block-heading\">\u00c9viers de salle de bain de premi\u00e8re qualit\u00e9 fabriqu\u00e9s sur mesure Caract\u00e9ristiques :<\/h2>\n\n\n\n<ul class=\"wp-block-list\">\n<li><strong>Conception de l'installation du comptoir :\u00a0<\/strong>Ces lavabos de salle de bain sur mesure sont con\u00e7us pour \u00eatre install\u00e9s sur le comptoir, ce qui permet de gagner de la place et de faciliter l'utilisation quotidienne, le nettoyage, ainsi que l'aspect pratique et la beaut\u00e9 de la salle de bain dans son ensemble.<\/li>\n\n\n\n<li><strong>Design moderne :\u00a0<\/strong>Ces lavabos \u00e0 poser dor\u00e9s en gros ont un design moderne. La combinaison astucieuse de l'or et du blanc rehausse le style de l'ensemble de la salle de bains.<\/li>\n\n\n\n<li><strong>Approvisionnement rapide :\u00a0<\/strong>En tant que fabricant d'\u00e9viers de salle de bain sur mesure, nous poss\u00e9dons un puissant r\u00e9seau de production et de logistique pour les \u00e9viers de salle de bain en gros qui peut r\u00e9pondre rapidement aux commandes et assurer une livraison rapide des produits pour les besoins urgents des projets.<\/li>\n\n\n\n<li><strong>Approvisionnement stable :\u00a0<\/strong>Avec des ann\u00e9es d'exp\u00e9rience en tant que fabricant de lavabos de salle de bain en c\u00e9ramique, HanYu propose des prix comp\u00e9titifs et une livraison rapide pour les lavabos de comptoir en or en gros, convenant aux grands projets tels que les h\u00f4tels et les b\u00e2timents commerciaux.<\/li>\n<\/ul>\n<\/div>\n\n\n\n<div class=\"wp-block-column is-layout-flow wp-block-column-is-layout-flow\">\n<figure class=\"wp-block-image size-full is-resized\"><img fetchpriority=\"high\" decoding=\"async\" width=\"800\" height=\"1184\" src=\"https:\/\/www.ceramicbasin.com\/wp-content\/uploads\/2024\/12\/Wholesale-ceramic-basin-factory-Electroplated-Sinks-6.webp\" alt=\"Hot Sale Custom Made Bathroom Sinks, Gold Countertop Basins Wholesale-1\" class=\"wp-image-5730\" style=\"width:336px;height:auto\" srcset=\"https:\/\/www.ceramicbasin.com\/wp-content\/uploads\/2024\/12\/Wholesale-ceramic-basin-factory-Electroplated-Sinks-6.webp 800w, https:\/\/www.ceramicbasin.com\/wp-content\/uploads\/2024\/12\/Wholesale-ceramic-basin-factory-Electroplated-Sinks-6-203x300.webp 203w, https:\/\/www.ceramicbasin.com\/wp-content\/uploads\/2024\/12\/Wholesale-ceramic-basin-factory-Electroplated-Sinks-6-768x1137.webp 768w, https:\/\/www.ceramicbasin.com\/wp-content\/uploads\/2024\/12\/Wholesale-ceramic-basin-factory-Electroplated-Sinks-6-8x12.webp 8w, https:\/\/www.ceramicbasin.com\/wp-content\/uploads\/2024\/12\/Wholesale-ceramic-basin-factory-Electroplated-Sinks-6-285x422.webp 285w, https:\/\/www.ceramicbasin.com\/wp-content\/uploads\/2024\/12\/Wholesale-ceramic-basin-factory-Electroplated-Sinks-6-446x660.webp 446w, https:\/\/www.ceramicbasin.com\/wp-content\/uploads\/2024\/12\/Wholesale-ceramic-basin-factory-Electroplated-Sinks-6-101x150.webp 101w\" sizes=\"(max-width: 800px) 100vw, 800px\" \/><\/figure>\n<\/div>\n<\/div>\n\n\n\n<p><\/p>","protected":false},"excerpt":{"rendered":"<p>Nous vous invitons \u00e0 acheter des lavabos de salle de bains sur mesure. Ces lavabos \u00e0 poser en or sont con\u00e7us pour \u00eatre install\u00e9s sur le plan de travail, ce qui permet d'\u00e9conomiser de l'espace et de faciliter l'utilisation quotidienne. La combinaison astucieuse de l'or et du blanc rehausse le style de l'ensemble de la salle de bains.<\/p>\n<table style=\"border-collapse: collapse; width: 358.52pt;\" border=\"0\" width=\"478\" cellspacing=\"0\" cellpadding=\"0\">\n<tbody>\n<tr style=\"height: 17.25pt;\">\n<td class=\"et3\" style=\"height: 17.25pt; width: 125.00pt;\" width=\"166\" height=\"23\">Fabricant<\/td>\n<td class=\"et3\" style=\"width: 234.15pt;\" width=\"312\">HanYu<\/td>\n<\/tr>\n<tr style=\"height: 17.25pt;\">\n<td class=\"et3\" style=\"height: 17.25pt;\" height=\"23\">Num\u00e9ro de mod\u00e8le.<\/td>\n<td class=\"et4\">HY-8184GY<\/td>\n<\/tr>\n<tr style=\"height: 17.25pt;\">\n<td class=\"et3\" style=\"height: 17.25pt;\" height=\"23\">Type<\/td>\n<td class=\"et5\" style=\"width: 234.15pt;\" width=\"312\">\u00c9viers galvanis\u00e9s<\/td>\n<\/tr>\n<tr style=\"height: 18.00pt;\">\n<td class=\"et3\" style=\"height: 18.00pt;\" height=\"24\">Forme<\/td>\n<td class=\"et3\">Forme hexagonale<\/td>\n<\/tr>\n<tr style=\"height: 34.50pt;\">\n<td class=\"et4\" style=\"height: 34.50pt;\" height=\"46\">Couleur<\/td>\n<td class=\"et5\" style=\"width: 234.15pt;\" width=\"312\">noir\/blanc\/bleu\/gris\/rose\/vert\/marron\/kaki<\/td>\n<\/tr>\n<tr style=\"height: 18.00pt;\">\n<td class=\"et3\" style=\"height: 18.00pt;\" height=\"24\">Dimension<\/td>\n<td class=\"et5\" style=\"width: 234.15pt;\" width=\"312\">47*35.5*11.5<\/td>\n<\/tr>\n<tr style=\"height: 17.25pt;\">\n<td class=\"et3\" style=\"height: 17.25pt;\" height=\"23\">N.W \/SET<\/td>\n<td class=\"et3\">7KGS\/PCS<\/td>\n<\/tr>\n<tr style=\"height: 17.25pt;\">\n<td class=\"et3\" style=\"height: 17.25pt;\" height=\"23\">MOQ<\/td>\n<td class=\"et3\">20pcs<\/td>\n<\/tr>\n<tr style=\"height: 17.25pt;\">\n<td class=\"et3\" style=\"height: 17.25pt;\" height=\"23\">Option personnalis\u00e9e<\/td>\n<td class=\"et3\">Couleur\/Pattenue\/Taille\/Logo\/Emballage<\/td>\n<\/tr>\n<\/tbody>\n<\/table>","protected":false},"featured_media":5728,"comment_status":"closed","ping_status":"closed","template":"","meta":{"_acf_changed":false},"product_brand":[],"product_cat":[53,50],"product_tag":[],"class_list":{"0":"post-5759","1":"product","2":"type-product","3":"status-publish","4":"has-post-thumbnail","6":"product_cat-electroplated-bathroom-sinks","7":"product_cat-wholesale-countertop-sinks","9":"first","10":"instock","11":"shipping-taxable","12":"product-type-simple"},"acf":[],"_links":{"self":[{"href":"https:\/\/www.ceramicbasin.com\/fr\/wp-json\/wp\/v2\/product\/5759","targetHints":{"allow":["GET"]}}],"collection":[{"href":"https:\/\/www.ceramicbasin.com\/fr\/wp-json\/wp\/v2\/product"}],"about":[{"href":"https:\/\/www.ceramicbasin.com\/fr\/wp-json\/wp\/v2\/types\/product"}],"replies":[{"embeddable":true,"href":"https:\/\/www.ceramicbasin.com\/fr\/wp-json\/wp\/v2\/comments?post=5759"}],"wp:featuredmedia":[{"embeddable":true,"href":"https:\/\/www.ceramicbasin.com\/fr\/wp-json\/wp\/v2\/media\/5728"}],"wp:attachment":[{"href":"https:\/\/www.ceramicbasin.com\/fr\/wp-json\/wp\/v2\/media?parent=5759"}],"wp:term":[{"taxonomy":"product_brand","embeddable":true,"href":"https:\/\/www.ceramicbasin.com\/fr\/wp-json\/wp\/v2\/product_brand?post=5759"},{"taxonomy":"product_cat","embeddable":true,"href":"https:\/\/www.ceramicbasin.com\/fr\/wp-json\/wp\/v2\/product_cat?post=5759"},{"taxonomy":"product_tag","embeddable":true,"href":"https:\/\/www.ceramicbasin.com\/fr\/wp-json\/wp\/v2\/product_tag?post=5759"}],"curies":[{"name":"wp","href":"https:\/\/api.w.org\/{rel}","templated":true}]}}