{"id":5761,"date":"2024-12-06T08:55:42","date_gmt":"2024-12-06T08:55:42","guid":{"rendered":"https:\/\/www.ceramicbasin.com\/?post_type=product&#038;p=5761"},"modified":"2024-12-06T08:55:44","modified_gmt":"2024-12-06T08:55:44","slug":"wholesale-vanity-basins","status":"publish","type":"product","link":"https:\/\/www.ceramicbasin.com\/fr\/produit\/wholesale-vanity-basins\/","title":{"rendered":"Wholesale Vanity Basins, Gold Color Wash Basin For Bathroom (Lavabo couleur or pour salle de bain)"},"content":{"rendered":"<div class=\"wp-block-columns is-layout-flex wp-container-core-columns-is-layout-9d6595d7 wp-block-columns-is-layout-flex\">\n<div class=\"wp-block-column is-layout-flow wp-block-column-is-layout-flow\">\n<h2 class=\"wp-block-heading\">Premium Wholesale Vanity Basins Caract\u00e9ristiques :<\/h2>\n\n\n\n<ul class=\"wp-block-list\">\n<li><strong>Luxueux assortiment de couleurs :\u00a0<\/strong>Ce mariage traditionnel de couleurs entre l'or et le blanc est utilis\u00e9 dans ces vasques en gros. La partie dor\u00e9e est brillante avec des lignes, tandis que la partie blanche est pure et \u00e9l\u00e9gante. Cela cr\u00e9e une atmosph\u00e8re luxueuse et \u00e9l\u00e9gante.<\/li>\n\n\n\n<li><strong>Design moderne :\u00a0<\/strong>Ce lavabo en gros de couleur or est de conception moderne. La combinaison astucieuse de l'or et du blanc rehausse le style de l'ensemble de la salle de bains.<\/li>\n\n\n\n<li><strong>R\u00e9duction des co\u00fbts :<\/strong>\u00a0Nos lavabos de comptoir allient un design esth\u00e9tique simple \u00e0 une fonctionnalit\u00e9 pratique, un choix id\u00e9al pour les salles de bains \u00e9l\u00e9gantes. Vente en gros de lavabos de salle de bain \u00e0 des prix raisonnables, et livraison rapide pour r\u00e9pondre aux besoins des grosses commandes tout en garantissant la qualit\u00e9 du produit.<\/li>\n\n\n\n<li><strong>Approvisionnement en vrac, rentable :\u00a0<\/strong>Nous fournissons des prix d'achat pr\u00e9f\u00e9rentiels pour ce lavabo couleur or en gros, garantissant que vous b\u00e9n\u00e9ficiez de produits de haute qualit\u00e9 tout en maintenant le budget de votre projet.<\/li>\n<\/ul>\n<\/div>\n\n\n\n<div class=\"wp-block-column is-layout-flow wp-block-column-is-layout-flow\">\n<figure class=\"wp-block-image size-full is-resized\"><img fetchpriority=\"high\" decoding=\"async\" width=\"800\" height=\"1214\" src=\"https:\/\/www.ceramicbasin.com\/wp-content\/uploads\/2024\/12\/Countertop-basin-manufacturer-Electroplated-Gold-Sinks-6.webp\" alt=\"Wholesale Vanity Basins, Gold Color Wash Basin For Bathroom-1\" class=\"wp-image-5718\" style=\"width:352px;height:auto\" srcset=\"https:\/\/www.ceramicbasin.com\/wp-content\/uploads\/2024\/12\/Countertop-basin-manufacturer-Electroplated-Gold-Sinks-6.webp 800w, https:\/\/www.ceramicbasin.com\/wp-content\/uploads\/2024\/12\/Countertop-basin-manufacturer-Electroplated-Gold-Sinks-6-198x300.webp 198w, https:\/\/www.ceramicbasin.com\/wp-content\/uploads\/2024\/12\/Countertop-basin-manufacturer-Electroplated-Gold-Sinks-6-768x1165.webp 768w, https:\/\/www.ceramicbasin.com\/wp-content\/uploads\/2024\/12\/Countertop-basin-manufacturer-Electroplated-Gold-Sinks-6-8x12.webp 8w, https:\/\/www.ceramicbasin.com\/wp-content\/uploads\/2024\/12\/Countertop-basin-manufacturer-Electroplated-Gold-Sinks-6-285x432.webp 285w, https:\/\/www.ceramicbasin.com\/wp-content\/uploads\/2024\/12\/Countertop-basin-manufacturer-Electroplated-Gold-Sinks-6-435x660.webp 435w, https:\/\/www.ceramicbasin.com\/wp-content\/uploads\/2024\/12\/Countertop-basin-manufacturer-Electroplated-Gold-Sinks-6-99x150.webp 99w\" sizes=\"(max-width: 800px) 100vw, 800px\" \/><\/figure>\n<\/div>\n<\/div>","protected":false},"excerpt":{"rendered":"<p>Bienvenue sur le site d'achat en gros de lavabos. Notre lavabo \u00e0 poser de couleur or allie un design esth\u00e9tique simple \u00e0 une fonctionnalit\u00e9 pratique, un choix id\u00e9al pour les salles de bains \u00e9l\u00e9gantes. Les lavabos de salle de bain en gros \u00e0 des prix raisonnables, et une livraison rapide pour r\u00e9pondre aux besoins des grosses commandes tout en assurant la qualit\u00e9 du produit.<\/p>\n<table style=\"border-collapse: collapse; width: 358.52pt;\" border=\"0\" width=\"478\" cellspacing=\"0\" cellpadding=\"0\">\n<tbody>\n<tr style=\"height: 17.25pt;\">\n<td class=\"et3\" style=\"height: 17.25pt; width: 125.00pt;\" width=\"166\" height=\"23\">Fabricant<\/td>\n<td class=\"et3\" style=\"width: 234.15pt;\" width=\"312\">HanYu<\/td>\n<\/tr>\n<tr style=\"height: 17.25pt;\">\n<td class=\"et3\" style=\"height: 17.25pt;\" height=\"23\">Num\u00e9ro de mod\u00e8le.<\/td>\n<td class=\"et4\">HY-8186GS<\/td>\n<\/tr>\n<tr style=\"height: 17.25pt;\">\n<td class=\"et3\" style=\"height: 17.25pt;\" height=\"23\">Type<\/td>\n<td class=\"et5\" style=\"width: 234.15pt;\" width=\"312\">\u00c9viers galvanis\u00e9s<\/td>\n<\/tr>\n<tr style=\"height: 18.00pt;\">\n<td class=\"et3\" style=\"height: 18.00pt;\" height=\"24\">Forme<\/td>\n<td class=\"et3\">Forme ovale<\/td>\n<\/tr>\n<tr style=\"height: 34.50pt;\">\n<td class=\"et4\" style=\"height: 34.50pt;\" height=\"46\">Couleur<\/td>\n<td class=\"et5\" style=\"width: 234.15pt;\" width=\"312\">noir\/blanc\/bleu\/gris\/rose\/vert\/marron\/kaki<\/td>\n<\/tr>\n<tr style=\"height: 18.00pt;\">\n<td class=\"et3\" style=\"height: 18.00pt;\" height=\"24\">Dimension<\/td>\n<td class=\"et5\" style=\"width: 234.15pt;\" width=\"312\">52*37*13<\/td>\n<\/tr>\n<tr style=\"height: 17.25pt;\">\n<td class=\"et3\" style=\"height: 17.25pt;\" height=\"23\">N.W \/SET<\/td>\n<td class=\"et3\">9KGS\/PCS<\/td>\n<\/tr>\n<tr style=\"height: 17.25pt;\">\n<td class=\"et3\" style=\"height: 17.25pt;\" height=\"23\">MOQ<\/td>\n<td class=\"et3\">20pcs<\/td>\n<\/tr>\n<tr style=\"height: 17.25pt;\">\n<td class=\"et3\" style=\"height: 17.25pt;\" height=\"23\">Option personnalis\u00e9e<\/td>\n<td class=\"et3\">Couleur\/Pattenue\/Taille\/Logo\/Emballage<\/td>\n<\/tr>\n<\/tbody>\n<\/table>","protected":false},"featured_media":5713,"comment_status":"closed","ping_status":"closed","template":"","meta":{"_acf_changed":false},"product_brand":[],"product_cat":[53,50],"product_tag":[],"class_list":{"0":"post-5761","1":"product","2":"type-product","3":"status-publish","4":"has-post-thumbnail","6":"product_cat-electroplated-bathroom-sinks","7":"product_cat-wholesale-countertop-sinks","9":"first","10":"instock","11":"shipping-taxable","12":"product-type-simple"},"acf":[],"_links":{"self":[{"href":"https:\/\/www.ceramicbasin.com\/fr\/wp-json\/wp\/v2\/product\/5761","targetHints":{"allow":["GET"]}}],"collection":[{"href":"https:\/\/www.ceramicbasin.com\/fr\/wp-json\/wp\/v2\/product"}],"about":[{"href":"https:\/\/www.ceramicbasin.com\/fr\/wp-json\/wp\/v2\/types\/product"}],"replies":[{"embeddable":true,"href":"https:\/\/www.ceramicbasin.com\/fr\/wp-json\/wp\/v2\/comments?post=5761"}],"wp:featuredmedia":[{"embeddable":true,"href":"https:\/\/www.ceramicbasin.com\/fr\/wp-json\/wp\/v2\/media\/5713"}],"wp:attachment":[{"href":"https:\/\/www.ceramicbasin.com\/fr\/wp-json\/wp\/v2\/media?parent=5761"}],"wp:term":[{"taxonomy":"product_brand","embeddable":true,"href":"https:\/\/www.ceramicbasin.com\/fr\/wp-json\/wp\/v2\/product_brand?post=5761"},{"taxonomy":"product_cat","embeddable":true,"href":"https:\/\/www.ceramicbasin.com\/fr\/wp-json\/wp\/v2\/product_cat?post=5761"},{"taxonomy":"product_tag","embeddable":true,"href":"https:\/\/www.ceramicbasin.com\/fr\/wp-json\/wp\/v2\/product_tag?post=5761"}],"curies":[{"name":"wp","href":"https:\/\/api.w.org\/{rel}","templated":true}]}}