{"id":5767,"date":"2024-12-12T07:46:44","date_gmt":"2024-12-12T07:46:44","guid":{"rendered":"https:\/\/www.ceramicbasin.com\/?post_type=product&#038;p=5767"},"modified":"2025-10-23T09:58:00","modified_gmt":"2025-10-23T09:58:00","slug":"custom-vanity-sinks","status":"publish","type":"product","link":"https:\/\/www.ceramicbasin.com\/fr\/produit\/custom-vanity-sinks\/","title":{"rendered":"Lavabos sur mesure pour projets, grossiste en lavabos en c\u00e9ramique"},"content":{"rendered":"<div class=\"wp-block-columns is-layout-flex wp-container-core-columns-is-layout-9d6595d7 wp-block-columns-is-layout-flex\">\n<div class=\"wp-block-column is-layout-flow wp-block-column-is-layout-flow\">\n<h2 class=\"wp-block-heading\">Premium Custom Vanity Sinks Features :<\/h2>\n\n\n\n<ul class=\"wp-block-list\">\n<li><strong>Technologie d'impression par transfert d'eau : <\/strong>Nos lavabos sur mesure adoptent une technologie avanc\u00e9e d'impression par transfert d'eau. Le motif de surface de chaque vasque de salle de bains est uniforme et exquis, ce qui peut pr\u00e9senter un effet de texture complexe, garantissant que chaque produit est unique et artistique, et qu'il r\u00e9pond parfaitement aux besoins de la d\u00e9coration moderne.<\/li>\n\n\n\n<li><strong>Motif de texture marbr\u00e9e : <\/strong>Con\u00e7ue dans les moindres d\u00e9tails, la texture du marbre dans nos lavabos en c\u00e9ramique en gros exsude le luxe \u00e0 l'extr\u00eame. Il convient aussi bien aux salles de bains traditionnelles qu'aux salles de bains modernes. Il est donc parfait en combinaison, ajoutant une atmosph\u00e8re et une mode de haute qualit\u00e9, ouvrant ainsi un monde diff\u00e9rent vers de nouvelles exp\u00e9riences visuelles dans vos salles de bains.<\/li>\n\n\n\n<li><strong>Mat\u00e9riaux de haute qualit\u00e9 : <\/strong>Ces \u00e9viers sur mesure sont fabriqu\u00e9s \u00e0 partir de mat\u00e9riaux c\u00e9ramiques de haute qualit\u00e9 et ont fait l'objet d'un traitement rigoureux afin de garantir la solidit\u00e9 et la durabilit\u00e9 des produits, ainsi qu'une forte r\u00e9sistance aux taches et une r\u00e9sistance sup\u00e9rieure \u00e0 l'usure. Ils ne s'ab\u00eement pas facilement apr\u00e8s une utilisation prolong\u00e9e et restent brillants et propres comme \u00e0 l'\u00e9tat neuf, r\u00e9pondant ainsi aux besoins de qualit\u00e9 du march\u00e9 haut de gamme.<\/li>\n\n\n\n<li><strong>Livraison rapide : <\/strong>Nous disposons d'un syst\u00e8me complet de gestion de la production et d'une ligne de production efficace, qui peuvent assurer que notre lavabo en c\u00e9ramique en gros est livr\u00e9 \u00e0 temps, r\u00e9pondre aux besoins urgents des clients et fournir un soutien solide \u00e0 vos projets de construction et de d\u00e9coration.<\/li>\n<\/ul>\n<\/div>\n\n\n\n<div class=\"wp-block-column is-layout-flow wp-block-column-is-layout-flow\">\n<figure class=\"wp-block-image size-full\"><img fetchpriority=\"high\" decoding=\"async\" width=\"1345\" height=\"1787\" src=\"https:\/\/www.ceramicbasin.com\/wp-content\/uploads\/2024\/12\/ceramic-wash-basin-factory-6.jpg\" alt=\"Lavabos de comptoir, lavabos de comptoir en c\u00e9ramique Wholesale-1\" class=\"wp-image-5768\" srcset=\"https:\/\/www.ceramicbasin.com\/wp-content\/uploads\/2024\/12\/ceramic-wash-basin-factory-6.jpg 1345w, https:\/\/www.ceramicbasin.com\/wp-content\/uploads\/2024\/12\/ceramic-wash-basin-factory-6-226x300.jpg 226w, https:\/\/www.ceramicbasin.com\/wp-content\/uploads\/2024\/12\/ceramic-wash-basin-factory-6-768x1020.jpg 768w, https:\/\/www.ceramicbasin.com\/wp-content\/uploads\/2024\/12\/ceramic-wash-basin-factory-6-9x12.jpg 9w, https:\/\/www.ceramicbasin.com\/wp-content\/uploads\/2024\/12\/ceramic-wash-basin-factory-6-285x379.jpg 285w, https:\/\/www.ceramicbasin.com\/wp-content\/uploads\/2024\/12\/ceramic-wash-basin-factory-6-497x660.jpg 497w, https:\/\/www.ceramicbasin.com\/wp-content\/uploads\/2024\/12\/ceramic-wash-basin-factory-6-113x150.jpg 113w\" sizes=\"(max-width: 1345px) 100vw, 1345px\" \/><\/figure>\n<\/div>\n<\/div>\n\n\n\n<p><\/p>","protected":false},"excerpt":{"rendered":"<p>Bienvenue sur le site d'achat en gros de lavabos en c\u00e9ramique. Nos lavabos personnalis\u00e9s utilisent une technologie avanc\u00e9e d'impression par transfert d'eau pour pr\u00e9senter d'exquises textures de marbre, combin\u00e9es \u00e0 des mat\u00e9riaux c\u00e9ramiques de haute qualit\u00e9 pour assurer une haute qualit\u00e9 et une durabilit\u00e9 \u00e0 long terme. Que ce soit pour un usage domestique ou commercial, ils peuvent fournir des solutions de salle de bain haut de gamme et \u00e0 la mode. Nous promettons une livraison rapide et fournissons une assistance opportune et fiable pour votre projet.<\/p>\n<table style=\"border-collapse: collapse; width: 311.02pt;\" border=\"0\" width=\"311\" cellspacing=\"0\" cellpadding=\"0\">\n<tbody>\n<tr style=\"height: 17.60pt;\">\n<td class=\"et3\" style=\"height: 17.60pt; width: 108.35pt;\" width=\"108\" height=\"17\">Fabricant<\/td>\n<td class=\"et3\" style=\"width: 202.95pt;\" width=\"202\">HanYu<\/td>\n<\/tr>\n<tr style=\"height: 17.60pt;\">\n<td class=\"et3\" style=\"height: 17.60pt;\" height=\"17\">Num\u00e9ro de mod\u00e8le.<\/td>\n<td class=\"et4\">HY-8018AD71<\/td>\n<\/tr>\n<tr style=\"height: 36.00pt;\">\n<td class=\"et3\" style=\"height: 36.00pt;\" height=\"36\">Type<\/td>\n<td class=\"et5\" style=\"width: 202.95pt;\" width=\"202\">Cuvette en marbre, cuvette de comptoir<\/td>\n<\/tr>\n<tr style=\"height: 17.60pt;\">\n<td class=\"et3\" style=\"height: 17.60pt;\" height=\"17\">Forme<\/td>\n<td class=\"et3\">Forme rectangulaire<\/td>\n<\/tr>\n<tr style=\"height: 18.00pt;\">\n<td class=\"et4\" style=\"height: 18.00pt;\" height=\"18\">Couleur<\/td>\n<td class=\"et5\" style=\"width: 202.95pt;\" width=\"202\">Marron<\/td>\n<\/tr>\n<tr style=\"height: 18.00pt;\">\n<td class=\"et3\" style=\"height: 18.00pt;\" height=\"18\">Dimension<\/td>\n<td class=\"et5\" style=\"width: 202.95pt;\" width=\"202\">46*32*13.5<\/td>\n<\/tr>\n<tr style=\"height: 17.60pt;\">\n<td class=\"et3\" style=\"height: 17.60pt;\" height=\"17\">N.W \/SET<\/td>\n<td class=\"et3\">7 KGS\/PCS<\/td>\n<\/tr>\n<tr style=\"height: 17.60pt;\">\n<td class=\"et3\" style=\"height: 17.60pt;\" height=\"17\">MOQ<\/td>\n<td class=\"et3\">20pcs<\/td>\n<\/tr>\n<tr style=\"height: 17.60pt;\">\n<td class=\"et3\" style=\"height: 17.60pt;\" height=\"17\">Option personnalis\u00e9e<\/td>\n<td class=\"et3\">Couleur\/Pattenue\/Taille\/Logo\/Emballage<\/td>\n<\/tr>\n<\/tbody>\n<\/table>","protected":false},"featured_media":5769,"comment_status":"closed","ping_status":"closed","template":"","meta":{"_acf_changed":false},"product_brand":[],"product_cat":[54,50],"product_tag":[],"class_list":{"0":"post-5767","1":"product","2":"type-product","3":"status-publish","4":"has-post-thumbnail","6":"product_cat-wholesale-marble-sinks","7":"product_cat-wholesale-countertop-sinks","9":"first","10":"instock","11":"shipping-taxable","12":"product-type-simple"},"acf":[],"_links":{"self":[{"href":"https:\/\/www.ceramicbasin.com\/fr\/wp-json\/wp\/v2\/product\/5767","targetHints":{"allow":["GET"]}}],"collection":[{"href":"https:\/\/www.ceramicbasin.com\/fr\/wp-json\/wp\/v2\/product"}],"about":[{"href":"https:\/\/www.ceramicbasin.com\/fr\/wp-json\/wp\/v2\/types\/product"}],"replies":[{"embeddable":true,"href":"https:\/\/www.ceramicbasin.com\/fr\/wp-json\/wp\/v2\/comments?post=5767"}],"wp:featuredmedia":[{"embeddable":true,"href":"https:\/\/www.ceramicbasin.com\/fr\/wp-json\/wp\/v2\/media\/5769"}],"wp:attachment":[{"href":"https:\/\/www.ceramicbasin.com\/fr\/wp-json\/wp\/v2\/media?parent=5767"}],"wp:term":[{"taxonomy":"product_brand","embeddable":true,"href":"https:\/\/www.ceramicbasin.com\/fr\/wp-json\/wp\/v2\/product_brand?post=5767"},{"taxonomy":"product_cat","embeddable":true,"href":"https:\/\/www.ceramicbasin.com\/fr\/wp-json\/wp\/v2\/product_cat?post=5767"},{"taxonomy":"product_tag","embeddable":true,"href":"https:\/\/www.ceramicbasin.com\/fr\/wp-json\/wp\/v2\/product_tag?post=5767"}],"curies":[{"name":"wp","href":"https:\/\/api.w.org\/{rel}","templated":true}]}}