{"id":5775,"date":"2024-12-12T08:18:51","date_gmt":"2024-12-12T08:18:51","guid":{"rendered":"https:\/\/www.ceramicbasin.com\/?post_type=product&#038;p=5775"},"modified":"2024-12-13T09:20:29","modified_gmt":"2024-12-13T09:20:29","slug":"custom-made-washbasin","status":"publish","type":"product","link":"https:\/\/www.ceramicbasin.com\/fr\/produit\/custom-made-washbasin\/","title":{"rendered":"New Color Custom Made Washbasin, Ceramic Artificial Marble Sinks Wholesale (lavabos en c\u00e9ramique et en marbre artificiel)"},"content":{"rendered":"<div class=\"wp-block-columns is-layout-flex wp-container-core-columns-is-layout-9d6595d7 wp-block-columns-is-layout-flex\">\n<div class=\"wp-block-column is-layout-flow wp-block-column-is-layout-flow\">\n<h2 class=\"wp-block-heading\">Lavabo haut de gamme sur mesure Caract\u00e9ristiques :<\/h2>\n\n\n\n<ul class=\"wp-block-list\">\n<li><strong>Technologie d'impression par transfert d'eau : <\/strong>Ce lavabo sur mesure adopte une technologie avanc\u00e9e d'impression par transfert d'eau pour garantir que le motif de la surface de chaque lavabo est fin et uniforme, montrant un effet de texture d\u00e9licat, ajoutant un sens artistique moderne \u00e0 la salle de bains.<\/li>\n\n\n\n<li><strong>Nouvelle texture de marbre : <\/strong>Nos \u00e9viers de salle de bains en c\u00e9ramique adoptent une texture de marbre nouvellement con\u00e7ue, avec une texture naturelle et lisse et des couleurs riches, qui peuvent apporter luxe et mode aux salles de bains de diff\u00e9rents styles et s'int\u00e8grent parfaitement \u00e0 la d\u00e9coration int\u00e9rieure moderne.<\/li>\n\n\n\n<li><strong>S\u00e9lection de couleurs personnalis\u00e9es : <\/strong>Ce lavabo sur mesure est livr\u00e9 avec une vari\u00e9t\u00e9 d'options de couleurs personnalis\u00e9es pour r\u00e9pondre \u00e0 vos besoins de m\u00e9langer la couleur parfaite afin que votre lavabo de salle de bain puisse s'int\u00e9grer parfaitement au style g\u00e9n\u00e9ral de votre maison et refl\u00e9ter des caract\u00e9ristiques personnalis\u00e9es.<\/li>\n\n\n\n<li><strong>Mat\u00e9riau c\u00e9ramique de haute qualit\u00e9 : <\/strong>Cet \u00e9vier de salle de bain en c\u00e9ramique adopte des mat\u00e9riaux c\u00e9ramiques de haute qualit\u00e9 et, apr\u00e8s un traitement fin, la surface peut \u00eatre suffisamment lisse pour r\u00e9sister \u00e0 l'usure, \u00eatre antisalissure, facile \u00e0 nettoyer et rester neuve \u00e0 long terme.<\/li>\n<\/ul>\n<\/div>\n\n\n\n<div class=\"wp-block-column is-layout-flow wp-block-column-is-layout-flow\">\n<figure class=\"wp-block-image size-full\"><img fetchpriority=\"high\" decoding=\"async\" width=\"1345\" height=\"1787\" src=\"https:\/\/www.ceramicbasin.com\/wp-content\/uploads\/2024\/12\/wholesale-counter-bathroom-sink-6-1.jpg\" alt=\"New Color Custom Made Washbasin, Ceramic Artificial Marble Sinks Wholesale-1 (lavabos en c\u00e9ramique et en marbre artificiel)\" class=\"wp-image-5782\" srcset=\"https:\/\/www.ceramicbasin.com\/wp-content\/uploads\/2024\/12\/wholesale-counter-bathroom-sink-6-1.jpg 1345w, https:\/\/www.ceramicbasin.com\/wp-content\/uploads\/2024\/12\/wholesale-counter-bathroom-sink-6-1-226x300.jpg 226w, https:\/\/www.ceramicbasin.com\/wp-content\/uploads\/2024\/12\/wholesale-counter-bathroom-sink-6-1-768x1020.jpg 768w, https:\/\/www.ceramicbasin.com\/wp-content\/uploads\/2024\/12\/wholesale-counter-bathroom-sink-6-1-9x12.jpg 9w, https:\/\/www.ceramicbasin.com\/wp-content\/uploads\/2024\/12\/wholesale-counter-bathroom-sink-6-1-285x379.jpg 285w, https:\/\/www.ceramicbasin.com\/wp-content\/uploads\/2024\/12\/wholesale-counter-bathroom-sink-6-1-497x660.jpg 497w, https:\/\/www.ceramicbasin.com\/wp-content\/uploads\/2024\/12\/wholesale-counter-bathroom-sink-6-1-113x150.jpg 113w\" sizes=\"(max-width: 1345px) 100vw, 1345px\" \/><\/figure>\n<\/div>\n<\/div>\n\n\n\n<p><\/p>","protected":false},"excerpt":{"rendered":"<p>Nous vous invitons \u00e0 acheter en gros des lavabos de salle de bains en c\u00e9ramique. Ce lavabo sur mesure adopte une technologie avanc\u00e9e d'impression par transfert d'eau pour montrer une nouvelle texture de marbre, combin\u00e9e \u00e0 des mat\u00e9riaux c\u00e9ramiques de haute qualit\u00e9, avec diverses options de couleurs personnalis\u00e9es, parfaites pour diff\u00e9rents styles de maison. Son design exquis et son excellente qualit\u00e9 le rendent \u00e0 la fois moderne et luxueux, ce qui en fait un choix id\u00e9al pour la d\u00e9coration de votre salle de bain.<\/p>\n<table style=\"border-collapse: collapse; width: 311.02pt;\" border=\"0\" width=\"311\" cellspacing=\"0\" cellpadding=\"0\">\n<tbody>\n<tr style=\"height: 17.60pt;\">\n<td class=\"et3\" style=\"height: 17.60pt; width: 108.35pt;\" width=\"108\" height=\"17\">Fabricant<\/td>\n<td class=\"et3\" style=\"width: 202.95pt;\" width=\"202\">HanYu<\/td>\n<\/tr>\n<tr style=\"height: 17.60pt;\">\n<td class=\"et3\" style=\"height: 17.60pt;\" height=\"17\">Num\u00e9ro de mod\u00e8le.<\/td>\n<td class=\"et4\">HY-8015D78<\/td>\n<\/tr>\n<tr style=\"height: 36.00pt;\">\n<td class=\"et3\" style=\"height: 36.00pt;\" height=\"36\">Type<\/td>\n<td class=\"et5\" style=\"width: 202.95pt;\" width=\"202\">Cuvette en marbre, cuvette de comptoir<\/td>\n<\/tr>\n<tr style=\"height: 17.60pt;\">\n<td class=\"et3\" style=\"height: 17.60pt;\" height=\"17\">Forme<\/td>\n<td class=\"et3\">Forme ovale<\/td>\n<\/tr>\n<tr style=\"height: 18.00pt;\">\n<td class=\"et4\" style=\"height: 18.00pt;\" height=\"18\">Couleur<\/td>\n<td class=\"et5\" style=\"width: 202.95pt;\" width=\"202\">Noir et blanc<\/td>\n<\/tr>\n<tr style=\"height: 18.00pt;\">\n<td class=\"et3\" style=\"height: 18.00pt;\" height=\"18\">Dimension<\/td>\n<td class=\"et5\" style=\"width: 202.95pt;\" width=\"202\">49*35.5*13<\/td>\n<\/tr>\n<tr style=\"height: 17.60pt;\">\n<td class=\"et3\" style=\"height: 17.60pt;\" height=\"17\">N.W \/SET<\/td>\n<td class=\"et3\">7 KGS\/PCS<\/td>\n<\/tr>\n<tr style=\"height: 17.60pt;\">\n<td class=\"et3\" style=\"height: 17.60pt;\" height=\"17\">MOQ<\/td>\n<td class=\"et3\">20pcs<\/td>\n<\/tr>\n<tr style=\"height: 17.60pt;\">\n<td class=\"et3\" style=\"height: 17.60pt;\" height=\"17\">Option personnalis\u00e9e<\/td>\n<td class=\"et3\">Couleur\/Pattenue\/Taille\/Logo\/Emballage<\/td>\n<\/tr>\n<\/tbody>\n<\/table>","protected":false},"featured_media":5776,"comment_status":"closed","ping_status":"closed","template":"","meta":{"_acf_changed":false},"product_brand":[],"product_cat":[54,50],"product_tag":[],"class_list":{"0":"post-5775","1":"product","2":"type-product","3":"status-publish","4":"has-post-thumbnail","6":"product_cat-wholesale-marble-sinks","7":"product_cat-wholesale-countertop-sinks","9":"first","10":"instock","11":"shipping-taxable","12":"product-type-simple"},"acf":[],"_links":{"self":[{"href":"https:\/\/www.ceramicbasin.com\/fr\/wp-json\/wp\/v2\/product\/5775","targetHints":{"allow":["GET"]}}],"collection":[{"href":"https:\/\/www.ceramicbasin.com\/fr\/wp-json\/wp\/v2\/product"}],"about":[{"href":"https:\/\/www.ceramicbasin.com\/fr\/wp-json\/wp\/v2\/types\/product"}],"replies":[{"embeddable":true,"href":"https:\/\/www.ceramicbasin.com\/fr\/wp-json\/wp\/v2\/comments?post=5775"}],"wp:featuredmedia":[{"embeddable":true,"href":"https:\/\/www.ceramicbasin.com\/fr\/wp-json\/wp\/v2\/media\/5776"}],"wp:attachment":[{"href":"https:\/\/www.ceramicbasin.com\/fr\/wp-json\/wp\/v2\/media?parent=5775"}],"wp:term":[{"taxonomy":"product_brand","embeddable":true,"href":"https:\/\/www.ceramicbasin.com\/fr\/wp-json\/wp\/v2\/product_brand?post=5775"},{"taxonomy":"product_cat","embeddable":true,"href":"https:\/\/www.ceramicbasin.com\/fr\/wp-json\/wp\/v2\/product_cat?post=5775"},{"taxonomy":"product_tag","embeddable":true,"href":"https:\/\/www.ceramicbasin.com\/fr\/wp-json\/wp\/v2\/product_tag?post=5775"}],"curies":[{"name":"wp","href":"https:\/\/api.w.org\/{rel}","templated":true}]}}