{"id":5783,"date":"2024-12-12T08:31:33","date_gmt":"2024-12-12T08:31:33","guid":{"rendered":"https:\/\/www.ceramicbasin.com\/?post_type=product&#038;p=5783"},"modified":"2024-12-13T09:33:10","modified_gmt":"2024-12-13T09:33:10","slug":"bespoke-bathroom-sink","status":"publish","type":"product","link":"https:\/\/www.ceramicbasin.com\/fr\/produit\/bespoke-bathroom-sink\/","title":{"rendered":"Lavabo en c\u00e9ramique sur mesure Wholesale, Marble Texture WashBasin"},"content":{"rendered":"<div class=\"wp-block-columns is-layout-flex wp-container-core-columns-is-layout-9d6595d7 wp-block-columns-is-layout-flex\">\n<div class=\"wp-block-column is-layout-flow wp-block-column-is-layout-flow\">\n<h2 class=\"wp-block-heading\">Caract\u00e9ristiques de l'\u00e9vier de salle de bain sur mesure de premi\u00e8re qualit\u00e9 :<\/h2>\n\n\n\n<ul class=\"wp-block-list\">\n<li><strong>Technologie avanc\u00e9e d'impression par transfert d'eau :<\/strong> Ce lavabo de salle de bain sur mesure utilise une technologie avanc\u00e9e d'impression par transfert d'eau pour rendre la texture de marbre gris fonc\u00e9 sur la surface de chaque lavabo naturellement transitionnelle, fine et r\u00e9aliste, garantissant que chaque produit est unique.<\/li>\n\n\n\n<li><strong>Texture de marbre gris fonc\u00e9 : <\/strong>Ce lavabo en porcelaine fait sur mesure pr\u00e9sente une texture de marbre gris fonc\u00e9, \u00e9l\u00e9gante et moderne, avec un grand effet visuel, ajoutant une atmosph\u00e8re de classe et de mode \u00e0 l'espace de la salle de bains.<\/li>\n\n\n\n<li><strong>Service sur mesure : <\/strong>Nous pouvons fournir une personnalisation flexible pour les lavabos en porcelaine en gros, et vous pouvez choisir la taille, la forme et la couleur appropri\u00e9es pour cr\u00e9er votre propre lavabo personnalis\u00e9 en fonction des besoins sp\u00e9cifiques de la salle de bain.<\/li>\n\n\n\n<li><strong>Mat\u00e9riau c\u00e9ramique de haute qualit\u00e9 : <\/strong>Notre \u00e9vier de salle de bains sur mesure s\u00e9lectionne des mati\u00e8res premi\u00e8res c\u00e9ramiques haut de gamme. La surface est lisse, r\u00e9sistante \u00e0 l'usure, antisalissure, facile \u00e0 nettoyer et neuve apr\u00e8s une longue p\u00e9riode.<\/li>\n<\/ul>\n<\/div>\n\n\n\n<div class=\"wp-block-column is-layout-flow wp-block-column-is-layout-flow\">\n<figure class=\"wp-block-image size-full\"><img fetchpriority=\"high\" decoding=\"async\" width=\"913\" height=\"1219\" src=\"https:\/\/www.ceramicbasin.com\/wp-content\/uploads\/2024\/12\/customized-marble-basin-6.jpg\" alt=\"Lavabo en c\u00e9ramique sur mesure Wholesale, Marble Texture WashBasin-1\" class=\"wp-image-5784\" srcset=\"https:\/\/www.ceramicbasin.com\/wp-content\/uploads\/2024\/12\/customized-marble-basin-6.jpg 913w, https:\/\/www.ceramicbasin.com\/wp-content\/uploads\/2024\/12\/customized-marble-basin-6-225x300.jpg 225w, https:\/\/www.ceramicbasin.com\/wp-content\/uploads\/2024\/12\/customized-marble-basin-6-768x1025.jpg 768w, https:\/\/www.ceramicbasin.com\/wp-content\/uploads\/2024\/12\/customized-marble-basin-6-9x12.jpg 9w, https:\/\/www.ceramicbasin.com\/wp-content\/uploads\/2024\/12\/customized-marble-basin-6-285x381.jpg 285w, https:\/\/www.ceramicbasin.com\/wp-content\/uploads\/2024\/12\/customized-marble-basin-6-494x660.jpg 494w, https:\/\/www.ceramicbasin.com\/wp-content\/uploads\/2024\/12\/customized-marble-basin-6-112x150.jpg 112w\" sizes=\"(max-width: 913px) 100vw, 913px\" \/><\/figure>\n<\/div>\n<\/div>\n\n\n\n<p><\/p>","protected":false},"excerpt":{"rendered":"<p>Bienvenue pour l'achat en gros de lavabos en porcelaine. Cet \u00e9vier de salle de bain sur mesure pr\u00e9sente une texture de marbre gris fonc\u00e9, un design \u00e9l\u00e9gant et moderne, parfait pour une vari\u00e9t\u00e9 de styles de salle de bain. Avec des mat\u00e9riaux c\u00e9ramiques de haute qualit\u00e9, il est non seulement durable et facile \u00e0 nettoyer, mais reste \u00e9galement comme neuf apr\u00e8s une utilisation \u00e0 long terme.<\/p>\n<table style=\"border-collapse: collapse; width: 358.52pt;\" border=\"0\" width=\"478\" cellspacing=\"0\" cellpadding=\"0\">\n<tbody>\n<tr style=\"height: 17.25pt;\">\n<td class=\"et3\" style=\"height: 17.25pt; width: 125.00pt;\" width=\"166\" height=\"23\">Fabricant<\/td>\n<td class=\"et3\" style=\"width: 234.15pt;\" width=\"312\">HanYu<\/td>\n<\/tr>\n<tr style=\"height: 17.25pt;\">\n<td class=\"et3\" style=\"height: 17.25pt;\" height=\"23\">Num\u00e9ro de mod\u00e8le.<\/td>\n<td class=\"et4\">HY-8064-45D100<\/td>\n<\/tr>\n<tr style=\"height: 17.25pt;\">\n<td class=\"et3\" style=\"height: 17.25pt;\" height=\"23\">Type<\/td>\n<td class=\"et5\" style=\"width: 234.15pt;\" width=\"312\">\u00c9viers en marbre<\/td>\n<\/tr>\n<tr style=\"height: 18.00pt;\">\n<td class=\"et3\" style=\"height: 18.00pt;\" height=\"24\">Forme<\/td>\n<td class=\"et3\">Forme carr\u00e9e<\/td>\n<\/tr>\n<tr style=\"height: 34.50pt;\">\n<td class=\"et4\" style=\"height: 34.50pt;\" height=\"46\">Couleur<\/td>\n<td class=\"et5\" style=\"width: 234.15pt;\" width=\"312\">Vert<\/td>\n<\/tr>\n<tr style=\"height: 18.00pt;\">\n<td class=\"et3\" style=\"height: 18.00pt;\" height=\"24\">Dimension<\/td>\n<td class=\"et5\" style=\"width: 234.15pt;\" width=\"312\">45*38*11<\/td>\n<\/tr>\n<tr style=\"height: 17.25pt;\">\n<td class=\"et3\" style=\"height: 17.25pt;\" height=\"23\">N.W \/SET<\/td>\n<td class=\"et3\">10KGS\/PCS<\/td>\n<\/tr>\n<tr style=\"height: 17.25pt;\">\n<td class=\"et3\" style=\"height: 17.25pt;\" height=\"23\">MOQ<\/td>\n<td class=\"et3\">20pcs<\/td>\n<\/tr>\n<tr style=\"height: 17.25pt;\">\n<td class=\"et3\" style=\"height: 17.25pt;\" height=\"23\">Option personnalis\u00e9e<\/td>\n<td class=\"et3\">Couleur\/Pattenue\/Taille\/Logo\/Emballage<\/td>\n<\/tr>\n<\/tbody>\n<\/table>","protected":false},"featured_media":5785,"comment_status":"closed","ping_status":"closed","template":"","meta":{"_acf_changed":false},"product_brand":[],"product_cat":[54,50],"product_tag":[],"class_list":{"0":"post-5783","1":"product","2":"type-product","3":"status-publish","4":"has-post-thumbnail","6":"product_cat-wholesale-marble-sinks","7":"product_cat-wholesale-countertop-sinks","9":"first","10":"instock","11":"shipping-taxable","12":"product-type-simple"},"acf":[],"_links":{"self":[{"href":"https:\/\/www.ceramicbasin.com\/fr\/wp-json\/wp\/v2\/product\/5783","targetHints":{"allow":["GET"]}}],"collection":[{"href":"https:\/\/www.ceramicbasin.com\/fr\/wp-json\/wp\/v2\/product"}],"about":[{"href":"https:\/\/www.ceramicbasin.com\/fr\/wp-json\/wp\/v2\/types\/product"}],"replies":[{"embeddable":true,"href":"https:\/\/www.ceramicbasin.com\/fr\/wp-json\/wp\/v2\/comments?post=5783"}],"wp:featuredmedia":[{"embeddable":true,"href":"https:\/\/www.ceramicbasin.com\/fr\/wp-json\/wp\/v2\/media\/5785"}],"wp:attachment":[{"href":"https:\/\/www.ceramicbasin.com\/fr\/wp-json\/wp\/v2\/media?parent=5783"}],"wp:term":[{"taxonomy":"product_brand","embeddable":true,"href":"https:\/\/www.ceramicbasin.com\/fr\/wp-json\/wp\/v2\/product_brand?post=5783"},{"taxonomy":"product_cat","embeddable":true,"href":"https:\/\/www.ceramicbasin.com\/fr\/wp-json\/wp\/v2\/product_cat?post=5783"},{"taxonomy":"product_tag","embeddable":true,"href":"https:\/\/www.ceramicbasin.com\/fr\/wp-json\/wp\/v2\/product_tag?post=5783"}],"curies":[{"name":"wp","href":"https:\/\/api.w.org\/{rel}","templated":true}]}}