{"id":5792,"date":"2024-12-12T09:05:35","date_gmt":"2024-12-12T09:05:35","guid":{"rendered":"https:\/\/www.ceramicbasin.com\/?post_type=product&#038;p=5792"},"modified":"2025-10-23T10:02:46","modified_gmt":"2025-10-23T10:02:46","slug":"wholesale-ceramic-washbasins","status":"publish","type":"product","link":"https:\/\/www.ceramicbasin.com\/fr\/produit\/wholesale-ceramic-washbasins\/","title":{"rendered":"Wholesale Ceramic Washbasins, Marble-Look Vanity Sinks (lavabos en c\u00e9ramique, \u00e9viers en marbre)"},"content":{"rendered":"<div class=\"wp-block-columns is-layout-flex wp-container-core-columns-is-layout-9d6595d7 wp-block-columns-is-layout-flex\">\n<div class=\"wp-block-column is-layout-flow wp-block-column-is-layout-flow\">\n<h2 class=\"wp-block-heading\">Premium Wholesale Ceramic Washbasins Caract\u00e9ristiques :<\/h2>\n\n\n\n<ul class=\"wp-block-list\">\n<li><strong>Large champ d'application : <\/strong>Nos lavabos en c\u00e9ramique en gros ne conviennent plus seulement aux salles de bains domestiques, mais aussi aux gares ferroviaires \u00e0 grande vitesse, aux stations de m\u00e9tro, ainsi qu'aux centres commerciaux, aux salles de bains des restaurants, aux h\u00f4pitaux et \u00e0 d'autres endroits.<\/li>\n\n\n\n<li><strong>Color\u00e9e : <\/strong>La texture de nos \u00e9viers en marbre est obtenue par transfert d'eau \u00e0 partir d'un bassin blanc brillant ordinaire, ce qui est \u00e0 la fois beau et durable. Nous avons plus de 100 couleurs et motifs pour votre s\u00e9lection. Tous les mod\u00e8les de lavabos en gros peuvent \u00eatre personnalis\u00e9s en termes de couleur et de texture.<\/li>\n\n\n\n<li><strong>Installation facile : <\/strong>La conception du montage au-dessus du comptoir garantit que ces lavabos en c\u00e9ramique sont faciles \u00e0 installer et ne posent aucun probl\u00e8me pour les nouvelles constructions et les r\u00e9novations de salles de bains.<\/li>\n\n\n\n<li><strong>Grande capacit\u00e9 de production : <\/strong>Notre grand entrep\u00f4t contient diff\u00e9rents types de lavabos de texture marbre en gros. Choisissez les articles qui sont en production, nous avons suffisamment de lavabos blancs pour fabriquer des lavabos de couleur marbre, le d\u00e9lai d'exp\u00e9dition sera beaucoup plus court.<\/li>\n<\/ul>\n<\/div>\n\n\n\n<div class=\"wp-block-column is-layout-flow wp-block-column-is-layout-flow\">\n<figure class=\"wp-block-image size-full\"><img fetchpriority=\"high\" decoding=\"async\" width=\"980\" height=\"1351\" src=\"https:\/\/www.ceramicbasin.com\/wp-content\/uploads\/2024\/12\/Cabinet-Ceramic-Basin-6.jpg\" alt=\"Wholesale Ceramic Washbasins, Marble Bathroom Vanity Sinks-1\" class=\"wp-image-5793\" srcset=\"https:\/\/www.ceramicbasin.com\/wp-content\/uploads\/2024\/12\/Cabinet-Ceramic-Basin-6.jpg 980w, https:\/\/www.ceramicbasin.com\/wp-content\/uploads\/2024\/12\/Cabinet-Ceramic-Basin-6-218x300.jpg 218w, https:\/\/www.ceramicbasin.com\/wp-content\/uploads\/2024\/12\/Cabinet-Ceramic-Basin-6-768x1059.jpg 768w, https:\/\/www.ceramicbasin.com\/wp-content\/uploads\/2024\/12\/Cabinet-Ceramic-Basin-6-9x12.jpg 9w, https:\/\/www.ceramicbasin.com\/wp-content\/uploads\/2024\/12\/Cabinet-Ceramic-Basin-6-285x393.jpg 285w, https:\/\/www.ceramicbasin.com\/wp-content\/uploads\/2024\/12\/Cabinet-Ceramic-Basin-6-479x660.jpg 479w, https:\/\/www.ceramicbasin.com\/wp-content\/uploads\/2024\/12\/Cabinet-Ceramic-Basin-6-109x150.jpg 109w\" sizes=\"(max-width: 980px) 100vw, 980px\" \/><\/figure>\n<\/div>\n<\/div>\n\n\n\n<p><\/p>","protected":false},"excerpt":{"rendered":"<p>Nous vous invitons \u00e0 acheter en gros des lavabos en c\u00e9ramique. Nos lavabos en gros \u00e0 texture de marbre conviennent aux gares ferroviaires \u00e0 grande vitesse, aux stations de m\u00e9tro, aux centres commerciaux, aux salles de bains des restaurants et aux h\u00f4pitaux. Les lavabos de salle de bain en gros sont faciles \u00e0 installer sans probl\u00e8me pour les nouvelles constructions ou les r\u00e9novations de salle de bain.<\/p>\n<table style=\"border-collapse: collapse; width: 358.52pt;\" border=\"0\" width=\"478\" cellspacing=\"0\" cellpadding=\"0\">\n<tbody>\n<tr style=\"height: 17.25pt;\">\n<td class=\"et3\" style=\"height: 17.25pt; width: 125.00pt;\" width=\"166\" height=\"23\">Fabricant<\/td>\n<td class=\"et3\" style=\"width: 234.15pt;\" width=\"312\">HanYu<\/td>\n<\/tr>\n<tr style=\"height: 17.25pt;\">\n<td class=\"et3\" style=\"height: 17.25pt;\" height=\"23\">Num\u00e9ro de mod\u00e8le.<\/td>\n<td class=\"et4\">HY-8065-55D136<\/td>\n<\/tr>\n<tr style=\"height: 17.25pt;\">\n<td class=\"et3\" style=\"height: 17.25pt;\" height=\"23\">Type<\/td>\n<td class=\"et5\" style=\"width: 234.15pt;\" width=\"312\">Evier en marbre, Evier de comptoir<\/td>\n<\/tr>\n<tr style=\"height: 18.00pt;\">\n<td class=\"et3\" style=\"height: 18.00pt;\" height=\"24\">Forme<\/td>\n<td class=\"et3\">Forme rectangulaire<\/td>\n<\/tr>\n<tr style=\"height: 34.50pt;\">\n<td class=\"et4\" style=\"height: 34.50pt;\" height=\"46\">Couleur<\/td>\n<td class=\"et5\" style=\"width: 234.15pt;\" width=\"312\">Noir marbr\u00e9<\/td>\n<\/tr>\n<tr style=\"height: 18.00pt;\">\n<td class=\"et3\" style=\"height: 18.00pt;\" height=\"24\">Dimension<\/td>\n<td class=\"et5\" style=\"width: 234.15pt;\" width=\"312\">55*45*11<\/td>\n<\/tr>\n<tr style=\"height: 17.25pt;\">\n<td class=\"et3\" style=\"height: 17.25pt;\" height=\"23\">N.W \/SET<\/td>\n<td class=\"et3\">13 KGS\/PCS<\/td>\n<\/tr>\n<tr style=\"height: 17.25pt;\">\n<td class=\"et3\" style=\"height: 17.25pt;\" height=\"23\">MOQ<\/td>\n<td class=\"et3\">20pcs<\/td>\n<\/tr>\n<tr style=\"height: 17.25pt;\">\n<td class=\"et3\" style=\"height: 17.25pt;\" height=\"23\">Option personnalis\u00e9e<\/td>\n<td class=\"et3\">Couleur\/Pattenue\/Taille\/Logo\/Emballage<\/td>\n<\/tr>\n<\/tbody>\n<\/table>","protected":false},"featured_media":5794,"comment_status":"closed","ping_status":"closed","template":"","meta":{"_acf_changed":false},"product_brand":[],"product_cat":[50,54],"product_tag":[],"class_list":{"0":"post-5792","1":"product","2":"type-product","3":"status-publish","4":"has-post-thumbnail","6":"product_cat-wholesale-countertop-sinks","7":"product_cat-wholesale-marble-sinks","9":"first","10":"instock","11":"shipping-taxable","12":"product-type-simple"},"acf":[],"_links":{"self":[{"href":"https:\/\/www.ceramicbasin.com\/fr\/wp-json\/wp\/v2\/product\/5792","targetHints":{"allow":["GET"]}}],"collection":[{"href":"https:\/\/www.ceramicbasin.com\/fr\/wp-json\/wp\/v2\/product"}],"about":[{"href":"https:\/\/www.ceramicbasin.com\/fr\/wp-json\/wp\/v2\/types\/product"}],"replies":[{"embeddable":true,"href":"https:\/\/www.ceramicbasin.com\/fr\/wp-json\/wp\/v2\/comments?post=5792"}],"wp:featuredmedia":[{"embeddable":true,"href":"https:\/\/www.ceramicbasin.com\/fr\/wp-json\/wp\/v2\/media\/5794"}],"wp:attachment":[{"href":"https:\/\/www.ceramicbasin.com\/fr\/wp-json\/wp\/v2\/media?parent=5792"}],"wp:term":[{"taxonomy":"product_brand","embeddable":true,"href":"https:\/\/www.ceramicbasin.com\/fr\/wp-json\/wp\/v2\/product_brand?post=5792"},{"taxonomy":"product_cat","embeddable":true,"href":"https:\/\/www.ceramicbasin.com\/fr\/wp-json\/wp\/v2\/product_cat?post=5792"},{"taxonomy":"product_tag","embeddable":true,"href":"https:\/\/www.ceramicbasin.com\/fr\/wp-json\/wp\/v2\/product_tag?post=5792"}],"curies":[{"name":"wp","href":"https:\/\/api.w.org\/{rel}","templated":true}]}}