{"id":5824,"date":"2024-12-19T07:25:22","date_gmt":"2024-12-19T07:25:22","guid":{"rendered":"https:\/\/www.ceramicbasin.com\/?post_type=product&#038;p=5824"},"modified":"2024-12-20T09:56:51","modified_gmt":"2024-12-20T09:56:51","slug":"wholesale-small-bathroom-sinks","status":"publish","type":"product","link":"https:\/\/www.ceramicbasin.com\/fr\/produit\/wholesale-small-bathroom-sinks\/","title":{"rendered":"Nordic Wholesale Petites vasques de salle de bains, vasques suspendues"},"content":{"rendered":"<div class=\"wp-block-columns is-layout-flex wp-container-core-columns-is-layout-9d6595d7 wp-block-columns-is-layout-flex\">\n<div class=\"wp-block-column is-layout-flow wp-block-column-is-layout-flow\">\n<h2 class=\"wp-block-heading\">Premium Wholesale Small Bathroom Sinks Features<\/h2>\n\n\n\n<ul class=\"wp-block-list\">\n<li><strong>Design minimaliste nordique : <\/strong>Nos petits lavabos de salle de bain en gros adoptent le design minimaliste nordique, frais et moderne, ajoutant mode et go\u00fbt \u00e0 votre espace de salle de bain.<\/li>\n\n\n\n<li><strong>Gain de place : <\/strong>Gr\u00e2ce \u00e0 leur taille compacte et \u00e0 leur conception murale, les lavabos en gros permettent d'\u00e9conomiser de l'espace. Il convient aux petites salles de bains afin d'optimiser l'agencement de la salle de bains et d'am\u00e9liorer l'exp\u00e9rience d'utilisation globale.<\/li>\n\n\n\n<li><strong>Mat\u00e9riau c\u00e9ramique de haute qualit\u00e9 : <\/strong>Nos petits lavabos de salle de bain en gros sont fabriqu\u00e9s avec des mat\u00e9riaux c\u00e9ramiques de haute qualit\u00e9 en ce qui concerne la douceur, la r\u00e9sistance aux rayures et la facilit\u00e9 de nettoyage, afin de garantir que le lavabo ne se d\u00e9forme pas ou ne se d\u00e9colore pas apr\u00e8s une longue p\u00e9riode d'utilisation, mais qu'il reste suffisamment solide et facile \u00e0 entretenir.<\/li>\n\n\n\n<li><strong>Applicable \u00e0 plusieurs endroits : <\/strong>Nos lavabos en gros peuvent \u00eatre install\u00e9s non seulement dans les salles de bains domestiques, mais aussi dans les salles de bains publiques des h\u00f4tels ou des lieux commerciaux, afin d'utiliser l'espace de mani\u00e8re efficace et de faciliter le bain.<\/li>\n<\/ul>\n<\/div>\n\n\n\n<div class=\"wp-block-column is-layout-flow wp-block-column-is-layout-flow\">\n<figure class=\"wp-block-image size-full\"><img fetchpriority=\"high\" decoding=\"async\" width=\"800\" height=\"800\" src=\"https:\/\/www.ceramicbasin.com\/wp-content\/uploads\/2024\/12\/wall-hung-bathroom-sinkwall-mount-vanitysinks-for-bathroom1.webp\" alt=\"Nordic Wholesale Petits lavabos de salle de bains, vasques suspendues-1\" class=\"wp-image-5825\" srcset=\"https:\/\/www.ceramicbasin.com\/wp-content\/uploads\/2024\/12\/wall-hung-bathroom-sinkwall-mount-vanitysinks-for-bathroom1.webp 800w, https:\/\/www.ceramicbasin.com\/wp-content\/uploads\/2024\/12\/wall-hung-bathroom-sinkwall-mount-vanitysinks-for-bathroom1-300x300.webp 300w, https:\/\/www.ceramicbasin.com\/wp-content\/uploads\/2024\/12\/wall-hung-bathroom-sinkwall-mount-vanitysinks-for-bathroom1-150x150.webp 150w, https:\/\/www.ceramicbasin.com\/wp-content\/uploads\/2024\/12\/wall-hung-bathroom-sinkwall-mount-vanitysinks-for-bathroom1-768x768.webp 768w, https:\/\/www.ceramicbasin.com\/wp-content\/uploads\/2024\/12\/wall-hung-bathroom-sinkwall-mount-vanitysinks-for-bathroom1-12x12.webp 12w, https:\/\/www.ceramicbasin.com\/wp-content\/uploads\/2024\/12\/wall-hung-bathroom-sinkwall-mount-vanitysinks-for-bathroom1-285x285.webp 285w, https:\/\/www.ceramicbasin.com\/wp-content\/uploads\/2024\/12\/wall-hung-bathroom-sinkwall-mount-vanitysinks-for-bathroom1-270x270.webp 270w, https:\/\/www.ceramicbasin.com\/wp-content\/uploads\/2024\/12\/wall-hung-bathroom-sinkwall-mount-vanitysinks-for-bathroom1-540x540.webp 540w, https:\/\/www.ceramicbasin.com\/wp-content\/uploads\/2024\/12\/wall-hung-bathroom-sinkwall-mount-vanitysinks-for-bathroom1-660x660.webp 660w\" sizes=\"(max-width: 800px) 100vw, 800px\" \/><\/figure>\n<\/div>\n<\/div>","protected":false},"excerpt":{"rendered":"<p>Bienvenue sur le site d'achat en gros de lavabos. Nos petits lavabos de salle de bains en gros adoptent un design nordique simple, int\u00e9grant l'esth\u00e9tique moderne et la praticit\u00e9, et conviennent aux petites salles de bains. Le design mural permet d'\u00e9conomiser de l'espace et offre une exp\u00e9rience de nettoyage et d'utilisation pratique.<\/p>\n<table style=\"border-collapse: collapse; width: 358.52pt;\" border=\"0\" width=\"478\" cellspacing=\"0\" cellpadding=\"0\">\n<tbody>\n<tr style=\"height: 17.25pt;\">\n<td class=\"et3\" style=\"height: 17.25pt; width: 125.00pt;\" width=\"166\" height=\"23\">Fabricant<\/td>\n<td class=\"et3\" style=\"width: 234.15pt;\" width=\"312\">HanYu<\/td>\n<\/tr>\n<tr style=\"height: 17.25pt;\">\n<td class=\"et3\" style=\"height: 17.25pt;\" height=\"23\">Num\u00e9ro de mod\u00e8le.<\/td>\n<td class=\"et4\">HY-3041L<\/td>\n<\/tr>\n<tr style=\"height: 17.25pt;\">\n<td class=\"et3\" style=\"height: 17.25pt;\" height=\"23\">Type<\/td>\n<td class=\"et5\" style=\"width: 234.15pt;\" width=\"312\">\u00c9viers muraux<\/td>\n<\/tr>\n<tr style=\"height: 18.00pt;\">\n<td class=\"et3\" style=\"height: 18.00pt;\" height=\"24\">Forme<\/td>\n<td class=\"et3\">Forme irr\u00e9guli\u00e8re<\/td>\n<\/tr>\n<tr style=\"height: 34.50pt;\">\n<td class=\"et4\" style=\"height: 34.50pt;\" height=\"46\">Couleur<\/td>\n<td class=\"et5\" style=\"width: 234.15pt;\" width=\"312\">noir\/blanc\/bleu\/gris\/rose\/vert\/marron\/kaki<\/td>\n<\/tr>\n<tr style=\"height: 18.00pt;\">\n<td class=\"et3\" style=\"height: 18.00pt;\" height=\"24\">Dimension<\/td>\n<td class=\"et5\" style=\"width: 234.15pt;\" width=\"312\">41*27*14<\/td>\n<\/tr>\n<tr style=\"height: 17.25pt;\">\n<td class=\"et3\" style=\"height: 17.25pt;\" height=\"23\">N.W \/SET<\/td>\n<td class=\"et3\">9KGS\/PCS<\/td>\n<\/tr>\n<tr style=\"height: 17.25pt;\">\n<td class=\"et3\" style=\"height: 17.25pt;\" height=\"23\">MOQ<\/td>\n<td class=\"et3\">20pcs<\/td>\n<\/tr>\n<tr style=\"height: 17.25pt;\">\n<td class=\"et3\" style=\"height: 17.25pt;\" height=\"23\">Option personnalis\u00e9e<\/td>\n<td class=\"et3\">Couleur\/Pattenue\/Taille\/Logo\/Emballage<\/td>\n<\/tr>\n<\/tbody>\n<\/table>","protected":false},"featured_media":5828,"comment_status":"closed","ping_status":"closed","template":"","meta":{"_acf_changed":false},"product_brand":[],"product_cat":[57,56],"product_tag":[],"class_list":{"0":"post-5824","1":"product","2":"type-product","3":"status-publish","4":"has-post-thumbnail","6":"product_cat-wholesale-wall-mounted-sinks","7":"product_cat-wholesale-small-bathroom-sinks","9":"first","10":"instock","11":"shipping-taxable","12":"product-type-simple"},"acf":[],"_links":{"self":[{"href":"https:\/\/www.ceramicbasin.com\/fr\/wp-json\/wp\/v2\/product\/5824","targetHints":{"allow":["GET"]}}],"collection":[{"href":"https:\/\/www.ceramicbasin.com\/fr\/wp-json\/wp\/v2\/product"}],"about":[{"href":"https:\/\/www.ceramicbasin.com\/fr\/wp-json\/wp\/v2\/types\/product"}],"replies":[{"embeddable":true,"href":"https:\/\/www.ceramicbasin.com\/fr\/wp-json\/wp\/v2\/comments?post=5824"}],"wp:featuredmedia":[{"embeddable":true,"href":"https:\/\/www.ceramicbasin.com\/fr\/wp-json\/wp\/v2\/media\/5828"}],"wp:attachment":[{"href":"https:\/\/www.ceramicbasin.com\/fr\/wp-json\/wp\/v2\/media?parent=5824"}],"wp:term":[{"taxonomy":"product_brand","embeddable":true,"href":"https:\/\/www.ceramicbasin.com\/fr\/wp-json\/wp\/v2\/product_brand?post=5824"},{"taxonomy":"product_cat","embeddable":true,"href":"https:\/\/www.ceramicbasin.com\/fr\/wp-json\/wp\/v2\/product_cat?post=5824"},{"taxonomy":"product_tag","embeddable":true,"href":"https:\/\/www.ceramicbasin.com\/fr\/wp-json\/wp\/v2\/product_tag?post=5824"}],"curies":[{"name":"wp","href":"https:\/\/api.w.org\/{rel}","templated":true}]}}