{"id":5838,"date":"2024-12-19T08:43:11","date_gmt":"2024-12-19T08:43:11","guid":{"rendered":"https:\/\/www.ceramicbasin.com\/?post_type=product&#038;p=5838"},"modified":"2024-12-20T09:23:07","modified_gmt":"2024-12-20T09:23:07","slug":"wholesale-modern-wall-mount-sinks","status":"publish","type":"product","link":"https:\/\/www.ceramicbasin.com\/fr\/produit\/wholesale-modern-wall-mount-sinks\/","title":{"rendered":"Wholesale Modern Wall Mount Sinks, Decorative Ceramic Wash Basins (lavabos d\u00e9coratifs en c\u00e9ramique)"},"content":{"rendered":"<div class=\"wp-block-columns is-layout-flex wp-container-core-columns-is-layout-9d6595d7 wp-block-columns-is-layout-flex\">\n<div class=\"wp-block-column is-layout-flow wp-block-column-is-layout-flow\">\n<h2 class=\"wp-block-heading\">Premium Wholesale Modern Wall Mount Sinks Features<\/h2>\n\n\n\n<ul class=\"wp-block-list\">\n<li><strong>Grande capacit\u00e9 de production : <\/strong>Notre grand entrep\u00f4t contient diverses sortes de lavabos modernes \u00e0 montage mural en gros. Choisissez les articles qui sont en production, nous avons assez de bassins blancs pour faire des bassins de couleur marbre, le d\u00e9lai d'exp\u00e9dition sera beaucoup plus court.<\/li>\n\n\n\n<li><strong>Installation facile : <\/strong>Con\u00e7us pour \u00eatre fix\u00e9s au mur, ces lavabos en c\u00e9ramique en gros sont faciles \u00e0 installer, offrant une solution sans probl\u00e8me pour les nouvelles constructions et les r\u00e9novations de salles de bains.<\/li>\n\n\n\n<li><strong>Avantage de prix :<\/strong> Nous fournissons des services de commande en gros pour les \u00e9viers muraux modernes, qui sont non seulement abordables, mais aussi livr\u00e9s rapidement, adapt\u00e9s aux projets commerciaux et \u00e0 la d\u00e9coration r\u00e9sidentielle \u00e0 grande \u00e9chelle, r\u00e9pondant aux besoins de haute efficacit\u00e9 et de faible co\u00fbt.<\/li>\n\n\n\n<li><strong>Ventes \u00e0 chaud :<\/strong> Ce lavabo en c\u00e9ramique est bien accueilli par le march\u00e9 en raison de sa durabilit\u00e9, de sa couleur uniforme, de sa facilit\u00e9 de nettoyage et d'entretien, et de son co\u00fbt \u00e9lev\u00e9.<\/li>\n<\/ul>\n<\/div>\n\n\n\n<div class=\"wp-block-column is-layout-flow wp-block-column-is-layout-flow\">\n<figure class=\"wp-block-image size-full\"><img fetchpriority=\"high\" decoding=\"async\" width=\"800\" height=\"800\" src=\"https:\/\/www.ceramicbasin.com\/wp-content\/uploads\/2024\/12\/ceramic-wall-hung-wash-basinwall-mount-bathroom-basinvanity-sinks-for-bathroom1.webp\" alt=\"Wholesale Modern Wall Mount Sinks, Decorative Ceramic Wash Basins-1\" class=\"wp-image-5839\" srcset=\"https:\/\/www.ceramicbasin.com\/wp-content\/uploads\/2024\/12\/ceramic-wall-hung-wash-basinwall-mount-bathroom-basinvanity-sinks-for-bathroom1.webp 800w, https:\/\/www.ceramicbasin.com\/wp-content\/uploads\/2024\/12\/ceramic-wall-hung-wash-basinwall-mount-bathroom-basinvanity-sinks-for-bathroom1-300x300.webp 300w, https:\/\/www.ceramicbasin.com\/wp-content\/uploads\/2024\/12\/ceramic-wall-hung-wash-basinwall-mount-bathroom-basinvanity-sinks-for-bathroom1-150x150.webp 150w, https:\/\/www.ceramicbasin.com\/wp-content\/uploads\/2024\/12\/ceramic-wall-hung-wash-basinwall-mount-bathroom-basinvanity-sinks-for-bathroom1-768x768.webp 768w, https:\/\/www.ceramicbasin.com\/wp-content\/uploads\/2024\/12\/ceramic-wall-hung-wash-basinwall-mount-bathroom-basinvanity-sinks-for-bathroom1-12x12.webp 12w, https:\/\/www.ceramicbasin.com\/wp-content\/uploads\/2024\/12\/ceramic-wall-hung-wash-basinwall-mount-bathroom-basinvanity-sinks-for-bathroom1-285x285.webp 285w, https:\/\/www.ceramicbasin.com\/wp-content\/uploads\/2024\/12\/ceramic-wall-hung-wash-basinwall-mount-bathroom-basinvanity-sinks-for-bathroom1-270x270.webp 270w, https:\/\/www.ceramicbasin.com\/wp-content\/uploads\/2024\/12\/ceramic-wall-hung-wash-basinwall-mount-bathroom-basinvanity-sinks-for-bathroom1-540x540.webp 540w, https:\/\/www.ceramicbasin.com\/wp-content\/uploads\/2024\/12\/ceramic-wall-hung-wash-basinwall-mount-bathroom-basinvanity-sinks-for-bathroom1-660x660.webp 660w\" sizes=\"(max-width: 800px) 100vw, 800px\" \/><\/figure>\n<\/div>\n<\/div>\n\n\n\n<p><\/p>","protected":false},"excerpt":{"rendered":"<p>Bienvenue pour acheter des lavabos en gros. Nos lavabos muraux modernes en gros sont faciles \u00e0 installer et conviennent aux nouvelles constructions et aux r\u00e9novations. La commande en gros est abordable, rapide et id\u00e9ale pour les projets commerciaux et r\u00e9sidentiels \u00e0 grande \u00e9chelle, garantissant une grande efficacit\u00e9 et un faible co\u00fbt.<\/p>\n<table style=\"border-collapse: collapse; width: 358.52pt;\" border=\"0\" width=\"478\" cellspacing=\"0\" cellpadding=\"0\">\n<tbody>\n<tr style=\"height: 17.25pt;\">\n<td class=\"et3\" style=\"height: 17.25pt; width: 125.00pt;\" width=\"166\" height=\"23\">Fabricant<\/td>\n<td class=\"et3\" style=\"width: 234.15pt;\" width=\"312\">HanYu<\/td>\n<\/tr>\n<tr style=\"height: 17.25pt;\">\n<td class=\"et3\" style=\"height: 17.25pt;\" height=\"23\">Num\u00e9ro de mod\u00e8le.<\/td>\n<td class=\"et4\">HY-3046<\/td>\n<\/tr>\n<tr style=\"height: 17.25pt;\">\n<td class=\"et3\" style=\"height: 17.25pt;\" height=\"23\">Type<\/td>\n<td class=\"et5\" style=\"width: 234.15pt;\" width=\"312\">Lavabos muraux\uff0cPetits lavabos de salle de bains<\/td>\n<\/tr>\n<tr style=\"height: 18.00pt;\">\n<td class=\"et3\" style=\"height: 18.00pt;\" height=\"24\">Forme<\/td>\n<td class=\"et3\">Forme irr\u00e9guli\u00e8re<\/td>\n<\/tr>\n<tr style=\"height: 34.50pt;\">\n<td class=\"et4\" style=\"height: 34.50pt;\" height=\"46\">Couleur<\/td>\n<td class=\"et5\" style=\"width: 234.15pt;\" width=\"312\">noir\/blanc\/bleu\/gris\/rose\/vert\/marron\/kaki<\/td>\n<\/tr>\n<tr style=\"height: 18.00pt;\">\n<td class=\"et3\" style=\"height: 18.00pt;\" height=\"24\">Dimension<\/td>\n<td class=\"et5\" style=\"width: 234.15pt;\" width=\"312\">41.5*29*14.5<\/td>\n<\/tr>\n<tr style=\"height: 17.25pt;\">\n<td class=\"et3\" style=\"height: 17.25pt;\" height=\"23\">N.W \/SET<\/td>\n<td class=\"et3\">10KGS\/PCS<\/td>\n<\/tr>\n<tr style=\"height: 17.25pt;\">\n<td class=\"et3\" style=\"height: 17.25pt;\" height=\"23\">MOQ<\/td>\n<td class=\"et3\">20pcs<\/td>\n<\/tr>\n<tr style=\"height: 17.25pt;\">\n<td class=\"et3\" style=\"height: 17.25pt;\" height=\"23\">Option personnalis\u00e9e<\/td>\n<td class=\"et3\">Couleur\/Pattenue\/Taille\/Logo\/Emballage<\/td>\n<\/tr>\n<\/tbody>\n<\/table>","protected":false},"featured_media":5842,"comment_status":"closed","ping_status":"closed","template":"","meta":{"_acf_changed":false},"product_brand":[],"product_cat":[57],"product_tag":[],"class_list":{"0":"post-5838","1":"product","2":"type-product","3":"status-publish","4":"has-post-thumbnail","6":"product_cat-wholesale-wall-mounted-sinks","8":"first","9":"instock","10":"shipping-taxable","11":"product-type-simple"},"acf":[],"_links":{"self":[{"href":"https:\/\/www.ceramicbasin.com\/fr\/wp-json\/wp\/v2\/product\/5838","targetHints":{"allow":["GET"]}}],"collection":[{"href":"https:\/\/www.ceramicbasin.com\/fr\/wp-json\/wp\/v2\/product"}],"about":[{"href":"https:\/\/www.ceramicbasin.com\/fr\/wp-json\/wp\/v2\/types\/product"}],"replies":[{"embeddable":true,"href":"https:\/\/www.ceramicbasin.com\/fr\/wp-json\/wp\/v2\/comments?post=5838"}],"wp:featuredmedia":[{"embeddable":true,"href":"https:\/\/www.ceramicbasin.com\/fr\/wp-json\/wp\/v2\/media\/5842"}],"wp:attachment":[{"href":"https:\/\/www.ceramicbasin.com\/fr\/wp-json\/wp\/v2\/media?parent=5838"}],"wp:term":[{"taxonomy":"product_brand","embeddable":true,"href":"https:\/\/www.ceramicbasin.com\/fr\/wp-json\/wp\/v2\/product_brand?post=5838"},{"taxonomy":"product_cat","embeddable":true,"href":"https:\/\/www.ceramicbasin.com\/fr\/wp-json\/wp\/v2\/product_cat?post=5838"},{"taxonomy":"product_tag","embeddable":true,"href":"https:\/\/www.ceramicbasin.com\/fr\/wp-json\/wp\/v2\/product_tag?post=5838"}],"curies":[{"name":"wp","href":"https:\/\/api.w.org\/{rel}","templated":true}]}}