{"id":5845,"date":"2024-12-19T08:48:16","date_gmt":"2024-12-19T08:48:16","guid":{"rendered":"https:\/\/www.ceramicbasin.com\/?post_type=product&#038;p=5845"},"modified":"2024-12-20T09:13:38","modified_gmt":"2024-12-20T09:13:38","slug":"wholesale-wall-mount-bathroom-sink","status":"publish","type":"product","link":"https:\/\/www.ceramicbasin.com\/fr\/produit\/wholesale-wall-mount-bathroom-sink\/","title":{"rendered":"Small Wholesale Wall Mountroom Sink, Wall Hung Ceramic Basin (vasque en c\u00e9ramique suspendue)"},"content":{"rendered":"<div class=\"wp-block-columns is-layout-flex wp-container-core-columns-is-layout-9d6595d7 wp-block-columns-is-layout-flex\">\n<div class=\"wp-block-column is-layout-flow wp-block-column-is-layout-flow\">\n<h2 class=\"wp-block-heading\">Premium Wholesale Wall Mountroom Sink Features (Caract\u00e9ristiques de l'\u00e9vier de salle de bain \u00e0 montage mural)<\/h2>\n\n\n\n<ul class=\"wp-block-list\">\n<li><strong>Grande capacit\u00e9 de production : <\/strong>Notre grand entrep\u00f4t contient diverses sortes de lavabos de salle de bain \u00e0 montage mural en gros. Choisissez les articles qui sont en production, nous avons assez de lavabos blancs pour faire des lavabos de couleur marbre, le d\u00e9lai d'exp\u00e9dition sera beaucoup plus court.<\/li>\n\n\n\n<li><strong>Doux et d\u00e9licat : <\/strong>Nos lavabos en gros poss\u00e8dent une surface lisse et d\u00e9licate qui facilite le nettoyage et r\u00e9siste \u00e0 l'usure et aux taches qui surviennent lors de l'utilisation quotidienne, ce qui leur permet de rester comme neufs pendant une p\u00e9riode assez longue.<\/li>\n\n\n\n<li><strong>Installation murale : <\/strong>La conception murale permet non seulement de gagner de la place, mais aussi de nettoyer facilement le sol en dessous, en le gardant propre pour rafra\u00eechir l'environnement d'utilisation.<\/li>\n\n\n\n<li>Vente rapide : En raison de sa durabilit\u00e9, de sa couleur uniforme et de sa facilit\u00e9 d'entretien et de nettoyage, ce lavabo en c\u00e9ramique se vend bien sur le march\u00e9, en plus d'avoir un co\u00fbt \u00e9lev\u00e9.<\/li>\n<\/ul>\n<\/div>\n\n\n\n<div class=\"wp-block-column is-layout-flow wp-block-column-is-layout-flow\">\n<figure class=\"wp-block-image size-full\"><img fetchpriority=\"high\" decoding=\"async\" width=\"800\" height=\"800\" src=\"https:\/\/www.ceramicbasin.com\/wp-content\/uploads\/2024\/12\/basin-bathroom-sinkwall-mounted-vanitywall-mounted-wash-hand-basin1.webp\" alt=\"Petit \u00e9vier de salle de bain \u00e0 montage mural en gros, vasque en c\u00e9ramique \u00e0 montage mural-1\" class=\"wp-image-5846\" srcset=\"https:\/\/www.ceramicbasin.com\/wp-content\/uploads\/2024\/12\/basin-bathroom-sinkwall-mounted-vanitywall-mounted-wash-hand-basin1.webp 800w, https:\/\/www.ceramicbasin.com\/wp-content\/uploads\/2024\/12\/basin-bathroom-sinkwall-mounted-vanitywall-mounted-wash-hand-basin1-300x300.webp 300w, https:\/\/www.ceramicbasin.com\/wp-content\/uploads\/2024\/12\/basin-bathroom-sinkwall-mounted-vanitywall-mounted-wash-hand-basin1-150x150.webp 150w, https:\/\/www.ceramicbasin.com\/wp-content\/uploads\/2024\/12\/basin-bathroom-sinkwall-mounted-vanitywall-mounted-wash-hand-basin1-768x768.webp 768w, https:\/\/www.ceramicbasin.com\/wp-content\/uploads\/2024\/12\/basin-bathroom-sinkwall-mounted-vanitywall-mounted-wash-hand-basin1-12x12.webp 12w, https:\/\/www.ceramicbasin.com\/wp-content\/uploads\/2024\/12\/basin-bathroom-sinkwall-mounted-vanitywall-mounted-wash-hand-basin1-285x285.webp 285w, https:\/\/www.ceramicbasin.com\/wp-content\/uploads\/2024\/12\/basin-bathroom-sinkwall-mounted-vanitywall-mounted-wash-hand-basin1-270x270.webp 270w, https:\/\/www.ceramicbasin.com\/wp-content\/uploads\/2024\/12\/basin-bathroom-sinkwall-mounted-vanitywall-mounted-wash-hand-basin1-540x540.webp 540w, https:\/\/www.ceramicbasin.com\/wp-content\/uploads\/2024\/12\/basin-bathroom-sinkwall-mounted-vanitywall-mounted-wash-hand-basin1-660x660.webp 660w\" sizes=\"(max-width: 800px) 100vw, 800px\" \/><\/figure>\n<\/div>\n<\/div>\n\n\n\n<p><\/p>","protected":false},"excerpt":{"rendered":"<p>Bienvenue pour l'achat de lavabo en gros. Notre lavabo mural pour salle de bains est dot\u00e9 d'une surface lisse et tendre qui facilite le nettoyage et r\u00e9siste \u00e0 l'usure et aux taches. La conception murale permet d'\u00e9conomiser de l'espace, de faciliter le nettoyage au sol et de cr\u00e9er un environnement ordonn\u00e9 et rafra\u00eechissant. Hautement durables, de couleur uniforme et rentables, ces lavabos en c\u00e9ramique de gros sont les plus vendus sur le march\u00e9.<\/p>\n<table style=\"border-collapse: collapse; width: 358.52pt;\" border=\"0\" width=\"478\" cellspacing=\"0\" cellpadding=\"0\">\n<tbody>\n<tr style=\"height: 17.25pt;\">\n<td class=\"et3\" style=\"height: 17.25pt; width: 125.00pt;\" width=\"166\" height=\"23\">Fabricant<\/td>\n<td class=\"et3\" style=\"width: 234.15pt;\" width=\"312\">HanYu<\/td>\n<\/tr>\n<tr style=\"height: 17.25pt;\">\n<td class=\"et3\" style=\"height: 17.25pt;\" height=\"23\">Num\u00e9ro de mod\u00e8le.<\/td>\n<td class=\"et4\">HY-3054L<\/td>\n<\/tr>\n<tr style=\"height: 17.25pt;\">\n<td class=\"et3\" style=\"height: 17.25pt;\" height=\"23\">Type<\/td>\n<td class=\"et5\" style=\"width: 234.15pt;\" width=\"312\">\u00c9viers muraux<\/td>\n<\/tr>\n<tr style=\"height: 18.00pt;\">\n<td class=\"et3\" style=\"height: 18.00pt;\" height=\"24\">Forme<\/td>\n<td class=\"et3\">Forme irr\u00e9guli\u00e8re<\/td>\n<\/tr>\n<tr style=\"height: 34.50pt;\">\n<td class=\"et4\" style=\"height: 34.50pt;\" height=\"46\">Couleur<\/td>\n<td class=\"et5\" style=\"width: 234.15pt;\" width=\"312\">noir\/blanc\/bleu\/gris\/rose\/vert\/marron\/kaki<\/td>\n<\/tr>\n<tr style=\"height: 18.00pt;\">\n<td class=\"et3\" style=\"height: 18.00pt;\" height=\"24\">Dimension<\/td>\n<td class=\"et5\" style=\"width: 234.15pt;\" width=\"312\">45*27.5*15<\/td>\n<\/tr>\n<tr style=\"height: 17.25pt;\">\n<td class=\"et3\" style=\"height: 17.25pt;\" height=\"23\">N.W \/SET<\/td>\n<td class=\"et3\">10KGS\/PCS<\/td>\n<\/tr>\n<tr style=\"height: 17.25pt;\">\n<td class=\"et3\" style=\"height: 17.25pt;\" height=\"23\">MOQ<\/td>\n<td class=\"et3\">20pcs<\/td>\n<\/tr>\n<tr style=\"height: 17.25pt;\">\n<td class=\"et3\" style=\"height: 17.25pt;\" height=\"23\">Option personnalis\u00e9e<\/td>\n<td class=\"et3\">Couleur\/Pattenue\/Taille\/Logo\/Emballage<\/td>\n<\/tr>\n<\/tbody>\n<\/table>","protected":false},"featured_media":5848,"comment_status":"closed","ping_status":"closed","template":"","meta":{"_acf_changed":false},"product_brand":[],"product_cat":[57,56],"product_tag":[],"class_list":{"0":"post-5845","1":"product","2":"type-product","3":"status-publish","4":"has-post-thumbnail","6":"product_cat-wholesale-wall-mounted-sinks","7":"product_cat-wholesale-small-bathroom-sinks","9":"first","10":"instock","11":"shipping-taxable","12":"product-type-simple"},"acf":[],"_links":{"self":[{"href":"https:\/\/www.ceramicbasin.com\/fr\/wp-json\/wp\/v2\/product\/5845","targetHints":{"allow":["GET"]}}],"collection":[{"href":"https:\/\/www.ceramicbasin.com\/fr\/wp-json\/wp\/v2\/product"}],"about":[{"href":"https:\/\/www.ceramicbasin.com\/fr\/wp-json\/wp\/v2\/types\/product"}],"replies":[{"embeddable":true,"href":"https:\/\/www.ceramicbasin.com\/fr\/wp-json\/wp\/v2\/comments?post=5845"}],"wp:featuredmedia":[{"embeddable":true,"href":"https:\/\/www.ceramicbasin.com\/fr\/wp-json\/wp\/v2\/media\/5848"}],"wp:attachment":[{"href":"https:\/\/www.ceramicbasin.com\/fr\/wp-json\/wp\/v2\/media?parent=5845"}],"wp:term":[{"taxonomy":"product_brand","embeddable":true,"href":"https:\/\/www.ceramicbasin.com\/fr\/wp-json\/wp\/v2\/product_brand?post=5845"},{"taxonomy":"product_cat","embeddable":true,"href":"https:\/\/www.ceramicbasin.com\/fr\/wp-json\/wp\/v2\/product_cat?post=5845"},{"taxonomy":"product_tag","embeddable":true,"href":"https:\/\/www.ceramicbasin.com\/fr\/wp-json\/wp\/v2\/product_tag?post=5845"}],"curies":[{"name":"wp","href":"https:\/\/api.w.org\/{rel}","templated":true}]}}