{"id":5944,"date":"2025-01-04T03:37:10","date_gmt":"2025-01-04T03:37:10","guid":{"rendered":"https:\/\/www.ceramicbasin.com\/?post_type=product&#038;p=5944"},"modified":"2025-01-04T03:37:12","modified_gmt":"2025-01-04T03:37:12","slug":"customized-wash-basin","status":"publish","type":"product","link":"https:\/\/www.ceramicbasin.com\/fr\/produit\/customized-wash-basin\/","title":{"rendered":"Lavabo de couleur argent\u00e9e personnalis\u00e9, lavabos de salle de bain en gros"},"content":{"rendered":"<div class=\"wp-block-columns is-layout-flex wp-container-core-columns-is-layout-9d6595d7 wp-block-columns-is-layout-flex\">\n<div class=\"wp-block-column is-layout-flow wp-block-column-is-layout-flow\">\n<h2 class=\"wp-block-heading\">Lavabo personnalis\u00e9 de premi\u00e8re qualit\u00e9 Caract\u00e9ristiques :<\/h2>\n\n\n\n<ul class=\"wp-block-list\">\n<li><strong>Conception de l'installation du comptoir :\u00a0<\/strong>Ce lavabo personnalis\u00e9 en argent galvanis\u00e9 est con\u00e7u pour \u00eatre install\u00e9 sur le plan de travail, ce qui permet d'\u00e9conomiser de l'espace et de faciliter l'utilisation quotidienne, le nettoyage, ainsi que l'aspect pratique et esth\u00e9tique de l'ensemble de la salle de bains.<\/li>\n\n\n\n<li><strong>Mat\u00e9riaux de haute qualit\u00e9 :\u00a0<\/strong>Ces \u00e9viers de salle de bains en gros sont fabriqu\u00e9s \u00e0 partir de mat\u00e9riaux c\u00e9ramiques de qualit\u00e9 sup\u00e9rieure afin de garantir la solidit\u00e9 et la durabilit\u00e9 du bassin, tandis que sa couche ext\u00e9rieure pr\u00e9sente une finition \u00e9lectrolytique argent\u00e9e lisse et facile \u00e0 nettoyer au quotidien.<\/li>\n\n\n\n<li><strong>Approvisionnement rapide :\u00a0<\/strong>En tant que fabricant de lavabos personnalis\u00e9s, nous poss\u00e9dons un puissant r\u00e9seau de production et de logistique pour les lavabos en gros qui peut r\u00e9pondre rapidement aux commandes et assurer une livraison rapide des produits pour les besoins urgents des projets.<\/li>\n\n\n\n<li><strong>Rentable :\u00a0<\/strong>Nous offrons des prix plus favorables pour les commandes en gros d'\u00e9viers de salle de bain, ce qui signifie une haute qualit\u00e9 mais toujours \u00e0 un prix raisonnable pour vous aider \u00e0 \u00e9conomiser des co\u00fbts dans les grands projets.<\/li>\n<\/ul>\n<\/div>\n\n\n\n<div class=\"wp-block-column is-layout-flow wp-block-column-is-layout-flow\">\n<figure class=\"wp-block-image size-full is-resized\"><img fetchpriority=\"high\" decoding=\"async\" width=\"600\" height=\"893\" src=\"https:\/\/www.ceramicbasin.com\/wp-content\/uploads\/2025\/01\/Electroplated-silver-color-washbasin-sink-supplier-5.webp\" alt=\"Lavabo de couleur argent\u00e9e personnalis\u00e9, lavabos de salle de bain en gros-1\" class=\"wp-image-5943\" style=\"width:343px;height:auto\" srcset=\"https:\/\/www.ceramicbasin.com\/wp-content\/uploads\/2025\/01\/Electroplated-silver-color-washbasin-sink-supplier-5.webp 600w, https:\/\/www.ceramicbasin.com\/wp-content\/uploads\/2025\/01\/Electroplated-silver-color-washbasin-sink-supplier-5-202x300.webp 202w, https:\/\/www.ceramicbasin.com\/wp-content\/uploads\/2025\/01\/Electroplated-silver-color-washbasin-sink-supplier-5-8x12.webp 8w, https:\/\/www.ceramicbasin.com\/wp-content\/uploads\/2025\/01\/Electroplated-silver-color-washbasin-sink-supplier-5-285x424.webp 285w, https:\/\/www.ceramicbasin.com\/wp-content\/uploads\/2025\/01\/Electroplated-silver-color-washbasin-sink-supplier-5-443x660.webp 443w, https:\/\/www.ceramicbasin.com\/wp-content\/uploads\/2025\/01\/Electroplated-silver-color-washbasin-sink-supplier-5-101x150.webp 101w\" sizes=\"(max-width: 600px) 100vw, 600px\" \/><\/figure>\n<\/div>\n<\/div>","protected":false},"excerpt":{"rendered":"<p>Bienvenue pour l'achat en gros de lavabos de salle de bain. Notre lavabo argent\u00e9 personnalis\u00e9 est fait de mat\u00e9riaux c\u00e9ramiques de qualit\u00e9 sup\u00e9rieure pour assurer la solidit\u00e9 et la durabilit\u00e9 du lavabo. En tant que fabricant de lavabos de salle de bain sur mesure, nous poss\u00e9dons un puissant r\u00e9seau de production et de logistique pour les lavabos de vanit\u00e9 en gros qui peut r\u00e9pondre rapidement aux commandes et assurer une livraison rapide des produits pour les besoins urgents des projets.<\/p>\n<table style=\"border-collapse: collapse; width: 358.52pt;\" border=\"0\" width=\"478\" cellspacing=\"0\" cellpadding=\"0\">\n<tbody>\n<tr style=\"height: 17.25pt;\">\n<td class=\"et3\" style=\"height: 17.25pt; width: 125.00pt;\" width=\"166\" height=\"23\">Fabricant<\/td>\n<td class=\"et3\" style=\"width: 234.15pt;\" width=\"312\">HanYu<\/td>\n<\/tr>\n<tr style=\"height: 17.25pt;\">\n<td class=\"et3\" style=\"height: 17.25pt;\" height=\"23\">Num\u00e9ro de mod\u00e8le.<\/td>\n<td class=\"et4\">HY-8184SY<\/td>\n<\/tr>\n<tr style=\"height: 17.25pt;\">\n<td class=\"et3\" style=\"height: 17.25pt;\" height=\"23\">Type<\/td>\n<td class=\"et5\" style=\"width: 234.15pt;\" width=\"312\">Eviers galvanis\u00e9s<\/td>\n<\/tr>\n<tr style=\"height: 18.00pt;\">\n<td class=\"et3\" style=\"height: 18.00pt;\" height=\"24\">Forme<\/td>\n<td class=\"et3\">Forme hexagonale<\/td>\n<\/tr>\n<tr style=\"height: 34.50pt;\">\n<td class=\"et4\" style=\"height: 34.50pt;\" height=\"46\">Couleur<\/td>\n<td class=\"et5\" style=\"width: 234.15pt;\" width=\"312\">noir\/blanc\/bleu\/gris\/rose\/vert\/marron\/kaki<\/td>\n<\/tr>\n<tr style=\"height: 18.00pt;\">\n<td class=\"et3\" style=\"height: 18.00pt;\" height=\"24\">Dimension<\/td>\n<td class=\"et5\" style=\"width: 234.15pt;\" width=\"312\">47.5*35.5*11.5<\/td>\n<\/tr>\n<tr style=\"height: 17.25pt;\">\n<td class=\"et3\" style=\"height: 17.25pt;\" height=\"23\">N.W \/SET<\/td>\n<td class=\"et3\">8KGS\/PCS<\/td>\n<\/tr>\n<tr style=\"height: 17.25pt;\">\n<td class=\"et3\" style=\"height: 17.25pt;\" height=\"23\">MOQ<\/td>\n<td class=\"et3\">20pcs<\/td>\n<\/tr>\n<tr style=\"height: 17.25pt;\">\n<td class=\"et3\" style=\"height: 17.25pt;\" height=\"23\">Option personnalis\u00e9e<\/td>\n<td class=\"et3\">Couleur\/Pattenue\/Taille\/Logo\/Emballage<\/td>\n<\/tr>\n<\/tbody>\n<\/table>","protected":false},"featured_media":5939,"comment_status":"closed","ping_status":"closed","template":"","meta":{"_acf_changed":false},"product_brand":[],"product_cat":[50,53],"product_tag":[],"class_list":{"0":"post-5944","1":"product","2":"type-product","3":"status-publish","4":"has-post-thumbnail","6":"product_cat-wholesale-countertop-sinks","7":"product_cat-electroplated-bathroom-sinks","9":"first","10":"instock","11":"shipping-taxable","12":"product-type-simple"},"acf":[],"_links":{"self":[{"href":"https:\/\/www.ceramicbasin.com\/fr\/wp-json\/wp\/v2\/product\/5944","targetHints":{"allow":["GET"]}}],"collection":[{"href":"https:\/\/www.ceramicbasin.com\/fr\/wp-json\/wp\/v2\/product"}],"about":[{"href":"https:\/\/www.ceramicbasin.com\/fr\/wp-json\/wp\/v2\/types\/product"}],"replies":[{"embeddable":true,"href":"https:\/\/www.ceramicbasin.com\/fr\/wp-json\/wp\/v2\/comments?post=5944"}],"wp:featuredmedia":[{"embeddable":true,"href":"https:\/\/www.ceramicbasin.com\/fr\/wp-json\/wp\/v2\/media\/5939"}],"wp:attachment":[{"href":"https:\/\/www.ceramicbasin.com\/fr\/wp-json\/wp\/v2\/media?parent=5944"}],"wp:term":[{"taxonomy":"product_brand","embeddable":true,"href":"https:\/\/www.ceramicbasin.com\/fr\/wp-json\/wp\/v2\/product_brand?post=5944"},{"taxonomy":"product_cat","embeddable":true,"href":"https:\/\/www.ceramicbasin.com\/fr\/wp-json\/wp\/v2\/product_cat?post=5944"},{"taxonomy":"product_tag","embeddable":true,"href":"https:\/\/www.ceramicbasin.com\/fr\/wp-json\/wp\/v2\/product_tag?post=5944"}],"curies":[{"name":"wp","href":"https:\/\/api.w.org\/{rel}","templated":true}]}}