{"id":5945,"date":"2025-01-04T03:43:55","date_gmt":"2025-01-04T03:43:55","guid":{"rendered":"https:\/\/www.ceramicbasin.com\/?post_type=product&#038;p=5945"},"modified":"2025-01-04T03:43:57","modified_gmt":"2025-01-04T03:43:57","slug":"custom-made-vessel-sinks","status":"publish","type":"product","link":"https:\/\/www.ceramicbasin.com\/fr\/produit\/custom-made-vessel-sinks\/","title":{"rendered":"Vasques ovales sur mesure avec motifs dor\u00e9s"},"content":{"rendered":"<div class=\"wp-block-columns is-layout-flex wp-container-core-columns-is-layout-9d6595d7 wp-block-columns-is-layout-flex\">\n<div class=\"wp-block-column is-layout-flow wp-block-column-is-layout-flow\">\n<h2 class=\"wp-block-heading\">Premium Vessel Sinks Custom Made Features :<\/h2>\n\n\n\n<ul class=\"wp-block-list\">\n<li><strong>Design moderne :\u00a0<\/strong>Ces vasques ovales sur mesure de couleur or ont un design moderne, et la combinaison astucieuse de l'or et du blanc rehausse le style g\u00e9n\u00e9ral de la salle de bains.<\/li>\n\n\n\n<li><strong>Durable et fiable :\u00a0<\/strong>Nos \u00e9viers en gros sont fabriqu\u00e9s \u00e0 partir de mat\u00e9riaux c\u00e9ramiques de haute qualit\u00e9 afin de garantir la solidit\u00e9 et la durabilit\u00e9 de l'\u00e9vier, sa r\u00e9sistance aux taches et aux rayures, et sa capacit\u00e9 \u00e0 conserver sa beaut\u00e9 d'origine apr\u00e8s une utilisation prolong\u00e9e.<\/li>\n\n\n\n<li><strong>Approvisionnement stable :\u00a0<\/strong>En tant que fabricant d'\u00e9viers de salle de bains en c\u00e9ramique, HanYu propose des prix comp\u00e9titifs et une livraison rapide pour les \u00e9viers sur mesure, qui conviennent aux grands projets tels que les h\u00f4tels et les b\u00e2timents commerciaux.<\/li>\n\n\n\n<li><strong>Rentable :<\/strong>\u00a0Nous offrons des prix plus favorables pour les commandes importantes de lavabos en gros, ce qui signifie une haute qualit\u00e9 mais toujours \u00e0 un prix raisonnable pour vous aider \u00e0 \u00e9conomiser des co\u00fbts dans les grands projets.<\/li>\n<\/ul>\n<\/div>\n\n\n\n<div class=\"wp-block-column is-layout-flow wp-block-column-is-layout-flow\">\n<figure class=\"wp-block-image size-full is-resized\"><img fetchpriority=\"high\" decoding=\"async\" width=\"595\" height=\"761\" src=\"https:\/\/www.ceramicbasin.com\/wp-content\/uploads\/2025\/01\/Oval-shape-silver-color-wholesale-countertop-sinks-5.webp\" alt=\"Vasques ovales sur mesure avec motifs dor\u00e9s-1\" class=\"wp-image-5938\" style=\"width:352px;height:auto\" srcset=\"https:\/\/www.ceramicbasin.com\/wp-content\/uploads\/2025\/01\/Oval-shape-silver-color-wholesale-countertop-sinks-5.webp 595w, https:\/\/www.ceramicbasin.com\/wp-content\/uploads\/2025\/01\/Oval-shape-silver-color-wholesale-countertop-sinks-5-235x300.webp 235w, https:\/\/www.ceramicbasin.com\/wp-content\/uploads\/2025\/01\/Oval-shape-silver-color-wholesale-countertop-sinks-5-9x12.webp 9w, https:\/\/www.ceramicbasin.com\/wp-content\/uploads\/2025\/01\/Oval-shape-silver-color-wholesale-countertop-sinks-5-285x365.webp 285w, https:\/\/www.ceramicbasin.com\/wp-content\/uploads\/2025\/01\/Oval-shape-silver-color-wholesale-countertop-sinks-5-516x660.webp 516w, https:\/\/www.ceramicbasin.com\/wp-content\/uploads\/2025\/01\/Oval-shape-silver-color-wholesale-countertop-sinks-5-117x150.webp 117w\" sizes=\"(max-width: 595px) 100vw, 595px\" \/><\/figure>\n<\/div>\n<\/div>","protected":false},"excerpt":{"rendered":"<p>Nous vous invitons \u00e0 acheter des \u00e9viers sur mesure. En tant que fabricant d'\u00e9viers de salle de bain en c\u00e9ramique, HanYu fournit des prix comp\u00e9titifs et un approvisionnement rapide d'\u00e9viers de salle de bain en gros, qui conviennent aux grands projets tels que les h\u00f4tels et les b\u00e2timents commerciaux. Nous proposons des prix plus avantageux pour les commandes importantes de lavabos en gros.<\/p>\n<table style=\"border-collapse: collapse; width: 358.52pt;\" border=\"0\" width=\"478\" cellspacing=\"0\" cellpadding=\"0\">\n<tbody>\n<tr style=\"height: 17.25pt;\">\n<td class=\"et3\" style=\"height: 17.25pt; width: 125.00pt;\" width=\"166\" height=\"23\">Fabricant<\/td>\n<td class=\"et3\" style=\"width: 234.15pt;\" width=\"312\">HanYu<\/td>\n<\/tr>\n<tr style=\"height: 17.25pt;\">\n<td class=\"et3\" style=\"height: 17.25pt;\" height=\"23\">Num\u00e9ro de mod\u00e8le.<\/td>\n<td class=\"et4\">HY-5038J8<\/td>\n<\/tr>\n<tr style=\"height: 17.25pt;\">\n<td class=\"et3\" style=\"height: 17.25pt;\" height=\"23\">Type<\/td>\n<td class=\"et5\" style=\"width: 234.15pt;\" width=\"312\">Eviers galvanis\u00e9s<\/td>\n<\/tr>\n<tr style=\"height: 18.00pt;\">\n<td class=\"et3\" style=\"height: 18.00pt;\" height=\"24\">Forme<\/td>\n<td class=\"et3\">Forme ovale<\/td>\n<\/tr>\n<tr style=\"height: 34.50pt;\">\n<td class=\"et4\" style=\"height: 34.50pt;\" height=\"46\">Couleur<\/td>\n<td class=\"et5\" style=\"width: 234.15pt;\" width=\"312\">noir\/blanc\/bleu\/gris\/rose\/vert\/marron\/kaki<\/td>\n<\/tr>\n<tr style=\"height: 18.00pt;\">\n<td class=\"et3\" style=\"height: 18.00pt;\" height=\"24\">Dimension<\/td>\n<td class=\"et5\" style=\"width: 234.15pt;\" width=\"312\">60*40.5*15.5<\/td>\n<\/tr>\n<tr style=\"height: 17.25pt;\">\n<td class=\"et3\" style=\"height: 17.25pt;\" height=\"23\">N.W \/SET9<\/td>\n<td class=\"et3\">9KGS\/PCS<\/td>\n<\/tr>\n<tr style=\"height: 17.25pt;\">\n<td class=\"et3\" style=\"height: 17.25pt;\" height=\"23\">MOQ<\/td>\n<td class=\"et3\">20pcs<\/td>\n<\/tr>\n<tr style=\"height: 17.25pt;\">\n<td class=\"et3\" style=\"height: 17.25pt;\" height=\"23\">Option personnalis\u00e9e<\/td>\n<td class=\"et3\">Couleur\/Pattenue\/Taille\/Logo\/Emballage<\/td>\n<\/tr>\n<\/tbody>\n<\/table>","protected":false},"featured_media":5937,"comment_status":"closed","ping_status":"closed","template":"","meta":{"_acf_changed":false},"product_brand":[],"product_cat":[50,53],"product_tag":[],"class_list":{"0":"post-5945","1":"product","2":"type-product","3":"status-publish","4":"has-post-thumbnail","6":"product_cat-wholesale-countertop-sinks","7":"product_cat-electroplated-bathroom-sinks","9":"first","10":"instock","11":"shipping-taxable","12":"product-type-simple"},"acf":[],"_links":{"self":[{"href":"https:\/\/www.ceramicbasin.com\/fr\/wp-json\/wp\/v2\/product\/5945","targetHints":{"allow":["GET"]}}],"collection":[{"href":"https:\/\/www.ceramicbasin.com\/fr\/wp-json\/wp\/v2\/product"}],"about":[{"href":"https:\/\/www.ceramicbasin.com\/fr\/wp-json\/wp\/v2\/types\/product"}],"replies":[{"embeddable":true,"href":"https:\/\/www.ceramicbasin.com\/fr\/wp-json\/wp\/v2\/comments?post=5945"}],"wp:featuredmedia":[{"embeddable":true,"href":"https:\/\/www.ceramicbasin.com\/fr\/wp-json\/wp\/v2\/media\/5937"}],"wp:attachment":[{"href":"https:\/\/www.ceramicbasin.com\/fr\/wp-json\/wp\/v2\/media?parent=5945"}],"wp:term":[{"taxonomy":"product_brand","embeddable":true,"href":"https:\/\/www.ceramicbasin.com\/fr\/wp-json\/wp\/v2\/product_brand?post=5945"},{"taxonomy":"product_cat","embeddable":true,"href":"https:\/\/www.ceramicbasin.com\/fr\/wp-json\/wp\/v2\/product_cat?post=5945"},{"taxonomy":"product_tag","embeddable":true,"href":"https:\/\/www.ceramicbasin.com\/fr\/wp-json\/wp\/v2\/product_tag?post=5945"}],"curies":[{"name":"wp","href":"https:\/\/api.w.org\/{rel}","templated":true}]}}