{"id":5946,"date":"2025-01-04T03:50:16","date_gmt":"2025-01-04T03:50:16","guid":{"rendered":"https:\/\/www.ceramicbasin.com\/?post_type=product&#038;p=5946"},"modified":"2025-01-04T03:50:18","modified_gmt":"2025-01-04T03:50:18","slug":"custom-made-basins","status":"publish","type":"product","link":"https:\/\/www.ceramicbasin.com\/fr\/produit\/custom-made-basins\/","title":{"rendered":"Lavabos sur mesure, lavabos de luxe en or, vente en gros"},"content":{"rendered":"<div class=\"wp-block-columns is-layout-flex wp-container-core-columns-is-layout-9d6595d7 wp-block-columns-is-layout-flex\">\n<div class=\"wp-block-column is-layout-flow wp-block-column-is-layout-flow\">\n<h2 class=\"wp-block-heading\">Bassins de premi\u00e8re qualit\u00e9 fabriqu\u00e9s sur mesure Caract\u00e9ristiques :<\/h2>\n\n\n\n<ul class=\"wp-block-list\">\n<li><strong>Or exquis :\u00a0<\/strong>Ces vasques sur mesure sont fabriqu\u00e9es avec une \u00e9l\u00e9gante finition dor\u00e9e, apportant une beaut\u00e9 douce et luxueuse \u00e0 la salle de bains et rehaussant l'aspect haut de gamme de l'espace.<\/li>\n\n\n\n<li><strong>Conception de l'installation du comptoir :<\/strong>\u00a0Ce lavabo de luxe en gros est con\u00e7u pour \u00eatre install\u00e9 sur le comptoir, ce qui permet d'\u00e9conomiser de l'espace et de faciliter l'utilisation quotidienne, le nettoyage, ainsi que la praticit\u00e9 et la beaut\u00e9 de la salle de bains dans son ensemble.<\/li>\n\n\n\n<li><strong>R\u00e9pondre \u00e0 des besoins personnalis\u00e9s :<\/strong>\u00a0Nous sommes un fabricant professionnel d'\u00e9viers de salle de bains en c\u00e9ramique, fournissant des services complets pour les lavabos sur mesure, et pouvons ajuster la taille en fonction de vos besoins sp\u00e9cifiques.<\/li>\n\n\n\n<li><strong>Avantage de prix :\u00a0<\/strong>Nous fournissons des services de commande en gros pour ce lavabo en gros, qui sont non seulement abordables, mais aussi livr\u00e9s rapidement, adapt\u00e9s aux projets commerciaux et \u00e0 la d\u00e9coration r\u00e9sidentielle \u00e0 grande \u00e9chelle, r\u00e9pondant aux besoins de haute efficacit\u00e9 et de faible co\u00fbt.<\/li>\n<\/ul>\n<\/div>\n\n\n\n<div class=\"wp-block-column is-layout-flow wp-block-column-is-layout-flow\">\n<figure class=\"wp-block-image size-full is-resized\"><img fetchpriority=\"high\" decoding=\"async\" width=\"612\" height=\"795\" src=\"https:\/\/www.ceramicbasin.com\/wp-content\/uploads\/2025\/01\/Countertop-gold-and-white-color-hand-washing-basin-wholesale-5.webp\" alt=\"Lavabos sur mesure, lavabos de luxe en or Wholesale-1\" class=\"wp-image-5933\" style=\"width:360px;height:auto\" srcset=\"https:\/\/www.ceramicbasin.com\/wp-content\/uploads\/2025\/01\/Countertop-gold-and-white-color-hand-washing-basin-wholesale-5.webp 612w, https:\/\/www.ceramicbasin.com\/wp-content\/uploads\/2025\/01\/Countertop-gold-and-white-color-hand-washing-basin-wholesale-5-231x300.webp 231w, https:\/\/www.ceramicbasin.com\/wp-content\/uploads\/2025\/01\/Countertop-gold-and-white-color-hand-washing-basin-wholesale-5-9x12.webp 9w, https:\/\/www.ceramicbasin.com\/wp-content\/uploads\/2025\/01\/Countertop-gold-and-white-color-hand-washing-basin-wholesale-5-285x370.webp 285w, https:\/\/www.ceramicbasin.com\/wp-content\/uploads\/2025\/01\/Countertop-gold-and-white-color-hand-washing-basin-wholesale-5-508x660.webp 508w, https:\/\/www.ceramicbasin.com\/wp-content\/uploads\/2025\/01\/Countertop-gold-and-white-color-hand-washing-basin-wholesale-5-115x150.webp 115w\" sizes=\"(max-width: 612px) 100vw, 612px\" \/><\/figure>\n<\/div>\n<\/div>","protected":false},"excerpt":{"rendered":"<p>Bienvenue pour commander des lavabos sur mesure. Ce lavabo de comptoir est fabriqu\u00e9 avec une \u00e9l\u00e9gante finition dor\u00e9e, apportant une beaut\u00e9 douce et luxueuse \u00e0 la salle de bain. Nous sommes un fabricant professionnel d'\u00e9vier de salle de bain, fournissant des services de personnalisation pour les lavabos en gros, et pouvons ajuster la taille selon vos besoins sp\u00e9cifiques.<\/p>\n<table style=\"border-collapse: collapse; width: 358.52pt;\" border=\"0\" width=\"478\" cellspacing=\"0\" cellpadding=\"0\">\n<tbody>\n<tr style=\"height: 17.25pt;\">\n<td class=\"et3\" style=\"height: 17.25pt; width: 125.00pt;\" width=\"166\" height=\"23\">Fabricant<\/td>\n<td class=\"et3\" style=\"width: 234.15pt;\" width=\"312\">HanYu<\/td>\n<\/tr>\n<tr style=\"height: 17.25pt;\">\n<td class=\"et3\" style=\"height: 17.25pt;\" height=\"23\">Num\u00e9ro de mod\u00e8le.<\/td>\n<td class=\"et4\">HY-5006J5<\/td>\n<\/tr>\n<tr style=\"height: 17.25pt;\">\n<td class=\"et3\" style=\"height: 17.25pt;\" height=\"23\">Type<\/td>\n<td class=\"et5\" style=\"width: 234.15pt;\" width=\"312\">Eviers galvanis\u00e9s<\/td>\n<\/tr>\n<tr style=\"height: 18.00pt;\">\n<td class=\"et3\" style=\"height: 18.00pt;\" height=\"24\">Forme<\/td>\n<td class=\"et3\">Forme ovale<\/td>\n<\/tr>\n<tr style=\"height: 34.50pt;\">\n<td class=\"et4\" style=\"height: 34.50pt;\" height=\"46\">Couleur<\/td>\n<td class=\"et5\" style=\"width: 234.15pt;\" width=\"312\">noir\/blanc\/bleu\/gris\/rose\/vert\/marron\/kaki<\/td>\n<\/tr>\n<tr style=\"height: 18.00pt;\">\n<td class=\"et3\" style=\"height: 18.00pt;\" height=\"24\">Dimension<\/td>\n<td class=\"et5\" style=\"width: 234.15pt;\" width=\"312\">59*42*14<\/td>\n<\/tr>\n<tr style=\"height: 17.25pt;\">\n<td class=\"et3\" style=\"height: 17.25pt;\" height=\"23\">N.W \/SET<\/td>\n<td class=\"et3\">10KGS\/PCS<\/td>\n<\/tr>\n<tr style=\"height: 17.25pt;\">\n<td class=\"et3\" style=\"height: 17.25pt;\" height=\"23\">MOQ<\/td>\n<td class=\"et3\">20pcs<\/td>\n<\/tr>\n<tr style=\"height: 17.25pt;\">\n<td class=\"et3\" style=\"height: 17.25pt;\" height=\"23\">Option personnalis\u00e9e<\/td>\n<td class=\"et3\">Couleur\/Pattenue\/Taille\/Logo\/Emballage<\/td>\n<\/tr>\n<\/tbody>\n<\/table>","protected":false},"featured_media":5932,"comment_status":"closed","ping_status":"closed","template":"","meta":{"_acf_changed":false},"product_brand":[],"product_cat":[50,53],"product_tag":[],"class_list":{"0":"post-5946","1":"product","2":"type-product","3":"status-publish","4":"has-post-thumbnail","6":"product_cat-wholesale-countertop-sinks","7":"product_cat-electroplated-bathroom-sinks","9":"first","10":"instock","11":"shipping-taxable","12":"product-type-simple"},"acf":[],"_links":{"self":[{"href":"https:\/\/www.ceramicbasin.com\/fr\/wp-json\/wp\/v2\/product\/5946","targetHints":{"allow":["GET"]}}],"collection":[{"href":"https:\/\/www.ceramicbasin.com\/fr\/wp-json\/wp\/v2\/product"}],"about":[{"href":"https:\/\/www.ceramicbasin.com\/fr\/wp-json\/wp\/v2\/types\/product"}],"replies":[{"embeddable":true,"href":"https:\/\/www.ceramicbasin.com\/fr\/wp-json\/wp\/v2\/comments?post=5946"}],"wp:featuredmedia":[{"embeddable":true,"href":"https:\/\/www.ceramicbasin.com\/fr\/wp-json\/wp\/v2\/media\/5932"}],"wp:attachment":[{"href":"https:\/\/www.ceramicbasin.com\/fr\/wp-json\/wp\/v2\/media?parent=5946"}],"wp:term":[{"taxonomy":"product_brand","embeddable":true,"href":"https:\/\/www.ceramicbasin.com\/fr\/wp-json\/wp\/v2\/product_brand?post=5946"},{"taxonomy":"product_cat","embeddable":true,"href":"https:\/\/www.ceramicbasin.com\/fr\/wp-json\/wp\/v2\/product_cat?post=5946"},{"taxonomy":"product_tag","embeddable":true,"href":"https:\/\/www.ceramicbasin.com\/fr\/wp-json\/wp\/v2\/product_tag?post=5946"}],"curies":[{"name":"wp","href":"https:\/\/api.w.org\/{rel}","templated":true}]}}