{"id":5947,"date":"2025-01-04T03:58:13","date_gmt":"2025-01-04T03:58:13","guid":{"rendered":"https:\/\/www.ceramicbasin.com\/?post_type=product&#038;p=5947"},"modified":"2025-10-23T09:31:16","modified_gmt":"2025-10-23T09:31:16","slug":"manufactured-home-sinks","status":"publish","type":"product","link":"https:\/\/www.ceramicbasin.com\/fr\/produit\/manufactured-home-sinks\/","title":{"rendered":"\u00c9viers fabriqu\u00e9s sur mesure pour la maison, bassins de lavage pour l'or en gros"},"content":{"rendered":"<div class=\"wp-block-columns is-layout-flex wp-container-core-columns-is-layout-9d6595d7 wp-block-columns-is-layout-flex\">\n<div class=\"wp-block-column is-layout-flow wp-block-column-is-layout-flow\">\n<h2 class=\"wp-block-heading\">Premium Custom Manufactured Home Sinks Features (\u00e9viers pour maisons pr\u00e9fabriqu\u00e9es) :<\/h2>\n\n\n\n<ul class=\"wp-block-list\">\n<li><strong>Correspondance luxueuse des couleurs :&nbsp;<\/strong>Ces \u00e9viers en c\u00e9ramique pour maisons pr\u00e9fabriqu\u00e9es adoptent les couleurs classiques de l'or et du blanc, la partie dor\u00e9e est brillante et la partie blanche est pure et \u00e9l\u00e9gante, ce qui cr\u00e9e une atmosph\u00e8re luxueuse et \u00e9l\u00e9gante.<\/li>\n\n\n\n<li><strong>Mat\u00e9riaux de haute qualit\u00e9 :&nbsp;<\/strong>Ce lavabo de couleur or est fabriqu\u00e9 \u00e0 partir de mat\u00e9riaux c\u00e9ramiques de qualit\u00e9 sup\u00e9rieure afin de garantir la solidit\u00e9 et la durabilit\u00e9 du lavabo, tandis que sa couche ext\u00e9rieure pr\u00e9sente une finition \u00e9lectroplaqu\u00e9e or lisse et facile \u00e0 nettoyer au quotidien.<\/li>\n\n\n\n<li><strong>Fourniture rapide :&nbsp;<\/strong>En tant que fournisseur d'\u00e9viers en c\u00e9ramique, nous disposons d'une cha\u00eene d'approvisionnement rapide qui peut traiter rapidement les commandes et assurer la livraison dans les d\u00e9lais des \u00e9viers en c\u00e9ramique \u00e0 finition dor\u00e9e pour maisons pr\u00e9fabriqu\u00e9es.<\/li>\n\n\n\n<li><strong>Rentable :&nbsp;<\/strong>Nous proposons des prix plus avantageux pour les commandes importantes de lavabos en gros, ce qui signifie une haute qualit\u00e9 tout en restant \u00e0 un prix raisonnable pour vous aider \u00e0 r\u00e9duire les co\u00fbts dans les grands projets.<\/li>\n<\/ul>\n<\/div>\n\n\n\n<div class=\"wp-block-column is-layout-flow wp-block-column-is-layout-flow\">\n<figure class=\"wp-block-image size-full\"><img fetchpriority=\"high\" decoding=\"async\" width=\"688\" height=\"852\" src=\"https:\/\/www.ceramicbasin.com\/wp-content\/uploads\/2025\/01\/Ceramic-wash-basin-manufacturergold-color-basin-sink-5.webp\" alt=\"\u00c9viers en c\u00e9ramique pour maisons pr\u00e9fabriqu\u00e9es, lavabo en or Wholesale-1\" class=\"wp-image-5928\" srcset=\"https:\/\/www.ceramicbasin.com\/wp-content\/uploads\/2025\/01\/Ceramic-wash-basin-manufacturergold-color-basin-sink-5.webp 688w, https:\/\/www.ceramicbasin.com\/wp-content\/uploads\/2025\/01\/Ceramic-wash-basin-manufacturergold-color-basin-sink-5-242x300.webp 242w, https:\/\/www.ceramicbasin.com\/wp-content\/uploads\/2025\/01\/Ceramic-wash-basin-manufacturergold-color-basin-sink-5-10x12.webp 10w, https:\/\/www.ceramicbasin.com\/wp-content\/uploads\/2025\/01\/Ceramic-wash-basin-manufacturergold-color-basin-sink-5-285x353.webp 285w, https:\/\/www.ceramicbasin.com\/wp-content\/uploads\/2025\/01\/Ceramic-wash-basin-manufacturergold-color-basin-sink-5-533x660.webp 533w, https:\/\/www.ceramicbasin.com\/wp-content\/uploads\/2025\/01\/Ceramic-wash-basin-manufacturergold-color-basin-sink-5-121x150.webp 121w\" sizes=\"(max-width: 688px) 100vw, 688px\" \/><\/figure>\n<\/div>\n<\/div>","protected":false},"excerpt":{"rendered":"<p>Bienvenue pour commander des \u00e9viers de maison fabriqu\u00e9s sur mesure. Notre lavabo de couleur or en gros est fait d'argile c\u00e9ramique de premi\u00e8re qualit\u00e9 pour assurer la solidit\u00e9 et la durabilit\u00e9 du lavabo, tandis que sa couche ext\u00e9rieure a une finition \u00e9lectroplaqu\u00e9e or lisse et facile \u00e0 nettoyer tous les jours.<\/p>\n<table style=\"border-collapse: collapse; width: 358.52pt;\" border=\"0\" width=\"478\" cellspacing=\"0\" cellpadding=\"0\">\n<tbody>\n<tr style=\"height: 17.25pt;\">\n<td class=\"et3\" style=\"height: 17.25pt; width: 125.00pt;\" width=\"166\" height=\"23\">Fabricant<\/td>\n<td class=\"et3\" style=\"width: 234.15pt;\" width=\"312\">HanYu<\/td>\n<\/tr>\n<tr style=\"height: 17.25pt;\">\n<td class=\"et3\" style=\"height: 17.25pt;\" height=\"23\">Num\u00e9ro de mod\u00e8le.<\/td>\n<td class=\"et4\">HY-5006J4<\/td>\n<\/tr>\n<tr style=\"height: 17.25pt;\">\n<td class=\"et3\" style=\"height: 17.25pt;\" height=\"23\">Type<\/td>\n<td class=\"et5\" style=\"width: 234.15pt;\" width=\"312\">Eviers galvanis\u00e9s<\/td>\n<\/tr>\n<tr style=\"height: 18.00pt;\">\n<td class=\"et3\" style=\"height: 18.00pt;\" height=\"24\">Forme<\/td>\n<td class=\"et3\">Forme ovale<\/td>\n<\/tr>\n<tr style=\"height: 34.50pt;\">\n<td class=\"et4\" style=\"height: 34.50pt;\" height=\"46\">Couleur<\/td>\n<td class=\"et5\" style=\"width: 234.15pt;\" width=\"312\">noir\/blanc\/bleu\/gris\/rose\/vert\/marron\/kaki<\/td>\n<\/tr>\n<tr style=\"height: 18.00pt;\">\n<td class=\"et3\" style=\"height: 18.00pt;\" height=\"24\">Dimension<\/td>\n<td class=\"et5\" style=\"width: 234.15pt;\" width=\"312\">59*42*14<\/td>\n<\/tr>\n<tr style=\"height: 17.25pt;\">\n<td class=\"et3\" style=\"height: 17.25pt;\" height=\"23\">N.W \/SET<\/td>\n<td class=\"et3\">10KGS\/PCS<\/td>\n<\/tr>\n<tr style=\"height: 17.25pt;\">\n<td class=\"et3\" style=\"height: 17.25pt;\" height=\"23\">MOQ<\/td>\n<td class=\"et3\">20pcs<\/td>\n<\/tr>\n<tr style=\"height: 17.25pt;\">\n<td class=\"et3\" style=\"height: 17.25pt;\" height=\"23\">Option personnalis\u00e9e<\/td>\n<td class=\"et3\">Couleur\/Pattenue\/Taille\/Logo\/Emballage<\/td>\n<\/tr>\n<\/tbody>\n<\/table>","protected":false},"featured_media":5924,"comment_status":"closed","ping_status":"closed","template":"","meta":{"_acf_changed":false},"product_brand":[],"product_cat":[50,53],"product_tag":[],"class_list":{"0":"post-5947","1":"product","2":"type-product","3":"status-publish","4":"has-post-thumbnail","6":"product_cat-wholesale-countertop-sinks","7":"product_cat-electroplated-bathroom-sinks","9":"first","10":"instock","11":"shipping-taxable","12":"product-type-simple"},"acf":[],"_links":{"self":[{"href":"https:\/\/www.ceramicbasin.com\/fr\/wp-json\/wp\/v2\/product\/5947","targetHints":{"allow":["GET"]}}],"collection":[{"href":"https:\/\/www.ceramicbasin.com\/fr\/wp-json\/wp\/v2\/product"}],"about":[{"href":"https:\/\/www.ceramicbasin.com\/fr\/wp-json\/wp\/v2\/types\/product"}],"replies":[{"embeddable":true,"href":"https:\/\/www.ceramicbasin.com\/fr\/wp-json\/wp\/v2\/comments?post=5947"}],"wp:featuredmedia":[{"embeddable":true,"href":"https:\/\/www.ceramicbasin.com\/fr\/wp-json\/wp\/v2\/media\/5924"}],"wp:attachment":[{"href":"https:\/\/www.ceramicbasin.com\/fr\/wp-json\/wp\/v2\/media?parent=5947"}],"wp:term":[{"taxonomy":"product_brand","embeddable":true,"href":"https:\/\/www.ceramicbasin.com\/fr\/wp-json\/wp\/v2\/product_brand?post=5947"},{"taxonomy":"product_cat","embeddable":true,"href":"https:\/\/www.ceramicbasin.com\/fr\/wp-json\/wp\/v2\/product_cat?post=5947"},{"taxonomy":"product_tag","embeddable":true,"href":"https:\/\/www.ceramicbasin.com\/fr\/wp-json\/wp\/v2\/product_tag?post=5947"}],"curies":[{"name":"wp","href":"https:\/\/api.w.org\/{rel}","templated":true}]}}