{"id":5970,"date":"2025-01-10T01:54:47","date_gmt":"2025-01-10T01:54:47","guid":{"rendered":"https:\/\/www.ceramicbasin.com\/?post_type=product&#038;p=5970"},"modified":"2025-01-11T01:42:05","modified_gmt":"2025-01-11T01:42:05","slug":"custom-porcelain-sink","status":"publish","type":"product","link":"https:\/\/www.ceramicbasin.com\/fr\/produit\/custom-porcelain-sink\/","title":{"rendered":"\u00c9vier en porcelaine blanc brillant, vasque de comptoir en gros"},"content":{"rendered":"<div class=\"wp-block-columns is-layout-flex wp-container-core-columns-is-layout-9d6595d7 wp-block-columns-is-layout-flex\">\n<div class=\"wp-block-column is-layout-flow wp-block-column-is-layout-flow\">\n<h2 class=\"wp-block-heading\">Caract\u00e9ristiques de l'\u00e9vier en porcelaine de premi\u00e8re qualit\u00e9 :<\/h2>\n\n\n\n<ul class=\"wp-block-list\">\n<li><strong>Aspect blanc brillant : <\/strong>Ce lavabo en porcelaine blanche brillante est trait\u00e9 avec une gla\u00e7ure de haute qualit\u00e9 pour pr\u00e9senter une texture blanche lisse et brillante, qui rehausse la beaut\u00e9 g\u00e9n\u00e9rale de la salle de bains et convient \u00e0 une d\u00e9coration de style moderne et classique.<\/li>\n\n\n\n<li><strong>Mat\u00e9riau c\u00e9ramique de haute qualit\u00e9 : <\/strong>Ce bassin de comptoir en gros est fabriqu\u00e9 en c\u00e9ramique durable, cuite \u00e0 haute temp\u00e9rature pour garantir sa fermet\u00e9, sa r\u00e9sistance aux taches et sa durabilit\u00e9. En m\u00eame temps, la surface est facile \u00e0 nettoyer et conserve un effet brillant durable.<\/li>\n\n\n\n<li><strong>Options de personnalisation polyvalentes : <\/strong>Nos \u00e9viers en porcelaine sur mesure permettent une personnalisation flexible de la taille, de la forme et du design pour s'adapter aux diff\u00e9rents agencements de salles de bains et aux exigences de la marque, ce qui rend chaque produit unique et r\u00e9pond aux besoins diversifi\u00e9s du march\u00e9.<\/li>\n\n\n\n<li><strong>Avantages du commerce de gros et approvisionnement efficace : <\/strong>HanYu bathroom sink factory se concentre sur les canaux de vente en gros, fournit de grandes quantit\u00e9s de vasques de comptoir en gros, et produit et livre de mani\u00e8re efficace et opportune, fournissant des solutions rentables pour les projets de construction, les projets h\u00f4teliers et les d\u00e9taillants de marque.<\/li>\n<\/ul>\n<\/div>\n\n\n\n<div class=\"wp-block-column is-layout-flow wp-block-column-is-layout-flow\">\n<figure class=\"wp-block-image size-full\"><img fetchpriority=\"high\" decoding=\"async\" width=\"673\" height=\"871\" src=\"https:\/\/www.ceramicbasin.com\/wp-content\/uploads\/2025\/01\/Counter-Top-Hand-Wash-Basin-6.webp\" alt=\"\u00c9vier en porcelaine blanc brillant, vasque de comptoir Wholesale-1\" class=\"wp-image-5971\" srcset=\"https:\/\/www.ceramicbasin.com\/wp-content\/uploads\/2025\/01\/Counter-Top-Hand-Wash-Basin-6.webp 673w, https:\/\/www.ceramicbasin.com\/wp-content\/uploads\/2025\/01\/Counter-Top-Hand-Wash-Basin-6-232x300.webp 232w, https:\/\/www.ceramicbasin.com\/wp-content\/uploads\/2025\/01\/Counter-Top-Hand-Wash-Basin-6-9x12.webp 9w, https:\/\/www.ceramicbasin.com\/wp-content\/uploads\/2025\/01\/Counter-Top-Hand-Wash-Basin-6-285x369.webp 285w, https:\/\/www.ceramicbasin.com\/wp-content\/uploads\/2025\/01\/Counter-Top-Hand-Wash-Basin-6-510x660.webp 510w, https:\/\/www.ceramicbasin.com\/wp-content\/uploads\/2025\/01\/Counter-Top-Hand-Wash-Basin-6-116x150.webp 116w\" sizes=\"(max-width: 673px) 100vw, 673px\" \/><\/figure>\n<\/div>\n<\/div>","protected":false},"excerpt":{"rendered":"<p>Bienvenue pour l'achat en gros de lavabos de comptoir. Notre \u00e9vier en porcelaine blanc brillant personnalis\u00e9 est fait de gla\u00e7ure blanche brillante et de mat\u00e9riaux c\u00e9ramiques de haute qualit\u00e9, ce qui est \u00e0 la fois beau et pratique. Il peut \u00eatre personnalis\u00e9 de mani\u00e8re flexible pour r\u00e9pondre \u00e0 divers besoins et convient \u00e0 la d\u00e9coration de la maison et aux projets commerciaux.<\/p>\n<table width=\"311\">\n<tbody>\n<tr>\n<td width=\"108\">Fabricant<\/td>\n<td width=\"202\">HanYu<\/td>\n<\/tr>\n<tr>\n<td>Num\u00e9ro de mod\u00e8le.<\/td>\n<td>HY-421<\/td>\n<\/tr>\n<tr>\n<td>Type<\/td>\n<td>Bassin de comptoir<\/td>\n<\/tr>\n<tr>\n<td>Forme<\/td>\n<td>Rectangulaire<\/td>\n<\/tr>\n<tr>\n<td>Couleur<\/td>\n<td>Blanc<\/td>\n<\/tr>\n<tr>\n<td>Dimension<\/td>\n<td width=\"202\">38*38*13<\/td>\n<\/tr>\n<tr>\n<td>N.W \/SET<\/td>\n<td>10KG\/PCS<\/td>\n<\/tr>\n<tr>\n<td>MOQ<\/td>\n<td>20pcs<\/td>\n<\/tr>\n<tr>\n<td>Option personnalis\u00e9e<\/td>\n<td>Couleur\/Pattenue\/Taille\/Logo\/Emballage<\/td>\n<\/tr>\n<\/tbody>\n<\/table>","protected":false},"featured_media":5972,"comment_status":"closed","ping_status":"closed","template":"","meta":{"_acf_changed":false},"product_brand":[],"product_cat":[50],"product_tag":[],"class_list":{"0":"post-5970","1":"product","2":"type-product","3":"status-publish","4":"has-post-thumbnail","6":"product_cat-wholesale-countertop-sinks","8":"first","9":"instock","10":"shipping-taxable","11":"product-type-simple"},"acf":[],"_links":{"self":[{"href":"https:\/\/www.ceramicbasin.com\/fr\/wp-json\/wp\/v2\/product\/5970","targetHints":{"allow":["GET"]}}],"collection":[{"href":"https:\/\/www.ceramicbasin.com\/fr\/wp-json\/wp\/v2\/product"}],"about":[{"href":"https:\/\/www.ceramicbasin.com\/fr\/wp-json\/wp\/v2\/types\/product"}],"replies":[{"embeddable":true,"href":"https:\/\/www.ceramicbasin.com\/fr\/wp-json\/wp\/v2\/comments?post=5970"}],"wp:featuredmedia":[{"embeddable":true,"href":"https:\/\/www.ceramicbasin.com\/fr\/wp-json\/wp\/v2\/media\/5972"}],"wp:attachment":[{"href":"https:\/\/www.ceramicbasin.com\/fr\/wp-json\/wp\/v2\/media?parent=5970"}],"wp:term":[{"taxonomy":"product_brand","embeddable":true,"href":"https:\/\/www.ceramicbasin.com\/fr\/wp-json\/wp\/v2\/product_brand?post=5970"},{"taxonomy":"product_cat","embeddable":true,"href":"https:\/\/www.ceramicbasin.com\/fr\/wp-json\/wp\/v2\/product_cat?post=5970"},{"taxonomy":"product_tag","embeddable":true,"href":"https:\/\/www.ceramicbasin.com\/fr\/wp-json\/wp\/v2\/product_tag?post=5970"}],"curies":[{"name":"wp","href":"https:\/\/api.w.org\/{rel}","templated":true}]}}