{"id":5978,"date":"2025-01-10T02:45:55","date_gmt":"2025-01-10T02:45:55","guid":{"rendered":"https:\/\/www.ceramicbasin.com\/?post_type=product&#038;p=5978"},"modified":"2025-01-11T01:29:18","modified_gmt":"2025-01-11T01:29:18","slug":"customized-basin","status":"publish","type":"product","link":"https:\/\/www.ceramicbasin.com\/fr\/produit\/customized-basin\/","title":{"rendered":"Bassin personnalis\u00e9 de haute qualit\u00e9, \u00e9vier en c\u00e9ramique au design \u00e9pur\u00e9 Wholesale"},"content":{"rendered":"<div class=\"wp-block-columns is-layout-flex wp-container-core-columns-is-layout-9d6595d7 wp-block-columns-is-layout-flex\">\n<div class=\"wp-block-column is-layout-flow wp-block-column-is-layout-flow\">\n<h2 class=\"wp-block-heading\">Premium Customized Basin Caract\u00e9ristiques :<\/h2>\n\n\n\n<ul class=\"wp-block-list\">\n<li><strong>Solide et durable :<\/strong> Gr\u00e2ce \u00e0 la qualit\u00e9 du mat\u00e9riau c\u00e9ramique et \u00e0 la temp\u00e9rature \u00e9lev\u00e9e, ce bassin personnalis\u00e9 pour comptoir est solide et durable, antitache et r\u00e9sistant aux rayures. La surface lisse se nettoie facilement et reste toujours belle et brillante.<\/li>\n\n\n\n<li><strong>Conception simple : <\/strong>Dot\u00e9 d'un trou de robinet, cet \u00e9vier de salle de bains en c\u00e9ramique est facile \u00e0 installer et fonctionne avec la plupart des robinets standard. Il est vraiment pratique et joli gr\u00e2ce \u00e0 son design simple, convenant \u00e0 de nombreux styles de salles de bains.<\/li>\n\n\n\n<li><strong>Design exquis : <\/strong>D'une conception exquise et dot\u00e9e d'un sens artistique moderne, cette vasque personnalis\u00e9e \u00e0 poser ajoutera un effet esth\u00e9tique in\u00e9gal\u00e9 \u00e0 la salle de bains et rehaussera le niveau g\u00e9n\u00e9ral de la d\u00e9coration.<\/li>\n\n\n\n<li><strong>Avantage de prix : <\/strong>Nous avons obtenu les marchandises directement de l'usine, garantissant un \u00e9vier de salle de bain en c\u00e9ramique de haute qualit\u00e9 en gros \u00e0 nos clients au meilleur prix, aidant \u00e0 \u00e9conomiser de l'argent pour les entreprises et \u00e0 augmenter les marges de profit dans la vente des produits.<\/li>\n<\/ul>\n<\/div>\n\n\n\n<div class=\"wp-block-column is-layout-flow wp-block-column-is-layout-flow\">\n<figure class=\"wp-block-image size-full\"><img fetchpriority=\"high\" decoding=\"async\" width=\"641\" height=\"867\" src=\"https:\/\/www.ceramicbasin.com\/wp-content\/uploads\/2025\/01\/Ceramic-Sanitary-Ware-Basin-6.webp\" alt=\"Bassin personnalis\u00e9 de haute qualit\u00e9, \u00e9vier en c\u00e9ramique au design \u00e9pur\u00e9 Wholesale-1\" class=\"wp-image-5979\" srcset=\"https:\/\/www.ceramicbasin.com\/wp-content\/uploads\/2025\/01\/Ceramic-Sanitary-Ware-Basin-6.webp 641w, https:\/\/www.ceramicbasin.com\/wp-content\/uploads\/2025\/01\/Ceramic-Sanitary-Ware-Basin-6-222x300.webp 222w, https:\/\/www.ceramicbasin.com\/wp-content\/uploads\/2025\/01\/Ceramic-Sanitary-Ware-Basin-6-9x12.webp 9w, https:\/\/www.ceramicbasin.com\/wp-content\/uploads\/2025\/01\/Ceramic-Sanitary-Ware-Basin-6-285x385.webp 285w, https:\/\/www.ceramicbasin.com\/wp-content\/uploads\/2025\/01\/Ceramic-Sanitary-Ware-Basin-6-488x660.webp 488w, https:\/\/www.ceramicbasin.com\/wp-content\/uploads\/2025\/01\/Ceramic-Sanitary-Ware-Basin-6-111x150.webp 111w\" sizes=\"(max-width: 641px) 100vw, 641px\" \/><\/figure>\n<\/div>\n<\/div>\n\n\n\n<p><\/p>","protected":false},"excerpt":{"rendered":"<p>Bienvenue sur le site d'achat en gros d'\u00e9vier de salle de bain en c\u00e9ramique. Notre lavabo personnalis\u00e9 de haute qualit\u00e9 combine des mat\u00e9riaux c\u00e9ramiques de haute qualit\u00e9 avec un design simple et moderne, supportant une vari\u00e9t\u00e9 d'options de personnalisation pour r\u00e9pondre aux besoins personnalis\u00e9s des marques et des projets. Qu'il soit utilis\u00e9 pour la d\u00e9coration de la maison ou des lieux commerciaux, il peut montrer la combinaison parfaite de la mode et de la praticit\u00e9.<\/p>\n<table style=\"border-collapse: collapse; width: 311.02pt;\" border=\"0\" width=\"311\" cellspacing=\"0\" cellpadding=\"0\">\n<tbody>\n<tr style=\"height: 17.60pt;\">\n<td class=\"et3\" style=\"height: 17.60pt; width: 108.35pt;\" width=\"108\" height=\"17\">Fabricant<\/td>\n<td class=\"et3\" style=\"width: 202.95pt;\" width=\"202\">HanYu<\/td>\n<\/tr>\n<tr style=\"height: 17.60pt;\">\n<td class=\"et3\" style=\"height: 17.60pt;\" height=\"17\">Num\u00e9ro de mod\u00e8le.<\/td>\n<td class=\"et4\">HY-8031<\/td>\n<\/tr>\n<tr style=\"height: 17.60pt;\">\n<td class=\"et3\" style=\"height: 17.60pt;\" height=\"17\">Type<\/td>\n<td class=\"et3\">Bassin de comptoir<\/td>\n<\/tr>\n<tr style=\"height: 17.60pt;\">\n<td class=\"et3\" style=\"height: 17.60pt;\" height=\"17\">Forme<\/td>\n<td class=\"et3\">Rectangulaire<\/td>\n<\/tr>\n<tr style=\"height: 17.60pt;\">\n<td class=\"et4\" style=\"height: 17.60pt;\" height=\"17\">Couleur<\/td>\n<td class=\"et3\">Blanc<\/td>\n<\/tr>\n<tr style=\"height: 18.00pt;\">\n<td class=\"et3\" style=\"height: 18.00pt;\" height=\"18\">Dimension<\/td>\n<td class=\"et5\" style=\"width: 202.95pt;\" width=\"202\">42.3*40.5*15.5<\/td>\n<\/tr>\n<tr style=\"height: 17.60pt;\">\n<td class=\"et3\" style=\"height: 17.60pt;\" height=\"17\">N.W \/SET<\/td>\n<td class=\"et3\">11KG\/PCS<\/td>\n<\/tr>\n<tr style=\"height: 17.60pt;\">\n<td class=\"et3\" style=\"height: 17.60pt;\" height=\"17\">MOQ<\/td>\n<td class=\"et3\">20pcs<\/td>\n<\/tr>\n<tr style=\"height: 17.60pt;\">\n<td class=\"et3\" style=\"height: 17.60pt;\" height=\"17\">Option personnalis\u00e9e<\/td>\n<td class=\"et3\">Couleur\/Pattenue\/Taille\/Logo\/Emballage<\/td>\n<\/tr>\n<\/tbody>\n<\/table>\n<p>&nbsp;<\/p>","protected":false},"featured_media":5981,"comment_status":"closed","ping_status":"closed","template":"","meta":{"_acf_changed":false},"product_brand":[],"product_cat":[50],"product_tag":[],"class_list":{"0":"post-5978","1":"product","2":"type-product","3":"status-publish","4":"has-post-thumbnail","6":"product_cat-wholesale-countertop-sinks","8":"first","9":"instock","10":"shipping-taxable","11":"product-type-simple"},"acf":[],"_links":{"self":[{"href":"https:\/\/www.ceramicbasin.com\/fr\/wp-json\/wp\/v2\/product\/5978","targetHints":{"allow":["GET"]}}],"collection":[{"href":"https:\/\/www.ceramicbasin.com\/fr\/wp-json\/wp\/v2\/product"}],"about":[{"href":"https:\/\/www.ceramicbasin.com\/fr\/wp-json\/wp\/v2\/types\/product"}],"replies":[{"embeddable":true,"href":"https:\/\/www.ceramicbasin.com\/fr\/wp-json\/wp\/v2\/comments?post=5978"}],"wp:featuredmedia":[{"embeddable":true,"href":"https:\/\/www.ceramicbasin.com\/fr\/wp-json\/wp\/v2\/media\/5981"}],"wp:attachment":[{"href":"https:\/\/www.ceramicbasin.com\/fr\/wp-json\/wp\/v2\/media?parent=5978"}],"wp:term":[{"taxonomy":"product_brand","embeddable":true,"href":"https:\/\/www.ceramicbasin.com\/fr\/wp-json\/wp\/v2\/product_brand?post=5978"},{"taxonomy":"product_cat","embeddable":true,"href":"https:\/\/www.ceramicbasin.com\/fr\/wp-json\/wp\/v2\/product_cat?post=5978"},{"taxonomy":"product_tag","embeddable":true,"href":"https:\/\/www.ceramicbasin.com\/fr\/wp-json\/wp\/v2\/product_tag?post=5978"}],"curies":[{"name":"wp","href":"https:\/\/api.w.org\/{rel}","templated":true}]}}