{"id":5985,"date":"2025-01-10T06:12:40","date_gmt":"2025-01-10T06:12:40","guid":{"rendered":"https:\/\/www.ceramicbasin.com\/?post_type=product&#038;p=5985"},"modified":"2025-01-10T10:12:07","modified_gmt":"2025-01-10T10:12:07","slug":"bespoke-sink","status":"publish","type":"product","link":"https:\/\/www.ceramicbasin.com\/fr\/produit\/bespoke-sink\/","title":{"rendered":"Evier en c\u00e9ramique sur mesure, \u00e9vier de salle de bain moderne rectangulaire Wholesale"},"content":{"rendered":"<div class=\"wp-block-columns is-layout-flex wp-container-core-columns-is-layout-9d6595d7 wp-block-columns-is-layout-flex\">\n<div class=\"wp-block-column is-layout-flow wp-block-column-is-layout-flow\">\n<h2 class=\"wp-block-heading\">Caract\u00e9ristiques de l'\u00e9vier sur mesure en c\u00e9ramique de premi\u00e8re qualit\u00e9 :<\/h2>\n\n\n\n<ul class=\"wp-block-list\">\n<li><strong>Service de personnalisation :<\/strong> Nos \u00e9viers c\u00e9ramiques sur mesure peuvent \u00eatre con\u00e7us selon des sp\u00e9cifications, des couleurs et des styles diff\u00e9rents, r\u00e9pondant ainsi aux besoins personnalis\u00e9s des diff\u00e9rentes marques, des diff\u00e9rents projets et des diff\u00e9rents clients. Qu'il s'agisse de couleurs sp\u00e9ciales ou de formes sur mesure, nous pouvons fournir toutes sortes de produits \u00e0 nos clients.<\/li>\n\n\n\n<li><strong>Design moderne et \u00e0 la mode : <\/strong>Cet \u00e9vier de salle de bains en c\u00e9ramique s'inspire du concept de design minimaliste moderne. Les lignes sont douces, avec une forme \u00e9l\u00e9gante qui se marie bien avec les diff\u00e9rents styles de d\u00e9coration d'une salle de bain moderne. Il peut \u00eatre utilis\u00e9 dans la d\u00e9coration de la maison ou dans les h\u00f4tels pour les espaces commerciaux ; il augmente la beaut\u00e9 de chaque espace.<\/li>\n\n\n\n<li><strong>Mat\u00e9riau c\u00e9ramique de haute qualit\u00e9 : <\/strong>Cet \u00e9vier sur mesure est fabriqu\u00e9 en c\u00e9ramique de haute qualit\u00e9, cuite \u00e0 haute temp\u00e9rature, avec une excellente durabilit\u00e9 et des performances anti-salissures. La surface est tr\u00e8s lisse et d\u00e9licate, facile \u00e0 nettoyer, et peut rester brillante et neuve m\u00eame apr\u00e8s une tr\u00e8s longue p\u00e9riode d'utilisation.<\/li>\n\n\n\n<li><strong>Service de gros et avantage en termes de co\u00fbts :<\/strong> Notre \u00e9vier de salle de bain en c\u00e9ramique en gros se concentre sur la fourniture de canaux de vente en gros, offrant des options de quantit\u00e9 de commande flexibles et des capacit\u00e9s de production et de livraison efficaces, ce qui convient particuli\u00e8rement aux projets de construction \u00e0 grande \u00e9chelle, aux projets de d\u00e9coration d'h\u00f4tel et aux d\u00e9taillants de marque.<\/li>\n<\/ul>\n<\/div>\n\n\n\n<div class=\"wp-block-column is-layout-flow wp-block-column-is-layout-flow\">\n<figure class=\"wp-block-image size-full\"><img fetchpriority=\"high\" decoding=\"async\" width=\"627\" height=\"905\" src=\"https:\/\/www.ceramicbasin.com\/wp-content\/uploads\/2025\/01\/Modern-Sink-Bathroom-Sinks-Table-Top-6.webp\" alt=\"Ceramic Bespoke Sink, Rectangular Modern Bathroom Sink Wholesale-1\" class=\"wp-image-5986\" srcset=\"https:\/\/www.ceramicbasin.com\/wp-content\/uploads\/2025\/01\/Modern-Sink-Bathroom-Sinks-Table-Top-6.webp 627w, https:\/\/www.ceramicbasin.com\/wp-content\/uploads\/2025\/01\/Modern-Sink-Bathroom-Sinks-Table-Top-6-208x300.webp 208w, https:\/\/www.ceramicbasin.com\/wp-content\/uploads\/2025\/01\/Modern-Sink-Bathroom-Sinks-Table-Top-6-8x12.webp 8w, https:\/\/www.ceramicbasin.com\/wp-content\/uploads\/2025\/01\/Modern-Sink-Bathroom-Sinks-Table-Top-6-285x411.webp 285w, https:\/\/www.ceramicbasin.com\/wp-content\/uploads\/2025\/01\/Modern-Sink-Bathroom-Sinks-Table-Top-6-457x660.webp 457w, https:\/\/www.ceramicbasin.com\/wp-content\/uploads\/2025\/01\/Modern-Sink-Bathroom-Sinks-Table-Top-6-104x150.webp 104w\" sizes=\"(max-width: 627px) 100vw, 627px\" \/><\/figure>\n<\/div>\n<\/div>\n\n\n\n<p><\/p>","protected":false},"excerpt":{"rendered":"<p>Bienvenue sur le site d'achat en gros d'\u00e9vier de salle de bain en c\u00e9ramique. Cet \u00e9vier en c\u00e9ramique sur mesure combine un design moderne et \u00e0 la mode avec des mat\u00e9riaux en c\u00e9ramique de haute qualit\u00e9, offrant une excellente durabilit\u00e9 et une grande facilit\u00e9 de nettoyage. Il prend en charge une vari\u00e9t\u00e9 d'options de personnalisation pour r\u00e9pondre aux besoins personnalis\u00e9s des marques et des projets.<\/p>\n<table style=\"border-collapse: collapse; width: 311.02pt;\" border=\"0\" width=\"311\" cellspacing=\"0\" cellpadding=\"0\">\n<tbody>\n<tr style=\"height: 17.60pt;\">\n<td class=\"et3\" style=\"height: 17.60pt; width: 108.35pt;\" width=\"108\" height=\"17\">Fabricant<\/td>\n<td class=\"et3\" style=\"width: 202.95pt;\" width=\"202\">HanYu<\/td>\n<\/tr>\n<tr style=\"height: 17.60pt;\">\n<td class=\"et3\" style=\"height: 17.60pt;\" height=\"17\">Num\u00e9ro de mod\u00e8le.<\/td>\n<td class=\"et4\">HY-8032<\/td>\n<\/tr>\n<tr style=\"height: 17.60pt;\">\n<td class=\"et3\" style=\"height: 17.60pt;\" height=\"17\">Type<\/td>\n<td class=\"et3\">Bassin de comptoir<\/td>\n<\/tr>\n<tr style=\"height: 17.60pt;\">\n<td class=\"et3\" style=\"height: 17.60pt;\" height=\"17\">Forme<\/td>\n<td class=\"et3\">Forme rectangulaire<\/td>\n<\/tr>\n<tr style=\"height: 17.60pt;\">\n<td class=\"et4\" style=\"height: 17.60pt;\" height=\"17\">Couleur<\/td>\n<td class=\"et3\">Blanc<\/td>\n<\/tr>\n<tr style=\"height: 18.00pt;\">\n<td class=\"et3\" style=\"height: 18.00pt;\" height=\"18\">Dimension<\/td>\n<td class=\"et5\" style=\"width: 202.95pt;\" width=\"202\">46*42*15.5<\/td>\n<\/tr>\n<tr style=\"height: 17.60pt;\">\n<td class=\"et3\" style=\"height: 17.60pt;\" height=\"17\">N.W \/SET<\/td>\n<td class=\"et3\">12KGS\/PCS<\/td>\n<\/tr>\n<tr style=\"height: 17.60pt;\">\n<td class=\"et3\" style=\"height: 17.60pt;\" height=\"17\">MOQ<\/td>\n<td class=\"et3\">20pcs<\/td>\n<\/tr>\n<tr style=\"height: 17.60pt;\">\n<td class=\"et3\" style=\"height: 17.60pt;\" height=\"17\">Option personnalis\u00e9e<\/td>\n<td class=\"et3\">Couleur\/Pattenue\/Taille\/Logo\/Emballage<\/td>\n<\/tr>\n<\/tbody>\n<\/table>","protected":false},"featured_media":5987,"comment_status":"closed","ping_status":"closed","template":"","meta":{"_acf_changed":false},"product_brand":[],"product_cat":[50],"product_tag":[],"class_list":{"0":"post-5985","1":"product","2":"type-product","3":"status-publish","4":"has-post-thumbnail","6":"product_cat-wholesale-countertop-sinks","8":"first","9":"instock","10":"shipping-taxable","11":"product-type-simple"},"acf":[],"_links":{"self":[{"href":"https:\/\/www.ceramicbasin.com\/fr\/wp-json\/wp\/v2\/product\/5985","targetHints":{"allow":["GET"]}}],"collection":[{"href":"https:\/\/www.ceramicbasin.com\/fr\/wp-json\/wp\/v2\/product"}],"about":[{"href":"https:\/\/www.ceramicbasin.com\/fr\/wp-json\/wp\/v2\/types\/product"}],"replies":[{"embeddable":true,"href":"https:\/\/www.ceramicbasin.com\/fr\/wp-json\/wp\/v2\/comments?post=5985"}],"wp:featuredmedia":[{"embeddable":true,"href":"https:\/\/www.ceramicbasin.com\/fr\/wp-json\/wp\/v2\/media\/5987"}],"wp:attachment":[{"href":"https:\/\/www.ceramicbasin.com\/fr\/wp-json\/wp\/v2\/media?parent=5985"}],"wp:term":[{"taxonomy":"product_brand","embeddable":true,"href":"https:\/\/www.ceramicbasin.com\/fr\/wp-json\/wp\/v2\/product_brand?post=5985"},{"taxonomy":"product_cat","embeddable":true,"href":"https:\/\/www.ceramicbasin.com\/fr\/wp-json\/wp\/v2\/product_cat?post=5985"},{"taxonomy":"product_tag","embeddable":true,"href":"https:\/\/www.ceramicbasin.com\/fr\/wp-json\/wp\/v2\/product_tag?post=5985"}],"curies":[{"name":"wp","href":"https:\/\/api.w.org\/{rel}","templated":true}]}}