{"id":6009,"date":"2025-01-14T08:15:29","date_gmt":"2025-01-14T08:15:29","guid":{"rendered":"https:\/\/www.ceramicbasin.com\/?post_type=product&#038;p=6009"},"modified":"2025-01-17T07:43:42","modified_gmt":"2025-01-17T07:43:42","slug":"custom-basin","status":"publish","type":"product","link":"https:\/\/www.ceramicbasin.com\/fr\/produit\/custom-basin\/","title":{"rendered":"Cuvette en c\u00e9ramique de style europ\u00e9en, mod\u00e8le en marbre, \u00e9vier en gros"},"content":{"rendered":"<div class=\"wp-block-columns is-layout-flex wp-container-core-columns-is-layout-9d6595d7 wp-block-columns-is-layout-flex\">\n<div class=\"wp-block-column is-layout-flow wp-block-column-is-layout-flow\">\n<h2 class=\"wp-block-heading\">Bassin sur mesure de style europ\u00e9en de premi\u00e8re qualit\u00e9 Caract\u00e9ristiques :<\/h2>\n\n\n\n<ul class=\"wp-block-list\">\n<li><strong>Style europ\u00e9en classique : <\/strong>Cette vasque en c\u00e9ramique personnalis\u00e9e pr\u00e9sente un \u00e9l\u00e9gant design europ\u00e9en qui allie style et classicisme, ce qui la rend adapt\u00e9e \u00e0 une vari\u00e9t\u00e9 de maisons et d'espaces commerciaux modernes ou traditionnels.<\/li>\n\n\n\n<li><strong>Marbre Texture Aspect : <\/strong>Cet \u00e9vier en gros pr\u00e9sente un motif en marbre sophistiqu\u00e9 et un aspect haut de gamme, ajoutant un sentiment de luxe \u00e0 toute salle de bain ou cuisine tout en rehaussant facilement le style de l'espace.<\/li>\n\n\n\n<li><strong>Mat\u00e9riau c\u00e9ramique de haute qualit\u00e9 : <\/strong>Nos bassins personnalis\u00e9s en c\u00e9ramique sont fabriqu\u00e9s en c\u00e9ramique de haute densit\u00e9, ce qui rend leur surface lisse et r\u00e9sistante aux taches, tr\u00e8s facile \u00e0 nettoyer, promettant ainsi une longue dur\u00e9e de vie et le maintien d'un aspect neuf.<\/li>\n\n\n\n<li><strong>Options de personnalisation : <\/strong>Nous offrons une large gamme de services personnalis\u00e9s pour les lavabos de salle de bain en gros. Les clients peuvent choisir la taille, la couleur et le motif appropri\u00e9s pour s'adapter parfaitement aux diff\u00e9rents styles de d\u00e9coration et aux exigences d'espace.<\/li>\n<\/ul>\n<\/div>\n\n\n\n<div class=\"wp-block-column is-layout-flow wp-block-column-is-layout-flow\">\n<figure class=\"wp-block-image size-full\"><img fetchpriority=\"high\" decoding=\"async\" width=\"800\" height=\"800\" src=\"https:\/\/www.ceramicbasin.com\/wp-content\/uploads\/2025\/01\/marble-sink-countertopbathroom-marble-sinkbathroom-marble-sink5.png\" alt=\"Vasque sur mesure de style europ\u00e9en, mod\u00e8le en marbre Wholesale Sink-1\" class=\"wp-image-6014\" srcset=\"https:\/\/www.ceramicbasin.com\/wp-content\/uploads\/2025\/01\/marble-sink-countertopbathroom-marble-sinkbathroom-marble-sink5.png 800w, https:\/\/www.ceramicbasin.com\/wp-content\/uploads\/2025\/01\/marble-sink-countertopbathroom-marble-sinkbathroom-marble-sink5-300x300.png 300w, https:\/\/www.ceramicbasin.com\/wp-content\/uploads\/2025\/01\/marble-sink-countertopbathroom-marble-sinkbathroom-marble-sink5-150x150.png 150w, https:\/\/www.ceramicbasin.com\/wp-content\/uploads\/2025\/01\/marble-sink-countertopbathroom-marble-sinkbathroom-marble-sink5-768x768.png 768w, https:\/\/www.ceramicbasin.com\/wp-content\/uploads\/2025\/01\/marble-sink-countertopbathroom-marble-sinkbathroom-marble-sink5-12x12.png 12w, https:\/\/www.ceramicbasin.com\/wp-content\/uploads\/2025\/01\/marble-sink-countertopbathroom-marble-sinkbathroom-marble-sink5-285x285.png 285w, https:\/\/www.ceramicbasin.com\/wp-content\/uploads\/2025\/01\/marble-sink-countertopbathroom-marble-sinkbathroom-marble-sink5-270x270.png 270w, https:\/\/www.ceramicbasin.com\/wp-content\/uploads\/2025\/01\/marble-sink-countertopbathroom-marble-sinkbathroom-marble-sink5-540x540.png 540w, https:\/\/www.ceramicbasin.com\/wp-content\/uploads\/2025\/01\/marble-sink-countertopbathroom-marble-sinkbathroom-marble-sink5-660x660.png 660w\" sizes=\"(max-width: 800px) 100vw, 800px\" \/><\/figure>\n<\/div>\n<\/div>\n\n\n\n<p><\/p>","protected":false},"excerpt":{"rendered":"<p>Bienvenue sur le site d'achat en gros de lavabos pour salles de bains. Cette vasque en c\u00e9ramique de style europ\u00e9en combine un design classique et un savoir-faire moderne. Elle est fabriqu\u00e9e \u00e0 partir de mat\u00e9riaux c\u00e9ramiques de haute qualit\u00e9 et offre de nombreuses options de personnalisation, ce qui lui permet de rehausser le luxe et la fonctionnalit\u00e9 de toute salle de bains ou cuisine.<\/p>\n<table style=\"border-collapse: collapse; width: 311.02pt;\" border=\"0\" width=\"311\" cellspacing=\"0\" cellpadding=\"0\">\n<tbody>\n<tr style=\"height: 17.60pt;\">\n<td class=\"et3\" style=\"height: 17.60pt; width: 108.35pt;\" width=\"108\" height=\"17\">Fabricant<\/td>\n<td class=\"et3\" style=\"width: 202.95pt;\" width=\"202\">HanYu<\/td>\n<\/tr>\n<tr style=\"height: 17.60pt;\">\n<td class=\"et3\" style=\"height: 17.60pt;\" height=\"17\">Num\u00e9ro de mod\u00e8le.<\/td>\n<td class=\"et4\">HY-5038D65<\/td>\n<\/tr>\n<tr style=\"height: 36.00pt;\">\n<td class=\"et3\" style=\"height: 36.00pt;\" height=\"36\">Type<\/td>\n<td class=\"et5\" style=\"width: 202.95pt;\" width=\"202\">Cuvette en marbre, cuvette de comptoir<\/td>\n<\/tr>\n<tr style=\"height: 17.60pt;\">\n<td class=\"et3\" style=\"height: 17.60pt;\" height=\"17\">Forme<\/td>\n<td class=\"et3\">Forme ovale<\/td>\n<\/tr>\n<tr style=\"height: 18.00pt;\">\n<td class=\"et4\" style=\"height: 18.00pt;\" height=\"18\">Couleur<\/td>\n<td class=\"et5\" style=\"width: 202.95pt;\" width=\"202\">Noir et blanc<\/td>\n<\/tr>\n<tr style=\"height: 18.00pt;\">\n<td class=\"et3\" style=\"height: 18.00pt;\" height=\"18\">Dimension<\/td>\n<td class=\"et5\" style=\"width: 202.95pt;\" width=\"202\">60*41.5*16<\/td>\n<\/tr>\n<tr style=\"height: 17.60pt;\">\n<td class=\"et3\" style=\"height: 17.60pt;\" height=\"17\">N.W \/SET<\/td>\n<td class=\"et3\">15 KGS\/PCS<\/td>\n<\/tr>\n<tr style=\"height: 17.60pt;\">\n<td class=\"et3\" style=\"height: 17.60pt;\" height=\"17\">MOQ<\/td>\n<td class=\"et3\">20pcs<\/td>\n<\/tr>\n<tr style=\"height: 17.60pt;\">\n<td class=\"et3\" style=\"height: 17.60pt;\" height=\"17\">Option personnalis\u00e9e<\/td>\n<td class=\"et3\">Couleur\/Pattenue\/Taille\/Logo\/Emballage<\/td>\n<\/tr>\n<\/tbody>\n<\/table>","protected":false},"featured_media":6011,"comment_status":"closed","ping_status":"closed","template":"","meta":{"_acf_changed":false},"product_brand":[],"product_cat":[54,50],"product_tag":[],"class_list":{"0":"post-6009","1":"product","2":"type-product","3":"status-publish","4":"has-post-thumbnail","6":"product_cat-wholesale-marble-sinks","7":"product_cat-wholesale-countertop-sinks","9":"first","10":"instock","11":"shipping-taxable","12":"product-type-simple"},"acf":[],"_links":{"self":[{"href":"https:\/\/www.ceramicbasin.com\/fr\/wp-json\/wp\/v2\/product\/6009","targetHints":{"allow":["GET"]}}],"collection":[{"href":"https:\/\/www.ceramicbasin.com\/fr\/wp-json\/wp\/v2\/product"}],"about":[{"href":"https:\/\/www.ceramicbasin.com\/fr\/wp-json\/wp\/v2\/types\/product"}],"replies":[{"embeddable":true,"href":"https:\/\/www.ceramicbasin.com\/fr\/wp-json\/wp\/v2\/comments?post=6009"}],"wp:featuredmedia":[{"embeddable":true,"href":"https:\/\/www.ceramicbasin.com\/fr\/wp-json\/wp\/v2\/media\/6011"}],"wp:attachment":[{"href":"https:\/\/www.ceramicbasin.com\/fr\/wp-json\/wp\/v2\/media?parent=6009"}],"wp:term":[{"taxonomy":"product_brand","embeddable":true,"href":"https:\/\/www.ceramicbasin.com\/fr\/wp-json\/wp\/v2\/product_brand?post=6009"},{"taxonomy":"product_cat","embeddable":true,"href":"https:\/\/www.ceramicbasin.com\/fr\/wp-json\/wp\/v2\/product_cat?post=6009"},{"taxonomy":"product_tag","embeddable":true,"href":"https:\/\/www.ceramicbasin.com\/fr\/wp-json\/wp\/v2\/product_tag?post=6009"}],"curies":[{"name":"wp","href":"https:\/\/api.w.org\/{rel}","templated":true}]}}