{"id":6016,"date":"2025-01-15T01:38:25","date_gmt":"2025-01-15T01:38:25","guid":{"rendered":"https:\/\/www.ceramicbasin.com\/?post_type=product&#038;p=6016"},"modified":"2025-01-17T07:26:46","modified_gmt":"2025-01-17T07:26:46","slug":"custom-made-sink","status":"publish","type":"product","link":"https:\/\/www.ceramicbasin.com\/fr\/produit\/custom-made-sink\/","title":{"rendered":"\u00c9vier en porcelaine sur mesure, lavabo en marbre, vente en gros"},"content":{"rendered":"<div class=\"wp-block-columns is-layout-flex wp-container-core-columns-is-layout-9d6595d7 wp-block-columns-is-layout-flex\">\n<div class=\"wp-block-column is-layout-flow wp-block-column-is-layout-flow\">\n<h2 class=\"wp-block-heading\">Caract\u00e9ristiques de l'\u00e9vier de premi\u00e8re qualit\u00e9 fabriqu\u00e9 sur mesure :<\/h2>\n\n\n\n<ul class=\"wp-block-list\">\n<li><strong>Effet marbre luxueux : <\/strong>Ce lavabo sur mesure adopte un design imitant le marbre, apportant des effets visuels haut de gamme et atmosph\u00e9riques, rehaussant le luxe g\u00e9n\u00e9ral de la salle de bains ou des toilettes.<\/li>\n\n\n\n<li><strong>Mat\u00e9riau en porcelaine durable : <\/strong>Notre lavabo en gros est fabriqu\u00e9 en porcelaine de haute qualit\u00e9, r\u00e9sistante \u00e0 la pression et \u00e0 l'usure, dot\u00e9e d'une forte capacit\u00e9 anti-salissure et d'une surface facile \u00e0 nettoyer, garantissant une utilisation \u00e0 long terme.<\/li>\n\n\n\n<li><strong>Personnalisation : <\/strong>Nous proposons un grand nombre d'options de personnalisation pour les \u00e9viers sur mesure, notamment la couleur, la taille, la forme, etc., qui peuvent \u00eatre adapt\u00e9es aux besoins des clients et correspondre parfaitement \u00e0 diff\u00e9rents styles de d\u00e9coration.<\/li>\n\n\n\n<li><strong>Efficacit\u00e9 \u00e9lev\u00e9e du d\u00e9bit d'eau :<\/strong> La conception de ce lavabo en gros tient compte de la distribution raisonnable de l'\u00e9coulement de l'eau, a une bonne fonction de drainage et peut rester propre et efficace m\u00eame en cas d'utilisation fr\u00e9quente.<\/li>\n<\/ul>\n<\/div>\n\n\n\n<div class=\"wp-block-column is-layout-flow wp-block-column-is-layout-flow\">\n<figure class=\"wp-block-image size-full\"><img fetchpriority=\"high\" decoding=\"async\" width=\"800\" height=\"800\" src=\"https:\/\/www.ceramicbasin.com\/wp-content\/uploads\/2025\/01\/bathroom-countertop-sinkssinks-for-bathroommarble-sink-vanity6.png\" alt=\"\u00c9vier en porcelaine fabriqu\u00e9 sur mesure, lavabo en marbre Wholesale-1\" class=\"wp-image-6022\" srcset=\"https:\/\/www.ceramicbasin.com\/wp-content\/uploads\/2025\/01\/bathroom-countertop-sinkssinks-for-bathroommarble-sink-vanity6.png 800w, https:\/\/www.ceramicbasin.com\/wp-content\/uploads\/2025\/01\/bathroom-countertop-sinkssinks-for-bathroommarble-sink-vanity6-300x300.png 300w, https:\/\/www.ceramicbasin.com\/wp-content\/uploads\/2025\/01\/bathroom-countertop-sinkssinks-for-bathroommarble-sink-vanity6-150x150.png 150w, https:\/\/www.ceramicbasin.com\/wp-content\/uploads\/2025\/01\/bathroom-countertop-sinkssinks-for-bathroommarble-sink-vanity6-768x768.png 768w, https:\/\/www.ceramicbasin.com\/wp-content\/uploads\/2025\/01\/bathroom-countertop-sinkssinks-for-bathroommarble-sink-vanity6-12x12.png 12w, https:\/\/www.ceramicbasin.com\/wp-content\/uploads\/2025\/01\/bathroom-countertop-sinkssinks-for-bathroommarble-sink-vanity6-285x285.png 285w, https:\/\/www.ceramicbasin.com\/wp-content\/uploads\/2025\/01\/bathroom-countertop-sinkssinks-for-bathroommarble-sink-vanity6-270x270.png 270w, https:\/\/www.ceramicbasin.com\/wp-content\/uploads\/2025\/01\/bathroom-countertop-sinkssinks-for-bathroommarble-sink-vanity6-540x540.png 540w, https:\/\/www.ceramicbasin.com\/wp-content\/uploads\/2025\/01\/bathroom-countertop-sinkssinks-for-bathroommarble-sink-vanity6-660x660.png 660w\" sizes=\"(max-width: 800px) 100vw, 800px\" \/><\/figure>\n<\/div>\n<\/div>\n\n\n\n<p><\/p>","protected":false},"excerpt":{"rendered":"<p>Bienvenue dans l'achat de lavabos sur mesure. Ce lavabo en c\u00e9ramique \u00e0 texture de marbre combine l'aspect de marbre luxueux et le mat\u00e9riau de porcelaine solide. Nous fournissons des services de personnalisation pour les lavabos de salle de bain en gros, qui sont \u00e0 la fois beaux et fonctionnels, et sont id\u00e9aux pour les projets architecturaux afin d'am\u00e9liorer le style de l'espace et l'exp\u00e9rience d'utilisation.<\/p>\n<table style=\"border-collapse: collapse; width: 311.02pt;\" border=\"0\" width=\"311\" cellspacing=\"0\" cellpadding=\"0\">\n<tbody>\n<tr style=\"height: 17.60pt;\">\n<td class=\"et3\" style=\"height: 17.60pt; width: 108.35pt;\" width=\"108\" height=\"17\">Fabricant<\/td>\n<td class=\"et3\" style=\"width: 202.95pt;\" width=\"202\">HanYu<\/td>\n<\/tr>\n<tr style=\"height: 17.60pt;\">\n<td class=\"et3\" style=\"height: 17.60pt;\" height=\"17\">Num\u00e9ro de mod\u00e8le.<\/td>\n<td class=\"et4\">HY-8010D92<\/td>\n<\/tr>\n<tr style=\"height: 36.00pt;\">\n<td class=\"et3\" style=\"height: 36.00pt;\" height=\"36\">Type<\/td>\n<td class=\"et5\" style=\"width: 202.95pt;\" width=\"202\">Cuvette en marbre, cuvette de comptoir<\/td>\n<\/tr>\n<tr style=\"height: 17.60pt;\">\n<td class=\"et3\" style=\"height: 17.60pt;\" height=\"17\">Forme<\/td>\n<td class=\"et3\">Forme ovale<\/td>\n<\/tr>\n<tr style=\"height: 18.00pt;\">\n<td class=\"et4\" style=\"height: 18.00pt;\" height=\"18\">Couleur<\/td>\n<td class=\"et5\" style=\"width: 202.95pt;\" width=\"202\">Noir et blanc<\/td>\n<\/tr>\n<tr style=\"height: 18.00pt;\">\n<td class=\"et3\" style=\"height: 18.00pt;\" height=\"18\">Dimension<\/td>\n<td class=\"et5\" style=\"width: 202.95pt;\" width=\"202\">65*44*16<\/td>\n<\/tr>\n<tr style=\"height: 17.60pt;\">\n<td class=\"et3\" style=\"height: 17.60pt;\" height=\"17\">N.W \/SET<\/td>\n<td class=\"et3\">15 KGS\/PCS<\/td>\n<\/tr>\n<tr style=\"height: 17.60pt;\">\n<td class=\"et3\" style=\"height: 17.60pt;\" height=\"17\">MOQ<\/td>\n<td class=\"et3\">20pcs<\/td>\n<\/tr>\n<tr style=\"height: 17.60pt;\">\n<td class=\"et3\" style=\"height: 17.60pt;\" height=\"17\">Option personnalis\u00e9e<\/td>\n<td class=\"et3\">Couleur\/Pattenue\/Taille\/Logo\/Emballage<\/td>\n<\/tr>\n<\/tbody>\n<\/table>","protected":false},"featured_media":6017,"comment_status":"closed","ping_status":"closed","template":"","meta":{"_acf_changed":false},"product_brand":[],"product_cat":[54,50],"product_tag":[],"class_list":{"0":"post-6016","1":"product","2":"type-product","3":"status-publish","4":"has-post-thumbnail","6":"product_cat-wholesale-marble-sinks","7":"product_cat-wholesale-countertop-sinks","9":"first","10":"instock","11":"shipping-taxable","12":"product-type-simple"},"acf":[],"_links":{"self":[{"href":"https:\/\/www.ceramicbasin.com\/fr\/wp-json\/wp\/v2\/product\/6016","targetHints":{"allow":["GET"]}}],"collection":[{"href":"https:\/\/www.ceramicbasin.com\/fr\/wp-json\/wp\/v2\/product"}],"about":[{"href":"https:\/\/www.ceramicbasin.com\/fr\/wp-json\/wp\/v2\/types\/product"}],"replies":[{"embeddable":true,"href":"https:\/\/www.ceramicbasin.com\/fr\/wp-json\/wp\/v2\/comments?post=6016"}],"wp:featuredmedia":[{"embeddable":true,"href":"https:\/\/www.ceramicbasin.com\/fr\/wp-json\/wp\/v2\/media\/6017"}],"wp:attachment":[{"href":"https:\/\/www.ceramicbasin.com\/fr\/wp-json\/wp\/v2\/media?parent=6016"}],"wp:term":[{"taxonomy":"product_brand","embeddable":true,"href":"https:\/\/www.ceramicbasin.com\/fr\/wp-json\/wp\/v2\/product_brand?post=6016"},{"taxonomy":"product_cat","embeddable":true,"href":"https:\/\/www.ceramicbasin.com\/fr\/wp-json\/wp\/v2\/product_cat?post=6016"},{"taxonomy":"product_tag","embeddable":true,"href":"https:\/\/www.ceramicbasin.com\/fr\/wp-json\/wp\/v2\/product_tag?post=6016"}],"curies":[{"name":"wp","href":"https:\/\/api.w.org\/{rel}","templated":true}]}}