{"id":6051,"date":"2025-01-21T08:12:37","date_gmt":"2025-01-21T08:12:37","guid":{"rendered":"https:\/\/www.ceramicbasin.com\/?post_type=product&#038;p=6051"},"modified":"2025-01-21T08:12:39","modified_gmt":"2025-01-21T08:12:39","slug":"custom-corner-sink","status":"publish","type":"product","link":"https:\/\/www.ceramicbasin.com\/fr\/produit\/custom-corner-sink\/","title":{"rendered":"Lavabo d'angle sur mesure pour salle de bains, lavabos suspendus fournis par l'usine"},"content":{"rendered":"<div class=\"wp-block-columns is-layout-flex wp-container-core-columns-is-layout-9d6595d7 wp-block-columns-is-layout-flex\">\n<div class=\"wp-block-column is-layout-flow wp-block-column-is-layout-flow\">\n<h2 class=\"wp-block-heading\">Caract\u00e9ristiques de l'\u00e9vier d'angle Premium Custom :<\/h2>\n\n\n\n<ul class=\"wp-block-list\">\n<li><strong>Design classique :\u00a0<\/strong>Notre \u00e9vier d'angle personnalis\u00e9 est dot\u00e9 d'un design classique et intemporel, avec une installation murale de petite taille pour maximiser l'utilisation d'un espace limit\u00e9.<\/li>\n\n\n\n<li><strong>Installation murale :<\/strong>\u00a0La conception murale de nos vasques en gros permet d'\u00e9conomiser de l'espace et est facile \u00e0 nettoyer. Ces vasques en c\u00e9ramique murales personnalis\u00e9es sont particuli\u00e8rement adapt\u00e9es aux salles de bains modernes et compactes, car elles rehaussent la nettet\u00e9 et la modernit\u00e9 de l'ensemble de l'espace.<\/li>\n\n\n\n<li><strong>Traitement de l'\u00e9mail facile \u00e0 nettoyer :<\/strong>\u00a0La surface de cet \u00e9vier d'angle personnalis\u00e9 adopte une technologie sp\u00e9ciale de gla\u00e7age facile \u00e0 nettoyer, qui est lisse et d\u00e9licate, les taches n'adh\u00e8rent pas facilement et sont faciles \u00e0 nettoyer.<\/li>\n\n\n\n<li><strong>Grande capacit\u00e9 de production : <\/strong>Notre grand entrep\u00f4t contient diverses sortes de vasques en porcelaine pour comptoir de salle de bain en gros. Choisissez les articles qui sont en cours de production, nous avons suffisamment de vasques blanches pour fabriquer des vasques de couleur marbre, ainsi le d\u00e9lai d'exp\u00e9dition sera beaucoup plus court.<\/li>\n<\/ul>\n<\/div>\n\n\n\n<div class=\"wp-block-column is-layout-flow wp-block-column-is-layout-flow\">\n<figure class=\"wp-block-image size-full\"><img fetchpriority=\"high\" decoding=\"async\" width=\"1000\" height=\"1000\" src=\"https:\/\/www.ceramicbasin.com\/wp-content\/uploads\/2025\/01\/Factory-Supply-Ceramic-Vanity-Sinks-For-BathroomWall-Hung-Basin-6.webp\" alt=\"Lavabo d&#039;angle sur mesure pour salle de bain, Factory Supply Wall Hung Basins-1\" class=\"wp-image-6057\" srcset=\"https:\/\/www.ceramicbasin.com\/wp-content\/uploads\/2025\/01\/Factory-Supply-Ceramic-Vanity-Sinks-For-BathroomWall-Hung-Basin-6.webp 1000w, https:\/\/www.ceramicbasin.com\/wp-content\/uploads\/2025\/01\/Factory-Supply-Ceramic-Vanity-Sinks-For-BathroomWall-Hung-Basin-6-300x300.webp 300w, https:\/\/www.ceramicbasin.com\/wp-content\/uploads\/2025\/01\/Factory-Supply-Ceramic-Vanity-Sinks-For-BathroomWall-Hung-Basin-6-150x150.webp 150w, https:\/\/www.ceramicbasin.com\/wp-content\/uploads\/2025\/01\/Factory-Supply-Ceramic-Vanity-Sinks-For-BathroomWall-Hung-Basin-6-768x768.webp 768w, https:\/\/www.ceramicbasin.com\/wp-content\/uploads\/2025\/01\/Factory-Supply-Ceramic-Vanity-Sinks-For-BathroomWall-Hung-Basin-6-12x12.webp 12w, https:\/\/www.ceramicbasin.com\/wp-content\/uploads\/2025\/01\/Factory-Supply-Ceramic-Vanity-Sinks-For-BathroomWall-Hung-Basin-6-285x285.webp 285w, https:\/\/www.ceramicbasin.com\/wp-content\/uploads\/2025\/01\/Factory-Supply-Ceramic-Vanity-Sinks-For-BathroomWall-Hung-Basin-6-270x270.webp 270w, https:\/\/www.ceramicbasin.com\/wp-content\/uploads\/2025\/01\/Factory-Supply-Ceramic-Vanity-Sinks-For-BathroomWall-Hung-Basin-6-540x540.webp 540w, https:\/\/www.ceramicbasin.com\/wp-content\/uploads\/2025\/01\/Factory-Supply-Ceramic-Vanity-Sinks-For-BathroomWall-Hung-Basin-6-660x660.webp 660w\" sizes=\"(max-width: 1000px) 100vw, 1000px\" \/><\/figure>\n<\/div>\n<\/div>\n\n\n\n<p><\/p>","protected":false},"excerpt":{"rendered":"<p>Bienvenue sur le site de commande en gros de lavabos d'angle personnalis\u00e9s. Nos lavabos muraux en gros sont soigneusement fabriqu\u00e9s pour assurer leur beaut\u00e9 et leur durabilit\u00e9. Il y a une grande quantit\u00e9 de pr\u00e9paration d'inventaire d'\u00e9vier de salle de bain, et un service de livraison rapide, pour r\u00e9pondre aux besoins urgents des projets. Nous fournissons \u00e9galement des services personnalis\u00e9s afin que vous puissiez ajuster les d\u00e9tails du produit en fonction des besoins du projet pour obtenir une correspondance parfaite dans le design.<\/p>\n<table style=\"border-collapse: collapse; width: 311.02pt;\" border=\"0\" width=\"311\" cellspacing=\"0\" cellpadding=\"0\">\n<tbody>\n<tr style=\"height: 17.60pt;\">\n<td class=\"et3\" style=\"height: 17.60pt; width: 108.35pt;\" width=\"108\" height=\"17\">Fabricant<\/td>\n<td class=\"et3\" style=\"width: 202.95pt;\" width=\"202\">HanYu<\/td>\n<\/tr>\n<tr style=\"height: 17.60pt;\">\n<td class=\"et3\" style=\"height: 17.60pt;\" height=\"17\">Num\u00e9ro de mod\u00e8le.<\/td>\n<td class=\"et4\">HY3052L<\/td>\n<\/tr>\n<tr style=\"height: 17.60pt;\">\n<td class=\"et3\" style=\"height: 17.60pt;\" height=\"17\">Type<\/td>\n<td class=\"et3\">Cuvette murale<\/td>\n<\/tr>\n<tr style=\"height: 17.60pt;\">\n<td class=\"et3\" style=\"height: 17.60pt;\" height=\"17\">Forme<\/td>\n<td class=\"et2\">Forme ovale<\/td>\n<\/tr>\n<tr style=\"height: 17.60pt;\">\n<td class=\"et4\" style=\"height: 17.60pt;\" height=\"17\">Couleur<\/td>\n<td class=\"et3\">Blanc<\/td>\n<\/tr>\n<tr style=\"height: 18.00pt;\">\n<td class=\"et3\" style=\"height: 18.00pt;\" height=\"18\">Dimension<\/td>\n<td class=\"et5\" style=\"width: 202.95pt;\" width=\"202\">42*28*15<\/td>\n<\/tr>\n<tr style=\"height: 17.60pt;\">\n<td class=\"et3\" style=\"height: 17.60pt;\" height=\"17\">N.W \/SET<\/td>\n<td class=\"et3\">8KGS\/PCS<\/td>\n<\/tr>\n<tr style=\"height: 17.60pt;\">\n<td class=\"et3\" style=\"height: 17.60pt;\" height=\"17\">MOQ<\/td>\n<td class=\"et3\">20pcs<\/td>\n<\/tr>\n<tr style=\"height: 17.60pt;\">\n<td class=\"et3\" style=\"height: 17.60pt;\" height=\"17\">Option personnalis\u00e9e<\/td>\n<td class=\"et3\">Couleur\/Pattenue\/Taille\/Logo\/Emballage<\/td>\n<\/tr>\n<\/tbody>\n<\/table>","protected":false},"featured_media":6054,"comment_status":"closed","ping_status":"closed","template":"","meta":{"_acf_changed":false},"product_brand":[],"product_cat":[57],"product_tag":[],"class_list":{"0":"post-6051","1":"product","2":"type-product","3":"status-publish","4":"has-post-thumbnail","6":"product_cat-wholesale-wall-mounted-sinks","8":"first","9":"instock","10":"shipping-taxable","11":"product-type-simple"},"acf":[],"_links":{"self":[{"href":"https:\/\/www.ceramicbasin.com\/fr\/wp-json\/wp\/v2\/product\/6051","targetHints":{"allow":["GET"]}}],"collection":[{"href":"https:\/\/www.ceramicbasin.com\/fr\/wp-json\/wp\/v2\/product"}],"about":[{"href":"https:\/\/www.ceramicbasin.com\/fr\/wp-json\/wp\/v2\/types\/product"}],"replies":[{"embeddable":true,"href":"https:\/\/www.ceramicbasin.com\/fr\/wp-json\/wp\/v2\/comments?post=6051"}],"wp:featuredmedia":[{"embeddable":true,"href":"https:\/\/www.ceramicbasin.com\/fr\/wp-json\/wp\/v2\/media\/6054"}],"wp:attachment":[{"href":"https:\/\/www.ceramicbasin.com\/fr\/wp-json\/wp\/v2\/media?parent=6051"}],"wp:term":[{"taxonomy":"product_brand","embeddable":true,"href":"https:\/\/www.ceramicbasin.com\/fr\/wp-json\/wp\/v2\/product_brand?post=6051"},{"taxonomy":"product_cat","embeddable":true,"href":"https:\/\/www.ceramicbasin.com\/fr\/wp-json\/wp\/v2\/product_cat?post=6051"},{"taxonomy":"product_tag","embeddable":true,"href":"https:\/\/www.ceramicbasin.com\/fr\/wp-json\/wp\/v2\/product_tag?post=6051"}],"curies":[{"name":"wp","href":"https:\/\/api.w.org\/{rel}","templated":true}]}}