{"id":6068,"date":"2025-01-21T08:22:50","date_gmt":"2025-01-21T08:22:50","guid":{"rendered":"https:\/\/www.ceramicbasin.com\/?post_type=product&#038;p=6068"},"modified":"2025-01-21T08:22:53","modified_gmt":"2025-01-21T08:22:53","slug":"small-bathroom-sink-wholesale","status":"publish","type":"product","link":"https:\/\/www.ceramicbasin.com\/fr\/produit\/small-bathroom-sink-wholesale\/","title":{"rendered":"Petit \u00e9vier de salle de bain Wholesale, Wall Mount Bespoke Basins"},"content":{"rendered":"<div class=\"wp-block-columns is-layout-flex wp-container-core-columns-is-layout-9d6595d7 wp-block-columns-is-layout-flex\">\n<div class=\"wp-block-column is-layout-flow wp-block-column-is-layout-flow\">\n<h2 class=\"wp-block-heading\">Premium Small Bathroom Sink Wholesale Sink Caract\u00e9ristiques :<\/h2>\n\n\n\n<ul class=\"wp-block-list\">\n<li><strong>Conception optimis\u00e9e pour l'espace :<\/strong> Ce petit lavabo de salle de bains en gros est con\u00e7u pour les petites salles de bains. Ce petit lavabo mural permet d'\u00e9conomiser de l'espace et constitue un choix id\u00e9al pour les petits appartements ou les chambres d'h\u00f4tel.<\/li>\n\n\n\n<li><strong>Fabriqu\u00e9 en porcelaine de haute qualit\u00e9 : <\/strong>Nos vasques murales sur mesure sont fabriqu\u00e9es \u00e0 partir d'argile porcelaine de haute qualit\u00e9 et sont cuites \u00e0 haute temp\u00e9rature pour garantir une texture solide, une surface lisse, un nettoyage facile et une brillance durable.<\/li>\n\n\n\n<li><strong>Installation murale :<\/strong> Ce petit lavabo de salle de bain en gros est fix\u00e9 au mur, ce qui permet non seulement de gagner de la place, mais aussi de faciliter le nettoyage du sol, am\u00e9liorant ainsi la propret\u00e9 et la modernit\u00e9 de la salle de bain.<\/li>\n\n\n\n<li><strong>Avantage de l'encombrement :<\/strong> En tant que fabricant professionnel de vasques en c\u00e9ramique, HanYu vous propose des prix tr\u00e8s comp\u00e9titifs pour les vasques murales sur mesure, adapt\u00e9es aux besoins de d\u00e9coration \u00e0 grande \u00e9chelle des h\u00f4tels, des appartements et des projets r\u00e9sidentiels.<\/li>\n<\/ul>\n<\/div>\n\n\n\n<div class=\"wp-block-column is-layout-flow wp-block-column-is-layout-flow\">\n<figure class=\"wp-block-image size-full\"><img fetchpriority=\"high\" decoding=\"async\" width=\"1000\" height=\"1000\" src=\"https:\/\/www.ceramicbasin.com\/wp-content\/uploads\/2025\/01\/Small-Wholesale-Wall-Mount-Bathroom-Sink-Customize-OEM-ODM-Basin-8.webp\" alt=\"Petit \u00e9vier de salle de bain Wholesale, Wall Mount Bespoke Basins-1\" class=\"wp-image-6076\" srcset=\"https:\/\/www.ceramicbasin.com\/wp-content\/uploads\/2025\/01\/Small-Wholesale-Wall-Mount-Bathroom-Sink-Customize-OEM-ODM-Basin-8.webp 1000w, https:\/\/www.ceramicbasin.com\/wp-content\/uploads\/2025\/01\/Small-Wholesale-Wall-Mount-Bathroom-Sink-Customize-OEM-ODM-Basin-8-300x300.webp 300w, https:\/\/www.ceramicbasin.com\/wp-content\/uploads\/2025\/01\/Small-Wholesale-Wall-Mount-Bathroom-Sink-Customize-OEM-ODM-Basin-8-150x150.webp 150w, https:\/\/www.ceramicbasin.com\/wp-content\/uploads\/2025\/01\/Small-Wholesale-Wall-Mount-Bathroom-Sink-Customize-OEM-ODM-Basin-8-768x768.webp 768w, https:\/\/www.ceramicbasin.com\/wp-content\/uploads\/2025\/01\/Small-Wholesale-Wall-Mount-Bathroom-Sink-Customize-OEM-ODM-Basin-8-12x12.webp 12w, https:\/\/www.ceramicbasin.com\/wp-content\/uploads\/2025\/01\/Small-Wholesale-Wall-Mount-Bathroom-Sink-Customize-OEM-ODM-Basin-8-285x285.webp 285w, https:\/\/www.ceramicbasin.com\/wp-content\/uploads\/2025\/01\/Small-Wholesale-Wall-Mount-Bathroom-Sink-Customize-OEM-ODM-Basin-8-270x270.webp 270w, https:\/\/www.ceramicbasin.com\/wp-content\/uploads\/2025\/01\/Small-Wholesale-Wall-Mount-Bathroom-Sink-Customize-OEM-ODM-Basin-8-540x540.webp 540w, https:\/\/www.ceramicbasin.com\/wp-content\/uploads\/2025\/01\/Small-Wholesale-Wall-Mount-Bathroom-Sink-Customize-OEM-ODM-Basin-8-660x660.webp 660w\" sizes=\"(max-width: 1000px) 100vw, 1000px\" \/><\/figure>\n<\/div>\n<\/div>\n\n\n\n<p><\/p>","protected":false},"excerpt":{"rendered":"<p>Bienvenue sur le site de vente en gros de petits lavabos de salle de bain. Nos vasques murales sur mesure sont con\u00e7ues pour les salles de bains de petite taille qui recherchent la praticit\u00e9 et la beaut\u00e9. La s\u00e9lection de mat\u00e9riaux c\u00e9ramiques de qualit\u00e9 sup\u00e9rieure garantit la durabilit\u00e9 et la beaut\u00e9 de nos vasques \u00e0 suspendre.<\/p>\n<table style=\"border-collapse: collapse; width: 311.02pt;\" border=\"0\" width=\"311\" cellspacing=\"0\" cellpadding=\"0\">\n<tbody>\n<tr style=\"height: 17.60pt;\">\n<td class=\"et3\" style=\"height: 17.60pt; width: 108.35pt;\" width=\"108\" height=\"17\">Fabricant<\/td>\n<td class=\"et3\" style=\"width: 202.95pt;\" width=\"202\">HanYu<\/td>\n<\/tr>\n<tr style=\"height: 17.60pt;\">\n<td class=\"et3\" style=\"height: 17.60pt;\" height=\"17\">Num\u00e9ro de mod\u00e8le.<\/td>\n<td class=\"et4\">HY3056<\/td>\n<\/tr>\n<tr style=\"height: 17.60pt;\">\n<td class=\"et3\" style=\"height: 17.60pt;\" height=\"17\">Type<\/td>\n<td class=\"et3\">Cuvette murale<\/td>\n<\/tr>\n<tr style=\"height: 17.60pt;\">\n<td class=\"et3\" style=\"height: 17.60pt;\" height=\"17\">Forme<\/td>\n<td class=\"et2\">Forme demi-ronde<\/td>\n<\/tr>\n<tr style=\"height: 17.60pt;\">\n<td class=\"et4\" style=\"height: 17.60pt;\" height=\"17\">Couleur<\/td>\n<td class=\"et3\">Blanc<\/td>\n<\/tr>\n<tr style=\"height: 18.00pt;\">\n<td class=\"et3\" style=\"height: 18.00pt;\" height=\"18\">Dimension<\/td>\n<td class=\"et5\" style=\"width: 202.95pt;\" width=\"202\">30*25*12<\/td>\n<\/tr>\n<tr style=\"height: 17.60pt;\">\n<td class=\"et3\" style=\"height: 17.60pt;\" height=\"17\">N.W \/SET<\/td>\n<td class=\"et3\">6KGS\/PCS<\/td>\n<\/tr>\n<tr style=\"height: 17.60pt;\">\n<td class=\"et3\" style=\"height: 17.60pt;\" height=\"17\">MOQ<\/td>\n<td class=\"et3\">20pcs<\/td>\n<\/tr>\n<tr style=\"height: 17.60pt;\">\n<td class=\"et3\" style=\"height: 17.60pt;\" height=\"17\">Option personnalis\u00e9e<\/td>\n<td class=\"et3\">Couleur\/Pattenue\/Taille\/Logo\/Emballage<\/td>\n<\/tr>\n<\/tbody>\n<\/table>","protected":false},"featured_media":6073,"comment_status":"closed","ping_status":"closed","template":"","meta":{"_acf_changed":false},"product_brand":[],"product_cat":[57,56],"product_tag":[],"class_list":{"0":"post-6068","1":"product","2":"type-product","3":"status-publish","4":"has-post-thumbnail","6":"product_cat-wholesale-wall-mounted-sinks","7":"product_cat-wholesale-small-bathroom-sinks","9":"first","10":"instock","11":"shipping-taxable","12":"product-type-simple"},"acf":[],"_links":{"self":[{"href":"https:\/\/www.ceramicbasin.com\/fr\/wp-json\/wp\/v2\/product\/6068","targetHints":{"allow":["GET"]}}],"collection":[{"href":"https:\/\/www.ceramicbasin.com\/fr\/wp-json\/wp\/v2\/product"}],"about":[{"href":"https:\/\/www.ceramicbasin.com\/fr\/wp-json\/wp\/v2\/types\/product"}],"replies":[{"embeddable":true,"href":"https:\/\/www.ceramicbasin.com\/fr\/wp-json\/wp\/v2\/comments?post=6068"}],"wp:featuredmedia":[{"embeddable":true,"href":"https:\/\/www.ceramicbasin.com\/fr\/wp-json\/wp\/v2\/media\/6073"}],"wp:attachment":[{"href":"https:\/\/www.ceramicbasin.com\/fr\/wp-json\/wp\/v2\/media?parent=6068"}],"wp:term":[{"taxonomy":"product_brand","embeddable":true,"href":"https:\/\/www.ceramicbasin.com\/fr\/wp-json\/wp\/v2\/product_brand?post=6068"},{"taxonomy":"product_cat","embeddable":true,"href":"https:\/\/www.ceramicbasin.com\/fr\/wp-json\/wp\/v2\/product_cat?post=6068"},{"taxonomy":"product_tag","embeddable":true,"href":"https:\/\/www.ceramicbasin.com\/fr\/wp-json\/wp\/v2\/product_tag?post=6068"}],"curies":[{"name":"wp","href":"https:\/\/api.w.org\/{rel}","templated":true}]}}