{"id":6077,"date":"2025-02-07T06:54:58","date_gmt":"2025-02-07T06:54:58","guid":{"rendered":"https:\/\/www.ceramicbasin.com\/?post_type=product&#038;p=6077"},"modified":"2025-02-07T06:55:01","modified_gmt":"2025-02-07T06:55:01","slug":"wholesale-wall-mount-sinks","status":"publish","type":"product","link":"https:\/\/www.ceramicbasin.com\/fr\/produit\/wholesale-wall-mount-sinks\/","title":{"rendered":"Oval Shape Wholesale Wall Mount Sinks, Modern Wall Hung Basins"},"content":{"rendered":"<div class=\"wp-block-columns is-layout-flex wp-container-core-columns-is-layout-9d6595d7 wp-block-columns-is-layout-flex\">\n<div class=\"wp-block-column is-layout-flow wp-block-column-is-layout-flow\">\n<h2 class=\"wp-block-heading\">Premium Wholesale Wall Mount Sinks Caract\u00e9ristiques :<\/h2>\n\n\n\n<ul class=\"wp-block-list\">\n<li><strong>Design ovale, \u00e9l\u00e9gant et simple : <\/strong>Nos \u00e9viers en c\u00e9ramique \u00e0 montage mural adoptent une forme ovale lisse, avec un design simple mais \u00e9l\u00e9gant, adapt\u00e9 \u00e0 diff\u00e9rents styles de salles de bains modernes, ajoutant une beaut\u00e9 exquise \u00e0 l'espace.<\/li>\n\n\n\n<li><strong>Installation murale, gain de place : <\/strong>Nos lavabos suspendus en gros permettent de gagner de l'espace au sol, et conviennent particuli\u00e8rement aux petites salles de bains, aux h\u00f4tels, aux appartements ou aux salles de bains modernes et minimalistes, rendant l'espace plus ouvert et plus ordonn\u00e9.<\/li>\n\n\n\n<li><strong>C\u00e9ramique de haute qualit\u00e9, r\u00e9sistante aux taches et facile \u00e0 nettoyer : <\/strong>Ces \u00e9viers muraux en gros sont fabriqu\u00e9s \u00e0 partir de mat\u00e9riaux c\u00e9ramiques de haute qualit\u00e9, avec un traitement de gla\u00e7age \u00e0 haute temp\u00e9rature sur la surface, qui pr\u00e9sente une excellente r\u00e9sistance aux taches et \u00e0 l'eau, une r\u00e9sistance aux rayures, une couleur qui ne change pas facilement, un nettoyage et un entretien faciles et pratiques.<\/li>\n\n\n\n<li><strong>Style moderne et minimaliste, convenant \u00e0 une vari\u00e9t\u00e9 d'environnements : <\/strong>Ces lavabos suspendus en gros adoptent un design minimaliste moderne. La ligne douce est lisse pour assurer le design exquis des salles de bains domestiques et des lieux publics tels que les h\u00f4tels, les caf\u00e9s et les lieux de commerce pour pr\u00e9senter un go\u00fbt luxueux dans l'int\u00e9rieur.<\/li>\n<\/ul>\n<\/div>\n\n\n\n<div class=\"wp-block-column is-layout-flow wp-block-column-is-layout-flow\">\n<figure class=\"wp-block-image size-full\"><img fetchpriority=\"high\" decoding=\"async\" width=\"1000\" height=\"1000\" src=\"https:\/\/www.ceramicbasin.com\/wp-content\/uploads\/2025\/01\/Wholesale-Modern-Wall-Mount-Sinks-Oval-Shape-Basin-6.webp\" alt=\"Oval Shape Wholesale Wall Mount Sinks, Modern Wall Hung Basins-1\" class=\"wp-image-6083\" srcset=\"https:\/\/www.ceramicbasin.com\/wp-content\/uploads\/2025\/01\/Wholesale-Modern-Wall-Mount-Sinks-Oval-Shape-Basin-6.webp 1000w, https:\/\/www.ceramicbasin.com\/wp-content\/uploads\/2025\/01\/Wholesale-Modern-Wall-Mount-Sinks-Oval-Shape-Basin-6-300x300.webp 300w, https:\/\/www.ceramicbasin.com\/wp-content\/uploads\/2025\/01\/Wholesale-Modern-Wall-Mount-Sinks-Oval-Shape-Basin-6-150x150.webp 150w, https:\/\/www.ceramicbasin.com\/wp-content\/uploads\/2025\/01\/Wholesale-Modern-Wall-Mount-Sinks-Oval-Shape-Basin-6-768x768.webp 768w, https:\/\/www.ceramicbasin.com\/wp-content\/uploads\/2025\/01\/Wholesale-Modern-Wall-Mount-Sinks-Oval-Shape-Basin-6-12x12.webp 12w, https:\/\/www.ceramicbasin.com\/wp-content\/uploads\/2025\/01\/Wholesale-Modern-Wall-Mount-Sinks-Oval-Shape-Basin-6-285x285.webp 285w, https:\/\/www.ceramicbasin.com\/wp-content\/uploads\/2025\/01\/Wholesale-Modern-Wall-Mount-Sinks-Oval-Shape-Basin-6-270x270.webp 270w, https:\/\/www.ceramicbasin.com\/wp-content\/uploads\/2025\/01\/Wholesale-Modern-Wall-Mount-Sinks-Oval-Shape-Basin-6-540x540.webp 540w, https:\/\/www.ceramicbasin.com\/wp-content\/uploads\/2025\/01\/Wholesale-Modern-Wall-Mount-Sinks-Oval-Shape-Basin-6-660x660.webp 660w\" sizes=\"(max-width: 1000px) 100vw, 1000px\" \/><\/figure>\n<\/div>\n<\/div>\n\n\n\n<p><\/p>","protected":false},"excerpt":{"rendered":"<p>Bienvenue pour l'achat de lavabos muraux en gros. Nos lavabos muraux en c\u00e9ramique adoptent un \u00e9l\u00e9gant design ovale, simple et moderne, parfait pour une vari\u00e9t\u00e9 de styles de salle de bains. L'installation murale permet d'\u00e9conomiser de l'espace, et le mat\u00e9riau c\u00e9ramique de haute qualit\u00e9 est associ\u00e9 \u00e0 un traitement de gla\u00e7age \u00e0 haute temp\u00e9rature pour garantir la r\u00e9sistance aux taches et la facilit\u00e9 de nettoyage.<\/p>\n<table style=\"border-collapse: collapse; width: 311.02pt;\" border=\"0\" width=\"311\" cellspacing=\"0\" cellpadding=\"0\">\n<tbody>\n<tr style=\"height: 17.60pt;\">\n<td class=\"et3\" style=\"height: 17.60pt; width: 108.35pt;\" width=\"108\" height=\"17\">Fabricant<\/td>\n<td class=\"et3\" style=\"width: 202.95pt;\" width=\"202\">HanYu<\/td>\n<\/tr>\n<tr style=\"height: 17.60pt;\">\n<td class=\"et3\" style=\"height: 17.60pt;\" height=\"17\">Num\u00e9ro de mod\u00e8le.<\/td>\n<td class=\"et4\">HY3063<\/td>\n<\/tr>\n<tr style=\"height: 17.60pt;\">\n<td class=\"et3\" style=\"height: 17.60pt;\" height=\"17\">Type<\/td>\n<td class=\"et3\">Cuvette murale<\/td>\n<\/tr>\n<tr style=\"height: 17.60pt;\">\n<td class=\"et3\" style=\"height: 17.60pt;\" height=\"17\">Forme<\/td>\n<td class=\"et2\">Forme ovale<\/td>\n<\/tr>\n<tr style=\"height: 17.60pt;\">\n<td class=\"et4\" style=\"height: 17.60pt;\" height=\"17\">Couleur<\/td>\n<td class=\"et3\">Blanc<\/td>\n<\/tr>\n<tr style=\"height: 18.00pt;\">\n<td class=\"et3\" style=\"height: 18.00pt;\" height=\"18\">Dimension<\/td>\n<td class=\"et5\" style=\"width: 202.95pt;\" width=\"202\">56*39*13.5<\/td>\n<\/tr>\n<tr style=\"height: 17.60pt;\">\n<td class=\"et3\" style=\"height: 17.60pt;\" height=\"17\">N.W \/SET<\/td>\n<td class=\"et3\">11KGS\/PCS<\/td>\n<\/tr>\n<tr style=\"height: 17.60pt;\">\n<td class=\"et3\" style=\"height: 17.60pt;\" height=\"17\">MOQ<\/td>\n<td class=\"et3\">20pcs<\/td>\n<\/tr>\n<tr style=\"height: 17.60pt;\">\n<td class=\"et3\" style=\"height: 17.60pt;\" height=\"17\">Option personnalis\u00e9e<\/td>\n<td class=\"et3\">Couleur\/Pattenue\/Taille\/Logo\/Emballage<\/td>\n<\/tr>\n<\/tbody>\n<\/table>","protected":false},"featured_media":6081,"comment_status":"closed","ping_status":"closed","template":"","meta":{"_acf_changed":false},"product_brand":[],"product_cat":[57],"product_tag":[],"class_list":{"0":"post-6077","1":"product","2":"type-product","3":"status-publish","4":"has-post-thumbnail","6":"product_cat-wholesale-wall-mounted-sinks","8":"first","9":"instock","10":"shipping-taxable","11":"product-type-simple"},"acf":[],"_links":{"self":[{"href":"https:\/\/www.ceramicbasin.com\/fr\/wp-json\/wp\/v2\/product\/6077","targetHints":{"allow":["GET"]}}],"collection":[{"href":"https:\/\/www.ceramicbasin.com\/fr\/wp-json\/wp\/v2\/product"}],"about":[{"href":"https:\/\/www.ceramicbasin.com\/fr\/wp-json\/wp\/v2\/types\/product"}],"replies":[{"embeddable":true,"href":"https:\/\/www.ceramicbasin.com\/fr\/wp-json\/wp\/v2\/comments?post=6077"}],"wp:featuredmedia":[{"embeddable":true,"href":"https:\/\/www.ceramicbasin.com\/fr\/wp-json\/wp\/v2\/media\/6081"}],"wp:attachment":[{"href":"https:\/\/www.ceramicbasin.com\/fr\/wp-json\/wp\/v2\/media?parent=6077"}],"wp:term":[{"taxonomy":"product_brand","embeddable":true,"href":"https:\/\/www.ceramicbasin.com\/fr\/wp-json\/wp\/v2\/product_brand?post=6077"},{"taxonomy":"product_cat","embeddable":true,"href":"https:\/\/www.ceramicbasin.com\/fr\/wp-json\/wp\/v2\/product_cat?post=6077"},{"taxonomy":"product_tag","embeddable":true,"href":"https:\/\/www.ceramicbasin.com\/fr\/wp-json\/wp\/v2\/product_tag?post=6077"}],"curies":[{"name":"wp","href":"https:\/\/api.w.org\/{rel}","templated":true}]}}