{"id":6086,"date":"2025-02-07T06:37:51","date_gmt":"2025-02-07T06:37:51","guid":{"rendered":"https:\/\/www.ceramicbasin.com\/?post_type=product&#038;p=6086"},"modified":"2025-02-07T06:37:53","modified_gmt":"2025-02-07T06:37:53","slug":"small-ceramic-sinks-wholesale","status":"publish","type":"product","link":"https:\/\/www.ceramicbasin.com\/fr\/produit\/small-ceramic-sinks-wholesale\/","title":{"rendered":"Petits \u00e9viers en c\u00e9ramique de style europ\u00e9en Wholesale With Good Price"},"content":{"rendered":"<div class=\"wp-block-columns is-layout-flex wp-container-core-columns-is-layout-9d6595d7 wp-block-columns-is-layout-flex\">\n<div class=\"wp-block-column is-layout-flow wp-block-column-is-layout-flow\">\n<h2 class=\"wp-block-heading\">Premium Small Ceramic Sinks Wholesale Caract\u00e9ristiques :<\/h2>\n\n\n\n<ul class=\"wp-block-list\">\n<li><strong>Un sens moderne : <\/strong>Ces petits \u00e9viers en c\u00e9ramique sont de forme rectangulaire avec des lignes simples et robustes, co\u00efncidant avec les tendances esth\u00e9tiques des maisons modernes et s'appliquant \u00e9galement \u00e0 divers styles de d\u00e9coration de salles de bains modernes.<\/li>\n\n\n\n<li><strong>Mat\u00e9riau c\u00e9ramique de haute qualit\u00e9 : <\/strong>Nos petits bassins en gros sont fabriqu\u00e9s \u00e0 partir de mati\u00e8res premi\u00e8res c\u00e9ramiques de haute qualit\u00e9 et cuits \u00e0 haute temp\u00e9rature pour garantir que le produit est durable, lisse, facile \u00e0 nettoyer et \u00e0 entretenir, et qu'il conserve une beaut\u00e9 durable.<\/li>\n\n\n\n<li><strong>Installation murale : <\/strong>Nos petits \u00e9viers en c\u00e9ramique en gros sont install\u00e9s au mur, ce qui permet de gagner de l'espace mais aussi de faciliter le nettoyage du sol pour am\u00e9liorer la propret\u00e9 et la modernit\u00e9 de la salle de bain.<\/li>\n\n\n\n<li><strong>Prix avantageux : <\/strong>HanYu propose des prix d'achat en gros tr\u00e8s comp\u00e9titifs pour les petits bassins, ce qui vous permet de b\u00e9n\u00e9ficier de bassins en c\u00e9ramique de haute qualit\u00e9 tout en contr\u00f4lant les co\u00fbts.<\/li>\n<\/ul>\n<\/div>\n\n\n\n<div class=\"wp-block-column is-layout-flow wp-block-column-is-layout-flow\">\n<figure class=\"wp-block-image size-full\"><img fetchpriority=\"high\" decoding=\"async\" width=\"1000\" height=\"1000\" src=\"https:\/\/www.ceramicbasin.com\/wp-content\/uploads\/2025\/01\/European-Style-Ceramic-Vanity-Sinks-For-Bathroom-With-Competitive-Price-6.webp\" alt=\"Petits \u00e9viers en c\u00e9ramique de style europ\u00e9en Wholesale With Good Price-1\" class=\"wp-image-6092\" srcset=\"https:\/\/www.ceramicbasin.com\/wp-content\/uploads\/2025\/01\/European-Style-Ceramic-Vanity-Sinks-For-Bathroom-With-Competitive-Price-6.webp 1000w, https:\/\/www.ceramicbasin.com\/wp-content\/uploads\/2025\/01\/European-Style-Ceramic-Vanity-Sinks-For-Bathroom-With-Competitive-Price-6-300x300.webp 300w, https:\/\/www.ceramicbasin.com\/wp-content\/uploads\/2025\/01\/European-Style-Ceramic-Vanity-Sinks-For-Bathroom-With-Competitive-Price-6-150x150.webp 150w, https:\/\/www.ceramicbasin.com\/wp-content\/uploads\/2025\/01\/European-Style-Ceramic-Vanity-Sinks-For-Bathroom-With-Competitive-Price-6-768x768.webp 768w, https:\/\/www.ceramicbasin.com\/wp-content\/uploads\/2025\/01\/European-Style-Ceramic-Vanity-Sinks-For-Bathroom-With-Competitive-Price-6-12x12.webp 12w, https:\/\/www.ceramicbasin.com\/wp-content\/uploads\/2025\/01\/European-Style-Ceramic-Vanity-Sinks-For-Bathroom-With-Competitive-Price-6-285x285.webp 285w, https:\/\/www.ceramicbasin.com\/wp-content\/uploads\/2025\/01\/European-Style-Ceramic-Vanity-Sinks-For-Bathroom-With-Competitive-Price-6-270x270.webp 270w, https:\/\/www.ceramicbasin.com\/wp-content\/uploads\/2025\/01\/European-Style-Ceramic-Vanity-Sinks-For-Bathroom-With-Competitive-Price-6-540x540.webp 540w, https:\/\/www.ceramicbasin.com\/wp-content\/uploads\/2025\/01\/European-Style-Ceramic-Vanity-Sinks-For-Bathroom-With-Competitive-Price-6-660x660.webp 660w\" sizes=\"(max-width: 1000px) 100vw, 1000px\" \/><\/figure>\n<\/div>\n<\/div>\n\n\n\n<p><\/p>","protected":false},"excerpt":{"rendered":"<p>Bienvenue pour l'achat en gros de petits lavabos en c\u00e9ramique. Nos petits lavabos en gros se distinguent par un design exquis et des mat\u00e9riaux c\u00e9ramiques de haute qualit\u00e9, ce qui en fait un choix id\u00e9al pour la d\u00e9coration de la salle de bains. Le traitement de gla\u00e7age facile \u00e0 nettoyer garantit que la surface du produit est lisse et facile \u00e0 nettoyer quotidiennement. La position d'installation flexible du robinet rend l'installation plus pratique.<\/p>\n<table style=\"border-collapse: collapse; width: 311.02pt;\" border=\"0\" width=\"311\" cellspacing=\"0\" cellpadding=\"0\">\n<tbody>\n<tr style=\"height: 17.60pt;\">\n<td class=\"et3\" style=\"height: 17.60pt; width: 108.35pt;\" width=\"108\" height=\"17\">Fabricant<\/td>\n<td class=\"et3\" style=\"width: 202.95pt;\" width=\"202\">HanYu<\/td>\n<\/tr>\n<tr style=\"height: 17.60pt;\">\n<td class=\"et3\" style=\"height: 17.60pt;\" height=\"17\">Num\u00e9ro de mod\u00e8le.<\/td>\n<td class=\"et4\">HY3083L<\/td>\n<\/tr>\n<tr style=\"height: 17.60pt;\">\n<td class=\"et3\" style=\"height: 17.60pt;\" height=\"17\">Type<\/td>\n<td class=\"et3\">Cuvette murale<\/td>\n<\/tr>\n<tr style=\"height: 17.60pt;\">\n<td class=\"et3\" style=\"height: 17.60pt;\" height=\"17\">Forme<\/td>\n<td class=\"et2\">Forme rectangulaire<\/td>\n<\/tr>\n<tr style=\"height: 17.60pt;\">\n<td class=\"et4\" style=\"height: 17.60pt;\" height=\"17\">Couleur<\/td>\n<td class=\"et3\">Blanc<\/td>\n<\/tr>\n<tr style=\"height: 18.00pt;\">\n<td class=\"et3\" style=\"height: 18.00pt;\" height=\"18\">Dimension<\/td>\n<td class=\"et5\" style=\"width: 202.95pt;\" width=\"202\">40*28*14.5<\/td>\n<\/tr>\n<tr style=\"height: 17.60pt;\">\n<td class=\"et3\" style=\"height: 17.60pt;\" height=\"17\">N.W \/SET<\/td>\n<td class=\"et3\">9KGS\/PCS<\/td>\n<\/tr>\n<tr style=\"height: 17.60pt;\">\n<td class=\"et3\" style=\"height: 17.60pt;\" height=\"17\">MOQ<\/td>\n<td class=\"et3\">20pcs<\/td>\n<\/tr>\n<tr style=\"height: 17.60pt;\">\n<td class=\"et3\" style=\"height: 17.60pt;\" height=\"17\">Option personnalis\u00e9e<\/td>\n<td class=\"et3\">Couleur\/Pattenue\/Taille\/Logo\/Emballage<\/td>\n<\/tr>\n<\/tbody>\n<\/table>","protected":false},"featured_media":6090,"comment_status":"closed","ping_status":"closed","template":"","meta":{"_acf_changed":false},"product_brand":[],"product_cat":[57,56],"product_tag":[],"class_list":{"0":"post-6086","1":"product","2":"type-product","3":"status-publish","4":"has-post-thumbnail","6":"product_cat-wholesale-wall-mounted-sinks","7":"product_cat-wholesale-small-bathroom-sinks","9":"first","10":"instock","11":"shipping-taxable","12":"product-type-simple"},"acf":[],"_links":{"self":[{"href":"https:\/\/www.ceramicbasin.com\/fr\/wp-json\/wp\/v2\/product\/6086","targetHints":{"allow":["GET"]}}],"collection":[{"href":"https:\/\/www.ceramicbasin.com\/fr\/wp-json\/wp\/v2\/product"}],"about":[{"href":"https:\/\/www.ceramicbasin.com\/fr\/wp-json\/wp\/v2\/types\/product"}],"replies":[{"embeddable":true,"href":"https:\/\/www.ceramicbasin.com\/fr\/wp-json\/wp\/v2\/comments?post=6086"}],"wp:featuredmedia":[{"embeddable":true,"href":"https:\/\/www.ceramicbasin.com\/fr\/wp-json\/wp\/v2\/media\/6090"}],"wp:attachment":[{"href":"https:\/\/www.ceramicbasin.com\/fr\/wp-json\/wp\/v2\/media?parent=6086"}],"wp:term":[{"taxonomy":"product_brand","embeddable":true,"href":"https:\/\/www.ceramicbasin.com\/fr\/wp-json\/wp\/v2\/product_brand?post=6086"},{"taxonomy":"product_cat","embeddable":true,"href":"https:\/\/www.ceramicbasin.com\/fr\/wp-json\/wp\/v2\/product_cat?post=6086"},{"taxonomy":"product_tag","embeddable":true,"href":"https:\/\/www.ceramicbasin.com\/fr\/wp-json\/wp\/v2\/product_tag?post=6086"}],"curies":[{"name":"wp","href":"https:\/\/api.w.org\/{rel}","templated":true}]}}