{"id":6110,"date":"2025-02-07T03:50:36","date_gmt":"2025-02-07T03:50:36","guid":{"rendered":"https:\/\/www.ceramicbasin.com\/?post_type=product&#038;p=6110"},"modified":"2025-02-07T03:50:39","modified_gmt":"2025-02-07T03:50:39","slug":"wholesale-glass-vessel-sinks","status":"publish","type":"product","link":"https:\/\/www.ceramicbasin.com\/fr\/produit\/wholesale-glass-vessel-sinks\/","title":{"rendered":"Wholesale Glass Vessel Sinks With Various Colors, Round Shape Glass Basin (vasque en verre de forme ronde)"},"content":{"rendered":"<div class=\"wp-block-columns is-layout-flex wp-container-core-columns-is-layout-9d6595d7 wp-block-columns-is-layout-flex\">\n<div class=\"wp-block-column is-layout-flow wp-block-column-is-layout-flow\">\n<h2 class=\"wp-block-heading\">Premium Wholesale Glass Vessel Sinks Caract\u00e9ristiques :<\/h2>\n\n\n\n<ul class=\"wp-block-list\">\n<li><strong>Texture exquise, qui met en valeur le sens artistique de la salle de bains : <\/strong>Nos \u00e9viers en verre adoptent une technologie de texture exquise, pr\u00e9sentant un effet unique de lumi\u00e8re et d'ombre, rendant l'espace de la salle de bain plus artistique, s'adaptant parfaitement au style de d\u00e9coration moderne, haut de gamme ou personnalis\u00e9 de la salle de bain.<\/li>\n\n\n\n<li><strong>Diverses options de couleurs, adapt\u00e9es \u00e0 diff\u00e9rents besoins de d\u00e9coration :<\/strong> Ces \u00e9viers en verre sont disponibles en gros dans une vari\u00e9t\u00e9 de couleurs, notamment transparentes, d\u00e9grad\u00e9es, color\u00e9es et autres styles, afin de r\u00e9pondre aux pr\u00e9f\u00e9rences esth\u00e9tiques des diff\u00e9rents utilisateurs et de s'adapter facilement aux diff\u00e9rentes conceptions de salles de bains.<\/li>\n\n\n\n<li><strong>Verre tremp\u00e9 de haute qualit\u00e9, durable et s\u00fbr : <\/strong>Le mat\u00e9riau en verre de ces \u00e9viers en verre a \u00e9t\u00e9 strictement test\u00e9 pour garantir la r\u00e9sistance \u00e0 la chaleur et au froid, ne pas \u00e9clater facilement, \u00eatre s\u00fbr et durable, et fournir une protection fiable \u00e0 la maison ou \u00e0 la salle de bain commerciale.<\/li>\n\n\n\n<li><strong>Forme ronde et lisse, \u00e0 la mode et facile \u00e0 nettoyer : <\/strong>Ces \u00e9viers en verre de forme ronde classique, aux lignes douces et naturelles, cr\u00e9ent non seulement une beaut\u00e9 douce, mais r\u00e9duisent aussi efficacement l'accumulation d'eau et de salet\u00e9, ce qui facilite le nettoyage et l'entretien quotidien.<\/li>\n<\/ul>\n<\/div>\n\n\n\n<div class=\"wp-block-column is-layout-flow wp-block-column-is-layout-flow\">\n<figure class=\"wp-block-image size-full is-resized\"><img fetchpriority=\"high\" decoding=\"async\" width=\"497\" height=\"677\" src=\"https:\/\/www.ceramicbasin.com\/wp-content\/uploads\/2025\/01\/Glass-wash-basin-supplierround-shape-basin-sinks-with-various-colors-9.webp\" alt=\"Wholesale Glass Vessel Sinks With Various Colors, Round Shape Glass Basin-1 (\u00e9viers en verre avec diff\u00e9rentes couleurs)\" class=\"wp-image-6109\" style=\"width:341px;height:auto\" srcset=\"https:\/\/www.ceramicbasin.com\/wp-content\/uploads\/2025\/01\/Glass-wash-basin-supplierround-shape-basin-sinks-with-various-colors-9.webp 497w, https:\/\/www.ceramicbasin.com\/wp-content\/uploads\/2025\/01\/Glass-wash-basin-supplierround-shape-basin-sinks-with-various-colors-9-220x300.webp 220w, https:\/\/www.ceramicbasin.com\/wp-content\/uploads\/2025\/01\/Glass-wash-basin-supplierround-shape-basin-sinks-with-various-colors-9-9x12.webp 9w, https:\/\/www.ceramicbasin.com\/wp-content\/uploads\/2025\/01\/Glass-wash-basin-supplierround-shape-basin-sinks-with-various-colors-9-285x388.webp 285w, https:\/\/www.ceramicbasin.com\/wp-content\/uploads\/2025\/01\/Glass-wash-basin-supplierround-shape-basin-sinks-with-various-colors-9-485x660.webp 485w, https:\/\/www.ceramicbasin.com\/wp-content\/uploads\/2025\/01\/Glass-wash-basin-supplierround-shape-basin-sinks-with-various-colors-9-110x150.webp 110w\" sizes=\"(max-width: 497px) 100vw, 497px\" \/><\/figure>\n<\/div>\n<\/div>\n\n\n\n<p><\/p>","protected":false},"excerpt":{"rendered":"<p>Bienvenue pour acheter en gros des \u00e9viers en verre. Nos \u00e9viers en verre sont fabriqu\u00e9s en verre tremp\u00e9 de haute qualit\u00e9, avec une texture unique et de nombreuses options de couleurs, ce qui permet de r\u00e9pondre aux diff\u00e9rents styles de d\u00e9coration de la salle de bain. Il est pratique non seulement dans sa fonction mais aussi dans sa forme \u00e9l\u00e9gante, ce qui devrait \u00eatre le choix parfait pour un espace de salle de bain avanc\u00e9.<\/p>\n<table style=\"border-collapse: collapse; width: 358.52pt;\" border=\"0\" width=\"478\" cellspacing=\"0\" cellpadding=\"0\">\n<tbody>\n<tr style=\"height: 17.25pt;\">\n<td class=\"et3\" style=\"height: 17.25pt; width: 125.00pt;\" width=\"166\" height=\"23\">Fabricant<\/td>\n<td class=\"et3\" style=\"width: 234.15pt;\" width=\"312\">HanYu<\/td>\n<\/tr>\n<tr style=\"height: 17.25pt;\">\n<td class=\"et3\" style=\"height: 17.25pt;\" height=\"23\">Num\u00e9ro de mod\u00e8le.<\/td>\n<td class=\"et4\">HY-TY310B<\/td>\n<\/tr>\n<tr style=\"height: 17.25pt;\">\n<td class=\"et3\" style=\"height: 17.25pt;\" height=\"23\">Type<\/td>\n<td class=\"et5\" style=\"width: 234.15pt;\" width=\"312\">Lavabo en verre<\/td>\n<\/tr>\n<tr style=\"height: 18.00pt;\">\n<td class=\"et3\" style=\"height: 18.00pt;\" height=\"24\">Forme<\/td>\n<td class=\"et3\">Forme ronde<\/td>\n<\/tr>\n<tr style=\"height: 34.50pt;\">\n<td class=\"et4\" style=\"height: 34.50pt;\" height=\"46\">Couleur<\/td>\n<td class=\"et5\" style=\"width: 234.15pt;\" width=\"312\">noir\/blanc\/bleu\/gris\/rose\/vert\/marron\/kaki<\/td>\n<\/tr>\n<tr style=\"height: 18.00pt;\">\n<td class=\"et3\" style=\"height: 18.00pt;\" height=\"24\">Dimension<\/td>\n<td class=\"et5\" style=\"width: 234.15pt;\" width=\"312\">39.5*39.5*16<\/td>\n<\/tr>\n<tr style=\"height: 17.25pt;\">\n<td class=\"et3\" style=\"height: 17.25pt;\" height=\"23\">N.W \/SET<\/td>\n<td class=\"et3\">5KGS\/PCS<\/td>\n<\/tr>\n<tr style=\"height: 17.25pt;\">\n<td class=\"et3\" style=\"height: 17.25pt;\" height=\"23\">MOQ<\/td>\n<td class=\"et3\">20pcs<\/td>\n<\/tr>\n<tr style=\"height: 17.25pt;\">\n<td class=\"et3\" style=\"height: 17.25pt;\" height=\"23\">Option personnalis\u00e9e<\/td>\n<td class=\"et3\">Couleur\/Pattenue\/Taille\/Logo\/Emballage<\/td>\n<\/tr>\n<\/tbody>\n<\/table>","protected":false},"featured_media":6106,"comment_status":"closed","ping_status":"closed","template":"","meta":{"_acf_changed":false},"product_brand":[],"product_cat":[52],"product_tag":[],"class_list":{"0":"post-6110","1":"product","2":"type-product","3":"status-publish","4":"has-post-thumbnail","6":"product_cat-wholesale-glass-vessel-sinks","8":"first","9":"instock","10":"shipping-taxable","11":"product-type-simple"},"acf":[],"_links":{"self":[{"href":"https:\/\/www.ceramicbasin.com\/fr\/wp-json\/wp\/v2\/product\/6110","targetHints":{"allow":["GET"]}}],"collection":[{"href":"https:\/\/www.ceramicbasin.com\/fr\/wp-json\/wp\/v2\/product"}],"about":[{"href":"https:\/\/www.ceramicbasin.com\/fr\/wp-json\/wp\/v2\/types\/product"}],"replies":[{"embeddable":true,"href":"https:\/\/www.ceramicbasin.com\/fr\/wp-json\/wp\/v2\/comments?post=6110"}],"wp:featuredmedia":[{"embeddable":true,"href":"https:\/\/www.ceramicbasin.com\/fr\/wp-json\/wp\/v2\/media\/6106"}],"wp:attachment":[{"href":"https:\/\/www.ceramicbasin.com\/fr\/wp-json\/wp\/v2\/media?parent=6110"}],"wp:term":[{"taxonomy":"product_brand","embeddable":true,"href":"https:\/\/www.ceramicbasin.com\/fr\/wp-json\/wp\/v2\/product_brand?post=6110"},{"taxonomy":"product_cat","embeddable":true,"href":"https:\/\/www.ceramicbasin.com\/fr\/wp-json\/wp\/v2\/product_cat?post=6110"},{"taxonomy":"product_tag","embeddable":true,"href":"https:\/\/www.ceramicbasin.com\/fr\/wp-json\/wp\/v2\/product_tag?post=6110"}],"curies":[{"name":"wp","href":"https:\/\/api.w.org\/{rel}","templated":true}]}}