{"id":6141,"date":"2025-01-21T08:44:28","date_gmt":"2025-01-21T08:44:28","guid":{"rendered":"https:\/\/www.ceramicbasin.com\/?post_type=product&#038;p=6141"},"modified":"2025-01-21T08:44:29","modified_gmt":"2025-01-21T08:44:29","slug":"wholesale-glass-sink","status":"publish","type":"product","link":"https:\/\/www.ceramicbasin.com\/fr\/produit\/wholesale-glass-sink\/","title":{"rendered":"Design moderne, \u00e9vier en verre en gros, cuve ronde en verre"},"content":{"rendered":"<div class=\"wp-block-columns is-layout-flex wp-container-core-columns-is-layout-9d6595d7 wp-block-columns-is-layout-flex\">\n<div class=\"wp-block-column is-layout-flow wp-block-column-is-layout-flow\">\n<h2 class=\"wp-block-heading\">Premium Wholesale Glass Sink Caract\u00e9ristiques :<\/h2>\n\n\n\n<ul class=\"wp-block-list\">\n<li><strong>Cr\u00e9ation de mode :\u00a0<\/strong>Notre usine fournit en gros des \u00e9viers en verre avec un design moderne et \u00e0 la mode, des lignes douces, convenant \u00e0 divers agencements de salle de bains, et am\u00e9liorant la beaut\u00e9 g\u00e9n\u00e9rale et la qualit\u00e9 de l'espace.<\/li>\n\n\n\n<li><strong>Mat\u00e9riau en verre de haute qualit\u00e9 :\u00a0<\/strong>Ce bol en verre est fabriqu\u00e9 en verre de haute qualit\u00e9, d'une grande transparence et d'une texture d\u00e9licate. Il a un excellent effet visuel et un sens moderne, garantissant la durabilit\u00e9 et la beaut\u00e9 du produit.<\/li>\n\n\n\n<li><strong>Facile \u00e0 nettoyer :\u00a0<\/strong>Cet \u00e9vier en verre est dot\u00e9 d'une surface lisse contre laquelle les taches et les moisissures n'adh\u00e8rent pas, ce qui facilite le nettoyage et pr\u00e9serve l'hygi\u00e8ne et la propret\u00e9 dans l'utilisation quotidienne.<\/li>\n\n\n\n<li><strong>Plusieurs options de couleurs :\u00a0<\/strong>Notre bol en verre offre une large gamme d'options de couleurs, du classique transparent aux couleurs \u00e0 la mode, r\u00e9pondant \u00e0 diff\u00e9rents styles de d\u00e9coration et pr\u00e9f\u00e9rences personnelles avec sa couleur unique et son caract\u00e8re en ajoutant de la couleur \u00e0 la salle de bain.<\/li>\n<\/ul>\n<\/div>\n\n\n\n<div class=\"wp-block-column is-layout-flow wp-block-column-is-layout-flow\">\n<figure class=\"wp-block-image size-full\"><img fetchpriority=\"high\" decoding=\"async\" width=\"750\" height=\"793\" src=\"https:\/\/www.ceramicbasin.com\/wp-content\/uploads\/2025\/01\/Modern-design-round-shape-glass-basin-sinks-supplier-3.webp\" alt=\"Design moderne \u00e9vier en verre en gros, cuve ronde en verre, Vessel-1\" class=\"wp-image-6132\" srcset=\"https:\/\/www.ceramicbasin.com\/wp-content\/uploads\/2025\/01\/Modern-design-round-shape-glass-basin-sinks-supplier-3.webp 750w, https:\/\/www.ceramicbasin.com\/wp-content\/uploads\/2025\/01\/Modern-design-round-shape-glass-basin-sinks-supplier-3-284x300.webp 284w, https:\/\/www.ceramicbasin.com\/wp-content\/uploads\/2025\/01\/Modern-design-round-shape-glass-basin-sinks-supplier-3-11x12.webp 11w, https:\/\/www.ceramicbasin.com\/wp-content\/uploads\/2025\/01\/Modern-design-round-shape-glass-basin-sinks-supplier-3-285x301.webp 285w, https:\/\/www.ceramicbasin.com\/wp-content\/uploads\/2025\/01\/Modern-design-round-shape-glass-basin-sinks-supplier-3-624x660.webp 624w, https:\/\/www.ceramicbasin.com\/wp-content\/uploads\/2025\/01\/Modern-design-round-shape-glass-basin-sinks-supplier-3-142x150.webp 142w\" sizes=\"(max-width: 750px) 100vw, 750px\" \/><\/figure>\n<\/div>\n<\/div>","protected":false},"excerpt":{"rendered":"<p>Bienvenue sur le site d'achat en gros de lavabos en verre. Nos vasques en verre offrent une large gamme de couleurs, de la transparence classique aux couleurs \u00e0 la mode, pour r\u00e9pondre aux diff\u00e9rents styles de d\u00e9coration et aux pr\u00e9f\u00e9rences personnelles, ajoutant des couleurs uniques et de la personnalit\u00e9 \u00e0 la salle de bains. Bienvenue pour l'achat et la personnalisation d'\u00e9viers en verre.<\/p>\n<table style=\"border-collapse: collapse; width: 358.52pt;\" border=\"0\" width=\"478\" cellspacing=\"0\" cellpadding=\"0\">\n<tbody>\n<tr style=\"height: 17.25pt;\">\n<td class=\"et3\" style=\"height: 17.25pt; width: 125.00pt;\" width=\"166\" height=\"23\">Fabricant<\/td>\n<td class=\"et3\" style=\"width: 234.15pt;\" width=\"312\">HanYu<\/td>\n<\/tr>\n<tr style=\"height: 17.25pt;\">\n<td class=\"et3\" style=\"height: 17.25pt;\" height=\"23\">Num\u00e9ro de mod\u00e8le.<\/td>\n<td class=\"et4\">HY-7016<\/td>\n<\/tr>\n<tr style=\"height: 17.25pt;\">\n<td class=\"et3\" style=\"height: 17.25pt;\" height=\"23\">Type<\/td>\n<td class=\"et5\" style=\"width: 234.15pt;\" width=\"312\">Lavabo en verre<\/td>\n<\/tr>\n<tr style=\"height: 18.00pt;\">\n<td class=\"et3\" style=\"height: 18.00pt;\" height=\"24\">Forme<\/td>\n<td class=\"et3\">Forme ronde<\/td>\n<\/tr>\n<tr style=\"height: 34.50pt;\">\n<td class=\"et4\" style=\"height: 34.50pt;\" height=\"46\">Couleur<\/td>\n<td class=\"et5\" style=\"width: 234.15pt;\" width=\"312\">noir\/blanc\/bleu\/gris\/rose\/vert\/marron\/kaki<\/td>\n<\/tr>\n<tr style=\"height: 18.00pt;\">\n<td class=\"et3\" style=\"height: 18.00pt;\" height=\"24\">Dimension<\/td>\n<td class=\"et5\" style=\"width: 234.15pt;\" width=\"312\">36*36*11.2\/40*40*12<\/td>\n<\/tr>\n<tr style=\"height: 17.25pt;\">\n<td class=\"et3\" style=\"height: 17.25pt;\" height=\"23\">N.W \/SET<\/td>\n<td class=\"et3\">8KGS\/PCS<\/td>\n<\/tr>\n<tr style=\"height: 17.25pt;\">\n<td class=\"et3\" style=\"height: 17.25pt;\" height=\"23\">MOQ<\/td>\n<td class=\"et3\">20pcs<\/td>\n<\/tr>\n<tr style=\"height: 17.25pt;\">\n<td class=\"et3\" style=\"height: 17.25pt;\" height=\"23\">Option personnalis\u00e9e<\/td>\n<td class=\"et3\">Couleur\/Pattenue\/Taille\/Logo\/Emballage<\/td>\n<\/tr>\n<\/tbody>\n<\/table>","protected":false},"featured_media":6137,"comment_status":"closed","ping_status":"closed","template":"","meta":{"_acf_changed":false},"product_brand":[],"product_cat":[52],"product_tag":[],"class_list":{"0":"post-6141","1":"product","2":"type-product","3":"status-publish","4":"has-post-thumbnail","6":"product_cat-wholesale-glass-vessel-sinks","8":"first","9":"instock","10":"shipping-taxable","11":"product-type-simple"},"acf":[],"_links":{"self":[{"href":"https:\/\/www.ceramicbasin.com\/fr\/wp-json\/wp\/v2\/product\/6141","targetHints":{"allow":["GET"]}}],"collection":[{"href":"https:\/\/www.ceramicbasin.com\/fr\/wp-json\/wp\/v2\/product"}],"about":[{"href":"https:\/\/www.ceramicbasin.com\/fr\/wp-json\/wp\/v2\/types\/product"}],"replies":[{"embeddable":true,"href":"https:\/\/www.ceramicbasin.com\/fr\/wp-json\/wp\/v2\/comments?post=6141"}],"wp:featuredmedia":[{"embeddable":true,"href":"https:\/\/www.ceramicbasin.com\/fr\/wp-json\/wp\/v2\/media\/6137"}],"wp:attachment":[{"href":"https:\/\/www.ceramicbasin.com\/fr\/wp-json\/wp\/v2\/media?parent=6141"}],"wp:term":[{"taxonomy":"product_brand","embeddable":true,"href":"https:\/\/www.ceramicbasin.com\/fr\/wp-json\/wp\/v2\/product_brand?post=6141"},{"taxonomy":"product_cat","embeddable":true,"href":"https:\/\/www.ceramicbasin.com\/fr\/wp-json\/wp\/v2\/product_cat?post=6141"},{"taxonomy":"product_tag","embeddable":true,"href":"https:\/\/www.ceramicbasin.com\/fr\/wp-json\/wp\/v2\/product_tag?post=6141"}],"curies":[{"name":"wp","href":"https:\/\/api.w.org\/{rel}","templated":true}]}}