{"id":6157,"date":"2025-01-22T05:31:54","date_gmt":"2025-01-22T05:31:54","guid":{"rendered":"https:\/\/www.ceramicbasin.com\/?post_type=product&#038;p=6157"},"modified":"2025-02-05T09:50:50","modified_gmt":"2025-02-05T09:50:50","slug":"custom-small-vanity-sink","status":"publish","type":"product","link":"https:\/\/www.ceramicbasin.com\/fr\/produit\/custom-small-vanity-sink\/","title":{"rendered":"Petit \u00e9vier de meuble sur mesure, vasque de salle de bain suspendue Wholesale"},"content":{"rendered":"<div class=\"wp-block-columns is-layout-flex wp-container-core-columns-is-layout-9d6595d7 wp-block-columns-is-layout-flex\">\n<div class=\"wp-block-column is-layout-flow wp-block-column-is-layout-flow\">\n<h2 class=\"wp-block-heading\">Premium Custom Small Vanity Sink Features<\/h2>\n\n\n\n<ul class=\"wp-block-list\">\n<li><strong>Conception peu encombrante :<\/strong> Gr\u00e2ce \u00e0 ses dimensions compactes et \u00e0 son montage mural, le lavabo suspendu en gros est id\u00e9al pour les petites salles de bains ou les salles d'eau dans les endroits o\u00f9 il est difficile de trouver beaucoup d'espace libre.<\/li>\n\n\n\n<li><strong>Mat\u00e9riau c\u00e9ramique de haute qualit\u00e9 : <\/strong>Notre petit lavabo sur mesure est fabriqu\u00e9 en c\u00e9ramique cuite \u00e0 haute temp\u00e9rature. Il en r\u00e9sulte une surface lisse et facile \u00e0 nettoyer, r\u00e9sistante aux taches et durable pour conserver sa beaut\u00e9 m\u00eame apr\u00e8s une longue utilisation.<\/li>\n\n\n\n<li><strong>Esth\u00e9tique moderne et simple : <\/strong>Le design \u00e9pur\u00e9 et l'aspect \u00e9l\u00e9gant de cette vasque murale de salle de bains en gros s'int\u00e8grent facilement dans une vari\u00e9t\u00e9 de styles de salles de bains pour am\u00e9liorer le style g\u00e9n\u00e9ral de l'espace.<\/li>\n\n\n\n<li><strong>Services de vente en gros et de personnalisation :<\/strong> Nous proposons un approvisionnement en vrac et des options de personnalisation pour les petits lavabos sur mesure, en prenant en charge l'impression du logo de la marque, la taille et la s\u00e9lection des couleurs pour r\u00e9pondre aux projets commerciaux et aux besoins de la vente au d\u00e9tail.<\/li>\n<\/ul>\n<\/div>\n\n\n\n<div class=\"wp-block-column is-layout-flow wp-block-column-is-layout-flow\">\n<figure class=\"wp-block-image size-full\"><img fetchpriority=\"high\" decoding=\"async\" width=\"800\" height=\"800\" src=\"https:\/\/www.ceramicbasin.com\/wp-content\/uploads\/2025\/01\/small-bathroom-sinkswall-mount-bathroom-sinkmounted-bathroom-sink6.webp\" alt=\"Petit \u00e9vier de meuble sur mesure, vasque de salle de bains suspendue Wholesale-1\" class=\"wp-image-6163\" srcset=\"https:\/\/www.ceramicbasin.com\/wp-content\/uploads\/2025\/01\/small-bathroom-sinkswall-mount-bathroom-sinkmounted-bathroom-sink6.webp 800w, https:\/\/www.ceramicbasin.com\/wp-content\/uploads\/2025\/01\/small-bathroom-sinkswall-mount-bathroom-sinkmounted-bathroom-sink6-300x300.webp 300w, https:\/\/www.ceramicbasin.com\/wp-content\/uploads\/2025\/01\/small-bathroom-sinkswall-mount-bathroom-sinkmounted-bathroom-sink6-150x150.webp 150w, https:\/\/www.ceramicbasin.com\/wp-content\/uploads\/2025\/01\/small-bathroom-sinkswall-mount-bathroom-sinkmounted-bathroom-sink6-768x768.webp 768w, https:\/\/www.ceramicbasin.com\/wp-content\/uploads\/2025\/01\/small-bathroom-sinkswall-mount-bathroom-sinkmounted-bathroom-sink6-12x12.webp 12w, https:\/\/www.ceramicbasin.com\/wp-content\/uploads\/2025\/01\/small-bathroom-sinkswall-mount-bathroom-sinkmounted-bathroom-sink6-285x285.webp 285w, https:\/\/www.ceramicbasin.com\/wp-content\/uploads\/2025\/01\/small-bathroom-sinkswall-mount-bathroom-sinkmounted-bathroom-sink6-270x270.webp 270w, https:\/\/www.ceramicbasin.com\/wp-content\/uploads\/2025\/01\/small-bathroom-sinkswall-mount-bathroom-sinkmounted-bathroom-sink6-540x540.webp 540w, https:\/\/www.ceramicbasin.com\/wp-content\/uploads\/2025\/01\/small-bathroom-sinkswall-mount-bathroom-sinkmounted-bathroom-sink6-660x660.webp 660w\" sizes=\"(max-width: 800px) 100vw, 800px\" \/><\/figure>\n<\/div>\n<\/div>\n\n\n\n<p><\/p>","protected":false},"excerpt":{"rendered":"<p>Bienvenue pour commander un petit lavabo sur mesure. Notre lavabo suspendu pour salle de bains est con\u00e7u pour \u00e9conomiser de l'espace, il est fabriqu\u00e9 en c\u00e9ramique de haute qualit\u00e9 et a une esth\u00e9tique moderne et simple. Sa m\u00e9thode d'installation murale est non seulement adapt\u00e9e aux petites salles de bains, mais peut \u00e9galement r\u00e9pondre aux besoins commerciaux et personnalis\u00e9s gr\u00e2ce aux services de vente en gros et de personnalisation.<\/p>\n<table style=\"border-collapse: collapse; width: 358.52pt;\" border=\"0\" width=\"478\" cellspacing=\"0\" cellpadding=\"0\">\n<tbody>\n<tr style=\"height: 17.25pt;\">\n<td class=\"et3\" style=\"height: 17.25pt; width: 125.00pt;\" width=\"166\" height=\"23\">Fabricant<\/td>\n<td class=\"et3\" style=\"width: 234.15pt;\" width=\"312\">HanYu<\/td>\n<\/tr>\n<tr style=\"height: 17.25pt;\">\n<td class=\"et3\" style=\"height: 17.25pt;\" height=\"23\">Num\u00e9ro de mod\u00e8le.<\/td>\n<td class=\"et4\">HY-3128R<\/td>\n<\/tr>\n<tr style=\"height: 17.25pt;\">\n<td class=\"et3\" style=\"height: 17.25pt;\" height=\"23\">Type<\/td>\n<td class=\"et5\" style=\"width: 234.15pt;\" width=\"312\">Lavabos muraux\uff0cPetits lavabos de salle de bains<\/td>\n<\/tr>\n<tr style=\"height: 18.00pt;\">\n<td class=\"et3\" style=\"height: 18.00pt;\" height=\"24\">Forme<\/td>\n<td class=\"et3\">Forme carr\u00e9e<\/td>\n<\/tr>\n<tr style=\"height: 34.50pt;\">\n<td class=\"et4\" style=\"height: 34.50pt;\" height=\"46\">Couleur<\/td>\n<td class=\"et5\" style=\"width: 234.15pt;\" width=\"312\">noir\/blanc\/bleu\/gris\/rose\/vert\/marron\/kaki<\/td>\n<\/tr>\n<tr style=\"height: 18.00pt;\">\n<td class=\"et3\" style=\"height: 18.00pt;\" height=\"24\">Dimension<\/td>\n<td class=\"et5\" style=\"width: 234.15pt;\" width=\"312\">40*22*12<\/td>\n<\/tr>\n<tr style=\"height: 17.25pt;\">\n<td class=\"et3\" style=\"height: 17.25pt;\" height=\"23\">N.W \/SET<\/td>\n<td class=\"et3\">8KGS\/PCS<\/td>\n<\/tr>\n<tr style=\"height: 17.25pt;\">\n<td class=\"et3\" style=\"height: 17.25pt;\" height=\"23\">MOQ<\/td>\n<td class=\"et3\">20pcs<\/td>\n<\/tr>\n<tr style=\"height: 17.25pt;\">\n<td class=\"et3\" style=\"height: 17.25pt;\" height=\"23\">Option personnalis\u00e9e<\/td>\n<td class=\"et3\">Couleur\/Pattenue\/Taille\/Logo\/Emballage<\/td>\n<\/tr>\n<\/tbody>\n<\/table>","protected":false},"featured_media":6161,"comment_status":"closed","ping_status":"closed","template":"","meta":{"_acf_changed":false},"product_brand":[],"product_cat":[57,56],"product_tag":[],"class_list":{"0":"post-6157","1":"product","2":"type-product","3":"status-publish","4":"has-post-thumbnail","6":"product_cat-wholesale-wall-mounted-sinks","7":"product_cat-wholesale-small-bathroom-sinks","9":"first","10":"instock","11":"shipping-taxable","12":"product-type-simple"},"acf":[],"_links":{"self":[{"href":"https:\/\/www.ceramicbasin.com\/fr\/wp-json\/wp\/v2\/product\/6157","targetHints":{"allow":["GET"]}}],"collection":[{"href":"https:\/\/www.ceramicbasin.com\/fr\/wp-json\/wp\/v2\/product"}],"about":[{"href":"https:\/\/www.ceramicbasin.com\/fr\/wp-json\/wp\/v2\/types\/product"}],"replies":[{"embeddable":true,"href":"https:\/\/www.ceramicbasin.com\/fr\/wp-json\/wp\/v2\/comments?post=6157"}],"wp:featuredmedia":[{"embeddable":true,"href":"https:\/\/www.ceramicbasin.com\/fr\/wp-json\/wp\/v2\/media\/6161"}],"wp:attachment":[{"href":"https:\/\/www.ceramicbasin.com\/fr\/wp-json\/wp\/v2\/media?parent=6157"}],"wp:term":[{"taxonomy":"product_brand","embeddable":true,"href":"https:\/\/www.ceramicbasin.com\/fr\/wp-json\/wp\/v2\/product_brand?post=6157"},{"taxonomy":"product_cat","embeddable":true,"href":"https:\/\/www.ceramicbasin.com\/fr\/wp-json\/wp\/v2\/product_cat?post=6157"},{"taxonomy":"product_tag","embeddable":true,"href":"https:\/\/www.ceramicbasin.com\/fr\/wp-json\/wp\/v2\/product_tag?post=6157"}],"curies":[{"name":"wp","href":"https:\/\/api.w.org\/{rel}","templated":true}]}}