{"id":6171,"date":"2025-01-22T05:46:41","date_gmt":"2025-01-22T05:46:41","guid":{"rendered":"https:\/\/www.ceramicbasin.com\/?post_type=product&#038;p=6171"},"modified":"2025-02-07T07:20:34","modified_gmt":"2025-02-07T07:20:34","slug":"above-counter-vessel-sinks-wholesale","status":"publish","type":"product","link":"https:\/\/www.ceramicbasin.com\/fr\/produit\/above-counter-vessel-sinks-wholesale\/","title":{"rendered":"Matte Brown Ceramic Above Counter Vessel Sinks Wholesale For Bathroom"},"content":{"rendered":"<div class=\"wp-block-columns is-layout-flex wp-container-core-columns-is-layout-9d6595d7 wp-block-columns-is-layout-flex\">\n<div class=\"wp-block-column is-layout-flow wp-block-column-is-layout-flow\">\n<h2 class=\"wp-block-heading\">Premium Above Counter Vessel Sinks Wholesale Features :<\/h2>\n\n\n\n<ul class=\"wp-block-list\">\n<li><strong>Texture brune mate, luxe discret : <\/strong>Nos \u00e9viers au-dessus du comptoir adoptent un gla\u00e7age brun mat unique \u00e0 la texture d\u00e9licate et non r\u00e9fl\u00e9chissante, pr\u00e9sentant un effet visuel discret et luxueux, qui convient parfaitement \u00e0 une salle de bains de style moderne, industriel ou r\u00e9tro.<\/li>\n\n\n\n<li><strong>Conception d'installation au-dessus du comptoir, simple et \u00e9l\u00e9gante :<\/strong> Nos \u00e9viers de salle de bains en c\u00e9ramique sont fabriqu\u00e9s \u00e0 partir de mat\u00e9riaux c\u00e9ramiques de haute qualit\u00e9, qui br\u00fblent \u00e0 haute temp\u00e9rature et pr\u00e9sentent une excellente r\u00e9sistance aux taches et aux rayures. Les taches d'eau et les taches apparaissent \u00e0 peine. Le nettoyage quotidien est facile et simple. Apr\u00e8s une longue p\u00e9riode d'utilisation, il peut rester brillant et propre.<\/li>\n\n\n\n<li><strong>Mat\u00e9riau c\u00e9ramique de haute qualit\u00e9, r\u00e9sistant aux taches et aux rayures : <\/strong>Ces \u00e9viers au-dessus du comptoir sont fabriqu\u00e9s en c\u00e9ramique de haute qualit\u00e9, un mat\u00e9riau r\u00e9sistant aux taches et aux rayures est cuit \u00e0 haute temp\u00e9rature. Les taches ou les rayures sont assez r\u00e9sistantes, et l'eau ou d'autres types de taches ne peuvent pratiquement pas \u00eatre laiss\u00e9es. Le nettoyage quotidien est simple et facile, et l'\u00e9vier peut rester propre et brillant apr\u00e8s une longue p\u00e9riode d'utilisation.<\/li>\n\n\n\n<li><strong>Bassin de grande capacit\u00e9, pratique et confortable : <\/strong>Ces lavabos de salle de bains en c\u00e9ramique sont con\u00e7us avec une profondeur mod\u00e9r\u00e9e de la cuve pour offrir suffisamment d'espace de lavage sans causer d'\u00e9claboussures et garantir le confort lors de l'utilisation quotidienne.<\/li>\n<\/ul>\n<\/div>\n\n\n\n<div class=\"wp-block-column is-layout-flow wp-block-column-is-layout-flow\">\n<figure class=\"wp-block-image size-full\"><img fetchpriority=\"high\" decoding=\"async\" width=\"827\" height=\"1225\" src=\"https:\/\/www.ceramicbasin.com\/wp-content\/uploads\/2025\/01\/Matte-Vanity-basin-6.jpg\" alt=\"Matte Brown Ceramic Above Counter Vessel Sinks Wholesale For Bathroom-1\" class=\"wp-image-6179\" srcset=\"https:\/\/www.ceramicbasin.com\/wp-content\/uploads\/2025\/01\/Matte-Vanity-basin-6.jpg 827w, https:\/\/www.ceramicbasin.com\/wp-content\/uploads\/2025\/01\/Matte-Vanity-basin-6-203x300.jpg 203w, https:\/\/www.ceramicbasin.com\/wp-content\/uploads\/2025\/01\/Matte-Vanity-basin-6-768x1138.jpg 768w, https:\/\/www.ceramicbasin.com\/wp-content\/uploads\/2025\/01\/Matte-Vanity-basin-6-8x12.jpg 8w, https:\/\/www.ceramicbasin.com\/wp-content\/uploads\/2025\/01\/Matte-Vanity-basin-6-285x422.jpg 285w, https:\/\/www.ceramicbasin.com\/wp-content\/uploads\/2025\/01\/Matte-Vanity-basin-6-446x660.jpg 446w, https:\/\/www.ceramicbasin.com\/wp-content\/uploads\/2025\/01\/Matte-Vanity-basin-6-101x150.jpg 101w\" sizes=\"(max-width: 827px) 100vw, 827px\" \/><\/figure>\n<\/div>\n<\/div>","protected":false},"excerpt":{"rendered":"<p>Bienvenue sur le site d'achat en gros de lavabos pour petites salles de bains. Nos \u00e9viers au-dessus du comptoir sont con\u00e7us pour r\u00e9soudre les probl\u00e8mes pos\u00e9s par les salles de bains de petite taille. Les mat\u00e9riaux c\u00e9ramiques de haute qualit\u00e9 s\u00e9lectionn\u00e9s garantissent la durabilit\u00e9 et la facilit\u00e9 de nettoyage du produit. Le prix pr\u00e9f\u00e9rentiel de l'achat en gros vous aide \u00e0 contr\u00f4ler les co\u00fbts.<\/p>\n<table style=\"border-collapse: collapse; width: 311.02pt;\" border=\"0\" width=\"311\" cellspacing=\"0\" cellpadding=\"0\">\n<tbody>\n<tr style=\"height: 17.60pt;\">\n<td class=\"et3\" style=\"height: 17.60pt; width: 108.35pt;\" width=\"108\" height=\"17\">Fabricant<\/td>\n<td class=\"et3\" style=\"width: 202.95pt;\" width=\"202\">HanYu<\/td>\n<\/tr>\n<tr style=\"height: 17.60pt;\">\n<td class=\"et3\" style=\"height: 17.60pt;\" height=\"17\">Num\u00e9ro de mod\u00e8le.<\/td>\n<td class=\"et4\">HY-8069PK<\/td>\n<\/tr>\n<tr style=\"height: 17.60pt;\">\n<td class=\"et3\" style=\"height: 17.60pt;\" height=\"17\">Type<\/td>\n<td class=\"et3\">Matt s'enfonce<\/td>\n<\/tr>\n<tr style=\"height: 17.60pt;\">\n<td class=\"et3\" style=\"height: 17.60pt;\" height=\"17\">Forme<\/td>\n<td class=\"et3\">Forme ronde<\/td>\n<\/tr>\n<tr style=\"height: 17.60pt;\">\n<td class=\"et4\" style=\"height: 17.60pt;\" height=\"17\">Couleur<\/td>\n<td class=\"et3\">Kaki<\/td>\n<\/tr>\n<tr style=\"height: 18.00pt;\">\n<td class=\"et3\" style=\"height: 18.00pt;\" height=\"18\">Dimension<\/td>\n<td class=\"et6\" style=\"width: 202.95pt;\" width=\"202\">41.5*41.5*13.5<\/td>\n<\/tr>\n<tr style=\"height: 17.60pt;\">\n<td class=\"et3\" style=\"height: 17.60pt;\" height=\"17\">N.W \/SET<\/td>\n<td class=\"et3\">8KGS\/PCS<\/td>\n<\/tr>\n<tr style=\"height: 17.60pt;\">\n<td class=\"et3\" style=\"height: 17.60pt;\" height=\"17\">MOQ<\/td>\n<td class=\"et3\">10pcs<\/td>\n<\/tr>\n<tr style=\"height: 17.60pt;\">\n<td class=\"et3\" style=\"height: 17.60pt;\" height=\"17\">Option personnalis\u00e9e<\/td>\n<td class=\"et3\">Couleur\/Pattenue\/Taille\/Logo\/Emballage<\/td>\n<\/tr>\n<\/tbody>\n<\/table>","protected":false},"featured_media":6180,"comment_status":"closed","ping_status":"closed","template":"","meta":{"_acf_changed":false},"product_brand":[],"product_cat":[55,50],"product_tag":[],"class_list":{"0":"post-6171","1":"product","2":"type-product","3":"status-publish","4":"has-post-thumbnail","6":"product_cat-wholesale-matte-sinks","7":"product_cat-wholesale-countertop-sinks","9":"first","10":"instock","11":"shipping-taxable","12":"product-type-simple"},"acf":[],"_links":{"self":[{"href":"https:\/\/www.ceramicbasin.com\/fr\/wp-json\/wp\/v2\/product\/6171","targetHints":{"allow":["GET"]}}],"collection":[{"href":"https:\/\/www.ceramicbasin.com\/fr\/wp-json\/wp\/v2\/product"}],"about":[{"href":"https:\/\/www.ceramicbasin.com\/fr\/wp-json\/wp\/v2\/types\/product"}],"replies":[{"embeddable":true,"href":"https:\/\/www.ceramicbasin.com\/fr\/wp-json\/wp\/v2\/comments?post=6171"}],"wp:featuredmedia":[{"embeddable":true,"href":"https:\/\/www.ceramicbasin.com\/fr\/wp-json\/wp\/v2\/media\/6180"}],"wp:attachment":[{"href":"https:\/\/www.ceramicbasin.com\/fr\/wp-json\/wp\/v2\/media?parent=6171"}],"wp:term":[{"taxonomy":"product_brand","embeddable":true,"href":"https:\/\/www.ceramicbasin.com\/fr\/wp-json\/wp\/v2\/product_brand?post=6171"},{"taxonomy":"product_cat","embeddable":true,"href":"https:\/\/www.ceramicbasin.com\/fr\/wp-json\/wp\/v2\/product_cat?post=6171"},{"taxonomy":"product_tag","embeddable":true,"href":"https:\/\/www.ceramicbasin.com\/fr\/wp-json\/wp\/v2\/product_tag?post=6171"}],"curies":[{"name":"wp","href":"https:\/\/api.w.org\/{rel}","templated":true}]}}