{"id":6172,"date":"2025-01-22T05:47:54","date_gmt":"2025-01-22T05:47:54","guid":{"rendered":"https:\/\/www.ceramicbasin.com\/?post_type=product&#038;p=6172"},"modified":"2025-02-05T09:53:26","modified_gmt":"2025-02-05T09:53:26","slug":"ceramic-tiny-basin-wholesale","status":"publish","type":"product","link":"https:\/\/www.ceramicbasin.com\/fr\/produit\/ceramic-tiny-basin-wholesale\/","title":{"rendered":"Ceramic Tiny Basin Wholesale, Small Bathroom Sink Solutions"},"content":{"rendered":"<div class=\"wp-block-columns is-layout-flex wp-container-core-columns-is-layout-9d6595d7 wp-block-columns-is-layout-flex\">\n<div class=\"wp-block-column is-layout-flow wp-block-column-is-layout-flow\">\n<h2 class=\"wp-block-heading\">Premium Tiny Basin Wholesale Caract\u00e9ristiques :<\/h2>\n\n\n\n<ul class=\"wp-block-list\">\n<li><strong>Large champ d'application :<\/strong> Les gens aspirent \u00e0 une qualit\u00e9 de vie de plus en plus \u00e9lev\u00e9e, ainsi qu'\u00e0 un service de plus en plus performant lorsqu'ils se trouvent dans un lieu public. Les petits lavabos de salle de bains en gros ne sont plus seulement adapt\u00e9s aux salles de bains des clients. Les lavabos en marbre en gros conviennent aux gares ferroviaires \u00e0 grande vitesse, au m\u00e9tro, aux centres commerciaux, aux toilettes des restaurants et aux h\u00f4pitaux.<\/li>\n\n\n\n<li><strong>Installation murale :\u00a0<\/strong>La conception murale de ce minuscule lavabo permet de gagner de la place et est facile \u00e0 nettoyer. Ce mini lavabo de salle de bains convient particuli\u00e8rement aux salles de bains modernes et compactes, car il rehausse la nettet\u00e9 et la modernit\u00e9 de l'espace.<\/li>\n\n\n\n<li><strong>Traitement de l'\u00e9mail facile \u00e0 nettoyer :\u00a0<\/strong>La surface de ce petit lavabo de salle de bains suspendu utilise une technologie sp\u00e9ciale de gla\u00e7age facile \u00e0 nettoyer, qui est lisse et d\u00e9licate, ne se tache pas facilement et est facile \u00e0 nettoyer.<\/li>\n\n\n\n<li><strong>Options personnalisables : <\/strong>Disponible en diff\u00e9rentes couleurs, finitions de surface et emballages personnalisables, ce petit bassin en gros peut \u00eatre adapt\u00e9 aux besoins sp\u00e9cifiques de votre marque et de votre march\u00e9.<\/li>\n<\/ul>\n<\/div>\n\n\n\n<div class=\"wp-block-column is-layout-flow wp-block-column-is-layout-flow\">\n<figure class=\"wp-block-image size-full\"><img fetchpriority=\"high\" decoding=\"async\" width=\"800\" height=\"800\" src=\"https:\/\/www.ceramicbasin.com\/wp-content\/uploads\/2025\/01\/bathroom-porcelain-sinkwall-hung-bathroom-vanitysquare-wall-mounted-basin3.webp\" alt=\"Ceramic Tiny Basin Wholesale, Small Bathroom Sink Solutions-1\" class=\"wp-image-6175\" srcset=\"https:\/\/www.ceramicbasin.com\/wp-content\/uploads\/2025\/01\/bathroom-porcelain-sinkwall-hung-bathroom-vanitysquare-wall-mounted-basin3.webp 800w, https:\/\/www.ceramicbasin.com\/wp-content\/uploads\/2025\/01\/bathroom-porcelain-sinkwall-hung-bathroom-vanitysquare-wall-mounted-basin3-300x300.webp 300w, https:\/\/www.ceramicbasin.com\/wp-content\/uploads\/2025\/01\/bathroom-porcelain-sinkwall-hung-bathroom-vanitysquare-wall-mounted-basin3-150x150.webp 150w, https:\/\/www.ceramicbasin.com\/wp-content\/uploads\/2025\/01\/bathroom-porcelain-sinkwall-hung-bathroom-vanitysquare-wall-mounted-basin3-768x768.webp 768w, https:\/\/www.ceramicbasin.com\/wp-content\/uploads\/2025\/01\/bathroom-porcelain-sinkwall-hung-bathroom-vanitysquare-wall-mounted-basin3-12x12.webp 12w, https:\/\/www.ceramicbasin.com\/wp-content\/uploads\/2025\/01\/bathroom-porcelain-sinkwall-hung-bathroom-vanitysquare-wall-mounted-basin3-285x285.webp 285w, https:\/\/www.ceramicbasin.com\/wp-content\/uploads\/2025\/01\/bathroom-porcelain-sinkwall-hung-bathroom-vanitysquare-wall-mounted-basin3-270x270.webp 270w, https:\/\/www.ceramicbasin.com\/wp-content\/uploads\/2025\/01\/bathroom-porcelain-sinkwall-hung-bathroom-vanitysquare-wall-mounted-basin3-540x540.webp 540w, https:\/\/www.ceramicbasin.com\/wp-content\/uploads\/2025\/01\/bathroom-porcelain-sinkwall-hung-bathroom-vanitysquare-wall-mounted-basin3-660x660.webp 660w\" sizes=\"(max-width: 800px) 100vw, 800px\" \/><\/figure>\n<\/div>\n<\/div>\n\n\n\n<p><\/p>","protected":false},"excerpt":{"rendered":"<p>Bienvenue sur le site d'achat en gros de petits lavabos. Nos petits lavabos de salle de bains en gros se caract\u00e9risent par un design compact et une c\u00e9ramique de haute qualit\u00e9. Adapt\u00e9 \u00e0 de multiples sc\u00e9narios, supportant la vente en gros et la personnalisation, c'est un choix id\u00e9al pour \u00e9conomiser de l'espace et am\u00e9liorer le go\u00fbt.<\/p>\n<table style=\"border-collapse: collapse; width: 311.02pt;\" border=\"0\" width=\"311\" cellspacing=\"0\" cellpadding=\"0\">\n<tbody>\n<tr style=\"height: 17.60pt;\">\n<td class=\"et3\" style=\"height: 17.60pt; width: 108.35pt;\" width=\"108\" height=\"17\">Fabricant<\/td>\n<td class=\"et3\" style=\"width: 202.95pt;\" width=\"202\">HanYu<\/td>\n<\/tr>\n<tr style=\"height: 17.60pt;\">\n<td class=\"et3\" style=\"height: 17.60pt;\" height=\"17\">Num\u00e9ro de mod\u00e8le.<\/td>\n<td class=\"et4\">HY-3130<\/td>\n<\/tr>\n<tr style=\"height: 17.60pt;\">\n<td class=\"et3\" style=\"height: 17.60pt;\" height=\"17\">Type<\/td>\n<td class=\"et3\">\u00e9viers muraux<\/td>\n<\/tr>\n<tr style=\"height: 17.60pt;\">\n<td class=\"et3\" style=\"height: 17.60pt;\" height=\"17\">Forme<\/td>\n<td class=\"et3\">\u00a0Forme carr\u00e9e<\/td>\n<\/tr>\n<tr style=\"height: 17.60pt;\">\n<td class=\"et4\" style=\"height: 17.60pt;\" height=\"17\">Couleur<\/td>\n<td class=\"et3\">Blanc<\/td>\n<\/tr>\n<tr style=\"height: 18.00pt;\">\n<td class=\"et3\" style=\"height: 18.00pt;\" height=\"18\">Dimension<\/td>\n<td class=\"et6\" style=\"width: 202.95pt;\" width=\"202\">50*30*13<\/td>\n<\/tr>\n<tr style=\"height: 17.60pt;\">\n<td class=\"et3\" style=\"height: 17.60pt;\" height=\"17\">N.W \/SET<\/td>\n<td class=\"et3\">12KGS\/PCS<\/td>\n<\/tr>\n<tr style=\"height: 17.60pt;\">\n<td class=\"et3\" style=\"height: 17.60pt;\" height=\"17\">MOQ<\/td>\n<td class=\"et3\">20pcs<\/td>\n<\/tr>\n<tr style=\"height: 17.60pt;\">\n<td class=\"et3\" style=\"height: 17.60pt;\" height=\"17\">Option personnalis\u00e9e<\/td>\n<td class=\"et3\">Couleur\/Pattenue\/Taille\/Logo\/Emballage<\/td>\n<\/tr>\n<\/tbody>\n<\/table>\n<p>&nbsp;<\/p>","protected":false},"featured_media":6177,"comment_status":"closed","ping_status":"closed","template":"","meta":{"_acf_changed":false},"product_brand":[],"product_cat":[57],"product_tag":[],"class_list":{"0":"post-6172","1":"product","2":"type-product","3":"status-publish","4":"has-post-thumbnail","6":"product_cat-wholesale-wall-mounted-sinks","8":"first","9":"instock","10":"shipping-taxable","11":"product-type-simple"},"acf":[],"_links":{"self":[{"href":"https:\/\/www.ceramicbasin.com\/fr\/wp-json\/wp\/v2\/product\/6172","targetHints":{"allow":["GET"]}}],"collection":[{"href":"https:\/\/www.ceramicbasin.com\/fr\/wp-json\/wp\/v2\/product"}],"about":[{"href":"https:\/\/www.ceramicbasin.com\/fr\/wp-json\/wp\/v2\/types\/product"}],"replies":[{"embeddable":true,"href":"https:\/\/www.ceramicbasin.com\/fr\/wp-json\/wp\/v2\/comments?post=6172"}],"wp:featuredmedia":[{"embeddable":true,"href":"https:\/\/www.ceramicbasin.com\/fr\/wp-json\/wp\/v2\/media\/6177"}],"wp:attachment":[{"href":"https:\/\/www.ceramicbasin.com\/fr\/wp-json\/wp\/v2\/media?parent=6172"}],"wp:term":[{"taxonomy":"product_brand","embeddable":true,"href":"https:\/\/www.ceramicbasin.com\/fr\/wp-json\/wp\/v2\/product_brand?post=6172"},{"taxonomy":"product_cat","embeddable":true,"href":"https:\/\/www.ceramicbasin.com\/fr\/wp-json\/wp\/v2\/product_cat?post=6172"},{"taxonomy":"product_tag","embeddable":true,"href":"https:\/\/www.ceramicbasin.com\/fr\/wp-json\/wp\/v2\/product_tag?post=6172"}],"curies":[{"name":"wp","href":"https:\/\/api.w.org\/{rel}","templated":true}]}}