{"id":6186,"date":"2025-01-22T06:10:46","date_gmt":"2025-01-22T06:10:46","guid":{"rendered":"https:\/\/www.ceramicbasin.com\/?post_type=product&#038;p=6186"},"modified":"2025-02-07T08:03:41","modified_gmt":"2025-02-07T08:03:41","slug":"bespoke-basin","status":"publish","type":"product","link":"https:\/\/www.ceramicbasin.com\/fr\/produit\/bespoke-basin\/","title":{"rendered":"Solid Surface Bespoke Basin, Pink Matte Vessel Sink Wholesale"},"content":{"rendered":"<div class=\"wp-block-columns is-layout-flex wp-container-core-columns-is-layout-9d6595d7 wp-block-columns-is-layout-flex\">\n<div class=\"wp-block-column is-layout-flow wp-block-column-is-layout-flow\">\n<h2 class=\"wp-block-heading\">Premium Bespoke Basin Features :<\/h2>\n\n\n\n<ul class=\"wp-block-list\">\n<li><strong>Design rose mat, doux et \u00e9l\u00e9gant : <\/strong>Cette vasque sur mesure adopte un rose mat chaud et doux, qui t\u00e9moigne de la mode et de la sophistication. Elle convient aux styles de salle de bains moderne, nordique, minimaliste et personnalis\u00e9, et rend l'espace de la salle de bains plus chaleureux et unique.<\/li>\n\n\n\n<li><strong>Mat\u00e9riau solide haut de gamme, robuste et durable :<\/strong> Notre \u00e9vier de cuve rose mat utilise un mat\u00e9riau de surface solide de haute qualit\u00e9 avec une structure non poreuse, qui a une excellente r\u00e9sistance aux taches, \u00e0 l'eau et aux rayures, ce qui garantit qu'il peut conserver sa beaut\u00e9 et sa durabilit\u00e9 apr\u00e8s une utilisation \u00e0 long terme.<\/li>\n\n\n\n<li><strong>Le design du comptoir est simple et \u00e9l\u00e9gant : <\/strong>Cette vasque rose mate sur mesure adopte un design de vasque \u00e0 poser, avec des lignes douces et une installation facile. Elle s'int\u00e8gre parfaitement aux diff\u00e9rents plans de travail de la salle de bains, ce qui permet non seulement de rehausser la beaut\u00e9 de l'espace, mais aussi d'offrir une exp\u00e9rience de lavage spacieuse.<\/li>\n\n\n\n<li><strong>La personnalisation est possible, ce qui permet de s'adapter \u00e0 une vari\u00e9t\u00e9 de besoins commerciaux et domestiques : <\/strong>Notre \u00e9vier de cuve rose mat offre des options personnalis\u00e9es de taille, de couleur et de forme, qui peuvent r\u00e9pondre aux divers besoins des h\u00f4tels haut de gamme, des r\u00e9sidences de charme, des espaces commerciaux et des projets de salle de bain personnalis\u00e9s, cr\u00e9ant ainsi une exp\u00e9rience unique et avanc\u00e9e de la salle de bain.<\/li>\n<\/ul>\n<\/div>\n\n\n\n<div class=\"wp-block-column is-layout-flow wp-block-column-is-layout-flow\">\n<figure class=\"wp-block-image size-full\"><img fetchpriority=\"high\" decoding=\"async\" width=\"827\" height=\"1197\" src=\"https:\/\/www.ceramicbasin.com\/wp-content\/uploads\/2025\/01\/Matt-Pink-Color-Bathroom-Sink-6.jpg\" alt=\"Solid Surface Bespoke Basin, Pink Matte Vessel Sink Wholesale-1\" class=\"wp-image-6188\" srcset=\"https:\/\/www.ceramicbasin.com\/wp-content\/uploads\/2025\/01\/Matt-Pink-Color-Bathroom-Sink-6.jpg 827w, https:\/\/www.ceramicbasin.com\/wp-content\/uploads\/2025\/01\/Matt-Pink-Color-Bathroom-Sink-6-207x300.jpg 207w, https:\/\/www.ceramicbasin.com\/wp-content\/uploads\/2025\/01\/Matt-Pink-Color-Bathroom-Sink-6-768x1112.jpg 768w, https:\/\/www.ceramicbasin.com\/wp-content\/uploads\/2025\/01\/Matt-Pink-Color-Bathroom-Sink-6-8x12.jpg 8w, https:\/\/www.ceramicbasin.com\/wp-content\/uploads\/2025\/01\/Matt-Pink-Color-Bathroom-Sink-6-285x413.jpg 285w, https:\/\/www.ceramicbasin.com\/wp-content\/uploads\/2025\/01\/Matt-Pink-Color-Bathroom-Sink-6-456x660.jpg 456w, https:\/\/www.ceramicbasin.com\/wp-content\/uploads\/2025\/01\/Matt-Pink-Color-Bathroom-Sink-6-104x150.jpg 104w\" sizes=\"(max-width: 827px) 100vw, 827px\" \/><figcaption class=\"wp-element-caption\">Solid Surface Bespoke Basin, Pink Matte Vessel Sink Wholesale-1<\/figcaption><\/figure>\n<\/div>\n<\/div>","protected":false},"excerpt":{"rendered":"<p>Bienvenue pour l'achat en gros d'un lavabo sur mesure. Notre \u00e9vier en gros rose mat est \u00e9l\u00e9gant et styl\u00e9. Le mat\u00e9riau de surface solide de haute qualit\u00e9 est robuste et durable, r\u00e9sistant aux taches et aux rayures. L'installation du comptoir est simple et \u00e9l\u00e9gante, et prend en charge la personnalisation, s'adaptant parfaitement aux espaces de salle de bain commerciaux haut de gamme et personnalis\u00e9s.<\/p>\n<table style=\"border-collapse: collapse; width: 311.02pt;\" border=\"0\" width=\"311\" cellspacing=\"0\" cellpadding=\"0\">\n<tbody>\n<tr style=\"height: 17.60pt;\">\n<td class=\"et3\" style=\"height: 17.60pt; width: 108.35pt;\" width=\"108\" height=\"17\">Fabricant<\/td>\n<td class=\"et3\" style=\"width: 202.95pt;\" width=\"202\">HanYu<\/td>\n<\/tr>\n<tr style=\"height: 17.60pt;\">\n<td class=\"et3\" style=\"height: 17.60pt;\" height=\"17\">Num\u00e9ro de mod\u00e8le.<\/td>\n<td class=\"et4\">HY-8069PF<\/td>\n<\/tr>\n<tr style=\"height: 17.60pt;\">\n<td class=\"et3\" style=\"height: 17.60pt;\" height=\"17\">Type<\/td>\n<td class=\"et3\">Bassin de comptoir<\/td>\n<\/tr>\n<tr style=\"height: 17.60pt;\">\n<td class=\"et3\" style=\"height: 17.60pt;\" height=\"17\">Forme<\/td>\n<td class=\"et3\">Forme ronde<\/td>\n<\/tr>\n<tr style=\"height: 17.60pt;\">\n<td class=\"et4\" style=\"height: 17.60pt;\" height=\"17\">Couleur<\/td>\n<td class=\"et3\">Rose<\/td>\n<\/tr>\n<tr style=\"height: 18.00pt;\">\n<td class=\"et3\" style=\"height: 18.00pt;\" height=\"18\">Dimension<\/td>\n<td class=\"et5\" style=\"width: 202.95pt;\" width=\"202\">41.5*41.5*13.5<\/td>\n<\/tr>\n<tr style=\"height: 17.60pt;\">\n<td class=\"et3\" style=\"height: 17.60pt;\" height=\"17\">N.W \/SET<\/td>\n<td class=\"et3\">8KGS\/PCS<\/td>\n<\/tr>\n<tr style=\"height: 17.60pt;\">\n<td class=\"et3\" style=\"height: 17.60pt;\" height=\"17\">MOQ<\/td>\n<td class=\"et3\">20pcs<\/td>\n<\/tr>\n<tr style=\"height: 17.60pt;\">\n<td class=\"et3\" style=\"height: 17.60pt;\" height=\"17\">Option personnalis\u00e9e<\/td>\n<td class=\"et3\">Couleur\/Pattenue\/Taille\/Logo\/Emballage<\/td>\n<\/tr>\n<\/tbody>\n<\/table>","protected":false},"featured_media":6189,"comment_status":"closed","ping_status":"closed","template":"","meta":{"_acf_changed":false},"product_brand":[],"product_cat":[55,50],"product_tag":[],"class_list":{"0":"post-6186","1":"product","2":"type-product","3":"status-publish","4":"has-post-thumbnail","6":"product_cat-wholesale-matte-sinks","7":"product_cat-wholesale-countertop-sinks","9":"first","10":"instock","11":"shipping-taxable","12":"product-type-simple"},"acf":[],"_links":{"self":[{"href":"https:\/\/www.ceramicbasin.com\/fr\/wp-json\/wp\/v2\/product\/6186","targetHints":{"allow":["GET"]}}],"collection":[{"href":"https:\/\/www.ceramicbasin.com\/fr\/wp-json\/wp\/v2\/product"}],"about":[{"href":"https:\/\/www.ceramicbasin.com\/fr\/wp-json\/wp\/v2\/types\/product"}],"replies":[{"embeddable":true,"href":"https:\/\/www.ceramicbasin.com\/fr\/wp-json\/wp\/v2\/comments?post=6186"}],"wp:featuredmedia":[{"embeddable":true,"href":"https:\/\/www.ceramicbasin.com\/fr\/wp-json\/wp\/v2\/media\/6189"}],"wp:attachment":[{"href":"https:\/\/www.ceramicbasin.com\/fr\/wp-json\/wp\/v2\/media?parent=6186"}],"wp:term":[{"taxonomy":"product_brand","embeddable":true,"href":"https:\/\/www.ceramicbasin.com\/fr\/wp-json\/wp\/v2\/product_brand?post=6186"},{"taxonomy":"product_cat","embeddable":true,"href":"https:\/\/www.ceramicbasin.com\/fr\/wp-json\/wp\/v2\/product_cat?post=6186"},{"taxonomy":"product_tag","embeddable":true,"href":"https:\/\/www.ceramicbasin.com\/fr\/wp-json\/wp\/v2\/product_tag?post=6186"}],"curies":[{"name":"wp","href":"https:\/\/api.w.org\/{rel}","templated":true}]}}