{"id":6203,"date":"2025-01-22T06:17:39","date_gmt":"2025-01-22T06:17:39","guid":{"rendered":"https:\/\/www.ceramicbasin.com\/?post_type=product&#038;p=6203"},"modified":"2025-02-07T07:45:58","modified_gmt":"2025-02-07T07:45:58","slug":"custom-commercial-restroom-sink","status":"publish","type":"product","link":"https:\/\/www.ceramicbasin.com\/fr\/produit\/custom-commercial-restroom-sink\/","title":{"rendered":"Lavabo commercial sur mesure, bassin vert menthe mat, vente en gros"},"content":{"rendered":"<div class=\"wp-block-columns is-layout-flex wp-container-core-columns-is-layout-9d6595d7 wp-block-columns-is-layout-flex\">\n<div class=\"wp-block-column is-layout-flow wp-block-column-is-layout-flow\">\n<h2 class=\"wp-block-heading\">Premium Custom Commercial Restroom Sink Features :<\/h2>\n\n\n\n<ul class=\"wp-block-list\">\n<li><strong>Le vert menthe frais cr\u00e9e une atmosph\u00e8re confortable : <\/strong>Ce lavabo de salle de bains commerciale personnalis\u00e9 utilise un \u00e9mail mat vert menthe doux, pr\u00e9sentant un effet visuel frais et naturel, ajoutant une touche d'\u00e9l\u00e9gance \u00e0 l'espace de la salle de bains commerciale, cr\u00e9ant une atmosph\u00e8re relaxante et confortable, et convient aux designs d'int\u00e9rieur modernes, nordiques et minimalistes.<\/li>\n\n\n\n<li><strong>Texture mate, discr\u00e8te et haut de gamme : <\/strong>Ce bassin vert menthe mat utilise un traitement unique de gla\u00e7age mat, qui est d\u00e9licat et chaud, ne refl\u00e8te pas la lumi\u00e8re, peut r\u00e9duire efficacement les empreintes digitales et les taches d'eau, et maintient la propret\u00e9 et la beaut\u00e9 pendant longtemps, montrant une texture discr\u00e8te et luxueuse.<\/li>\n\n\n\n<li><strong>C\u00e9ramique haute r\u00e9sistance, r\u00e9sistante aux taches et durable : <\/strong>Cet \u00e9vier commercial personnalis\u00e9 pour toilettes utilise des mat\u00e9riaux c\u00e9ramiques de haute qualit\u00e9 et est cuit \u00e0 haute temp\u00e9rature. Il est tr\u00e8s r\u00e9sistant aux taches et aux rayures. Il convient aux lieux commerciaux tr\u00e8s fr\u00e9quent\u00e9s, tels que les h\u00f4tels, les restaurants, les immeubles de bureaux, les centres commerciaux et autres toilettes publiques, et garantit qu'il restera propre et brillant apr\u00e8s une utilisation prolong\u00e9e.<\/li>\n\n\n\n<li><strong>Conception personnalisable, adaptable \u00e0 une vari\u00e9t\u00e9 de besoins commerciaux : <\/strong>Notre bassin vert menthe mat en gros supporte des solutions personnalis\u00e9es telles que la taille, la forme, la couleur, etc. et peut cr\u00e9er des solutions de salle de bain exclusives selon les besoins de diff\u00e9rents lieux commerciaux, en combinant la personnalisation et la fonctionnalit\u00e9 pour r\u00e9pondre aux besoins de personnalisation haut de gamme.<\/li>\n<\/ul>\n<\/div>\n\n\n\n<div class=\"wp-block-column is-layout-flow wp-block-column-is-layout-flow\">\n<figure class=\"wp-block-image size-full\"><img fetchpriority=\"high\" decoding=\"async\" width=\"827\" height=\"1205\" src=\"https:\/\/www.ceramicbasin.com\/wp-content\/uploads\/2025\/01\/Matte-Sanitary-Ware-Bathroom-Sink-6.jpg\" alt=\"Lavabo commercial sur mesure, bassin vert menthe mat Wholesale-1\" class=\"wp-image-6204\" srcset=\"https:\/\/www.ceramicbasin.com\/wp-content\/uploads\/2025\/01\/Matte-Sanitary-Ware-Bathroom-Sink-6.jpg 827w, https:\/\/www.ceramicbasin.com\/wp-content\/uploads\/2025\/01\/Matte-Sanitary-Ware-Bathroom-Sink-6-206x300.jpg 206w, https:\/\/www.ceramicbasin.com\/wp-content\/uploads\/2025\/01\/Matte-Sanitary-Ware-Bathroom-Sink-6-768x1119.jpg 768w, https:\/\/www.ceramicbasin.com\/wp-content\/uploads\/2025\/01\/Matte-Sanitary-Ware-Bathroom-Sink-6-8x12.jpg 8w, https:\/\/www.ceramicbasin.com\/wp-content\/uploads\/2025\/01\/Matte-Sanitary-Ware-Bathroom-Sink-6-285x415.jpg 285w, https:\/\/www.ceramicbasin.com\/wp-content\/uploads\/2025\/01\/Matte-Sanitary-Ware-Bathroom-Sink-6-453x660.jpg 453w, https:\/\/www.ceramicbasin.com\/wp-content\/uploads\/2025\/01\/Matte-Sanitary-Ware-Bathroom-Sink-6-103x150.jpg 103w\" sizes=\"(max-width: 827px) 100vw, 827px\" \/><figcaption class=\"wp-element-caption\">Lavabo commercial sur mesure, bassin vert menthe mat Wholesale-1<\/figcaption><\/figure>\n<\/div>\n<\/div>","protected":false},"excerpt":{"rendered":"<p>Bienvenue pour l'achat d'un \u00e9vier de salle de bain commercial personnalis\u00e9. Notre bassin vert menthe mat en gros est frais et \u00e9l\u00e9gant, adapt\u00e9 aux espaces commerciaux modernes. La c\u00e9ramique de haute qualit\u00e9 est r\u00e9sistante aux taches et durable, l'\u00e9mail mat est discret et avanc\u00e9, il permet un design personnalis\u00e9 et s'adapte parfaitement \u00e0 tous les types de salles de bains.<\/p>\n<table style=\"border-collapse: collapse; width: 311.02pt;\" border=\"0\" width=\"311\" cellspacing=\"0\" cellpadding=\"0\">\n<tbody>\n<tr style=\"height: 17.60pt;\">\n<td class=\"et3\" style=\"height: 17.60pt; width: 108.35pt;\" width=\"108\" height=\"17\">Fabricant<\/td>\n<td class=\"et3\" style=\"width: 202.95pt;\" width=\"202\">HanYu<\/td>\n<\/tr>\n<tr style=\"height: 17.60pt;\">\n<td class=\"et3\" style=\"height: 17.60pt;\" height=\"17\">Num\u00e9ro de mod\u00e8le.<\/td>\n<td class=\"et4\">HY-8069PG<\/td>\n<\/tr>\n<tr style=\"height: 17.60pt;\">\n<td class=\"et3\" style=\"height: 17.60pt;\" height=\"17\">Type<\/td>\n<td class=\"et3\">Bassin de comptoir<\/td>\n<\/tr>\n<tr style=\"height: 17.60pt;\">\n<td class=\"et3\" style=\"height: 17.60pt;\" height=\"17\">Forme<\/td>\n<td class=\"et3\">Forme ronde<\/td>\n<\/tr>\n<tr style=\"height: 17.60pt;\">\n<td class=\"et4\" style=\"height: 17.60pt;\" height=\"17\">Couleur<\/td>\n<td class=\"et3\">Vert<\/td>\n<\/tr>\n<tr style=\"height: 18.00pt;\">\n<td class=\"et3\" style=\"height: 18.00pt;\" height=\"18\">Dimension\u00a0<\/td>\n<td class=\"et5\" style=\"width: 202.95pt;\" width=\"202\">41.5*41.5*13.5<\/td>\n<\/tr>\n<tr style=\"height: 17.60pt;\">\n<td class=\"et3\" style=\"height: 17.60pt;\" height=\"17\">N.W \/SET<\/td>\n<td class=\"et3\">8KGS\/PCS<\/td>\n<\/tr>\n<tr style=\"height: 17.60pt;\">\n<td class=\"et3\" style=\"height: 17.60pt;\" height=\"17\">MOQ<\/td>\n<td class=\"et3\">20pcs<\/td>\n<\/tr>\n<tr style=\"height: 17.60pt;\">\n<td class=\"et3\" style=\"height: 17.60pt;\" height=\"17\">Option personnalis\u00e9e<\/td>\n<td class=\"et3\">Color\/Patten\/Size\/Logo\/Package-<\/td>\n<\/tr>\n<\/tbody>\n<\/table>","protected":false},"featured_media":6205,"comment_status":"closed","ping_status":"closed","template":"","meta":{"_acf_changed":false},"product_brand":[],"product_cat":[50,55],"product_tag":[],"class_list":{"0":"post-6203","1":"product","2":"type-product","3":"status-publish","4":"has-post-thumbnail","6":"product_cat-wholesale-countertop-sinks","7":"product_cat-wholesale-matte-sinks","9":"first","10":"instock","11":"shipping-taxable","12":"product-type-simple"},"acf":[],"_links":{"self":[{"href":"https:\/\/www.ceramicbasin.com\/fr\/wp-json\/wp\/v2\/product\/6203","targetHints":{"allow":["GET"]}}],"collection":[{"href":"https:\/\/www.ceramicbasin.com\/fr\/wp-json\/wp\/v2\/product"}],"about":[{"href":"https:\/\/www.ceramicbasin.com\/fr\/wp-json\/wp\/v2\/types\/product"}],"replies":[{"embeddable":true,"href":"https:\/\/www.ceramicbasin.com\/fr\/wp-json\/wp\/v2\/comments?post=6203"}],"wp:featuredmedia":[{"embeddable":true,"href":"https:\/\/www.ceramicbasin.com\/fr\/wp-json\/wp\/v2\/media\/6205"}],"wp:attachment":[{"href":"https:\/\/www.ceramicbasin.com\/fr\/wp-json\/wp\/v2\/media?parent=6203"}],"wp:term":[{"taxonomy":"product_brand","embeddable":true,"href":"https:\/\/www.ceramicbasin.com\/fr\/wp-json\/wp\/v2\/product_brand?post=6203"},{"taxonomy":"product_cat","embeddable":true,"href":"https:\/\/www.ceramicbasin.com\/fr\/wp-json\/wp\/v2\/product_cat?post=6203"},{"taxonomy":"product_tag","embeddable":true,"href":"https:\/\/www.ceramicbasin.com\/fr\/wp-json\/wp\/v2\/product_tag?post=6203"}],"curies":[{"name":"wp","href":"https:\/\/api.w.org\/{rel}","templated":true}]}}