{"id":6242,"date":"2025-02-22T02:14:45","date_gmt":"2025-02-22T02:14:45","guid":{"rendered":"https:\/\/www.ceramicbasin.com\/?post_type=product&#038;p=6242"},"modified":"2025-02-22T02:14:47","modified_gmt":"2025-02-22T02:14:47","slug":"custom-washbasin","status":"publish","type":"product","link":"https:\/\/www.ceramicbasin.com\/fr\/produit\/custom-washbasin\/","title":{"rendered":"Lavabo rond personnalis\u00e9, \u00e9viers de comptoir en c\u00e9ramique Wholesale"},"content":{"rendered":"<div class=\"wp-block-columns is-layout-flex wp-container-core-columns-is-layout-9d6595d7 wp-block-columns-is-layout-flex\">\n<div class=\"wp-block-column is-layout-flow wp-block-column-is-layout-flow\">\n<h2 class=\"wp-block-heading\">Premium Custom Washbasin Features :<\/h2>\n\n\n\n<ul class=\"wp-block-list\">\n<li><strong>Color\u00e9e : <\/strong>La couleur marbr\u00e9e de ce lavabo personnalis\u00e9 est obtenue par un processus de transfert d'eau \u00e0 partir d'un lavabo ordinaire blanc brillant, qui est beau et durable. Nous proposons plus de 100 couleurs et motifs au choix, et tous les mod\u00e8les de lavabos en gros peuvent \u00eatre personnalis\u00e9s en termes de couleur et de texture.<\/li>\n\n\n\n<li><strong>C\u00e9ramique de haute qualit\u00e9 :<\/strong> La s\u00e9lection de mat\u00e9riaux c\u00e9ramiques de bonne qualit\u00e9, le frittage \u00e0 haute temp\u00e9rature, garantissent la solidit\u00e9 structurelle de nos \u00e9viers en c\u00e9ramique de comptoir, la surface fine, douce et soyeuse au toucher, lisse pour un nettoyage sans effort, et comme neuve \u00e0 tout moment.<\/li>\n\n\n\n<li><strong>Installation sup\u00e9rieure : <\/strong>Les lavabos en c\u00e9ramique sur mesure \u00e0 montage par le dessus garantissent un montage facile, stable et uniforme, un gain de place et un entretien quotidien facile, un nettoyage ais\u00e9 et une meilleure exp\u00e9rience pour l'utilisateur.<\/li>\n\n\n\n<li><strong>Prix avantageux :<\/strong> HanYu propose des \u00e9viers en c\u00e9ramique de comptoir en gros \u00e0 des prix tr\u00e8s comp\u00e9titifs, ce qui vous permet de profiter de bassins en c\u00e9ramique de haute qualit\u00e9 tout en contr\u00f4lant les co\u00fbts.<\/li>\n<\/ul>\n<\/div>\n\n\n\n<div class=\"wp-block-column is-layout-flow wp-block-column-is-layout-flow\">\n<figure class=\"wp-block-image size-full is-style-default\"><img fetchpriority=\"high\" decoding=\"async\" width=\"1000\" height=\"1000\" src=\"https:\/\/www.ceramicbasin.com\/wp-content\/uploads\/2025\/02\/Small-Round-Wash-Basin-Ceramic-Above-Counter-BasinMarble-Basin-Wholesale-5.webp\" alt=\"Petit lavabo personnalis\u00e9, \u00e9viers de comptoir en c\u00e9ramique Wholesale-1\" class=\"wp-image-6247\" srcset=\"https:\/\/www.ceramicbasin.com\/wp-content\/uploads\/2025\/02\/Small-Round-Wash-Basin-Ceramic-Above-Counter-BasinMarble-Basin-Wholesale-5.webp 1000w, https:\/\/www.ceramicbasin.com\/wp-content\/uploads\/2025\/02\/Small-Round-Wash-Basin-Ceramic-Above-Counter-BasinMarble-Basin-Wholesale-5-300x300.webp 300w, https:\/\/www.ceramicbasin.com\/wp-content\/uploads\/2025\/02\/Small-Round-Wash-Basin-Ceramic-Above-Counter-BasinMarble-Basin-Wholesale-5-150x150.webp 150w, https:\/\/www.ceramicbasin.com\/wp-content\/uploads\/2025\/02\/Small-Round-Wash-Basin-Ceramic-Above-Counter-BasinMarble-Basin-Wholesale-5-768x768.webp 768w, https:\/\/www.ceramicbasin.com\/wp-content\/uploads\/2025\/02\/Small-Round-Wash-Basin-Ceramic-Above-Counter-BasinMarble-Basin-Wholesale-5-12x12.webp 12w, https:\/\/www.ceramicbasin.com\/wp-content\/uploads\/2025\/02\/Small-Round-Wash-Basin-Ceramic-Above-Counter-BasinMarble-Basin-Wholesale-5-285x285.webp 285w, https:\/\/www.ceramicbasin.com\/wp-content\/uploads\/2025\/02\/Small-Round-Wash-Basin-Ceramic-Above-Counter-BasinMarble-Basin-Wholesale-5-270x270.webp 270w, https:\/\/www.ceramicbasin.com\/wp-content\/uploads\/2025\/02\/Small-Round-Wash-Basin-Ceramic-Above-Counter-BasinMarble-Basin-Wholesale-5-540x540.webp 540w, https:\/\/www.ceramicbasin.com\/wp-content\/uploads\/2025\/02\/Small-Round-Wash-Basin-Ceramic-Above-Counter-BasinMarble-Basin-Wholesale-5-660x660.webp 660w\" sizes=\"(max-width: 1000px) 100vw, 1000px\" \/><\/figure>\n<\/div>\n<\/div>","protected":false},"excerpt":{"rendered":"<p>Nous vous invitons \u00e0 acheter des lavabos personnalis\u00e9s en marbre. Nos \u00e9viers en c\u00e9ramique pour comptoir sont fabriqu\u00e9s par un processus de transfert d'eau bas\u00e9 sur un bassin en c\u00e9ramique blanc normal. La conception de l'apparence a\u00e9rodynamique et le traitement des bords arrondis montrent une beaut\u00e9 artistique extraordinaire. Les achats en gros peuvent b\u00e9n\u00e9ficier d'un meilleur rapport qualit\u00e9-prix.<\/p>\n<table style=\"border-collapse: collapse; width: 311.02pt;\" border=\"0\" width=\"311\" cellspacing=\"0\" cellpadding=\"0\">\n<tbody>\n<tr style=\"height: 17.60pt;\">\n<td class=\"et3\" style=\"height: 17.60pt; width: 108.35pt;\" width=\"108\" height=\"17\">Fabricant<\/td>\n<td class=\"et3\" style=\"width: 202.95pt;\" width=\"202\">HanYu<\/td>\n<\/tr>\n<tr style=\"height: 17.60pt;\">\n<td class=\"et3\" style=\"height: 17.60pt;\" height=\"17\">Num\u00e9ro de mod\u00e8le.<\/td>\n<td class=\"et4\">HY8069D97<\/td>\n<\/tr>\n<tr style=\"height: 17.60pt;\">\n<td class=\"et3\" style=\"height: 17.60pt;\" height=\"17\">Type<\/td>\n<td class=\"et3\">Bassin de comptoir<\/td>\n<\/tr>\n<tr style=\"height: 17.60pt;\">\n<td class=\"et3\" style=\"height: 17.60pt;\" height=\"17\">Forme<\/td>\n<td class=\"et2\">Forme ronde<\/td>\n<\/tr>\n<tr style=\"height: 17.60pt;\">\n<td class=\"et4\" style=\"height: 17.60pt;\" height=\"17\">Couleur<\/td>\n<td class=\"et3\">Marbre blanc<\/td>\n<\/tr>\n<tr style=\"height: 18.00pt;\">\n<td class=\"et3\" style=\"height: 18.00pt;\" height=\"18\">Dimension<\/td>\n<td class=\"et5\" style=\"width: 202.95pt;\" width=\"202\">41.5*41.5*13.5<\/td>\n<\/tr>\n<tr style=\"height: 17.60pt;\">\n<td class=\"et3\" style=\"height: 17.60pt;\" height=\"17\">N.W \/SET<\/td>\n<td class=\"et3\">8.7KGS\/PCS<\/td>\n<\/tr>\n<tr style=\"height: 17.60pt;\">\n<td class=\"et3\" style=\"height: 17.60pt;\" height=\"17\">MOQ<\/td>\n<td class=\"et3\">20pcs<\/td>\n<\/tr>\n<tr style=\"height: 17.60pt;\">\n<td class=\"et3\" style=\"height: 17.60pt;\" height=\"17\">Option personnalis\u00e9e<\/td>\n<td class=\"et3\">Couleur\/Pattenue\/Taille\/Logo\/Emballage<\/td>\n<\/tr>\n<\/tbody>\n<\/table>","protected":false},"featured_media":6246,"comment_status":"closed","ping_status":"closed","template":"","meta":{"_acf_changed":false},"product_brand":[],"product_cat":[50,54],"product_tag":[],"class_list":{"0":"post-6242","1":"product","2":"type-product","3":"status-publish","4":"has-post-thumbnail","6":"product_cat-wholesale-countertop-sinks","7":"product_cat-wholesale-marble-sinks","9":"first","10":"instock","11":"shipping-taxable","12":"product-type-simple"},"acf":[],"_links":{"self":[{"href":"https:\/\/www.ceramicbasin.com\/fr\/wp-json\/wp\/v2\/product\/6242","targetHints":{"allow":["GET"]}}],"collection":[{"href":"https:\/\/www.ceramicbasin.com\/fr\/wp-json\/wp\/v2\/product"}],"about":[{"href":"https:\/\/www.ceramicbasin.com\/fr\/wp-json\/wp\/v2\/types\/product"}],"replies":[{"embeddable":true,"href":"https:\/\/www.ceramicbasin.com\/fr\/wp-json\/wp\/v2\/comments?post=6242"}],"wp:featuredmedia":[{"embeddable":true,"href":"https:\/\/www.ceramicbasin.com\/fr\/wp-json\/wp\/v2\/media\/6246"}],"wp:attachment":[{"href":"https:\/\/www.ceramicbasin.com\/fr\/wp-json\/wp\/v2\/media?parent=6242"}],"wp:term":[{"taxonomy":"product_brand","embeddable":true,"href":"https:\/\/www.ceramicbasin.com\/fr\/wp-json\/wp\/v2\/product_brand?post=6242"},{"taxonomy":"product_cat","embeddable":true,"href":"https:\/\/www.ceramicbasin.com\/fr\/wp-json\/wp\/v2\/product_cat?post=6242"},{"taxonomy":"product_tag","embeddable":true,"href":"https:\/\/www.ceramicbasin.com\/fr\/wp-json\/wp\/v2\/product_tag?post=6242"}],"curies":[{"name":"wp","href":"https:\/\/api.w.org\/{rel}","templated":true}]}}