{"id":6248,"date":"2025-02-22T02:34:10","date_gmt":"2025-02-22T02:34:10","guid":{"rendered":"https:\/\/www.ceramicbasin.com\/?post_type=product&#038;p=6248"},"modified":"2025-02-22T02:34:12","modified_gmt":"2025-02-22T02:34:12","slug":"custom-countertop-sink","status":"publish","type":"product","link":"https:\/\/www.ceramicbasin.com\/fr\/produit\/custom-countertop-sink\/","title":{"rendered":"Custom Countertop Sink, Modern Bathroom Sinks Wholesale (en anglais)"},"content":{"rendered":"<div class=\"wp-block-columns is-layout-flex wp-container-core-columns-is-layout-9d6595d7 wp-block-columns-is-layout-flex\">\n<div class=\"wp-block-column is-layout-flow wp-block-column-is-layout-flow\">\n<h2 class=\"wp-block-heading\">Premium Custom Countertop Sink Features :<\/h2>\n\n\n\n<ul class=\"wp-block-list\">\n<li><strong>Cr\u00e9ation de mode : <\/strong>Nos lavabos en porcelaine sur mesure ont une apparence moderne et \u00e9l\u00e9gante avec des bords arrondis, conviennent \u00e0 diverses configurations de salle de bains et contribuent \u00e0 l'aspect g\u00e9n\u00e9ral et \u00e0 la qualit\u00e9 de l'espace.<\/li>\n\n\n\n<li><strong>Installation facile : <\/strong>L'installation au-dessus du comptoir est simplifi\u00e9e avec ces \u00e9viers de salle de bain en gros, offrant une solution sans tracas pour les nouvelles constructions et les r\u00e9novations de salle de bain.<\/li>\n\n\n\n<li><strong>Color\u00e9e : <\/strong>La couleur de cet \u00e9vier de comptoir personnalis\u00e9 est obtenue par impression par transfert d'eau sur des bassins en c\u00e9ramique normaux. Il est beau et \u00e9l\u00e9gant. Nous avons plus de 100 choix de couleurs. Il peut \u00eatre r\u00e9alis\u00e9 sur tous les mod\u00e8les que nous avons.<\/li>\n\n\n\n<li><strong>Grande capacit\u00e9 de production : <\/strong>Notre grand entrep\u00f4t contient divers types de lavabos de salle de bain en porcelaine. Choisissez les articles qui sont en production, nous avons suffisamment de lavabos blancs pour fabriquer des lavabos de couleur marbre, ainsi le d\u00e9lai d'exp\u00e9dition sera beaucoup plus court.<\/li>\n<\/ul>\n<\/div>\n\n\n\n<div class=\"wp-block-column is-layout-flow wp-block-column-is-layout-flow\">\n<figure class=\"wp-block-image size-full\"><img fetchpriority=\"high\" decoding=\"async\" width=\"1000\" height=\"1000\" src=\"https:\/\/www.ceramicbasin.com\/wp-content\/uploads\/2025\/02\/Modern-Bathroom-Bowl-Sinks-Cement-Lavatory-Sink-Marble-Pattern-Wholesale-Sink-5.webp\" alt=\"Custom Countertop Sink, Modern Bathroom Sinks Wholesale-1 (\u00e9vier de comptoir sur mesure)\" class=\"wp-image-6253\" srcset=\"https:\/\/www.ceramicbasin.com\/wp-content\/uploads\/2025\/02\/Modern-Bathroom-Bowl-Sinks-Cement-Lavatory-Sink-Marble-Pattern-Wholesale-Sink-5.webp 1000w, https:\/\/www.ceramicbasin.com\/wp-content\/uploads\/2025\/02\/Modern-Bathroom-Bowl-Sinks-Cement-Lavatory-Sink-Marble-Pattern-Wholesale-Sink-5-300x300.webp 300w, https:\/\/www.ceramicbasin.com\/wp-content\/uploads\/2025\/02\/Modern-Bathroom-Bowl-Sinks-Cement-Lavatory-Sink-Marble-Pattern-Wholesale-Sink-5-150x150.webp 150w, https:\/\/www.ceramicbasin.com\/wp-content\/uploads\/2025\/02\/Modern-Bathroom-Bowl-Sinks-Cement-Lavatory-Sink-Marble-Pattern-Wholesale-Sink-5-768x768.webp 768w, https:\/\/www.ceramicbasin.com\/wp-content\/uploads\/2025\/02\/Modern-Bathroom-Bowl-Sinks-Cement-Lavatory-Sink-Marble-Pattern-Wholesale-Sink-5-12x12.webp 12w, https:\/\/www.ceramicbasin.com\/wp-content\/uploads\/2025\/02\/Modern-Bathroom-Bowl-Sinks-Cement-Lavatory-Sink-Marble-Pattern-Wholesale-Sink-5-285x285.webp 285w, https:\/\/www.ceramicbasin.com\/wp-content\/uploads\/2025\/02\/Modern-Bathroom-Bowl-Sinks-Cement-Lavatory-Sink-Marble-Pattern-Wholesale-Sink-5-270x270.webp 270w, https:\/\/www.ceramicbasin.com\/wp-content\/uploads\/2025\/02\/Modern-Bathroom-Bowl-Sinks-Cement-Lavatory-Sink-Marble-Pattern-Wholesale-Sink-5-540x540.webp 540w, https:\/\/www.ceramicbasin.com\/wp-content\/uploads\/2025\/02\/Modern-Bathroom-Bowl-Sinks-Cement-Lavatory-Sink-Marble-Pattern-Wholesale-Sink-5-660x660.webp 660w\" sizes=\"(max-width: 1000px) 100vw, 1000px\" \/><\/figure>\n<\/div>\n<\/div>\n\n\n\n<p><\/p>","protected":false},"excerpt":{"rendered":"<p>Nous vous invitons \u00e0 commander en gros des lavabos de comptoir personnalis\u00e9s. Ces lavabos de salle de bain en gros sont directement fournis par notre usine, ce qui r\u00e9duit consid\u00e9rablement vos co\u00fbts d'achat. La conception de l'apparence profil\u00e9e et le traitement des bords arrondis montrent des beaut\u00e9s artistiques extraordinaires.<\/p>\n<table style=\"border-collapse: collapse; width: 311.02pt;\" border=\"0\" width=\"311\" cellspacing=\"0\" cellpadding=\"0\">\n<tbody>\n<tr style=\"height: 17.60pt;\">\n<td class=\"et3\" style=\"height: 17.60pt; width: 108.35pt;\" width=\"108\" height=\"17\">Fabricant<\/td>\n<td class=\"et3\" style=\"width: 202.95pt;\" width=\"202\">HanYu<\/td>\n<\/tr>\n<tr style=\"height: 17.60pt;\">\n<td class=\"et3\" style=\"height: 17.60pt;\" height=\"17\">Num\u00e9ro de mod\u00e8le.<\/td>\n<td class=\"et4\">HY8069D108<\/td>\n<\/tr>\n<tr style=\"height: 17.60pt;\">\n<td class=\"et3\" style=\"height: 17.60pt;\" height=\"17\">Type<\/td>\n<td class=\"et3\">Bassin de comptoir<\/td>\n<\/tr>\n<tr style=\"height: 17.60pt;\">\n<td class=\"et3\" style=\"height: 17.60pt;\" height=\"17\">Forme<\/td>\n<td class=\"et2\">Forme ronde<\/td>\n<\/tr>\n<tr style=\"height: 17.60pt;\">\n<td class=\"et4\" style=\"height: 17.60pt;\" height=\"17\">Couleur<\/td>\n<td class=\"et3\">\u00a0Couleur marbre<\/td>\n<\/tr>\n<tr style=\"height: 18.00pt;\">\n<td class=\"et3\" style=\"height: 18.00pt;\" height=\"18\">Dimension<\/td>\n<td class=\"et5\" style=\"width: 202.95pt;\" width=\"202\">41.5*41.5*13.5<\/td>\n<\/tr>\n<tr style=\"height: 17.60pt;\">\n<td class=\"et3\" style=\"height: 17.60pt;\" height=\"17\">N.W \/SET<\/td>\n<td class=\"et3\">8.7KGS\/PCS<\/td>\n<\/tr>\n<tr style=\"height: 17.60pt;\">\n<td class=\"et3\" style=\"height: 17.60pt;\" height=\"17\">MOQ<\/td>\n<td class=\"et3\">20pcs<\/td>\n<\/tr>\n<tr style=\"height: 17.60pt;\">\n<td class=\"et3\" style=\"height: 17.60pt;\" height=\"17\">Option personnalis\u00e9e<\/td>\n<td class=\"et3\">Couleur\/Pattenue\/Taille\/Logo\/Emballage<\/td>\n<\/tr>\n<\/tbody>\n<\/table>","protected":false},"featured_media":6252,"comment_status":"closed","ping_status":"closed","template":"","meta":{"_acf_changed":false},"product_brand":[],"product_cat":[50,54],"product_tag":[],"class_list":{"0":"post-6248","1":"product","2":"type-product","3":"status-publish","4":"has-post-thumbnail","6":"product_cat-wholesale-countertop-sinks","7":"product_cat-wholesale-marble-sinks","9":"first","10":"instock","11":"shipping-taxable","12":"product-type-simple"},"acf":[],"_links":{"self":[{"href":"https:\/\/www.ceramicbasin.com\/fr\/wp-json\/wp\/v2\/product\/6248","targetHints":{"allow":["GET"]}}],"collection":[{"href":"https:\/\/www.ceramicbasin.com\/fr\/wp-json\/wp\/v2\/product"}],"about":[{"href":"https:\/\/www.ceramicbasin.com\/fr\/wp-json\/wp\/v2\/types\/product"}],"replies":[{"embeddable":true,"href":"https:\/\/www.ceramicbasin.com\/fr\/wp-json\/wp\/v2\/comments?post=6248"}],"wp:featuredmedia":[{"embeddable":true,"href":"https:\/\/www.ceramicbasin.com\/fr\/wp-json\/wp\/v2\/media\/6252"}],"wp:attachment":[{"href":"https:\/\/www.ceramicbasin.com\/fr\/wp-json\/wp\/v2\/media?parent=6248"}],"wp:term":[{"taxonomy":"product_brand","embeddable":true,"href":"https:\/\/www.ceramicbasin.com\/fr\/wp-json\/wp\/v2\/product_brand?post=6248"},{"taxonomy":"product_cat","embeddable":true,"href":"https:\/\/www.ceramicbasin.com\/fr\/wp-json\/wp\/v2\/product_cat?post=6248"},{"taxonomy":"product_tag","embeddable":true,"href":"https:\/\/www.ceramicbasin.com\/fr\/wp-json\/wp\/v2\/product_tag?post=6248"}],"curies":[{"name":"wp","href":"https:\/\/api.w.org\/{rel}","templated":true}]}}