{"id":6322,"date":"2025-02-28T09:15:22","date_gmt":"2025-02-28T09:15:22","guid":{"rendered":"https:\/\/www.ceramicbasin.com\/?post_type=product&#038;p=6322"},"modified":"2025-02-28T09:15:24","modified_gmt":"2025-02-28T09:15:24","slug":"half-pedestal-sinks-wholesale","status":"publish","type":"product","link":"https:\/\/www.ceramicbasin.com\/fr\/produit\/half-pedestal-sinks-wholesale\/","title":{"rendered":"Luxury Half Pedestal Sinks Wholesale, Custom Wall Mounted Basin (lavabo mural personnalis\u00e9)"},"content":{"rendered":"<div class=\"wp-block-columns is-layout-flex wp-container-core-columns-is-layout-9d6595d7 wp-block-columns-is-layout-flex\">\n<div class=\"wp-block-column is-layout-flow wp-block-column-is-layout-flow\">\n<h2 class=\"wp-block-heading\">Premium Half Pedestal Sinks Wholesale Caract\u00e9ristiques :<\/h2>\n\n\n\n<ul class=\"wp-block-list\">\n<li><strong>Nouvelle conception : <\/strong>Ces lavabos \u00e0 demi-pieds de grande taille ont un look tr\u00e8s tendance qui s'accorde parfaitement avec le style moderne de la salle de bains.<\/li>\n\n\n\n<li><strong>Mat\u00e9riau en porcelaine de qualit\u00e9 sup\u00e9rieure :<\/strong> Nos vasques murales en c\u00e9ramique sont fabriqu\u00e9es \u00e0 partir d'argile porcelaine de qualit\u00e9 sup\u00e9rieure et sont cuites \u00e0 haute temp\u00e9rature pour garantir une texture ferme, une surface soyeuse, un nettoyage facile et une brillance durable.<\/li>\n\n\n\n<li><strong>Installation murale : <\/strong>Nos \u00e9viers \u00e0 demi-caisson en gros permettent non seulement de gagner de la place, mais aussi de nettoyer plus facilement le sol en dessous, de garder la salle de bains en ordre et d'offrir un environnement d'utilisation rafra\u00eechissant.<\/li>\n\n\n\n<li><strong>Options personnalisables :<\/strong>\u00a0Nos bassins c\u00e9ramiques muraux sont disponibles dans diff\u00e9rentes couleurs, finitions de surface et emballages personnalisables, ce qui vous permet d'adapter ce petit bassin en gros aux besoins sp\u00e9cifiques de votre marque et de votre march\u00e9.<\/li>\n<\/ul>\n<\/div>\n\n\n\n<div class=\"wp-block-column is-layout-flow wp-block-column-is-layout-flow\">\n<figure class=\"wp-block-image size-full is-resized\"><img fetchpriority=\"high\" decoding=\"async\" width=\"980\" height=\"1432\" src=\"https:\/\/www.ceramicbasin.com\/wp-content\/uploads\/2025\/02\/Bathroom-ceramic-basin-supplier-wall-mounted-basin-6.webp\" alt=\"Luxury Half Pedestal Sinks Wholesale, Custom Wall Mounted Basin-1 (\u00e9viers \u00e0 demi-p\u00e9dale de luxe)\" class=\"wp-image-6320\" style=\"width:341px;height:auto\" srcset=\"https:\/\/www.ceramicbasin.com\/wp-content\/uploads\/2025\/02\/Bathroom-ceramic-basin-supplier-wall-mounted-basin-6.webp 980w, https:\/\/www.ceramicbasin.com\/wp-content\/uploads\/2025\/02\/Bathroom-ceramic-basin-supplier-wall-mounted-basin-6-205x300.webp 205w, https:\/\/www.ceramicbasin.com\/wp-content\/uploads\/2025\/02\/Bathroom-ceramic-basin-supplier-wall-mounted-basin-6-768x1122.webp 768w, https:\/\/www.ceramicbasin.com\/wp-content\/uploads\/2025\/02\/Bathroom-ceramic-basin-supplier-wall-mounted-basin-6-8x12.webp 8w, https:\/\/www.ceramicbasin.com\/wp-content\/uploads\/2025\/02\/Bathroom-ceramic-basin-supplier-wall-mounted-basin-6-285x416.webp 285w, https:\/\/www.ceramicbasin.com\/wp-content\/uploads\/2025\/02\/Bathroom-ceramic-basin-supplier-wall-mounted-basin-6-452x660.webp 452w, https:\/\/www.ceramicbasin.com\/wp-content\/uploads\/2025\/02\/Bathroom-ceramic-basin-supplier-wall-mounted-basin-6-103x150.webp 103w\" sizes=\"(max-width: 980px) 100vw, 980px\" \/><\/figure>\n<\/div>\n<\/div>","protected":false},"excerpt":{"rendered":"<p>Bienvenue sur le site d'achat en gros de lavabos en c\u00e9ramique. La conception murale de nos lavabos \u00e0 demi-caisson permet d'\u00e9conomiser de l'espace et facilite le nettoyage du sol en dessous, ce qui permet de garder la salle de bains propre et de cr\u00e9er un environnement d'utilisation rafra\u00eechissant. Disponibles en diff\u00e9rentes couleurs, finitions de surface et emballages personnalisables.<\/p>\n<table style=\"border-collapse: collapse; width: 358.52pt;\" border=\"0\" width=\"478\" cellspacing=\"0\" cellpadding=\"0\">\n<tbody>\n<tr style=\"height: 17.25pt;\">\n<td class=\"et3\" style=\"height: 17.25pt; width: 125.00pt;\" width=\"166\" height=\"23\">Fabricant<\/td>\n<td class=\"et3\" style=\"width: 234.15pt;\" width=\"312\">HanYu<\/td>\n<\/tr>\n<tr style=\"height: 17.25pt;\">\n<td class=\"et3\" style=\"height: 17.25pt;\" height=\"23\">Num\u00e9ro de mod\u00e8le.<\/td>\n<td class=\"et4\">HY-3120<\/td>\n<\/tr>\n<tr style=\"height: 17.25pt;\">\n<td class=\"et3\" style=\"height: 17.25pt;\" height=\"23\">Type<\/td>\n<td class=\"et5\" style=\"width: 234.15pt;\" width=\"312\">Bassin mural<\/td>\n<\/tr>\n<tr style=\"height: 18.00pt;\">\n<td class=\"et3\" style=\"height: 18.00pt;\" height=\"24\">Forme<\/td>\n<td class=\"et3\">Forme ronde<\/td>\n<\/tr>\n<tr style=\"height: 34.50pt;\">\n<td class=\"et4\" style=\"height: 34.50pt;\" height=\"46\">Couleur<\/td>\n<td class=\"et5\" style=\"width: 234.15pt;\" width=\"312\">noir\/blanc\/bleu\/gris\/rose\/vert\/marron\/kaki<\/td>\n<\/tr>\n<tr style=\"height: 18.00pt;\">\n<td class=\"et3\" style=\"height: 18.00pt;\" height=\"24\">Dimension<\/td>\n<td class=\"et5\" style=\"width: 234.15pt;\" width=\"312\">45*45*38<\/td>\n<\/tr>\n<tr style=\"height: 17.25pt;\">\n<td class=\"et3\" style=\"height: 17.25pt;\" height=\"23\">N.W \/SET<\/td>\n<td class=\"et3\">20KGS\/PCS<\/td>\n<\/tr>\n<tr style=\"height: 17.25pt;\">\n<td class=\"et3\" style=\"height: 17.25pt;\" height=\"23\">MOQ<\/td>\n<td class=\"et3\">20pcs<\/td>\n<\/tr>\n<tr style=\"height: 17.25pt;\">\n<td class=\"et3\" style=\"height: 17.25pt;\" height=\"23\">Option personnalis\u00e9e<\/td>\n<td class=\"et3\">Couleur\/Pattenue\/Taille\/Logo\/Emballage<\/td>\n<\/tr>\n<\/tbody>\n<\/table>","protected":false},"featured_media":6319,"comment_status":"closed","ping_status":"closed","template":"","meta":{"_acf_changed":false},"product_brand":[],"product_cat":[57],"product_tag":[],"class_list":{"0":"post-6322","1":"product","2":"type-product","3":"status-publish","4":"has-post-thumbnail","6":"product_cat-wholesale-wall-mounted-sinks","8":"first","9":"instock","10":"shipping-taxable","11":"product-type-simple"},"acf":[],"_links":{"self":[{"href":"https:\/\/www.ceramicbasin.com\/fr\/wp-json\/wp\/v2\/product\/6322","targetHints":{"allow":["GET"]}}],"collection":[{"href":"https:\/\/www.ceramicbasin.com\/fr\/wp-json\/wp\/v2\/product"}],"about":[{"href":"https:\/\/www.ceramicbasin.com\/fr\/wp-json\/wp\/v2\/types\/product"}],"replies":[{"embeddable":true,"href":"https:\/\/www.ceramicbasin.com\/fr\/wp-json\/wp\/v2\/comments?post=6322"}],"wp:featuredmedia":[{"embeddable":true,"href":"https:\/\/www.ceramicbasin.com\/fr\/wp-json\/wp\/v2\/media\/6319"}],"wp:attachment":[{"href":"https:\/\/www.ceramicbasin.com\/fr\/wp-json\/wp\/v2\/media?parent=6322"}],"wp:term":[{"taxonomy":"product_brand","embeddable":true,"href":"https:\/\/www.ceramicbasin.com\/fr\/wp-json\/wp\/v2\/product_brand?post=6322"},{"taxonomy":"product_cat","embeddable":true,"href":"https:\/\/www.ceramicbasin.com\/fr\/wp-json\/wp\/v2\/product_cat?post=6322"},{"taxonomy":"product_tag","embeddable":true,"href":"https:\/\/www.ceramicbasin.com\/fr\/wp-json\/wp\/v2\/product_tag?post=6322"}],"curies":[{"name":"wp","href":"https:\/\/api.w.org\/{rel}","templated":true}]}}