{"id":6323,"date":"2025-02-28T09:01:17","date_gmt":"2025-02-28T09:01:17","guid":{"rendered":"https:\/\/www.ceramicbasin.com\/?post_type=product&#038;p=6323"},"modified":"2025-02-28T09:01:19","modified_gmt":"2025-02-28T09:01:19","slug":"wholesale-ceramic-sinks","status":"publish","type":"product","link":"https:\/\/www.ceramicbasin.com\/fr\/produit\/wholesale-ceramic-sinks\/","title":{"rendered":"Factory Wholesale Ceramic Sinks, Square Wall Mounted Sinks (\u00e9viers en c\u00e9ramique, \u00e9viers muraux carr\u00e9s)"},"content":{"rendered":"<div class=\"wp-block-columns is-layout-flex wp-container-core-columns-is-layout-9d6595d7 wp-block-columns-is-layout-flex\">\n<div class=\"wp-block-column is-layout-flow wp-block-column-is-layout-flow\">\n<h2 class=\"wp-block-heading\">Premium Wholesale Ceramic Sinks Caract\u00e9ristiques :<\/h2>\n\n\n\n<ul class=\"wp-block-list\">\n<li><strong>Simplicit\u00e9 et \u00e9l\u00e9gance : <\/strong>Ces \u00e9viers en c\u00e9ramique blancs \u00e0 montage mural carr\u00e9 sont de conception simple. En outre, la c\u00e9ramique blanche est lisse et d\u00e9licate, et facile \u00e0 nettoyer.<\/li>\n\n\n\n<li><strong>Installation murale :<\/strong>\u00a0Le design mural de cet \u00e9vier de salle de bain suspendu permet d'\u00e9conomiser de l'espace au sol et d'am\u00e9liorer l'aspect visuel de la salle de bain. Classique et minimaliste, il se monte sans effort et s'ajuste \u00e0 diff\u00e9rentes hauteurs, ce qui rend la zone de lavage des mains plus fonctionnelle et plus \u00e0 la mode.<\/li>\n\n\n\n<li><strong>Remise sur les achats en gros :<\/strong>\u00a0En tant que fabricant professionnel de lavabos en c\u00e9ramique en Chine, HanYu propose des prix de gros tr\u00e8s comp\u00e9titifs pour les lavabos en c\u00e9ramique qui sont id\u00e9aux pour les besoins d'achat en gros des h\u00f4tels, des \u00e9coles, des h\u00f4pitaux et des lieux publics.<\/li>\n\n\n\n<li><strong>S\u00e9lection vari\u00e9e :\u00a0<\/strong>Nous proposons aux clients diff\u00e9rents styles, tailles et couleurs de lavabos de salle de bain \u00e0 demi-p\u00e9destal, qui r\u00e9pondent \u00e0 diff\u00e9rents styles de d\u00e9coration de salle de bain et peuvent \u00eatre facilement incorpor\u00e9s dans diff\u00e9rents designs de d\u00e9coration.<\/li>\n<\/ul>\n<\/div>\n\n\n\n<div class=\"wp-block-column is-layout-flow wp-block-column-is-layout-flow\">\n<figure class=\"wp-block-image size-full is-resized\"><img fetchpriority=\"high\" decoding=\"async\" width=\"980\" height=\"1432\" src=\"https:\/\/www.ceramicbasin.com\/wp-content\/uploads\/2025\/02\/Porcelain-basin-manufacturer-wall-hung-basin-sinks-6.webp\" alt=\"Factory Wholesale Ceramic Sinks, Square Wall Mounted Sinks-1\" class=\"wp-image-6314\" style=\"width:377px;height:auto\" srcset=\"https:\/\/www.ceramicbasin.com\/wp-content\/uploads\/2025\/02\/Porcelain-basin-manufacturer-wall-hung-basin-sinks-6.webp 980w, https:\/\/www.ceramicbasin.com\/wp-content\/uploads\/2025\/02\/Porcelain-basin-manufacturer-wall-hung-basin-sinks-6-205x300.webp 205w, https:\/\/www.ceramicbasin.com\/wp-content\/uploads\/2025\/02\/Porcelain-basin-manufacturer-wall-hung-basin-sinks-6-768x1122.webp 768w, https:\/\/www.ceramicbasin.com\/wp-content\/uploads\/2025\/02\/Porcelain-basin-manufacturer-wall-hung-basin-sinks-6-8x12.webp 8w, https:\/\/www.ceramicbasin.com\/wp-content\/uploads\/2025\/02\/Porcelain-basin-manufacturer-wall-hung-basin-sinks-6-285x416.webp 285w, https:\/\/www.ceramicbasin.com\/wp-content\/uploads\/2025\/02\/Porcelain-basin-manufacturer-wall-hung-basin-sinks-6-452x660.webp 452w, https:\/\/www.ceramicbasin.com\/wp-content\/uploads\/2025\/02\/Porcelain-basin-manufacturer-wall-hung-basin-sinks-6-103x150.webp 103w\" sizes=\"(max-width: 980px) 100vw, 980px\" \/><\/figure>\n<\/div>\n<\/div>","protected":false},"excerpt":{"rendered":"<p>Bienvenue sur le site de vente en gros de lavabos en c\u00e9ramique. Ce lavabo mural de forme carr\u00e9e est d'un style sobre. La surface en c\u00e9ramique blanche est d\u00e9licate et lisse, et facile \u00e0 nettoyer. Nous fournissons des prix de gros tr\u00e8s favorables pour les lavabos muraux en gros, qui sont adapt\u00e9s \u00e0 la demande d'achat \u00e0 grande \u00e9chelle des h\u00f4tels, des \u00e9coles, des h\u00f4pitaux et des zones publiques.<\/p>\n<table style=\"border-collapse: collapse; width: 358.52pt;\" border=\"0\" width=\"478\" cellspacing=\"0\" cellpadding=\"0\">\n<tbody>\n<tr style=\"height: 17.25pt;\">\n<td class=\"et3\" style=\"height: 17.25pt; width: 125.00pt;\" width=\"166\" height=\"23\">Fabricant<\/td>\n<td class=\"et3\" style=\"width: 234.15pt;\" width=\"312\">HanYu<\/td>\n<\/tr>\n<tr style=\"height: 17.25pt;\">\n<td class=\"et3\" style=\"height: 17.25pt;\" height=\"23\">Num\u00e9ro de mod\u00e8le.<\/td>\n<td class=\"et4\">HY-3121<\/td>\n<\/tr>\n<tr style=\"height: 17.25pt;\">\n<td class=\"et3\" style=\"height: 17.25pt;\" height=\"23\">Type<\/td>\n<td class=\"et5\" style=\"width: 234.15pt;\" width=\"312\">Eviers muraux<\/td>\n<\/tr>\n<tr style=\"height: 18.00pt;\">\n<td class=\"et3\" style=\"height: 18.00pt;\" height=\"24\">Forme<\/td>\n<td class=\"et3\">Forme carr\u00e9e<\/td>\n<\/tr>\n<tr style=\"height: 34.50pt;\">\n<td class=\"et4\" style=\"height: 34.50pt;\" height=\"46\">Couleur<\/td>\n<td class=\"et5\" style=\"width: 234.15pt;\" width=\"312\">noir\/blanc\/bleu\/gris\/rose\/vert\/marron\/kaki<\/td>\n<\/tr>\n<tr style=\"height: 18.00pt;\">\n<td class=\"et3\" style=\"height: 18.00pt;\" height=\"24\">Dimension<\/td>\n<td class=\"et5\" style=\"width: 234.15pt;\" width=\"312\">42.5*42.5*40<\/td>\n<\/tr>\n<tr style=\"height: 17.25pt;\">\n<td class=\"et3\" style=\"height: 17.25pt;\" height=\"23\">N.W \/SET<\/td>\n<td class=\"et3\">22KGS\/PCS<\/td>\n<\/tr>\n<tr style=\"height: 17.25pt;\">\n<td class=\"et3\" style=\"height: 17.25pt;\" height=\"23\">MOQ<\/td>\n<td class=\"et3\">20pcs<\/td>\n<\/tr>\n<tr style=\"height: 17.25pt;\">\n<td class=\"et3\" style=\"height: 17.25pt;\" height=\"23\">Option personnalis\u00e9e<\/td>\n<td class=\"et3\">Couleur\/Pattenue\/Taille\/Logo\/Emballage<\/td>\n<\/tr>\n<\/tbody>\n<\/table>","protected":false},"featured_media":6313,"comment_status":"closed","ping_status":"closed","template":"","meta":{"_acf_changed":false},"product_brand":[],"product_cat":[57],"product_tag":[],"class_list":{"0":"post-6323","1":"product","2":"type-product","3":"status-publish","4":"has-post-thumbnail","6":"product_cat-wholesale-wall-mounted-sinks","8":"first","9":"instock","10":"shipping-taxable","11":"product-type-simple"},"acf":[],"_links":{"self":[{"href":"https:\/\/www.ceramicbasin.com\/fr\/wp-json\/wp\/v2\/product\/6323","targetHints":{"allow":["GET"]}}],"collection":[{"href":"https:\/\/www.ceramicbasin.com\/fr\/wp-json\/wp\/v2\/product"}],"about":[{"href":"https:\/\/www.ceramicbasin.com\/fr\/wp-json\/wp\/v2\/types\/product"}],"replies":[{"embeddable":true,"href":"https:\/\/www.ceramicbasin.com\/fr\/wp-json\/wp\/v2\/comments?post=6323"}],"wp:featuredmedia":[{"embeddable":true,"href":"https:\/\/www.ceramicbasin.com\/fr\/wp-json\/wp\/v2\/media\/6313"}],"wp:attachment":[{"href":"https:\/\/www.ceramicbasin.com\/fr\/wp-json\/wp\/v2\/media?parent=6323"}],"wp:term":[{"taxonomy":"product_brand","embeddable":true,"href":"https:\/\/www.ceramicbasin.com\/fr\/wp-json\/wp\/v2\/product_brand?post=6323"},{"taxonomy":"product_cat","embeddable":true,"href":"https:\/\/www.ceramicbasin.com\/fr\/wp-json\/wp\/v2\/product_cat?post=6323"},{"taxonomy":"product_tag","embeddable":true,"href":"https:\/\/www.ceramicbasin.com\/fr\/wp-json\/wp\/v2\/product_tag?post=6323"}],"curies":[{"name":"wp","href":"https:\/\/api.w.org\/{rel}","templated":true}]}}